{"id":10517,"date":"2025-09-19T16:07:03","date_gmt":"2025-09-19T16:07:03","guid":{"rendered":"https:\/\/twsites.com.br\/novomigcenter\/?page_id=10517"},"modified":"2025-10-06T17:25:25","modified_gmt":"2025-10-06T17:25:25","slug":"entrega-mig-hoje","status":"publish","type":"page","link":"https:\/\/twsites.com.br\/novomigcenter\/?page_id=10517","title":{"rendered":"Entrega Mig Hoje"},"content":{"rendered":"\t\t<div data-elementor-type=\"wp-page\" data-elementor-id=\"10517\" class=\"elementor elementor-10517\" data-elementor-post-type=\"page\">\n\t\t\t\t<div class=\"elementor-element elementor-element-76cd1117 e-flex e-con-boxed e-con e-parent\" data-id=\"76cd1117\" data-element_type=\"container\">\n\t\t\t\t\t<div class=\"e-con-inner\">\n\t\t\t\t<div class=\"elementor-element elementor-element-788cd15 elementor-widget elementor-widget-heading\" data-id=\"788cd15\" data-element_type=\"widget\" data-widget_type=\"heading.default\">\n\t\t\t\t\t<h2 class=\"elementor-heading-title elementor-size-default\">Mig Hoje<\/h2>\t\t\t\t<\/div>\n\t\t\t\t<div class=\"elementor-element elementor-element-12d1bfc4 elementor-widget elementor-widget-text-editor\" data-id=\"12d1bfc4\" data-element_type=\"widget\" data-widget_type=\"text-editor.default\">\n\t\t\t\t\t\t\t\t\t<p>A Entrega Express na Capital-SP. Levando Sa\u00fade At\u00e9 a Sua Casa<\/p><p>1.\u00a0\u00a0\u00a0 O que o servi\u00e7o de entrega Express, Mig Hoje?<\/p><p>A servi\u00e7o \u201cMig Hoje\u201d foi criado pelos s\u00f3cios fundadores da empresa com o objetivo do cliente receber a sua mercadoria comprada na sua resid\u00eancia, hospital, empresas, casa de repouso, cl\u00ednicas e outros o quanto antes. N\u00f3s, s\u00f3cios fundadores, acreditamos que em muitos casos, principalmente na \u00e1rea da sa\u00fade, \u00e9 quest\u00e3o de urg\u00eancia.<\/p><p>2.\u00a0\u00a0\u00a0 Quais s\u00e3o os hor\u00e1rios de entrega?<\/p><p>O hor\u00e1rio de entrega \u00e9 das 9:00 as 18:00.<\/p><p>3.\u00a0\u00a0\u00a0 Como saber se meu produto est\u00e1 incluso neste plano de entrega?<\/p><p>Recomendamos entrar em contato com o nosso setor de televendas e confirmar se o produto desejado ser\u00e1 entregue HOJE ou no m\u00e1ximo em 24 horas. Esta recomenda\u00e7\u00e3o \u00e9 necess\u00e1ria, pois temos quest\u00f5es de log\u00edstica e hor\u00e1rio de entrega na grande SP.<\/p><p>4.\u00a0\u00a0\u00a0 Quais s\u00e3o as formas de pagamento do servi\u00e7o express Mig Hoje?<\/p><p>O servi\u00e7o de entrega Express\u00a0Mig Hoje\u00a0pode ser pago no momento da entrega da mercadoria ou como combinado via telefone em nosso departamento de vendas.<\/p><p>5.\u00a0\u00a0\u00a0 Qual a taxa deste servi\u00e7o?<\/p><p>As taxas variam entre R$ 10,00 a 30,00 conforme kilometragem e produto. Em 90% dos casos, o produto tem a taxa variando entre R$ 10,00 a 20,00 para receber hoje. Valor bem abaixo das entregas de motoboy existentes no mercado express de sp.<\/p><p>Ligue e saiba qual \u00e9 o valor da taxa do seu produto. (11) 3311-0015 \/ (11) 3227-5681 (11) 94000-3188 \/ (11) 94742-7542<\/p><p>6.\u00a0\u00a0\u00a0 Para quais regi\u00f5es de S\u00e3o Paulo est\u00e1 entrega Express est\u00e1 inclusa?<\/p><p>Capital SP, ABC, Guarulhos, e outras cidades vizinhas da capital SP. Ligue e confiram quais s\u00e3o as condi\u00e7\u00f5es de entrega se voc\u00ea est\u00e1 incluso em \u201coutras cidades vizinhas da capital SP\u201d.<\/p><p>7.\u00a0\u00a0\u00a0 Em caso de cidades do interior SP, litoral e outros estados do Brasil?<\/p><p>Recomendamos entrar em contato com o setor de televendas e esclarecer condi\u00e7\u00f5es de entrega. Trabalhamos tamb\u00e9m com as entregas do Correios: SEDEX, SEDEX 10, PAC e transportadoras. Ligue em caso de d\u00favidas.<\/p>\t\t\t\t\t\t\t\t<\/div>\n\t\t\t\t\t<\/div>\n\t\t\t\t<\/div>\n\t\t\t\t<\/div>\n\t\t","protected":false},"excerpt":{"rendered":"<p>Mig Hoje A Entrega Express na Capital-SP. Levando Sa\u00fade At\u00e9 a Sua Casa 1.\u00a0\u00a0\u00a0 O que o servi\u00e7o de entrega Express, Mig Hoje? A servi\u00e7o \u201cMig Hoje\u201d foi criado pelos s\u00f3cios fundadores da empresa com o objetivo do cliente receber a sua mercadoria comprada na sua resid\u00eancia, hospital, empresas, casa de repouso, cl\u00ednicas e outros [&hellip;]<\/p>\n","protected":false},"author":1,"featured_media":0,"parent":0,"menu_order":2,"comment_status":"closed","ping_status":"closed","template":"","meta":{"footnotes":""},"class_list":["post-10517","page","type-page","status-publish","hentry"],"_links":{"self":[{"href":"https:\/\/twsites.com.br\/novomigcenter\/index.php?rest_route=\/wp\/v2\/pages\/10517","targetHints":{"allow":["GET"]}}],"collection":[{"href":"https:\/\/twsites.com.br\/novomigcenter\/index.php?rest_route=\/wp\/v2\/pages"}],"about":[{"href":"https:\/\/twsites.com.br\/novomigcenter\/index.php?rest_route=\/wp\/v2\/types\/page"}],"author":[{"embeddable":true,"href":"https:\/\/twsites.com.br\/novomigcenter\/index.php?rest_route=\/wp\/v2\/users\/1"}],"replies":[{"embeddable":true,"href":"https:\/\/twsites.com.br\/novomigcenter\/index.php?rest_route=%2Fwp%2Fv2%2Fcomments&post=10517"}],"version-history":[{"count":3,"href":"https:\/\/twsites.com.br\/novomigcenter\/index.php?rest_route=\/wp\/v2\/pages\/10517\/revisions"}],"predecessor-version":[{"id":13192,"href":"https:\/\/twsites.com.br\/novomigcenter\/index.php?rest_route=\/wp\/v2\/pages\/10517\/revisions\/13192"}],"wp:attachment":[{"href":"https:\/\/twsites.com.br\/novomigcenter\/index.php?rest_route=%2Fwp%2Fv2%2Fmedia&parent=10517"}],"curies":[{"name":"wp","href":"https:\/\/api.w.org\/{rel}","templated":true}]}}