{"id":10521,"date":"2025-09-19T16:07:06","date_gmt":"2025-09-19T16:07:06","guid":{"rendered":"https:\/\/twsites.com.br\/novomigcenter\/?page_id=10521"},"modified":"2025-10-06T17:25:41","modified_gmt":"2025-10-06T17:25:41","slug":"compra-segura","status":"publish","type":"page","link":"https:\/\/twsites.com.br\/novomigcenter\/?page_id=10521","title":{"rendered":"Compra Segura"},"content":{"rendered":"\t\t<div data-elementor-type=\"wp-page\" data-elementor-id=\"10521\" class=\"elementor elementor-10521\" data-elementor-post-type=\"page\">\n\t\t\t\t<div class=\"elementor-element elementor-element-804d095 e-flex e-con-boxed e-con e-parent\" data-id=\"804d095\" data-element_type=\"container\">\n\t\t\t\t\t<div class=\"e-con-inner\">\n\t\t\t\t<div class=\"elementor-element elementor-element-2dc52e6 elementor-widget elementor-widget-heading\" data-id=\"2dc52e6\" data-element_type=\"widget\" data-widget_type=\"heading.default\">\n\t\t\t\t\t<h2 class=\"elementor-heading-title elementor-size-default\">Seguran\u00e7a<\/h2>\t\t\t\t<\/div>\n\t\t\t\t<div class=\"elementor-element elementor-element-910c0a3 elementor-widget elementor-widget-text-editor\" data-id=\"910c0a3\" data-element_type=\"widget\" data-widget_type=\"text-editor.default\">\n\t\t\t\t\t\t\t\t\t<p><strong>Por que \u00e9 seguro comprar na Loja Virtual Mig Center<\/strong><\/p><p>Possuirmos o Selo Site Blindado que Diariamente testa mais de 50 mil vulnerabilidades em sites, prevenindo ataques, infec\u00e7\u00e3o por malware, roubo de informa\u00e7\u00f5es e n\u00fameros de cart\u00e3o de cr\u00e9dito. Garantindo a seguran\u00e7a de suas compra<\/p><p>A Loja Virtual Mig Center\u00a0 tem a total seguran\u00e7a do Site Blindado,\u00a0 Isso possibilita que os dados dos cart\u00f5es de cr\u00e9dito sejam armazenados conforme os mais exigentes padr\u00f5es de seguran\u00e7a, facilitando o processo de pr\u00f3ximas compras.<\/p><p><strong>Altera\u00e7\u00f5es<\/strong><\/p><p>A Loja Virtual Mig Center. Poder\u00e1 alterar a presente pol\u00edtica de privacidade, no entanto qualquer altera\u00e7\u00e3o ser\u00e1 veiculada em nosso site. Esta pol\u00edtica n\u00e3o cria qualquer v\u00ednculo contratual entre a Mig Center \u00a0e qualquer outras partes e servi\u00e7os.<\/p>\t\t\t\t\t\t\t\t<\/div>\n\t\t\t\t\t<\/div>\n\t\t\t\t<\/div>\n\t\t\t\t<\/div>\n\t\t","protected":false},"excerpt":{"rendered":"<p>Seguran\u00e7a Por que \u00e9 seguro comprar na Loja Virtual Mig Center Possuirmos o Selo Site Blindado que Diariamente testa mais de 50 mil vulnerabilidades em sites, prevenindo ataques, infec\u00e7\u00e3o por malware, roubo de informa\u00e7\u00f5es e n\u00fameros de cart\u00e3o de cr\u00e9dito. Garantindo a seguran\u00e7a de suas compra A Loja Virtual Mig Center\u00a0 tem a total seguran\u00e7a [&hellip;]<\/p>\n","protected":false},"author":1,"featured_media":0,"parent":0,"menu_order":4,"comment_status":"closed","ping_status":"closed","template":"","meta":{"footnotes":""},"class_list":["post-10521","page","type-page","status-publish","hentry"],"_links":{"self":[{"href":"https:\/\/twsites.com.br\/novomigcenter\/index.php?rest_route=\/wp\/v2\/pages\/10521","targetHints":{"allow":["GET"]}}],"collection":[{"href":"https:\/\/twsites.com.br\/novomigcenter\/index.php?rest_route=\/wp\/v2\/pages"}],"about":[{"href":"https:\/\/twsites.com.br\/novomigcenter\/index.php?rest_route=\/wp\/v2\/types\/page"}],"author":[{"embeddable":true,"href":"https:\/\/twsites.com.br\/novomigcenter\/index.php?rest_route=\/wp\/v2\/users\/1"}],"replies":[{"embeddable":true,"href":"https:\/\/twsites.com.br\/novomigcenter\/index.php?rest_route=%2Fwp%2Fv2%2Fcomments&post=10521"}],"version-history":[{"count":3,"href":"https:\/\/twsites.com.br\/novomigcenter\/index.php?rest_route=\/wp\/v2\/pages\/10521\/revisions"}],"predecessor-version":[{"id":13181,"href":"https:\/\/twsites.com.br\/novomigcenter\/index.php?rest_route=\/wp\/v2\/pages\/10521\/revisions\/13181"}],"wp:attachment":[{"href":"https:\/\/twsites.com.br\/novomigcenter\/index.php?rest_route=%2Fwp%2Fv2%2Fmedia&parent=10521"}],"curies":[{"name":"wp","href":"https:\/\/api.w.org\/{rel}","templated":true}]}}