{"id":10524,"date":"2009-02-03T17:07:26","date_gmt":"2009-02-03T17:07:26","guid":{"rendered":"https:\/\/twsites.com.br\/novomigcenter\/?product=amaciador-de-carne-inox-abs"},"modified":"2009-02-03T17:07:26","modified_gmt":"2009-02-03T17:07:26","slug":"amaciador-de-carne-inox-abs","status":"publish","type":"product","link":"https:\/\/twsites.com.br\/novomigcenter\/?product=amaciador-de-carne-inox-abs","title":{"rendered":"Amaciador de Carne Inox ABS"},"content":{"rendered":"<p class=\"MsoNormal\" style=\"margin-bottom:6.75pt;text-align:justify;mso-line-height-alt: 12.85pt\"><span style=\"font-size: 14pt;\"><font face=\"Arial\"><span style=\"font-size: 14px;\">Ideal para o uso em cozinhas industriais, como a\u00e7ougues, restaurantes, hot\u00e9is, supermercados e similares, o<\/span><b style=\"\"><span style=\"font-size: 14px;\">&nbsp;Amaciador de Carne Inox ABS<\/span><\/b><span style=\"font-size: 14px;\">&nbsp;monof\u00e1sico, com tens\u00e3o de 127V, \u00e9 um equipamento robusto, f\u00e1cil de manusear, de desmontar e de limpar.&nbsp;<\/span><o:p><\/o:p><\/font><\/span><\/p>\n<p class=\"MsoNormal\" style=\"margin-bottom:6.75pt;text-align:justify;mso-line-height-alt: 12.85pt\"><span style=\"font-size: 14pt;\"><font face=\"Arial\"><span style=\"font-size: 14px;\">De utiliza\u00e7\u00e3o simples e funcionamento em baixa rota\u00e7\u00e3o, ele amacia cerca de 400 kg de carne por hora e vem equipado com um sistema de seguran\u00e7a que impede o acionamento involunt\u00e1rio do mesmo ap\u00f3s eventual falta de energia el\u00e9trica.&nbsp;<\/span><o:p><\/o:p><\/font><\/span><\/p>\n<p class=\"MsoNormal\" style=\"margin-bottom:6.75pt;text-align:justify;mso-line-height-alt: 12.85pt\"><span style=\"font-size: 14pt;\"><font face=\"Arial\"><span style=\"font-size: 14px;\">Al\u00e9m disso, todos os componentes que incorporam o equipamento s\u00e3o constru\u00eddos com materiais criteriosamente selecionados para cada fun\u00e7\u00e3o, dentro dos padr\u00f5es de testes e da experi\u00eancia Skymsen.<\/span><o:p><\/o:p><\/font><\/span><\/p>\n<p class=\"MsoNormal\" style=\"margin-bottom:6.75pt;text-align:justify;mso-line-height-alt: 12.85pt\"><span style=\"font-size: 14pt;\"><font face=\"Arial\"><span style=\"font-size: 14px;\">\u00c9 importante ressaltar que esta m\u00e1quina \u00e9 potencialmente perigosa e, por isso, a manuten\u00e7\u00e3o, a limpeza ou qualquer outro servi\u00e7o, devem ser feitos por uma pessoa devidamente treinada e com o amaciador desconectado da rede el\u00e9trica.<\/span><o:p><\/o:p><\/font><\/span><\/p>\n<p class=\"MsoNormal\" style=\"margin-bottom:6.75pt;mso-line-height-alt:12.85pt\"><font face=\"Arial\"><span style=\"font-size: 14px; border: 1pt none windowtext; padding: 0cm;\"><b>Modelo:<\/b> ABS<\/span><span style=\"font-size: 14pt;\"><o:p><\/o:p><\/span><\/font><\/p>\n<p class=\"MsoNormal\" style=\"margin-bottom:6.75pt;mso-line-height-alt:12.85pt\"><font face=\"Arial\"><span style=\"font-size: 14px; border: 1pt none windowtext; padding: 0cm;\"><b>Pot\u00eancia do Motor: <\/b>0,33CV<\/span><span style=\"font-size: 14pt;\"><o:p><\/o:p><\/span><\/font><\/p>\n<p class=\"MsoNormal\" style=\"margin-bottom:6.75pt;mso-line-height-alt:12.85pt\"><font face=\"Arial\"><span style=\"font-size: 14px; border: 1pt none windowtext; padding: 0cm;\"><b>Frequ\u00eancia:<\/b> 60Hz<\/span><span style=\"font-size: 14pt;\"><o:p><\/o:p><\/span><\/font><\/p>\n<p class=\"MsoNormal\" style=\"margin-bottom:6.75pt;mso-line-height-alt:12.85pt\"><font face=\"Arial\"><span style=\"font-size: 14px; border: 1pt none windowtext; padding: 0cm;\"><b>Tens\u00e3o: <\/b>127V ou 220V monof\u00e1sica<\/span><span style=\"font-size: 14pt;\"><o:p><\/o:p><\/span><\/font><\/p>\n<p class=\"MsoNormal\" style=\"margin-bottom:6.75pt;mso-line-height-alt:12.85pt\"><font face=\"Arial\"><span style=\"font-size: 14px; border: 1pt none windowtext; padding: 0cm;\"><b>Altura: <\/b>470.00 mm<\/span><span style=\"font-size: 14pt;\"><o:p><\/o:p><\/span><\/font><\/p>\n<p class=\"MsoNormal\" style=\"margin-bottom:6.75pt;mso-line-height-alt:12.85pt\"><font face=\"Arial\"><span style=\"font-size: 14px; border: 1pt none windowtext; padding: 0cm;\"><b>Largura: <\/b>260.00 mm<\/span><span style=\"font-size: 14pt;\"><o:p><\/o:p><\/span><\/font><\/p>\n<p class=\"MsoNormal\" style=\"margin-bottom:6.75pt;mso-line-height-alt:12.85pt\"><font face=\"Arial\"><span style=\"font-size: 14px; border: 1pt none windowtext; padding: 0cm;\"><b>Profundidade: <\/b>500.00 mm<\/span><span style=\"font-size: 14pt;\"><o:p><\/o:p><\/span><\/font><\/p>\n<p class=\"MsoNormal\" style=\"margin-bottom:6.75pt;mso-line-height-alt:12.85pt\"><font face=\"Arial\"><span style=\"font-size: 14px; border: 1pt none windowtext; padding: 0cm;\"><b>Peso L\u00edquido:<\/b> 25.00 kg<\/span><span style=\"font-size: 14pt;\"><o:p><\/o:p><\/span><\/font><\/p>\n<p class=\"MsoNormal\" style=\"margin-bottom:6.75pt;mso-line-height-alt:12.85pt\"><font face=\"Arial\"><span style=\"font-size: 14px; border: 1pt none windowtext; padding: 0cm;\"><b>Peso Bruto:<\/b> 27.00 kg<\/span><span style=\"font-size: 14pt;\"><o:p><\/o:p><\/span><\/font><\/p>\n<p style=\"line-height: 17.1428px;\"><span style=\"font-size: 14px;\">                          <\/span><\/p>\n<p class=\"MsoNormal\" style=\"margin-bottom:6.75pt;mso-line-height-alt:12.85pt\"><font face=\"Arial\"><span style=\"font-size: 14px;\"><b>Produ\u00e7\u00e3o<\/b><\/span><span style=\"font-size: 14px; border: 1pt none windowtext; padding: 0cm;\"><b>:<\/b> 400 kg<\/span><span style=\"font-size: 14px; border: 1pt none windowtext; padding: 0cm;\">\/h<\/span><\/font><span style=\"font-size: 14pt; font-family: &quot;Arial Narrow&quot;, sans-serif;\"><o:p><\/o:p><\/span><\/p>\n","protected":false},"excerpt":{"rendered":"<p>Ideal para o uso em cozinhas industriais, como a\u00e7ougues, restaurantes, hot\u00e9is, supermercados e similares, o&nbsp;Amaciador de Carne Inox ABS&nbsp;monof\u00e1sico, com tens\u00e3o de 127V, \u00e9 um equipamento robusto, f\u00e1cil de manusear, de desmontar e de limpar.&nbsp; De utiliza\u00e7\u00e3o simples e funcionamento em baixa rota\u00e7\u00e3o, ele amacia cerca de 400 kg de carne por hora e vem [&hellip;]<\/p>\n","protected":false},"featured_media":10523,"comment_status":"open","ping_status":"closed","template":"","meta":[],"product_brand":[],"product_cat":[358,435],"product_tag":[],"class_list":{"0":"post-10524","1":"product","2":"type-product","3":"status-publish","4":"has-post-thumbnail","6":"product_cat-amaciador-de-carne","7":"product_cat-acougue","9":"first","10":"instock","11":"shipping-taxable","12":"purchasable","13":"product-type-simple"},"_links":{"self":[{"href":"https:\/\/twsites.com.br\/novomigcenter\/index.php?rest_route=\/wp\/v2\/product\/10524","targetHints":{"allow":["GET"]}}],"collection":[{"href":"https:\/\/twsites.com.br\/novomigcenter\/index.php?rest_route=\/wp\/v2\/product"}],"about":[{"href":"https:\/\/twsites.com.br\/novomigcenter\/index.php?rest_route=\/wp\/v2\/types\/product"}],"replies":[{"embeddable":true,"href":"https:\/\/twsites.com.br\/novomigcenter\/index.php?rest_route=%2Fwp%2Fv2%2Fcomments&post=10524"}],"wp:featuredmedia":[{"embeddable":true,"href":"https:\/\/twsites.com.br\/novomigcenter\/index.php?rest_route=\/wp\/v2\/media\/10523"}],"wp:attachment":[{"href":"https:\/\/twsites.com.br\/novomigcenter\/index.php?rest_route=%2Fwp%2Fv2%2Fmedia&parent=10524"}],"wp:term":[{"taxonomy":"product_brand","embeddable":true,"href":"https:\/\/twsites.com.br\/novomigcenter\/index.php?rest_route=%2Fwp%2Fv2%2Fproduct_brand&post=10524"},{"taxonomy":"product_cat","embeddable":true,"href":"https:\/\/twsites.com.br\/novomigcenter\/index.php?rest_route=%2Fwp%2Fv2%2Fproduct_cat&post=10524"},{"taxonomy":"product_tag","embeddable":true,"href":"https:\/\/twsites.com.br\/novomigcenter\/index.php?rest_route=%2Fwp%2Fv2%2Fproduct_tag&post=10524"}],"curies":[{"name":"wp","href":"https:\/\/api.w.org\/{rel}","templated":true}]}}