{"id":10526,"date":"2016-08-24T10:03:44","date_gmt":"2016-08-24T10:03:44","guid":{"rendered":"https:\/\/twsites.com.br\/novomigcenter\/?product=picador-de-carne-skymsen-ps-10"},"modified":"2016-08-24T10:03:44","modified_gmt":"2016-08-24T10:03:44","slug":"picador-de-carne-skymsen-ps-10","status":"publish","type":"product","link":"https:\/\/twsites.com.br\/novomigcenter\/?product=picador-de-carne-skymsen-ps-10","title":{"rendered":"Picador de Carne Inox, Boca 10"},"content":{"rendered":"<p><font face=\"Arial\"><span style=\"color: rgb(0, 0, 0); line-height: normal;\"><b>Modelo: <\/b>PS-10<\/span><br style=\"list-style-type: none; color: rgb(0, 0, 0); line-height: normal;\"><span style=\"color: rgb(0, 0, 0); line-height: normal;\"><b>Pot\u00eancia do Motor: <\/b>0,5CV<\/span><br style=\"list-style-type: none; color: rgb(0, 0, 0); line-height: normal;\"><span style=\"color: rgb(0, 0, 0); line-height: normal;\"><b>Frequ\u00eancia: <\/b>60Hz<\/span><br style=\"list-style-type: none; color: rgb(0, 0, 0); line-height: normal;\"><span style=\"color: rgb(0, 0, 0); line-height: normal;\"><b>Tens\u00e3o:<\/b> 127V<\/span><br style=\"list-style-type: none; color: rgb(0, 0, 0); line-height: normal;\"><span style=\"color: rgb(0, 0, 0); line-height: normal;\"><b>Altura:<\/b> 510.00 mm<\/span><br style=\"list-style-type: none; color: rgb(0, 0, 0); line-height: normal;\"><span style=\"color: rgb(0, 0, 0); line-height: normal;\"><b>Largura: <\/b>320.00 mm<\/span><br style=\"list-style-type: none; color: rgb(0, 0, 0); line-height: normal;\"><span style=\"color: rgb(0, 0, 0); line-height: normal;\"><b>Profundidade: <\/b>650.00 mm<\/span><br style=\"list-style-type: none; color: rgb(0, 0, 0); line-height: normal;\"><span style=\"color: rgb(0, 0, 0); line-height: normal;\"><b>Peso L\u00edquido:<\/b> 32.00 kg<\/span><br style=\"list-style-type: none; color: rgb(0, 0, 0); line-height: normal;\"><span style=\"color: rgb(0, 0, 0); line-height: normal;\"><b>Peso Bruto: <\/b>40.00 kg&nbsp;<\/span><br style=\"list-style-type: none; color: rgb(0, 0, 0); line-height: normal;\"><span style=\"line-height: normal;\"><b>Produ\u00e7\u00e3o: <\/b>200 kg\/h<\/span><\/font><\/p>\n","protected":false},"excerpt":{"rendered":"<p>Modelo: PS-10Pot\u00eancia do Motor: 0,5CVFrequ\u00eancia: 60HzTens\u00e3o: 127VAltura: 510.00 mmLargura: 320.00 mmProfundidade: 650.00 mmPeso L\u00edquido: 32.00 kgPeso Bruto: 40.00 kg&nbsp;Produ\u00e7\u00e3o: 200 kg\/h<\/p>\n","protected":false},"featured_media":10525,"comment_status":"open","ping_status":"closed","template":"","meta":[],"product_brand":[],"product_cat":[362],"product_tag":[],"class_list":{"0":"post-10526","1":"product","2":"type-product","3":"status-publish","4":"has-post-thumbnail","6":"product_cat-moedor-de-carne","8":"first","9":"instock","10":"shipping-taxable","11":"purchasable","12":"product-type-simple"},"_links":{"self":[{"href":"https:\/\/twsites.com.br\/novomigcenter\/index.php?rest_route=\/wp\/v2\/product\/10526","targetHints":{"allow":["GET"]}}],"collection":[{"href":"https:\/\/twsites.com.br\/novomigcenter\/index.php?rest_route=\/wp\/v2\/product"}],"about":[{"href":"https:\/\/twsites.com.br\/novomigcenter\/index.php?rest_route=\/wp\/v2\/types\/product"}],"replies":[{"embeddable":true,"href":"https:\/\/twsites.com.br\/novomigcenter\/index.php?rest_route=%2Fwp%2Fv2%2Fcomments&post=10526"}],"wp:featuredmedia":[{"embeddable":true,"href":"https:\/\/twsites.com.br\/novomigcenter\/index.php?rest_route=\/wp\/v2\/media\/10525"}],"wp:attachment":[{"href":"https:\/\/twsites.com.br\/novomigcenter\/index.php?rest_route=%2Fwp%2Fv2%2Fmedia&parent=10526"}],"wp:term":[{"taxonomy":"product_brand","embeddable":true,"href":"https:\/\/twsites.com.br\/novomigcenter\/index.php?rest_route=%2Fwp%2Fv2%2Fproduct_brand&post=10526"},{"taxonomy":"product_cat","embeddable":true,"href":"https:\/\/twsites.com.br\/novomigcenter\/index.php?rest_route=%2Fwp%2Fv2%2Fproduct_cat&post=10526"},{"taxonomy":"product_tag","embeddable":true,"href":"https:\/\/twsites.com.br\/novomigcenter\/index.php?rest_route=%2Fwp%2Fv2%2Fproduct_tag&post=10526"}],"curies":[{"name":"wp","href":"https:\/\/api.w.org\/{rel}","templated":true}]}}