{"id":10530,"date":"2016-08-25T15:16:08","date_gmt":"2016-08-25T15:16:08","guid":{"rendered":"https:\/\/twsites.com.br\/novomigcenter\/?product=extrator-de-sucos-inox-ex"},"modified":"2016-08-25T15:16:08","modified_gmt":"2016-08-25T15:16:08","slug":"extrator-de-sucos-inox-ex","status":"publish","type":"product","link":"https:\/\/twsites.com.br\/novomigcenter\/?product=extrator-de-sucos-inox-ex","title":{"rendered":"Extrator de suco 0,25Cv Mod EX &#8211; Skymsen"},"content":{"rendered":"<div class=\"col-xs-12 col-md-6\" style=\"border: 0px; margin: 0px; padding-top: 0px; padding-bottom: 0px; width: 500px; font-family: OpenSans; font-size: 15px; background-color: rgb(246, 246, 246); outline: none !important;\">\n<div class=\"caracteristicas\" style=\"border: 1px solid rgb(216, 216, 216); margin: 0px 0px 20px; padding: 30px; background-color: rgb(233, 233, 233); border-radius: 10px; outline: none !important;\">\n<h3 class=\"title__info\" style=\"font-weight: 800; line-height: 20px; color: rgb(69, 69, 69); margin-right: 0px; margin-bottom: 20px; margin-left: 0px; font-size: 20px; border: 0px; vertical-align: baseline; padding: 0px; text-transform: uppercase; outline: none !important;\">CARACTER\u00cdSTICAS DO PRODUTO<\/h3>\n<ul style=\"margin-right: -15px; margin-bottom: 0px; margin-left: -15px; border: 0px; font-size: 14px; vertical-align: baseline; padding: 0px; list-style: none; color: rgb(69, 69, 69); outline: none !important;\">\n<li style=\"border: 0px; vertical-align: baseline; margin: 0px; padding: 0px 15px; float: left; width: 219.006px; clear: both; outline: none !important;\">\n<p style=\"margin-bottom: 0px; border-width: 1px 0px 0px; border-top-style: solid; border-right-style: initial; border-bottom-style: initial; border-left-style: initial; border-top-color: rgb(192, 193, 193); border-right-color: initial; border-bottom-color: initial; border-left-color: initial; border-image: initial; vertical-align: baseline; padding: 15px 0px; outline: none !important;\"><span style=\"font-weight: 700; border: 0px; vertical-align: baseline; margin: 0px; padding: 0px; outline: none !important;\">Modelo:&nbsp;<\/span>EX<\/p>\n<\/li>\n<li style=\"border: 0px; vertical-align: baseline; margin: 0px; padding: 0px 15px; float: left; width: 219.006px; outline: none !important;\">\n<p style=\"margin-bottom: 0px; border-width: 1px 0px 0px; border-top-style: solid; border-right-style: initial; border-bottom-style: initial; border-left-style: initial; border-top-color: rgb(192, 193, 193); border-right-color: initial; border-bottom-color: initial; border-left-color: initial; border-image: initial; vertical-align: baseline; padding: 15px 0px; outline: none !important;\"><span style=\"font-weight: 700; border: 0px; vertical-align: baseline; margin: 0px; padding: 0px; outline: none !important;\">Pot\u00eancia do Motor:&nbsp;<\/span>0,25CV<\/p>\n<\/li>\n<li style=\"border: 0px; vertical-align: baseline; margin: 0px; padding: 0px 15px; float: left; width: 219.006px; clear: both; outline: none !important;\">\n<p style=\"margin-bottom: 0px; border-width: 1px 0px 0px; border-top-style: solid; border-right-style: initial; border-bottom-style: initial; border-left-style: initial; border-top-color: rgb(192, 193, 193); border-right-color: initial; border-bottom-color: initial; border-left-color: initial; border-image: initial; vertical-align: baseline; padding: 15px 0px; outline: none !important;\"><span style=\"font-weight: 700; border: 0px; vertical-align: baseline; margin: 0px; padding: 0px; outline: none !important;\">Frequ\u00eancia:&nbsp;<\/span>60Hz<\/p>\n<\/li>\n<li style=\"border: 0px; vertical-align: baseline; margin: 0px; padding: 0px 15px; float: left; width: 219.006px; outline: none !important;\">\n<p style=\"margin-bottom: 0px; border-width: 1px 0px 0px; border-top-style: solid; border-right-style: initial; border-bottom-style: initial; border-left-style: initial; border-top-color: rgb(192, 193, 193); border-right-color: initial; border-bottom-color: initial; border-left-color: initial; border-image: initial; vertical-align: baseline; padding: 15px 0px; outline: none !important;\"><span style=\"font-weight: 700; border: 0px; vertical-align: baseline; margin: 0px; padding: 0px; outline: none !important;\">Tens\u00e3o:&nbsp;<\/span>127\/220V<\/p>\n<\/li>\n<li style=\"border: 0px; vertical-align: baseline; margin: 0px; padding: 0px 15px; float: left; width: 219.006px; clear: both; outline: none !important;\">\n<p style=\"margin-bottom: 0px; border-width: 1px 0px 0px; border-top-style: solid; border-right-style: initial; border-bottom-style: initial; border-left-style: initial; border-top-color: rgb(192, 193, 193); border-right-color: initial; border-bottom-color: initial; border-left-color: initial; border-image: initial; vertical-align: baseline; padding: 15px 0px; outline: none !important;\"><span style=\"font-weight: 700; border: 0px; vertical-align: baseline; margin: 0px; padding: 0px; outline: none !important;\">Altura:&nbsp;<\/span>425.00 mm<\/p>\n<\/li>\n<li style=\"border: 0px; vertical-align: baseline; margin: 0px; padding: 0px 15px; float: left; width: 219.006px; outline: none !important;\">\n<p style=\"margin-bottom: 0px; border-width: 1px 0px 0px; border-top-style: solid; border-right-style: initial; border-bottom-style: initial; border-left-style: initial; border-top-color: rgb(192, 193, 193); border-right-color: initial; border-bottom-color: initial; border-left-color: initial; border-image: initial; vertical-align: baseline; padding: 15px 0px; outline: none !important;\"><span style=\"font-weight: 700; border: 0px; vertical-align: baseline; margin: 0px; padding: 0px; outline: none !important;\">Largura:&nbsp;<\/span>245.00 mm<\/p>\n<\/li>\n<li style=\"border: 0px; vertical-align: baseline; margin: 0px; padding: 0px 15px; float: left; width: 219.006px; clear: both; outline: none !important;\">\n<p style=\"margin-bottom: 0px; border-width: 1px 0px 0px; border-top-style: solid; border-right-style: initial; border-bottom-style: initial; border-left-style: initial; border-top-color: rgb(192, 193, 193); border-right-color: initial; border-bottom-color: initial; border-left-color: initial; border-image: initial; vertical-align: baseline; padding: 15px 0px; outline: none !important;\"><span style=\"font-weight: 700; border: 0px; vertical-align: baseline; margin: 0px; padding: 0px; outline: none !important;\">Profundidade:&nbsp;<\/span>210.00 mm<\/p>\n<\/li>\n<li style=\"border: 0px; vertical-align: baseline; margin: 0px; padding: 0px 15px; float: left; width: 219.006px; outline: none !important;\">\n<p style=\"margin-bottom: 0px; border-width: 1px 0px 0px; border-top-style: solid; border-right-style: initial; border-bottom-style: initial; border-left-style: initial; border-top-color: rgb(192, 193, 193); border-right-color: initial; border-bottom-color: initial; border-left-color: initial; border-image: initial; vertical-align: baseline; padding: 15px 0px; outline: none !important;\"><span style=\"font-weight: 700; border: 0px; vertical-align: baseline; margin: 0px; padding: 0px; outline: none !important;\">Peso L\u00edquido:&nbsp;<\/span>4.00 kg<\/p>\n<\/li>\n<li style=\"border: 0px; vertical-align: baseline; margin: 0px; padding: 0px 15px; float: left; width: 219.006px; clear: both; outline: none !important;\">\n<p style=\"margin-bottom: 0px; border-width: 1px 0px 0px; border-top-style: solid; border-right-style: initial; border-bottom-style: initial; border-left-style: initial; border-top-color: rgb(192, 193, 193); border-right-color: initial; border-bottom-color: initial; border-left-color: initial; border-image: initial; vertical-align: baseline; padding: 15px 0px; outline: none !important;\"><span style=\"font-weight: 700; border: 0px; vertical-align: baseline; margin: 0px; padding: 0px; outline: none !important;\">Peso Bruto:&nbsp;<\/span>4.50 kg<\/p>\n<\/li>\n<li style=\"border: 0px; vertical-align: baseline; margin: 0px; padding: 0px 15px; float: left; width: 219.006px; outline: none !important;\">\n<p style=\"margin-bottom: 0px; border-width: 1px 0px 0px; border-top-style: solid; border-right-style: initial; border-bottom-style: initial; border-left-style: initial; border-top-color: rgb(192, 193, 193); border-right-color: initial; border-bottom-color: initial; border-left-color: initial; border-image: initial; vertical-align: baseline; padding: 15px 0px; outline: none !important;\"><span style=\"font-weight: 700; border: 0px; vertical-align: baseline; margin: 0px; padding: 0px; outline: none !important;\">C. Fiscal:&nbsp;<\/span>84388090<\/p>\n<\/li>\n<li style=\"border: 0px; vertical-align: baseline; margin: 0px; padding: 0px 15px; float: left; width: 438.011px; clear: both; outline: none !important;\">\n<p style=\"margin-bottom: 0px; border-width: 1px 0px 0px; border-top-style: solid; border-right-style: initial; border-bottom-style: initial; border-left-style: initial; border-top-color: rgb(192, 193, 193); border-right-color: initial; border-bottom-color: initial; border-left-color: initial; border-image: initial; vertical-align: baseline; padding: 15px 0px; outline: none !important;\"><span style=\"font-weight: 700; border: 0px; vertical-align: baseline; margin: 0px; padding: 0px; outline: none !important;\">Rotacao:<\/span>&nbsp;1750 rpm<\/p>\n<\/li>\n<\/ul>\n<\/div>\n<div class=\"caracteristicas\" style=\"border: 1px solid rgb(216, 216, 216); margin: 0px 0px 20px; padding: 30px; background-color: rgb(233, 233, 233); border-radius: 10px; outline: none !important;\">\n<h3 class=\"title__info\" style=\"font-weight: 800; line-height: 20px; color: rgb(69, 69, 69); margin-right: 0px; margin-bottom: 20px; margin-left: 0px; font-size: 20px; border: 0px; vertical-align: baseline; padding: 0px; text-transform: uppercase; outline: none !important;\">CARACTER\u00cdSTICAS DA EMBALAGEM<\/h3>\n<ul style=\"margin-right: -15px; margin-bottom: 0px; margin-left: -15px; border: 0px; font-size: 14px; vertical-align: baseline; padding: 0px; list-style: none; color: rgb(69, 69, 69); outline: none !important;\">\n<li style=\"border: 0px; vertical-align: baseline; margin: 0px; padding: 0px 15px; float: left; width: 219.006px; clear: both; outline: none !important;\">\n<p style=\"margin-bottom: 0px; border-width: 1px 0px 0px; border-top-style: solid; border-right-style: initial; border-bottom-style: initial; border-left-style: initial; border-top-color: rgb(192, 193, 193); border-right-color: initial; border-bottom-color: initial; border-left-color: initial; border-image: initial; vertical-align: baseline; padding: 15px 0px; outline: none !important;\"><span style=\"font-weight: 700; border: 0px; vertical-align: baseline; margin: 0px; padding: 0px; outline: none !important;\">Altura:&nbsp;<\/span>495.00 mm<\/p>\n<\/li>\n<li style=\"border: 0px; vertical-align: baseline; margin: 0px; padding: 0px 15px; float: left; width: 219.006px; outline: none !important;\">\n<p style=\"margin-bottom: 0px; border-width: 1px 0px 0px; border-top-style: solid; border-right-style: initial; border-bottom-style: initial; border-left-style: initial; border-top-color: rgb(192, 193, 193); border-right-color: initial; border-bottom-color: initial; border-left-color: initial; border-image: initial; vertical-align: baseline; padding: 15px 0px; outline: none !important;\"><span style=\"font-weight: 700; border: 0px; vertical-align: baseline; margin: 0px; padding: 0px; outline: none !important;\">Largura:&nbsp;<\/span>290.00 mm<\/p>\n<\/li>\n<li style=\"border: 0px; vertical-align: baseline; margin: 0px; padding: 0px 15px; float: left; width: 219.006px; clear: both; outline: none !important;\">\n<p style=\"margin-bottom: 0px; border-width: 1px 0px 0px; border-top-style: solid; border-right-style: initial; border-bottom-style: initial; border-left-style: initial; border-top-color: rgb(192, 193, 193); border-right-color: initial; border-bottom-color: initial; border-left-color: initial; border-image: initial; vertical-align: baseline; padding: 15px 0px; outline: none !important;\"><span style=\"font-weight: 700; border: 0px; vertical-align: baseline; margin: 0px; padding: 0px; outline: none !important;\">Profundidade:&nbsp;<\/span>260.00 mm<\/p>\n<\/li>\n<li style=\"border: 0px; vertical-align: baseline; margin: 0px; padding: 0px 15px; float: left; width: 219.006px; outline: none !important;\">\n<p style=\"margin-bottom: 0px; border-width: 1px 0px 0px; border-top-style: solid; border-right-style: initial; border-bottom-style: initial; border-left-style: initial; border-top-color: rgb(192, 193, 193); border-right-color: initial; border-bottom-color: initial; border-left-color: initial; border-image: initial; vertical-align: baseline; padding: 15px 0px; outline: none !important;\"><span style=\"font-weight: 700; border: 0px; vertical-align: baseline; margin: 0px; padding: 0px; outline: none !important;\">Peso Bruto:&nbsp;<\/span>4.50 kg<\/p>\n<\/li>\n<li style=\"border: 0px; vertical-align: baseline; margin: 0px; padding: 0px 15px; float: left; width: 438.011px; clear: both; outline: none !important;\">\n<p style=\"margin-bottom: 0px; border-width: 1px 0px 0px; border-top-style: solid; border-right-style: initial; border-bottom-style: initial; border-left-style: initial; border-top-color: rgb(192, 193, 193); border-right-color: initial; border-bottom-color: initial; border-left-color: initial; border-image: initial; vertical-align: baseline; padding: 15px 0px; outline: none !important;\"><span style=\"font-weight: 700; border: 0px; vertical-align: baseline; margin: 0px; padding: 0px; outline: none !important;\">C\u00f3digo EAN13:&nbsp;<\/span>7895707619418<\/p>\n<\/li>\n<\/ul>\n<\/div>\n<\/div>\n<div class=\"col-xs-12 col-md-6\" style=\"border: 0px; margin: 0px; padding-top: 0px; padding-bottom: 0px; width: 500px; font-family: OpenSans; font-size: 15px; background-color: rgb(246, 246, 246); outline: none !important;\">\n<div class=\"descricao\" style=\"border: 1px solid rgb(216, 216, 216); margin: 0px 0px 20px; padding: 30px; background-color: rgb(255, 255, 255); border-radius: 10px; box-shadow: rgb(225, 225, 225) 0px 2px 0px; outline: none !important;\">\n<h3 class=\"title\" style=\"font-weight: 800; color: rgb(69, 69, 69); margin-right: 0px; margin-bottom: 3px; margin-left: 0px; font-size: 30px; border: 0px; vertical-align: baseline; padding: 0px; text-transform: uppercase; outline: none !important;\">EX<\/h3>\n<h4 class=\"subtitle\" style=\"font-weight: 800; color: rgb(69, 69, 69); margin-right: 0px; margin-bottom: 17px; margin-left: 0px; font-size: 18px; border: 0px; vertical-align: baseline; padding: 0px; text-transform: uppercase; outline: none !important;\">EXTRATOR DE SUCOS<\/h4>\n<div class=\"text\" style=\"border: 0px; margin: 0px 0px 30px; padding: 0px; color: rgb(69, 69, 69); font-size: 18px; outline: none !important;\">\n<p style=\"margin-bottom: 0px; border: 0px; vertical-align: baseline; padding: 0px 0px 15px; outline: none !important;\">Desenvolvido de acordo com as especifica\u00e7\u00f5es do Inmetro, a partir de materiais criteriosamente selecionados para cada fun\u00e7\u00e3o, o&nbsp;<span style=\"font-weight: 700; border: 0px; vertical-align: baseline; margin: 0px; padding: 0px; outline: none !important;\"><a href=\"http:\/\/www.skymsen.com.br\/produtos-categoria.php?familia=38\" target=\"_blank\" style=\"color: rgb(0, 0, 0); border: 0px; vertical-align: baseline; margin: 0px; padding: 0px; outline: none !important;\">Espremedor de suco profissional<\/a><\/span>&nbsp;EX \u00e9 um equipamento Bivolt, compat\u00edvel com redes el\u00e9tricas de&nbsp;<span style=\"font-weight: 700; border: 0px; vertical-align: baseline; margin: 0px; padding: 0px; outline: none !important;\">127<\/span>&nbsp;e&nbsp;<span style=\"font-weight: 700; border: 0px; vertical-align: baseline; margin: 0px; padding: 0px; outline: none !important;\">220 V<\/span>.<\/p>\n<p style=\"margin-bottom: 0px; border: 0px; vertical-align: baseline; padding: 0px 0px 15px; outline: none !important;\">Sua utiliza\u00e7\u00e3o \u00e9 significativamente simples e, com a leve compress\u00e3o de uma metade de laranja ou lim\u00e3o sobre as castanhas da c\u00e2mara de sucos, j\u00e1 \u00e9 poss\u00edvel extrair todo o suco da fruta, com o m\u00e1ximo de praticidade e o m\u00ednimo de desperd\u00edcio.<\/p>\n<p style=\"margin-bottom: 0px; border: 0px; vertical-align: baseline; padding: 0px 0px 15px; outline: none !important;\">Indicado para o uso em ambientes comerciais como restaurantes, bares, casas de sucos, padarias e confeitarias, o&nbsp;<span style=\"font-weight: 700; border: 0px; vertical-align: baseline; margin: 0px; padding: 0px; outline: none !important;\">espremedor de suco profissional<\/span>&nbsp;oferece praticidade e seguran\u00e7a para o m\u00e1ximo aproveitamento do sumo de cada fruta.<\/p>\n<\/div>\n<\/div>\n<\/div>\n","protected":false},"excerpt":{"rendered":"<p>CARACTER\u00cdSTICAS DO PRODUTO Modelo:&nbsp;EX Pot\u00eancia do Motor:&nbsp;0,25CV Frequ\u00eancia:&nbsp;60Hz Tens\u00e3o:&nbsp;127\/220V Altura:&nbsp;425.00 mm Largura:&nbsp;245.00 mm Profundidade:&nbsp;210.00 mm Peso L\u00edquido:&nbsp;4.00 kg Peso Bruto:&nbsp;4.50 kg C. Fiscal:&nbsp;84388090 Rotacao:&nbsp;1750 rpm CARACTER\u00cdSTICAS DA EMBALAGEM Altura:&nbsp;495.00 mm Largura:&nbsp;290.00 mm Profundidade:&nbsp;260.00 mm Peso Bruto:&nbsp;4.50 kg C\u00f3digo EAN13:&nbsp;7895707619418 EX EXTRATOR DE SUCOS Desenvolvido de acordo com as especifica\u00e7\u00f5es do Inmetro, a partir de materiais [&hellip;]<\/p>\n","protected":false},"featured_media":10529,"comment_status":"open","ping_status":"closed","template":"","meta":[],"product_brand":[],"product_cat":[306],"product_tag":[],"class_list":{"0":"post-10530","1":"product","2":"type-product","3":"status-publish","4":"has-post-thumbnail","6":"product_cat-extrator-de-suco","8":"first","9":"instock","10":"shipping-taxable","11":"purchasable","12":"product-type-simple"},"_links":{"self":[{"href":"https:\/\/twsites.com.br\/novomigcenter\/index.php?rest_route=\/wp\/v2\/product\/10530","targetHints":{"allow":["GET"]}}],"collection":[{"href":"https:\/\/twsites.com.br\/novomigcenter\/index.php?rest_route=\/wp\/v2\/product"}],"about":[{"href":"https:\/\/twsites.com.br\/novomigcenter\/index.php?rest_route=\/wp\/v2\/types\/product"}],"replies":[{"embeddable":true,"href":"https:\/\/twsites.com.br\/novomigcenter\/index.php?rest_route=%2Fwp%2Fv2%2Fcomments&post=10530"}],"wp:featuredmedia":[{"embeddable":true,"href":"https:\/\/twsites.com.br\/novomigcenter\/index.php?rest_route=\/wp\/v2\/media\/10529"}],"wp:attachment":[{"href":"https:\/\/twsites.com.br\/novomigcenter\/index.php?rest_route=%2Fwp%2Fv2%2Fmedia&parent=10530"}],"wp:term":[{"taxonomy":"product_brand","embeddable":true,"href":"https:\/\/twsites.com.br\/novomigcenter\/index.php?rest_route=%2Fwp%2Fv2%2Fproduct_brand&post=10530"},{"taxonomy":"product_cat","embeddable":true,"href":"https:\/\/twsites.com.br\/novomigcenter\/index.php?rest_route=%2Fwp%2Fv2%2Fproduct_cat&post=10530"},{"taxonomy":"product_tag","embeddable":true,"href":"https:\/\/twsites.com.br\/novomigcenter\/index.php?rest_route=%2Fwp%2Fv2%2Fproduct_tag&post=10530"}],"curies":[{"name":"wp","href":"https:\/\/api.w.org\/{rel}","templated":true}]}}