{"id":10532,"date":"2016-08-25T17:41:41","date_gmt":"2016-08-25T17:41:41","guid":{"rendered":"https:\/\/twsites.com.br\/novomigcenter\/?product=fritadeira-eletrica-agua-e-oleo-inox-220v-monofasico"},"modified":"2016-08-25T17:41:41","modified_gmt":"2016-08-25T17:41:41","slug":"fritadeira-eletrica-agua-e-oleo-inox-220v-monofasico","status":"publish","type":"product","link":"https:\/\/twsites.com.br\/novomigcenter\/?product=fritadeira-eletrica-agua-e-oleo-inox-220v-monofasico","title":{"rendered":"Fritadeira el\u00e9trica \u00e1gua e \u00f3leo, inox"},"content":{"rendered":"<p><font face=\"Arial\"><span style=\"list-style-type: none; line-height: normal;\"><span style=\"font-size: 14px;\">Sistema de funcionamento \u00c1gua&nbsp;e \u00d3leo, que proporciona uma maior economia de \u00f3leo.<\/span><br style=\"list-style-type: none; font-size: 12px;\"><br style=\"list-style-type: none; font-size: 12px;\"><span style=\"color: rgb(0, 0, 0); font-size: 14px;\">A \u00e1gua tem por fun\u00e7\u00e3o a decanta\u00e7\u00e3o das part\u00edculas s\u00f3lidas decorrentes do processo de fritura, proporcionando uma maior vida \u00fatil do \u00f3leo.<\/span><br style=\"list-style-type: none; font-size: 12px;\"><br style=\"list-style-type: none; font-size: 12px;\"><span style=\"color: rgb(0, 0, 0); font-size: 14px;\">Produto em conformidade com o INMETRO.<\/span><br style=\"list-style-type: none; font-size: 12px;\"><br style=\"list-style-type: none; font-size: 12px;\"><span style=\"color: rgb(0, 0, 0); font-size: 14px;\">Gabinete e Tanque em chapa de a\u00e7o inox.<\/span><br style=\"list-style-type: none; font-size: 12px;\"><br style=\"list-style-type: none; font-size: 12px;\"><span style=\"color: rgb(0, 0, 0); font-size: 14px;\">Cavalete em a\u00e7o tubular com pintura a p\u00f3.<\/span><br style=\"list-style-type: none; font-size: 12px;\"><br style=\"list-style-type: none; font-size: 12px;\"><span style=\"color: rgb(0, 0, 0); font-size: 14px;\">Sensor de temperatura (bulbo) em contato direto com o l\u00edquido, que proporciona maior confiabilidade na leitura da temperatura do \u00f3leo, bem como, maior velocidade na retomada de temperatura.<\/span><br style=\"list-style-type: none; font-size: 12px;\"><br style=\"list-style-type: none; font-size: 12px;\"><span style=\"color: rgb(0, 0, 0); font-size: 14px;\">Cesto redondo de grande dimens\u00e3o.<\/span><br style=\"list-style-type: none; font-size: 12px;\"><br style=\"list-style-type: none; font-size: 12px;\"><span style=\"color: rgb(0, 0, 0); font-size: 14px;\">Acompanha escorredor, peneira e suporte, que tem por fun\u00e7\u00e3o coletar o \u00f3leo residual da fritura.<\/span><br style=\"list-style-type: none; font-size: 12px;\"><br style=\"list-style-type: none; font-size: 12px;\"><span style=\"color: rgb(0, 0, 0); font-size: 14px;\">Acompanha plug industrial.<\/span><br style=\"list-style-type: none; font-size: 12px;\"><br style=\"list-style-type: none; font-size: 12px;\"><\/span><strong style=\"list-style-type: none; font-size: small; color: rgb(0, 0, 0); line-height: normal;\"><span style=\"font-size: 14px;\">Sistema de Seguran\u00e7a:<\/span><\/strong><span style=\"list-style-type: none; font-size: x-small; color: rgb(0, 0, 0); line-height: normal;\"><br style=\"list-style-type: none; font-size: 12px;\"><br style=\"list-style-type: none; font-size: 12px;\"><span style=\"font-size: 14px;\">Termostato de seguran\u00e7a que, na falta do termostato principal, impede o aquecimento excessivo evitando que o \u00f3leo se inflame.<\/span><\/span><span style=\"color: rgb(0, 0, 0); line-height: normal; font-size: 14px;\">&nbsp;<\/span><\/font><\/p>\n<p><font face=\"Arial\"><span style=\"color: rgb(0, 0, 0); line-height: normal; font-size: 14px;\"><br \/><\/span><\/font><\/p>\n","protected":false},"excerpt":{"rendered":"<p>Sistema de funcionamento \u00c1gua&nbsp;e \u00d3leo, que proporciona uma maior economia de \u00f3leo.A \u00e1gua tem por fun\u00e7\u00e3o a decanta\u00e7\u00e3o das part\u00edculas s\u00f3lidas decorrentes do processo de fritura, proporcionando uma maior vida \u00fatil do \u00f3leo.Produto em conformidade com o INMETRO.Gabinete e Tanque em chapa de a\u00e7o inox.Cavalete em a\u00e7o tubular com pintura a p\u00f3.Sensor de temperatura (bulbo) [&hellip;]<\/p>\n","protected":false},"featured_media":10531,"comment_status":"open","ping_status":"closed","template":"","meta":[],"product_brand":[],"product_cat":[310],"product_tag":[],"class_list":{"0":"post-10532","1":"product","2":"type-product","3":"status-publish","4":"has-post-thumbnail","6":"product_cat-fritadeira","8":"first","9":"instock","10":"shipping-taxable","11":"purchasable","12":"product-type-simple"},"_links":{"self":[{"href":"https:\/\/twsites.com.br\/novomigcenter\/index.php?rest_route=\/wp\/v2\/product\/10532","targetHints":{"allow":["GET"]}}],"collection":[{"href":"https:\/\/twsites.com.br\/novomigcenter\/index.php?rest_route=\/wp\/v2\/product"}],"about":[{"href":"https:\/\/twsites.com.br\/novomigcenter\/index.php?rest_route=\/wp\/v2\/types\/product"}],"replies":[{"embeddable":true,"href":"https:\/\/twsites.com.br\/novomigcenter\/index.php?rest_route=%2Fwp%2Fv2%2Fcomments&post=10532"}],"wp:featuredmedia":[{"embeddable":true,"href":"https:\/\/twsites.com.br\/novomigcenter\/index.php?rest_route=\/wp\/v2\/media\/10531"}],"wp:attachment":[{"href":"https:\/\/twsites.com.br\/novomigcenter\/index.php?rest_route=%2Fwp%2Fv2%2Fmedia&parent=10532"}],"wp:term":[{"taxonomy":"product_brand","embeddable":true,"href":"https:\/\/twsites.com.br\/novomigcenter\/index.php?rest_route=%2Fwp%2Fv2%2Fproduct_brand&post=10532"},{"taxonomy":"product_cat","embeddable":true,"href":"https:\/\/twsites.com.br\/novomigcenter\/index.php?rest_route=%2Fwp%2Fv2%2Fproduct_cat&post=10532"},{"taxonomy":"product_tag","embeddable":true,"href":"https:\/\/twsites.com.br\/novomigcenter\/index.php?rest_route=%2Fwp%2Fv2%2Fproduct_tag&post=10532"}],"curies":[{"name":"wp","href":"https:\/\/api.w.org\/{rel}","templated":true}]}}