{"id":10536,"date":"2016-08-25T18:38:53","date_gmt":"2016-08-25T18:38:53","guid":{"rendered":"https:\/\/twsites.com.br\/novomigcenter\/?product=liquidificador-inox-copo-plastico-alta-rotacao-15-litros"},"modified":"2016-08-25T18:38:53","modified_gmt":"2016-08-25T18:38:53","slug":"liquidificador-inox-copo-plastico-alta-rotacao-15-litros","status":"publish","type":"product","link":"https:\/\/twsites.com.br\/novomigcenter\/?product=liquidificador-inox-copo-plastico-alta-rotacao-15-litros","title":{"rendered":"Liquidificador inox copo pl\u00e1stico, alta rota\u00e7\u00e3o, 1,5 litros"},"content":{"rendered":"<p xss=\"removed\" style=\"margin-bottom: 0px; border: 0px; font-size: 18px; vertical-align: baseline; padding: 0px 0px 15px; color: rgb(69, 69, 69); outline: none !important;\"><span xss=\"removed\" style=\"border: 0px; margin: 0px; padding: 0px; outline: none !important;\"><font face=\"Arial\"><span style=\"font-size: 14px;\">Produzidos em conformidade com as especifica\u00e7\u00f5es da norma&nbsp;<\/span><span style=\"font-weight: 700; border: 0px; vertical-align: baseline; margin: 0px; padding: 0px; outline: none !important;\"><span style=\"font-size: 14px;\">NR-12<\/span><span style=\"font-size: 14px;\">&nbsp;<\/span><\/span><span style=\"font-size: 14px;\">e do<\/span><span style=\"font-size: 14px;\">&nbsp;<\/span><span style=\"font-weight: 700; border: 0px; vertical-align: baseline; margin: 0px; padding: 0px; outline: none !important; font-size: 14px;\">INMETRO<\/span><span style=\"font-size: 14px;\">, o<\/span><span style=\"font-size: 14px;\">&nbsp;<\/span><span style=\"font-weight: 700; border: 0px; vertical-align: baseline; margin: 0px; padding: 0px; outline: none !important; font-size: 14px;\">liquidificador inox<\/span><span style=\"font-size: 14px;\">&nbsp;<\/span><span style=\"font-size: 14px;\">\u00e9 utilizado para o preparo de sucos e vitaminas a base de frutas naturais ou polpas congeladas.<\/span><\/font><\/span><\/p>\n<p xss=\"removed\" style=\"margin-bottom: 0px; border: 0px; font-size: 18px; vertical-align: baseline; padding: 0px 0px 15px; color: rgb(69, 69, 69); outline: none !important;\"><span xss=\"removed\" style=\"border: 0px; margin: 0px; padding: 0px; outline: none !important;\"><font face=\"Arial\"><span style=\"font-size: 14px;\">O<\/span><span style=\"font-size: 14px;\">&nbsp;<\/span><span style=\"font-weight: 700; border: 0px; vertical-align: baseline; margin: 0px; padding: 0px; outline: none !important; font-size: 14px;\">liquidificador inox<\/span><span style=\"font-size: 14px;\">&nbsp;<\/span><span style=\"font-size: 14px;\">possui copo de pl\u00e1stico e gabinete em a\u00e7o inox, garantindo mais seguran\u00e7a ao operador.<\/span><\/font><\/span><\/p>\n<p xss=\"removed\" style=\"margin-bottom: 0px; border: 0px; font-size: 18px; vertical-align: baseline; padding: 0px 0px 15px; color: rgb(69, 69, 69); outline: none !important;\"><span xss=\"removed\" style=\"border: 0px; margin: 0px; padding: 0px; outline: none !important;\"><font face=\"Arial\"><span style=\"font-size: 14px;\">Sem contar o sistema a chave liga e desliga do<\/span><span style=\"font-size: 14px;\">&nbsp;<\/span><span style=\"font-weight: 700; border: 0px; vertical-align: baseline; margin: 0px; padding: 0px; outline: none !important; font-size: 14px;\">liquidificador inox<\/span><span style=\"font-size: 14px;\">, juntamente com a fun\u00e7\u00e3o pulsar.<\/span><\/font><\/span><\/p>\n<div xss=\"removed\" style=\"border: 0px; margin: 0px; padding: 0px; outline: none !important;\">\n<p xss=\"removed\" style=\"color: rgb(69, 69, 69); font-size: 18px; margin-bottom: 0px; border: 0px; vertical-align: baseline; padding: 0px 0px 15px; outline: none !important;\"><span xss=\"removed\" style=\"border: 0px; margin: 0px; padding: 0px; outline: none !important;\"><font face=\"Arial\"><span style=\"font-size: 14px;\">O copo do<\/span><span style=\"font-weight: 700; border: 0px; vertical-align: baseline; margin: 0px; padding: 0px; outline: none !important;\"><span style=\"font-size: 14px;\">&nbsp;<\/span><span style=\"font-size: 14px;\">liquidificador inox<\/span><\/span><span style=\"font-size: 14px;\">&nbsp;<\/span><span style=\"font-size: 14px;\">ainda possui acoplamento com sistema de auto compensa\u00e7\u00e3o, facilitando o encaixe e permitindo a intercambialidade dos copos.<\/span><\/font><\/span><\/p>\n<p xss=\"removed\" style=\"color: rgb(69, 69, 69); font-size: 18px; margin-bottom: 0px; border: 0px; vertical-align: baseline; padding: 0px 0px 15px; outline: none !important;\"><span xss=\"removed\" style=\"border: 0px; margin: 0px; padding: 0px; outline: none !important;\"><\/span><\/p>\n<ul style=\"margin-right: -15px; margin-bottom: 0px; margin-left: -15px; border: 0px; vertical-align: baseline; padding: 0px; list-style: none; outline: none !important;\">\n<li style=\"color: rgb(69, 69, 69); font-size: 14px; border: 0px; vertical-align: baseline; margin: 0px; padding: 0px 15px; float: left; width: 269px; clear: both; outline: none !important;\">\n<p style=\"margin-bottom: 0px; border-width: 1px 0px 0px; border-top-style: solid; border-right-style: initial; border-bottom-style: initial; border-left-style: initial; border-top-color: rgb(192, 193, 193); border-right-color: initial; border-bottom-color: initial; border-left-color: initial; border-image: initial; vertical-align: baseline; padding: 15px 0px; outline: none !important;\"><font face=\"Arial\"><span style=\"font-weight: 700; border: 0px; vertical-align: baseline; margin: 0px; padding: 0px; outline: none !important; font-size: 14px;\">Modelo:&nbsp;<\/span><span style=\"font-size: 14px;\">LT1.5<\/span><\/font><\/p>\n<\/li>\n<li style=\"color: rgb(69, 69, 69); font-size: 14px; border: 0px; vertical-align: baseline; margin: 0px; padding: 0px 15px; float: left; width: 269px; outline: none !important;\">\n<p style=\"margin-bottom: 0px; border-width: 1px 0px 0px; border-top-style: solid; border-right-style: initial; border-bottom-style: initial; border-left-style: initial; border-top-color: rgb(192, 193, 193); border-right-color: initial; border-bottom-color: initial; border-left-color: initial; border-image: initial; vertical-align: baseline; padding: 15px 0px; outline: none !important;\"><font face=\"Arial\"><span style=\"font-weight: 700; border: 0px; vertical-align: baseline; margin: 0px; padding: 0px; outline: none !important;\"><span style=\"font-size: 14px;\">Pot\u00eancia do Motor:<\/span><span style=\"font-size: 14px;\">&nbsp;<\/span><\/span><span style=\"font-size: 14px;\">900W<\/span><\/font><\/p>\n<\/li>\n<li style=\"color: rgb(69, 69, 69); font-size: 14px; border: 0px; vertical-align: baseline; margin: 0px; padding: 0px 15px; float: left; width: 269px; clear: both; outline: none !important;\">\n<p style=\"margin-bottom: 0px; border-width: 1px 0px 0px; border-top-style: solid; border-right-style: initial; border-bottom-style: initial; border-left-style: initial; border-top-color: rgb(192, 193, 193); border-right-color: initial; border-bottom-color: initial; border-left-color: initial; border-image: initial; vertical-align: baseline; padding: 15px 0px; outline: none !important;\"><font face=\"Arial\"><span style=\"font-weight: 700; border: 0px; vertical-align: baseline; margin: 0px; padding: 0px; outline: none !important;\"><span style=\"font-size: 14px;\">Frequ\u00eancia:<\/span><span style=\"font-size: 14px;\">&nbsp;<\/span><\/span><span style=\"font-size: 14px;\">50-60Hz<\/span><\/font><\/p>\n<\/li>\n<li style=\"color: rgb(69, 69, 69); font-size: 14px; border: 0px; vertical-align: baseline; margin: 0px; padding: 0px 15px; float: left; width: 269px; outline: none !important;\">\n<p style=\"margin-bottom: 0px; border-width: 1px 0px 0px; border-top-style: solid; border-right-style: initial; border-bottom-style: initial; border-left-style: initial; border-top-color: rgb(192, 193, 193); border-right-color: initial; border-bottom-color: initial; border-left-color: initial; border-image: initial; vertical-align: baseline; padding: 15px 0px; outline: none !important;\"><font face=\"Arial\"><span style=\"font-weight: 700; border: 0px; vertical-align: baseline; margin: 0px; padding: 0px; outline: none !important;\"><span style=\"font-size: 14px;\">Tens\u00e3o:<\/span><span style=\"font-size: 14px;\">&nbsp;<\/span><\/span><span style=\"font-size: 14px;\">127V<\/span><\/font><\/p>\n<\/li>\n<li style=\"color: rgb(69, 69, 69); font-size: 14px; border: 0px; vertical-align: baseline; margin: 0px; padding: 0px 15px; float: left; width: 269px; clear: both; outline: none !important;\">\n<p style=\"margin-bottom: 0px; border-width: 1px 0px 0px; border-top-style: solid; border-right-style: initial; border-bottom-style: initial; border-left-style: initial; border-top-color: rgb(192, 193, 193); border-right-color: initial; border-bottom-color: initial; border-left-color: initial; border-image: initial; vertical-align: baseline; padding: 15px 0px; outline: none !important;\"><font face=\"Arial\"><span style=\"font-weight: 700; border: 0px; vertical-align: baseline; margin: 0px; padding: 0px; outline: none !important;\"><span style=\"font-size: 14px;\">Altura:<\/span><span style=\"font-size: 14px;\">&nbsp;<\/span><\/span><span style=\"font-size: 14px;\">390.00 mm<\/span><\/font><\/p>\n<\/li>\n<li style=\"color: rgb(69, 69, 69); font-size: 14px; border: 0px; vertical-align: baseline; margin: 0px; padding: 0px 15px; float: left; width: 269px; outline: none !important;\">\n<p style=\"margin-bottom: 0px; border-width: 1px 0px 0px; border-top-style: solid; border-right-style: initial; border-bottom-style: initial; border-left-style: initial; border-top-color: rgb(192, 193, 193); border-right-color: initial; border-bottom-color: initial; border-left-color: initial; border-image: initial; vertical-align: baseline; padding: 15px 0px; outline: none !important;\"><font face=\"Arial\"><span style=\"font-weight: 700; border: 0px; vertical-align: baseline; margin: 0px; padding: 0px; outline: none !important;\"><span style=\"font-size: 14px;\">Largura:<\/span><span style=\"font-size: 14px;\">&nbsp;<\/span><\/span><span style=\"font-size: 14px;\">190.00 mm<\/span><\/font><\/p>\n<\/li>\n<li style=\"color: rgb(69, 69, 69); font-size: 14px; border: 0px; vertical-align: baseline; margin: 0px; padding: 0px 15px; float: left; width: 269px; clear: both; outline: none !important;\">\n<p style=\"margin-bottom: 0px; border-width: 1px 0px 0px; border-top-style: solid; border-right-style: initial; border-bottom-style: initial; border-left-style: initial; border-top-color: rgb(192, 193, 193); border-right-color: initial; border-bottom-color: initial; border-left-color: initial; border-image: initial; vertical-align: baseline; padding: 15px 0px; outline: none !important;\"><font face=\"Arial\"><span style=\"font-weight: 700; border: 0px; vertical-align: baseline; margin: 0px; padding: 0px; outline: none !important;\"><span style=\"font-size: 14px;\">Profundidade:<\/span><span style=\"font-size: 14px;\">&nbsp;<\/span><\/span><span style=\"font-size: 14px;\">190.00 mm<\/span><\/font><\/p>\n<\/li>\n<li style=\"color: rgb(69, 69, 69); font-size: 14px; border: 0px; vertical-align: baseline; margin: 0px; padding: 0px 15px; float: left; width: 269px; outline: none !important;\">\n<p style=\"margin-bottom: 0px; border-width: 1px 0px 0px; border-top-style: solid; border-right-style: initial; border-bottom-style: initial; border-left-style: initial; border-top-color: rgb(192, 193, 193); border-right-color: initial; border-bottom-color: initial; border-left-color: initial; border-image: initial; vertical-align: baseline; padding: 15px 0px; outline: none !important;\"><font face=\"Arial\"><span style=\"font-weight: 700; border: 0px; vertical-align: baseline; margin: 0px; padding: 0px; outline: none !important;\"><span style=\"font-size: 14px;\">Peso L\u00edquido:<\/span><span style=\"font-size: 14px;\">&nbsp;<\/span><\/span><span style=\"font-size: 14px;\">1.90 kg<\/span><\/font><\/p>\n<\/li>\n<li style=\"color: rgb(69, 69, 69); font-size: 14px; border: 0px; vertical-align: baseline; margin: 0px; padding: 0px 15px; float: left; width: 269px; clear: both; outline: none !important;\">\n<p style=\"margin-bottom: 0px; border-width: 1px 0px 0px; border-top-style: solid; border-right-style: initial; border-bottom-style: initial; border-left-style: initial; border-top-color: rgb(192, 193, 193); border-right-color: initial; border-bottom-color: initial; border-left-color: initial; border-image: initial; vertical-align: baseline; padding: 15px 0px; outline: none !important;\"><font face=\"Arial\"><span style=\"font-weight: 700; border: 0px; vertical-align: baseline; margin: 0px; padding: 0px; outline: none !important;\"><span style=\"font-size: 14px;\">Peso Bruto:<\/span><span style=\"font-size: 14px;\">&nbsp;<\/span><\/span><span style=\"font-size: 14px;\">2.25 kg<\/span><\/font><\/p>\n<\/li>\n<li style=\"color: rgb(69, 69, 69); font-size: 14px; border: 0px; vertical-align: baseline; margin: 0px; padding: 0px 15px; float: left; width: 269px; outline: none !important;\">\n<p style=\"margin-bottom: 0px; border-width: 1px 0px 0px; border-top-style: solid; border-right-style: initial; border-bottom-style: initial; border-left-style: initial; border-top-color: rgb(192, 193, 193); border-right-color: initial; border-bottom-color: initial; border-left-color: initial; border-image: initial; vertical-align: baseline; padding: 15px 0px; outline: none !important;\"><font face=\"Arial\"><span style=\"font-weight: 700; border: 0px; vertical-align: baseline; margin: 0px; padding: 0px; outline: none !important;\"><span style=\"font-size: 14px;\">C. Fiscal:<\/span><span style=\"font-size: 14px;\">&nbsp;<\/span><\/span><span style=\"font-size: 14px;\">85094010<\/span><\/font><\/p>\n<\/li>\n<li style=\"border: 0px; vertical-align: baseline; margin: 0px; padding: 0px 15px; float: left; width: 538px; clear: both; outline: none !important;\">\n<p style=\"margin-bottom: 0px; border-width: 1px 0px 0px; border-top-style: solid; border-right-style: initial; border-bottom-style: initial; border-left-style: initial; border-top-color: rgb(192, 193, 193); border-right-color: initial; border-bottom-color: initial; border-left-color: initial; border-image: initial; vertical-align: baseline; padding: 15px 0px; outline: none !important;\"><font face=\"Arial\" style=\"\"><span style=\"border: 0px; vertical-align: baseline; margin: 0px; padding: 0px; outline: none !important;\"><font color=\"#454545\"><span style=\"font-size: 14px;\"><b>Rota\u00e7\u00e3o:<\/b><\/span><\/font><\/span><span style=\"color: rgb(69, 69, 69); font-size: 14px;\">&nbsp;<\/span><span style=\"color: rgb(69, 69, 69); font-size: 14px;\">18000 rpm<\/span><\/font><\/p>\n<h3 class=\"title__info\" style=\"font-weight: 800; line-height: 20px; color: rgb(69, 69, 69); margin-right: 0px; margin-bottom: 20px; margin-left: 0px; font-size: 20px; border: 0px; vertical-align: baseline; padding: 0px; text-transform: uppercase; outline: none !important;\"><span style=\"font-size: 14px;\"><font face=\"Arial\">CARACTER\u00cdSTICAS DA EMBALAGEM<\/font><\/span><\/h3>\n<ul style=\"margin-right: -15px; margin-left: -15px; border: 0px; font-size: 14px; vertical-align: baseline; padding: 0px; list-style: none; color: rgb(69, 69, 69); outline: none !important;\">\n<li style=\"border: 0px; vertical-align: baseline; margin: 0px; padding: 0px 15px; float: left; width: 269px; clear: both; outline: none !important;\">\n<p style=\"margin-bottom: 0px; border-width: 1px 0px 0px; border-top-style: solid; border-right-style: initial; border-bottom-style: initial; border-left-style: initial; border-top-color: rgb(192, 193, 193); border-right-color: initial; border-bottom-color: initial; border-left-color: initial; border-image: initial; vertical-align: baseline; padding: 15px 0px; outline: none !important;\"><font face=\"Arial\"><span style=\"font-weight: 700; border: 0px; vertical-align: baseline; margin: 0px; padding: 0px; outline: none !important;\"><span style=\"font-size: 14px;\">Altura:<\/span><span style=\"font-size: 14px;\">&nbsp;<\/span><\/span><span style=\"font-size: 14px;\">445.00 mm<\/span><\/font><\/p>\n<\/li>\n<li style=\"border: 0px; vertical-align: baseline; margin: 0px; padding: 0px 15px; float: left; width: 269px; outline: none !important;\">\n<p style=\"margin-bottom: 0px; border-width: 1px 0px 0px; border-top-style: solid; border-right-style: initial; border-bottom-style: initial; border-left-style: initial; border-top-color: rgb(192, 193, 193); border-right-color: initial; border-bottom-color: initial; border-left-color: initial; border-image: initial; vertical-align: baseline; padding: 15px 0px; outline: none !important;\"><font face=\"Arial\"><span style=\"font-weight: 700; border: 0px; vertical-align: baseline; margin: 0px; padding: 0px; outline: none !important;\"><span style=\"font-size: 14px;\">Largura:<\/span><span style=\"font-size: 14px;\">&nbsp;<\/span><\/span><span style=\"font-size: 14px;\">195.00 mm<\/span><\/font><\/p>\n<\/li>\n<li style=\"border: 0px; vertical-align: baseline; margin: 0px; padding: 0px 15px; float: left; width: 269px; clear: both; outline: none !important;\">\n<p style=\"margin-bottom: 0px; border-width: 1px 0px 0px; border-top-style: solid; border-right-style: initial; border-bottom-style: initial; border-left-style: initial; border-top-color: rgb(192, 193, 193); border-right-color: initial; border-bottom-color: initial; border-left-color: initial; border-image: initial; vertical-align: baseline; padding: 15px 0px; outline: none !important;\"><font face=\"Arial\"><span style=\"font-weight: 700; border: 0px; vertical-align: baseline; margin: 0px; padding: 0px; outline: none !important;\"><span style=\"font-size: 14px;\">Profundidade:<\/span><span style=\"font-size: 14px;\">&nbsp;<\/span><\/span><span style=\"font-size: 14px;\">195.00 mm<\/span><\/font><\/p>\n<\/li>\n<li style=\"border: 0px; vertical-align: baseline; margin: 0px; padding: 0px 15px; float: left; width: 269px; outline: none !important;\">\n<p style=\"margin-bottom: 0px; border-width: 1px 0px 0px; border-top-style: solid; border-right-style: initial; border-bottom-style: initial; border-left-style: initial; border-top-color: rgb(192, 193, 193); border-right-color: initial; border-bottom-color: initial; border-left-color: initial; border-image: initial; vertical-align: baseline; padding: 15px 0px; outline: none !important;\"><font face=\"Arial\"><span style=\"font-weight: 700; border: 0px; vertical-align: baseline; margin: 0px; padding: 0px; outline: none !important;\"><span style=\"font-size: 14px;\">Peso Bruto:<\/span><span style=\"font-size: 14px;\">&nbsp;<\/span><\/span><span style=\"font-size: 14px;\">2.25 kg<\/span><\/font><\/p>\n<\/li>\n<\/ul>\n<\/li>\n<\/ul>\n<\/div>\n","protected":false},"excerpt":{"rendered":"<p>Produzidos em conformidade com as especifica\u00e7\u00f5es da norma&nbsp;NR-12&nbsp;e do&nbsp;INMETRO, o&nbsp;liquidificador inox&nbsp;\u00e9 utilizado para o preparo de sucos e vitaminas a base de frutas naturais ou polpas congeladas. O&nbsp;liquidificador inox&nbsp;possui copo de pl\u00e1stico e gabinete em a\u00e7o inox, garantindo mais seguran\u00e7a ao operador. Sem contar o sistema a chave liga e desliga do&nbsp;liquidificador inox, juntamente com [&hellip;]<\/p>\n","protected":false},"featured_media":10535,"comment_status":"open","ping_status":"closed","template":"","meta":[],"product_brand":[],"product_cat":[313],"product_tag":[],"class_list":{"0":"post-10536","1":"product","2":"type-product","3":"status-publish","4":"has-post-thumbnail","6":"product_cat-liquidificador","8":"first","9":"instock","10":"shipping-taxable","11":"purchasable","12":"product-type-simple"},"_links":{"self":[{"href":"https:\/\/twsites.com.br\/novomigcenter\/index.php?rest_route=\/wp\/v2\/product\/10536","targetHints":{"allow":["GET"]}}],"collection":[{"href":"https:\/\/twsites.com.br\/novomigcenter\/index.php?rest_route=\/wp\/v2\/product"}],"about":[{"href":"https:\/\/twsites.com.br\/novomigcenter\/index.php?rest_route=\/wp\/v2\/types\/product"}],"replies":[{"embeddable":true,"href":"https:\/\/twsites.com.br\/novomigcenter\/index.php?rest_route=%2Fwp%2Fv2%2Fcomments&post=10536"}],"wp:featuredmedia":[{"embeddable":true,"href":"https:\/\/twsites.com.br\/novomigcenter\/index.php?rest_route=\/wp\/v2\/media\/10535"}],"wp:attachment":[{"href":"https:\/\/twsites.com.br\/novomigcenter\/index.php?rest_route=%2Fwp%2Fv2%2Fmedia&parent=10536"}],"wp:term":[{"taxonomy":"product_brand","embeddable":true,"href":"https:\/\/twsites.com.br\/novomigcenter\/index.php?rest_route=%2Fwp%2Fv2%2Fproduct_brand&post=10536"},{"taxonomy":"product_cat","embeddable":true,"href":"https:\/\/twsites.com.br\/novomigcenter\/index.php?rest_route=%2Fwp%2Fv2%2Fproduct_cat&post=10536"},{"taxonomy":"product_tag","embeddable":true,"href":"https:\/\/twsites.com.br\/novomigcenter\/index.php?rest_route=%2Fwp%2Fv2%2Fproduct_tag&post=10536"}],"curies":[{"name":"wp","href":"https:\/\/api.w.org\/{rel}","templated":true}]}}