{"id":10538,"date":"2016-08-25T18:52:36","date_gmt":"2016-08-25T18:52:36","guid":{"rendered":"https:\/\/twsites.com.br\/novomigcenter\/?product=liquidificador-inox-copo-inox-alta-rotacao-15-litros"},"modified":"2016-08-25T18:52:36","modified_gmt":"2016-08-25T18:52:36","slug":"liquidificador-inox-copo-inox-alta-rotacao-15-litros","status":"publish","type":"product","link":"https:\/\/twsites.com.br\/novomigcenter\/?product=liquidificador-inox-copo-inox-alta-rotacao-15-litros","title":{"rendered":"Liquidificador inox copo inox, alta rota\u00e7\u00e3o, 1,5 litros"},"content":{"rendered":"<h3 class=\"title\" style=\"font-weight: 800; color: rgb(69, 69, 69); margin-right: 0px; margin-bottom: 3px; margin-left: 0px; font-size: 30px; border: 0px; vertical-align: baseline; padding: 0px; text-transform: uppercase; outline: none !important;\"><font face=\"Arial\"><span style=\"font-size: 14px;\">LI1.5<\/span><\/font><\/h3>\n<h4 class=\"subtitle\" style=\"font-weight: 800; color: rgb(69, 69, 69); margin-right: 0px; margin-bottom: 17px; margin-left: 0px; font-size: 18px; border: 0px; vertical-align: baseline; padding: 0px; text-transform: uppercase; outline: none !important;\"><font face=\"Arial\"><span style=\"font-size: 14px;\">LIQUIDIFICADOR INOX COPO INOX, ALTA ROTA\u00c7\u00c3O, 1,5 LITROS<\/span><\/font><\/h4>\n<div class=\"text\" style=\"border: 0px; margin: 0px 0px 30px; padding: 0px; color: rgb(69, 69, 69); font-size: 18px; outline: none !important;\">\n<p xss=\"removed\" style=\"margin-bottom: 0px; border: 0px; vertical-align: baseline; padding: 0px 0px 15px; outline: none !important;\">\n<p xss=\"removed\" style=\"margin-bottom: 0px; border: 0px; vertical-align: baseline; padding: 0px 0px 15px; outline: none !important;\"><span xss=\"removed\" style=\"border: 0px; margin: 0px; padding: 0px; outline: none !important;\"><span xss=\"removed\" style=\"border: 0px; margin: 0px; padding: 0px; outline: none !important;\"><span xss=\"removed\" style=\"border: 0px; margin: 0px; padding: 0px; outline: none !important;\"><font face=\"Arial\"><span style=\"font-size: 14px;\">O liquidificador LI 1,5, \u00e9 um dos<\/span><span style=\"font-size: 14px;\">&nbsp;<\/span><span style=\"font-weight: 700; border: 0px; vertical-align: baseline; margin: 0px; padding: 0px; outline: none !important; font-size: 14px;\">preferidos<\/span><span style=\"font-size: 14px;\">&nbsp;<\/span><span style=\"font-size: 14px;\">e mais vers\u00e1teis liquidificadores de<\/span><span style=\"font-size: 14px;\">&nbsp;<\/span><span style=\"font-weight: 700; border: 0px; vertical-align: baseline; margin: 0px; padding: 0px; outline: none !important; font-size: 14px;\">alta rota\u00e7\u00e3o<\/span><span style=\"font-size: 14px;\">&nbsp;<\/span><span style=\"font-size: 14px;\">do mercado. Suas<\/span><span style=\"font-size: 14px;\">&nbsp;<\/span><span style=\"font-weight: 700; border: 0px; vertical-align: baseline; margin: 0px; padding: 0px; outline: none !important; font-size: 14px;\">4 l\u00e2minas<\/span><span style=\"font-size: 14px;\">&nbsp;<\/span><span style=\"font-size: 14px;\">afiadas, foram estrategicamente posicionadas para<\/span><span style=\"font-size: 14px;\">&nbsp;<\/span><span style=\"font-weight: 700; border: 0px; vertical-align: baseline; margin: 0px; padding: 0px; outline: none !important; font-size: 14px;\">triturar e misturar<\/span><span style=\"font-size: 14px;\">&nbsp;<\/span><span style=\"font-size: 14px;\">de forma mais efetiva e r\u00e1pida os ingredientes, mesmo os mais duros como<\/span><span style=\"font-size: 14px;\">&nbsp;<\/span><span style=\"font-weight: 700; border: 0px; vertical-align: baseline; margin: 0px; padding: 0px; outline: none !important; font-size: 14px;\">gelo ou polpas de frutas<\/span><span style=\"font-size: 14px;\">&nbsp;<\/span><span style=\"font-weight: 700; border: 0px; vertical-align: baseline; margin: 0px; padding: 0px; outline: none !important; font-size: 14px;\">congeladas.<\/span><\/font><\/span><\/span><\/span><\/p>\n<p xss=\"removed\" style=\"margin-bottom: 0px; border: 0px; vertical-align: baseline; padding: 0px 0px 15px; outline: none !important;\"><span xss=\"removed\" style=\"border: 0px; margin: 0px; padding: 0px; outline: none !important;\"><font face=\"Arial\"><span style=\"font-size: 14px;\">S\u00e3o<\/span><span style=\"font-size: 14px;\">&nbsp;<\/span><span style=\"font-weight: 700; border: 0px; vertical-align: baseline; margin: 0px; padding: 0px; outline: none !important; font-size: 14px;\">900w de pot\u00eancia<\/span><span style=\"font-size: 14px;\">, que tornam o liquidificador de alta rota\u00e7\u00e3o ideal para preparo de sucos, vitaminas, smoothies e drinks, de forma r\u00e1pida e com qualidade profissional.<\/span><\/font><\/span><\/p>\n<p xss=\"removed\" style=\"margin-bottom: 0px; border: 0px; vertical-align: baseline; padding: 0px 0px 15px; outline: none !important;\"><span xss=\"removed\" style=\"border: 0px; margin: 0px; padding: 0px; outline: none !important;\"><font face=\"Arial\"><span style=\"font-size: 14px;\">O exclusivo copo<\/span><span style=\"font-size: 14px;\">&nbsp;<\/span><span style=\"font-weight: 700; border: 0px; vertical-align: baseline; margin: 0px; padding: 0px; outline: none !important; font-size: 14px;\">MONOBLOCO<\/span><span style=\"font-size: 14px;\">&nbsp;<\/span><span style=\"font-size: 14px;\">(sem soldas), produzido em inox, garante<\/span><span style=\"font-size: 14px;\">&nbsp;<\/span><span style=\"font-weight: 700; border: 0px; vertical-align: baseline; margin: 0px; padding: 0px; outline: none !important; font-size: 14px;\">praticidade e rapidez<\/span><span style=\"font-size: 14px;\">&nbsp;<\/span><span style=\"font-size: 14px;\">na hora do preparo, n\u00e3o acumulando nenhum tipo de res\u00edduo ou sabor, mesmo batendo os mais variados tipos de sucos, al\u00e9m de<\/span><span style=\"font-size: 14px;\">&nbsp;<\/span><span style=\"font-weight: 700; border: 0px; vertical-align: baseline; margin: 0px; padding: 0px; outline: none !important; font-size: 14px;\">facilitar a limpeza<\/span><span style=\"font-size: 14px;\">&nbsp;<\/span><span style=\"font-size: 14px;\">e higiene do liquidificador.<\/span><\/font><\/span><\/p>\n<p xss=\"removed\" style=\"margin-bottom: 0px; border: 0px; vertical-align: baseline; padding: 0px 0px 15px; outline: none !important;\"><span xss=\"removed\" style=\"border: 0px; margin: 0px; padding: 0px; outline: none !important;\"><span xss=\"removed\" style=\"border: 0px; margin: 0px; padding: 0px; outline: none !important;\"><span xss=\"removed\" style=\"border: 0px; margin: 0px; padding: 0px; outline: none !important;\"><font face=\"Arial\"><span style=\"font-size: 14px;\">Conta com a praticidade de uma<\/span><span style=\"font-size: 14px;\">&nbsp;<\/span><span style=\"font-weight: 700; border: 0px; vertical-align: baseline; margin: 0px; padding: 0px; outline: none !important;\"><span style=\"font-size: 14px;\">sobretampa<\/span><span style=\"font-size: 14px;\">&nbsp;<\/span><\/span><span style=\"font-size: 14px;\">que permite que ingredientes sejam adicionados durante o preparo, facilitando na hora de<\/span><span style=\"font-size: 14px;\">&nbsp;<\/span><span style=\"font-weight: 700; border: 0px; vertical-align: baseline; margin: 0px; padding: 0px; outline: none !important; font-size: 14px;\">criar novas receitas.<\/span><\/font><\/span><\/span><\/span><\/p>\n<p xss=\"removed\" style=\"margin-bottom: 0px; border: 0px; vertical-align: baseline; padding: 0px 0px 15px; outline: none !important;\"><span xss=\"removed\" style=\"border: 0px; margin: 0px; padding: 0px; outline: none !important;\"><span xss=\"removed\" style=\"border: 0px; margin: 0px; padding: 0px; outline: none !important;\"><span xss=\"removed\" style=\"border: 0px; margin: 0px; padding: 0px; outline: none !important;\"><font face=\"Arial\"><span style=\"font-weight: 700; border: 0px; vertical-align: baseline; margin: 0px; padding: 0px; outline: none !important; font-size: 14px;\"><br \/><\/span><\/font><\/span><\/span><\/span><span style=\"font-family: Arial; font-size: 14px;\">Feito para durar, o liquidificador tem seu corpo e acoplamento produzido em<\/span><span style=\"font-family: Arial; font-size: 14px;\">&nbsp;<\/span><span style=\"font-family: Arial; font-size: 14px; font-weight: 700; border: 0px; vertical-align: baseline; margin: 0px; padding: 0px; outline: none !important;\">a\u00e7o inox<\/span><span style=\"font-family: Arial; font-size: 14px;\">, que al\u00e9m de bonito \u00e9<\/span><span style=\"font-family: Arial; font-size: 14px;\">&nbsp;<\/span><span style=\"font-family: Arial; font-size: 14px; font-weight: 700; border: 0px; vertical-align: baseline; margin: 0px; padding: 0px; outline: none !important;\">dur\u00e1vel e resistente<\/span><span style=\"font-family: Arial; font-size: 14px;\">, atendendo perfeitamente estabelecimentos<\/span><span style=\"font-family: Arial; font-size: 14px;\">&nbsp;<\/span><i style=\"font-family: Arial; border: 0px; vertical-align: baseline; margin: 0px; padding: 0px; outline: none !important;\"><span style=\"font-size: 14px;\">food service<\/span><\/i><span style=\"font-family: Arial; font-size: 14px;\">, como bares, restaurantes, casas de sucos, hot\u00e9is e lanchonetes, que necessitam de um<\/span><span style=\"font-family: Arial; font-size: 14px;\">&nbsp;<\/span><span style=\"font-family: Arial; font-size: 14px; font-weight: 700; border: 0px; vertical-align: baseline; margin: 0px; padding: 0px; outline: none !important;\">liquidificador profissional<\/span><span style=\"font-family: Arial; font-size: 14px;\">&nbsp;<\/span><span style=\"font-family: Arial; font-size: 14px;\">para ser usado ao longo do dia.<\/span><span style=\"font-family: Arial; color: rgb(0, 0, 0); font-size: 14px;\">os.<\/span><\/p>\n<\/div>\n<p style=\"line-height: 17.1428px;\"><font face=\"Arial\"><span style=\"font-size: 14px;\"><br \/><\/span><\/font><\/p>\n<p style=\"line-height: 17.1428px;\"><font face=\"Arial\"><span style=\"font-size: 14px;\"><b>CARACTER\u00cdSTICAS DO PRODUTO<\/b><\/span><\/font><\/p>\n<p style=\"line-height: 17.1428px;\"><font face=\"Arial\"><span style=\"font-size: 14px;\"><b>Modelo: <\/b>LI1.5&nbsp; &nbsp; &nbsp; &nbsp; &nbsp; &nbsp; &nbsp; &nbsp; &nbsp; &nbsp; &nbsp; &nbsp; &nbsp; &nbsp; &nbsp; &nbsp; &nbsp; &nbsp;<b>&nbsp;<\/b><\/span><\/font><span style=\"font-family: Arial; font-size: 14px;\"><b>Pot\u00eancia do Motor:<\/b> 900W<\/span><\/p>\n<p style=\"line-height: 17.1428px;\"><span style=\"font-family: Arial; font-size: 14px;\"><br \/><\/span><span style=\"font-family: Arial; font-size: 14px;\"><b>Frequ\u00eancia:<\/b> 50-60Hz&nbsp; &nbsp; &nbsp; &nbsp; &nbsp; &nbsp; &nbsp; &nbsp; &nbsp; &nbsp; <b>&nbsp; &nbsp; <\/b><\/span><span style=\"font-family: Arial; font-size: 14px;\"><b>Tens\u00e3o:<\/b> 220V<\/span><\/p>\n<p style=\"line-height: 17.1428px;\"><font face=\"Arial\"><span style=\"font-size: 14px;\"><br \/><\/span><\/font><\/p>\n<p style=\"line-height: 17.1428px;\"><font face=\"Arial\"><span style=\"font-size: 14px;\"><b>Altura: <\/b>405.00 mm&nbsp; &nbsp; &nbsp; &nbsp; &nbsp; &nbsp; &nbsp; &nbsp; &nbsp; &nbsp; <b>&nbsp; &nbsp; &nbsp; &nbsp; <\/b><\/span><\/font><span style=\"font-family: Arial; font-size: 14px;\"><b>Largura: <\/b>210.00 mm<\/span><\/p>\n<p style=\"line-height: 17.1428px;\"><font face=\"Arial\"><span style=\"font-size: 14px;\"><br \/><\/span><\/font><\/p>\n<p style=\"line-height: 17.1428px;\"><font face=\"Arial\"><span style=\"font-size: 14px;\"><b>Profundidade: <\/b>190.00 mm&nbsp; &nbsp; &nbsp;<b> &nbsp; &nbsp; &nbsp; &nbsp; &nbsp;<\/b><\/span><\/font><span style=\"font-family: Arial; font-size: 14px;\"><b>Peso L\u00edquido:<\/b> 1.92 kg<\/span><\/p>\n<p style=\"line-height: 17.1428px;\"><font face=\"Arial\"><span style=\"font-size: 14px;\"><br \/><\/span><\/font><\/p>\n<p style=\"line-height: 17.1428px;\"><font face=\"Arial\"><span style=\"font-size: 14px;\"><b>Peso Bruto: <\/b>2.27 kg&nbsp; &nbsp; &nbsp; &nbsp; &nbsp; &nbsp; &nbsp; &nbsp; &nbsp; &nbsp; &nbsp; &nbsp;&nbsp;<\/span><\/font><span style=\"font-family: Arial; font-size: 14px;\">C. Fiscal: 85094010<\/span><\/p>\n<p style=\"line-height: 17.1428px;\"><font face=\"Arial\"><span style=\"font-size: 14px;\"><br \/><\/span><\/font><\/p>\n<p style=\"line-height: 17.1428px;\"><font face=\"Arial\"><span style=\"font-size: 14px;\"><b>Rotacao: <\/b>18000 rpm<\/span><\/font><\/p>\n<p style=\"line-height: 17.1428px;\"><font face=\"Arial\"><span style=\"font-size: 14px;\"><br \/><\/span><\/font><\/p>\n<p style=\"line-height: 17.1428px;\"><font face=\"Arial\"><span style=\"font-size: 14px;\"><b>CARACTER\u00cdSTICAS DA EMBALAGEM<\/b><\/span><\/font><\/p>\n<p style=\"line-height: 17.1428px;\"><font face=\"Arial\"><span style=\"font-size: 14px;\"><b>Altura: <\/b>445.00 mm&nbsp; &nbsp; &nbsp; &nbsp; &nbsp; &nbsp; &nbsp; &nbsp; &nbsp; &nbsp; &nbsp; &nbsp; &nbsp; &nbsp; &nbsp; &nbsp;&nbsp;<\/span><\/font><span style=\"font-family: Arial; font-size: 14px;\"><b>Largura: <\/b>195.00 mm<\/span><\/p>\n<p style=\"line-height: 17.1428px;\"><font face=\"Arial\"><span style=\"font-size: 14px;\"><b>Profundidade: <\/b>195.00 mm&nbsp; &nbsp; &nbsp; &nbsp; &nbsp; &nbsp; <b>&nbsp; &nbsp; &nbsp; &nbsp;&nbsp;<\/b><\/span><\/font><span style=\"font-family: Arial; font-size: 14px;\"><b>Peso Bruto: <\/b>2.27 kg<\/span><\/p>\n","protected":false},"excerpt":{"rendered":"<p>LI1.5 LIQUIDIFICADOR INOX COPO INOX, ALTA ROTA\u00c7\u00c3O, 1,5 LITROS O liquidificador LI 1,5, \u00e9 um dos&nbsp;preferidos&nbsp;e mais vers\u00e1teis liquidificadores de&nbsp;alta rota\u00e7\u00e3o&nbsp;do mercado. Suas&nbsp;4 l\u00e2minas&nbsp;afiadas, foram estrategicamente posicionadas para&nbsp;triturar e misturar&nbsp;de forma mais efetiva e r\u00e1pida os ingredientes, mesmo os mais duros como&nbsp;gelo ou polpas de frutas&nbsp;congeladas. S\u00e3o&nbsp;900w de pot\u00eancia, que tornam o liquidificador de alta [&hellip;]<\/p>\n","protected":false},"featured_media":10537,"comment_status":"open","ping_status":"closed","template":"","meta":[],"product_brand":[],"product_cat":[313],"product_tag":[],"class_list":{"0":"post-10538","1":"product","2":"type-product","3":"status-publish","4":"has-post-thumbnail","6":"product_cat-liquidificador","8":"first","9":"instock","10":"shipping-taxable","11":"purchasable","12":"product-type-simple"},"_links":{"self":[{"href":"https:\/\/twsites.com.br\/novomigcenter\/index.php?rest_route=\/wp\/v2\/product\/10538","targetHints":{"allow":["GET"]}}],"collection":[{"href":"https:\/\/twsites.com.br\/novomigcenter\/index.php?rest_route=\/wp\/v2\/product"}],"about":[{"href":"https:\/\/twsites.com.br\/novomigcenter\/index.php?rest_route=\/wp\/v2\/types\/product"}],"replies":[{"embeddable":true,"href":"https:\/\/twsites.com.br\/novomigcenter\/index.php?rest_route=%2Fwp%2Fv2%2Fcomments&post=10538"}],"wp:featuredmedia":[{"embeddable":true,"href":"https:\/\/twsites.com.br\/novomigcenter\/index.php?rest_route=\/wp\/v2\/media\/10537"}],"wp:attachment":[{"href":"https:\/\/twsites.com.br\/novomigcenter\/index.php?rest_route=%2Fwp%2Fv2%2Fmedia&parent=10538"}],"wp:term":[{"taxonomy":"product_brand","embeddable":true,"href":"https:\/\/twsites.com.br\/novomigcenter\/index.php?rest_route=%2Fwp%2Fv2%2Fproduct_brand&post=10538"},{"taxonomy":"product_cat","embeddable":true,"href":"https:\/\/twsites.com.br\/novomigcenter\/index.php?rest_route=%2Fwp%2Fv2%2Fproduct_cat&post=10538"},{"taxonomy":"product_tag","embeddable":true,"href":"https:\/\/twsites.com.br\/novomigcenter\/index.php?rest_route=%2Fwp%2Fv2%2Fproduct_tag&post=10538"}],"curies":[{"name":"wp","href":"https:\/\/api.w.org\/{rel}","templated":true}]}}