{"id":10541,"date":"2016-08-26T13:20:52","date_gmt":"2016-08-26T13:20:52","guid":{"rendered":"https:\/\/twsites.com.br\/novomigcenter\/?product=refrigerador-vertical-conveniencia-esmeralda-gldr-570"},"modified":"2016-08-26T13:20:52","modified_gmt":"2016-08-26T13:20:52","slug":"refrigerador-vertical-conveniencia-esmeralda-gldr-570","status":"publish","type":"product","link":"https:\/\/twsites.com.br\/novomigcenter\/?product=refrigerador-vertical-conveniencia-esmeralda-gldr-570","title":{"rendered":"Refrigerador Vertical Conveni\u00eancia Esmeralda GLDR 570"},"content":{"rendered":"<p style=\"line-height: 17.1428px;\"><span style=\"text-decoration: underline;\"><b><font face=\"Arial\">INFORMA\u00c7\u00d5ES:<\/font><\/b><\/span><\/p>\n<p style=\"line-height: 17.1428px;\">\n<ul style=\"line-height: 17.1428px;\">\n<li><span style=\"line-height: 1.42857;\"><font face=\"Arial\">Refrigera\u00e7\u00e3o e exposi\u00e7\u00e3o de bebidas, frios e latic\u00ednios.<\/font><\/span><\/li>\n<li><span style=\"line-height: 1.42857;\"><font face=\"Arial\">Temperatura regul\u00e1vel: +1\u00ba a +7\u00baC, atravez de termostato.<\/font><\/span><\/li>\n<li><span style=\"line-height: 1.42857;\"><font face=\"Arial\">Refrigera\u00e7\u00e3o: Ar for\u00e7ado com placa fria ou ar for\u00e7ado com serpentina aletada (GLDR-570 \/ AF).<\/font><\/span><\/li>\n<li><span style=\"line-height: 1.42857;\"><font face=\"Arial\">Degelo: Frost Free.<\/font><\/span><\/li>\n<li><span style=\"line-height: 1.42857;\"><font face=\"Arial\">Prateleiras aramadas: 3 n\u00edveis regul\u00e1veis e inclin\u00e1veis.<\/font><\/span><\/li>\n<li><span style=\"line-height: 1.42857;\"><font face=\"Arial\">Ilumina\u00e7\u00e3o: 1 barra de LED no pa\u00ednel externo e 1 interna<\/font><\/span><\/li>\n<li><span style=\"line-height: 1.42857;\"><font face=\"Arial\">P\u00e9s regul\u00e1veis<\/font><\/span><\/li>\n<li><span style=\"line-height: 1.42857;\"><font face=\"Arial\">Porta: Vidro duplo temperado baixo emissivo; fechamento autom\u00e1tico.<\/font><\/span><\/li>\n<li><span style=\"line-height: 1.42857;\"><font face=\"Arial\">Acabamento externo:<\/font><\/span><\/li>\n<\/ul>\n<p><span style=\"line-height: 17.1428px;\"><font face=\"Arial\">&nbsp;&nbsp;&nbsp;&nbsp;&nbsp;&nbsp;&nbsp;&nbsp;&nbsp; &nbsp; * GLDR &#8211; 570\/ AF: Chapa pr\u00e9-pintada na cor branca.<\/font><\/span><\/p>\n<p style=\"line-height: 17.1428px;\">\n<p style=\"line-height: 17.1428px;\"><font face=\"Arial\">&nbsp;&nbsp;&nbsp;&nbsp;&nbsp;&nbsp;&nbsp;&nbsp;&nbsp; &nbsp; * GLDR &#8211; 570PR: Chapa pr\u00e9-pintada na cor preta.<\/font><\/p>\n<p style=\"line-height: 17.1428px;\">\n<ul style=\"line-height: 17.1428px;\">\n<li><font face=\"Arial\">Vidros sujeitos a condensa\u00e7\u00e3o da umidade do ar<\/font><\/li>\n<\/ul>\n<p><span style=\"line-height: 17.1428px; text-decoration: underline;\"><b><font face=\"Arial\">INFORMA\u00c7\u00d5ES T\u00c9CNICAS:<\/font><\/b><\/span><\/p>\n<p style=\"line-height: 17.1428px;\">\n<p style=\"line-height: 17.1428px;\"><span style=\"text-decoration: underline;\"><br \/><\/span><\/p>\n<table class=\"table table-bordered\" style=\"width: 1440px; line-height: 17.1428px; background-color: rgb(255, 255, 255);\">\n<tbody>\n<tr>\n<td><\/td>\n<td>GLDR-570 \/ 570PR<\/td>\n<td>GLDR-570AF<\/td>\n<\/tr>\n<tr>\n<td>Frente (mm)<\/td>\n<td>675<\/td>\n<td>675<\/td>\n<\/tr>\n<tr>\n<td>Profundidade (mm)<\/td>\n<td>827<\/td>\n<td>827<\/td>\n<\/tr>\n<tr>\n<td>Altura (mm)<\/td>\n<td>1972<\/td>\n<td>1972<\/td>\n<\/tr>\n<tr>\n<td>Capacidade Bruta (l)<\/td>\n<td>572<\/td>\n<td>572<\/td>\n<\/tr>\n<tr>\n<td>Peso Bruto (kg)<\/td>\n<td>119<\/td>\n<td>122<\/td>\n<\/tr>\n<tr>\n<td>Tens\u00e3o (V)<\/td>\n<td>127 \/ 220<\/td>\n<td><span style=\"line-height: 17.1428px;\">127 \/ 220<\/span><\/td>\n<\/tr>\n<tr>\n<td>Frequ\u00eancia (Hz)<\/td>\n<td>60 \/ 50 ou 60<\/td>\n<td><span style=\"line-height: 17.1428px;\">60 \/ 50 ou 60<\/span><\/td>\n<\/tr>\n<tr>\n<td>Consumo kWh\/dia<\/td>\n<td>6,06<\/td>\n<td>5,6<\/td>\n<\/tr>\n<tr>\n<td>Classe<\/td>\n<td>4<\/td>\n<td>4<\/td>\n<\/tr>\n<\/tbody>\n<\/table>\n","protected":false},"excerpt":{"rendered":"<p>INFORMA\u00c7\u00d5ES: Refrigera\u00e7\u00e3o e exposi\u00e7\u00e3o de bebidas, frios e latic\u00ednios. Temperatura regul\u00e1vel: +1\u00ba a +7\u00baC, atravez de termostato. Refrigera\u00e7\u00e3o: Ar for\u00e7ado com placa fria ou ar for\u00e7ado com serpentina aletada (GLDR-570 \/ AF). Degelo: Frost Free. Prateleiras aramadas: 3 n\u00edveis regul\u00e1veis e inclin\u00e1veis. Ilumina\u00e7\u00e3o: 1 barra de LED no pa\u00ednel externo e 1 interna P\u00e9s regul\u00e1veis [&hellip;]<\/p>\n","protected":false},"featured_media":10539,"comment_status":"open","ping_status":"closed","template":"","meta":[],"product_brand":[],"product_cat":[419,406],"product_tag":[],"class_list":{"0":"post-10541","1":"product","2":"type-product","3":"status-publish","4":"has-post-thumbnail","6":"product_cat-linha-gelopar","7":"product_cat-refrigerador-vertical","9":"first","10":"instock","11":"shipping-taxable","12":"purchasable","13":"product-type-simple"},"_links":{"self":[{"href":"https:\/\/twsites.com.br\/novomigcenter\/index.php?rest_route=\/wp\/v2\/product\/10541","targetHints":{"allow":["GET"]}}],"collection":[{"href":"https:\/\/twsites.com.br\/novomigcenter\/index.php?rest_route=\/wp\/v2\/product"}],"about":[{"href":"https:\/\/twsites.com.br\/novomigcenter\/index.php?rest_route=\/wp\/v2\/types\/product"}],"replies":[{"embeddable":true,"href":"https:\/\/twsites.com.br\/novomigcenter\/index.php?rest_route=%2Fwp%2Fv2%2Fcomments&post=10541"}],"wp:featuredmedia":[{"embeddable":true,"href":"https:\/\/twsites.com.br\/novomigcenter\/index.php?rest_route=\/wp\/v2\/media\/10539"}],"wp:attachment":[{"href":"https:\/\/twsites.com.br\/novomigcenter\/index.php?rest_route=%2Fwp%2Fv2%2Fmedia&parent=10541"}],"wp:term":[{"taxonomy":"product_brand","embeddable":true,"href":"https:\/\/twsites.com.br\/novomigcenter\/index.php?rest_route=%2Fwp%2Fv2%2Fproduct_brand&post=10541"},{"taxonomy":"product_cat","embeddable":true,"href":"https:\/\/twsites.com.br\/novomigcenter\/index.php?rest_route=%2Fwp%2Fv2%2Fproduct_cat&post=10541"},{"taxonomy":"product_tag","embeddable":true,"href":"https:\/\/twsites.com.br\/novomigcenter\/index.php?rest_route=%2Fwp%2Fv2%2Fproduct_tag&post=10541"}],"curies":[{"name":"wp","href":"https:\/\/api.w.org\/{rel}","templated":true}]}}