{"id":10543,"date":"2016-08-26T17:09:10","date_gmt":"2016-08-26T17:09:10","guid":{"rendered":"https:\/\/twsites.com.br\/novomigcenter\/?product=conservador-vertical-578l-gptf-570"},"modified":"2016-08-26T17:09:10","modified_gmt":"2016-08-26T17:09:10","slug":"conservador-vertical-578l-gptf-570","status":"publish","type":"product","link":"https:\/\/twsites.com.br\/novomigcenter\/?product=conservador-vertical-578l-gptf-570","title":{"rendered":"Conservador Vertical 578l Conveni\u00eancia Turmalina GPTF 570"},"content":{"rendered":"<p style=\"line-height: 17.1428px;\"><span style=\"text-decoration: underline;\"><font face=\"Arial\">INFORMA\u00c7\u00d5ES:<\/font><\/span><\/p>\n<p style=\"line-height: 17.1428px;\">\n<ul style=\"line-height: 17.1428px;\">\n<li style=\"line-height: 17.1428px;\"><span style=\"line-height: 1.42857;\"><font face=\"Arial\">Conserva\u00e7\u00e3o e exposi\u00e7\u00e3o de sorte e produtos congelados.<\/font><\/span><\/li>\n<li><font face=\"Arial\"><span style=\"line-height: 1.42857;\">Temperatura regul\u00e1vel: -16\u00ba a -20\u00baC,&nbsp;<\/span>atrav\u00e9s<span style=\"line-height: 1.42857;\">&nbsp;de controlador&nbsp;<\/span>eletr\u00f4nico<span style=\"line-height: 1.42857;\">&nbsp;digital.<\/span><\/font><\/li>\n<li style=\"line-height: 17.1428px;\"><span style=\"line-height: 1.42857;\"><font face=\"Arial\">Refrigera\u00e7\u00e3o: Ar for\u00e7ado com serpentina aletada.<\/font><\/span><\/li>\n<li><font face=\"Arial\"><span style=\"line-height: 1.42857;\">Degelo:&nbsp;<\/span>Autom\u00e1tico<span style=\"line-height: 1.42857;\">.<\/span><\/font><\/li>\n<li style=\"line-height: 17.1428px;\"><span style=\"line-height: 1.42857;\"><font face=\"Arial\">Prateleiras aramadas: 3 n\u00edveis regul\u00e1veis e inclin\u00e1veis + estrado.<\/font><\/span><\/li>\n<li style=\"line-height: 17.1428px;\"><span style=\"line-height: 1.42857;\"><font face=\"Arial\">Ilumina\u00e7\u00e3o: 1 barra de LED interna, com interruptor.<\/font><\/span><\/li>\n<li style=\"line-height: 17.1428px;\"><span style=\"line-height: 1.42857;\"><font face=\"Arial\">P\u00e9s regul\u00e1veis.<\/font><\/span><\/li>\n<li style=\"line-height: 17.1428px;\"><span style=\"line-height: 1.42857;\"><font face=\"Arial\">Porta: Vidro duplo temperado baixo emissivo, com sistema de aquecimento e fechamento autom\u00e1tico.<\/font><\/span><\/li>\n<li style=\"line-height: 17.1428px;\"><font face=\"Arial\"><span style=\"line-height: 17.1428px;\">Vidros sujeitos a condensa\u00e7\u00e3o da umidade do ar.<\/span><br \/><\/font><\/li>\n<\/ul>\n<p style=\"line-height: 17.1428px;\"><span style=\"line-height: 17.1428px; text-decoration: underline;\"><font face=\"Arial\">INFORMA\u00c7\u00d5ES T\u00c9CNICAS:<\/font><\/span><\/p>\n<table class=\"table table-bordered\" style=\"width: 1440px; line-height: 17.1428px; background-color: rgb(255, 255, 255);\">\n<tbody>\n<tr>\n<td><font face=\"Arial\"><br \/><\/font><\/td>\n<td><span style=\"font-weight: bold;\"><font face=\"Arial\">GPTF &#8211; 570<\/font><\/span><\/td>\n<\/tr>\n<tr>\n<td><span style=\"font-weight: bold;\"><font face=\"Arial\">Frente (mm)<\/font><\/span><\/td>\n<td><font face=\"Arial\">675<\/font><\/td>\n<\/tr>\n<tr>\n<td><span style=\"font-weight: bold;\"><font face=\"Arial\">Profundidade (mm)<\/font><\/span><\/td>\n<td><font face=\"Arial\">827<\/font><\/td>\n<\/tr>\n<tr>\n<td><span style=\"font-weight: bold;\"><font face=\"Arial\">Altura (mm)<\/font><\/span><\/td>\n<td><font face=\"Arial\">1990<\/font><\/td>\n<\/tr>\n<tr>\n<td><span style=\"font-weight: bold;\"><font face=\"Arial\">Capacidade Bruta (l)<\/font><\/span><\/td>\n<td><font face=\"Arial\">578<\/font><\/td>\n<\/tr>\n<tr>\n<td><span style=\"font-weight: bold;\"><font face=\"Arial\">Peso Bruto (kg)<\/font><\/span><\/td>\n<td><font face=\"Arial\">138<\/font><\/td>\n<\/tr>\n<tr>\n<td><span style=\"font-weight: bold;\"><font face=\"Arial\">Tens\u00e3o (V)<\/font><\/span><\/td>\n<td><font face=\"Arial\">220<\/font><\/td>\n<\/tr>\n<tr>\n<td><span style=\"font-weight: bold;\"><font face=\"Arial\">Frequ\u00eancia (Hz)<\/font><\/span><\/td>\n<td><font face=\"Arial\">50 ou 60<\/font><\/td>\n<\/tr>\n<tr>\n<td><span style=\"font-weight: bold;\"><font face=\"Arial\">Consumo kWh\/dia<\/font><\/span><\/td>\n<td><font face=\"Arial\">17,06<\/font><\/td>\n<\/tr>\n<tr>\n<td><span style=\"font-weight: bold;\"><font face=\"Arial\">Classe<\/font><\/span><\/td>\n<td><font face=\"Arial\">4<\/font><\/td>\n<\/tr>\n<\/tbody>\n<\/table>\n","protected":false},"excerpt":{"rendered":"<p>INFORMA\u00c7\u00d5ES: Conserva\u00e7\u00e3o e exposi\u00e7\u00e3o de sorte e produtos congelados. Temperatura regul\u00e1vel: -16\u00ba a -20\u00baC,&nbsp;atrav\u00e9s&nbsp;de controlador&nbsp;eletr\u00f4nico&nbsp;digital. Refrigera\u00e7\u00e3o: Ar for\u00e7ado com serpentina aletada. Degelo:&nbsp;Autom\u00e1tico. Prateleiras aramadas: 3 n\u00edveis regul\u00e1veis e inclin\u00e1veis + estrado. Ilumina\u00e7\u00e3o: 1 barra de LED interna, com interruptor. P\u00e9s regul\u00e1veis. Porta: Vidro duplo temperado baixo emissivo, com sistema de aquecimento e fechamento autom\u00e1tico. Vidros [&hellip;]<\/p>\n","protected":false},"featured_media":10542,"comment_status":"open","ping_status":"closed","template":"","meta":[],"product_brand":[],"product_cat":[326],"product_tag":[],"class_list":{"0":"post-10543","1":"product","2":"type-product","3":"status-publish","4":"has-post-thumbnail","6":"product_cat-freezer-vertical","8":"first","9":"instock","10":"shipping-taxable","11":"purchasable","12":"product-type-simple"},"_links":{"self":[{"href":"https:\/\/twsites.com.br\/novomigcenter\/index.php?rest_route=\/wp\/v2\/product\/10543","targetHints":{"allow":["GET"]}}],"collection":[{"href":"https:\/\/twsites.com.br\/novomigcenter\/index.php?rest_route=\/wp\/v2\/product"}],"about":[{"href":"https:\/\/twsites.com.br\/novomigcenter\/index.php?rest_route=\/wp\/v2\/types\/product"}],"replies":[{"embeddable":true,"href":"https:\/\/twsites.com.br\/novomigcenter\/index.php?rest_route=%2Fwp%2Fv2%2Fcomments&post=10543"}],"wp:featuredmedia":[{"embeddable":true,"href":"https:\/\/twsites.com.br\/novomigcenter\/index.php?rest_route=\/wp\/v2\/media\/10542"}],"wp:attachment":[{"href":"https:\/\/twsites.com.br\/novomigcenter\/index.php?rest_route=%2Fwp%2Fv2%2Fmedia&parent=10543"}],"wp:term":[{"taxonomy":"product_brand","embeddable":true,"href":"https:\/\/twsites.com.br\/novomigcenter\/index.php?rest_route=%2Fwp%2Fv2%2Fproduct_brand&post=10543"},{"taxonomy":"product_cat","embeddable":true,"href":"https:\/\/twsites.com.br\/novomigcenter\/index.php?rest_route=%2Fwp%2Fv2%2Fproduct_cat&post=10543"},{"taxonomy":"product_tag","embeddable":true,"href":"https:\/\/twsites.com.br\/novomigcenter\/index.php?rest_route=%2Fwp%2Fv2%2Fproduct_tag&post=10543"}],"curies":[{"name":"wp","href":"https:\/\/api.w.org\/{rel}","templated":true}]}}