{"id":10545,"date":"2016-08-30T16:05:55","date_gmt":"2016-08-30T16:05:55","guid":{"rendered":"https:\/\/twsites.com.br\/novomigcenter\/?product=conservador-refrigerador-vertical-2-portas-cegas-dupla-acao-gtpd"},"modified":"2016-08-30T16:05:55","modified_gmt":"2016-08-30T16:05:55","slug":"conservador-refrigerador-vertical-2-portas-cegas-dupla-acao-gtpd","status":"publish","type":"product","link":"https:\/\/twsites.com.br\/novomigcenter\/?product=conservador-refrigerador-vertical-2-portas-cegas-dupla-acao-gtpd","title":{"rendered":"Conservador \/ Refrigerador Vertical &#8211; 2 Portas Cegas Dupla A\u00e7\u00e3o GTPD"},"content":{"rendered":"<p style=\"line-height: 17.1428px;\"><span style=\"text-decoration: underline; font-size: 14px;\"><font face=\"Arial\"><b>INFORMA\u00c7\u00d5ES:<\/b><\/font><\/span><\/p>\n<p style=\"line-height: 17.1428px;\">\n<ul style=\"line-height: 17.1428px;\">\n<li><font face=\"Arial\"><span style=\"line-height: 1.42857; font-size: 14px;\">Conserva\u00e7\u00e3o de gelo e produtos congelados ou Refrigera\u00e7\u00e3o de produtos resfriados.<\/span><br \/><\/font><\/li>\n<li><font face=\"Arial\"><span style=\"line-height: 1.42857; font-size: 14px;\">Temperatura: Congelados -10\u00ba a -15\u00baC \/ Resfriados +1\u00ba a 7 \u00baC.<\/span><br \/><\/font><\/li>\n<li><font face=\"Arial\"><span style=\"line-height: 1.42857; font-size: 14px;\">Refrigera\u00e7\u00e3o: Est\u00e1tica com serpentina<\/span><span style=\"line-height: 1.42857; font-size: 14px;\">.<\/span><\/font><\/li>\n<li><span style=\"line-height: 1.42857; font-size: 14px;\"><font face=\"Arial\">Degelo: Manual.<\/font><\/span><\/li>\n<li><font face=\"Arial\"><span style=\"line-height: 1.42857; font-size: 14px;\">Controle de temperatura: Termostato dupla a\u00e7\u00e3o.<\/span><br \/><\/font><\/li>\n<li><span style=\"line-height: 1.42857; font-size: 14px;\"><font face=\"Arial\">Prateleiras aramadas: 4 n\u00edveis regul\u00e1veis e inclin\u00e1veis.<\/font><\/span><\/li>\n<li><font face=\"Arial\"><span style=\"line-height: 1.42857; font-size: 14px;\">Portas cegas :&nbsp;<\/span><span style=\"line-height: 17.1428px; font-size: 14px;\">Fechamento autom\u00e1tico.<\/span><\/font><\/li>\n<li><font face=\"Arial\"><span style=\"line-height: 1.42857; font-size: 14px;\">P\u00e9s regul\u00e1veis.<\/span><br \/><\/font><\/li>\n<li><font face=\"Arial\"><span style=\"line-height: 1.42857; font-size: 14px;\">Obs: Na temperatura de resfriados ocorre a forma\u00e7\u00e3o de&nbsp;<\/span><span style=\"line-height: 1.42857; font-size: 14px;\">got\u00edculas<\/span><span style=\"line-height: 1.42857; font-size: 14px;\">&nbsp;de&nbsp;<\/span><span style=\"line-height: 1.42857; font-size: 14px;\">\u00e1gua<\/span><span style=\"line-height: 1.42857; font-size: 14px;\">&nbsp;no interior do produto.<\/span><br \/><\/font><\/li>\n<\/ul>\n<p style=\"line-height: 17.1428px;\">\n<p style=\"line-height: 17.1428px;\"><font face=\"Arial\"><br \/><\/font><\/p>\n<p style=\"line-height: 17.1428px;\"><span style=\"text-decoration: underline; font-size: 14px;\"><font face=\"Arial\"><b>INFORMA\u00c7\u00d5ES T\u00c9CNICAS:<\/b><\/font><\/span><\/p>\n<p style=\"line-height: 17.1428px;\"><span style=\"text-decoration: underline;\"><font face=\"Arial\"><br \/><\/font><\/span><\/p>\n<table class=\"table table-bordered\" style=\"width: 1440px; line-height: 17.1428px; background-color: rgb(255, 255, 255);\">\n<tbody>\n<tr>\n<td><font face=\"Arial\"><br \/><\/font><\/td>\n<td><font face=\"Arial\">GRPC-575 \/ GTPC-575A<\/font><\/td>\n<\/tr>\n<tr>\n<td><font face=\"Arial\">Frente (mm)<\/font><\/td>\n<td><font face=\"Arial\">675<\/font><\/td>\n<\/tr>\n<tr>\n<td><font face=\"Arial\">Profundidade (mm)<\/font><\/td>\n<td><font face=\"Arial\">834<\/font><\/td>\n<\/tr>\n<tr>\n<td><font face=\"Arial\">Altura (mm)<\/font><\/td>\n<td><font face=\"Arial\">2007<\/font><\/td>\n<\/tr>\n<tr>\n<td><font face=\"Arial\">Capacidade Bruta (l)<\/font><\/td>\n<td><font face=\"Arial\">573<\/font><\/td>\n<\/tr>\n<tr>\n<td><font face=\"Arial\">Peso Bruto (kg)<\/font><\/td>\n<td><font face=\"Arial\">113<\/font><\/td>\n<\/tr>\n<tr>\n<td><font face=\"Arial\">Tens\u00e3o (V)<\/font><\/td>\n<td><font face=\"Arial\">127 \/ 220<\/font><\/td>\n<\/tr>\n<tr>\n<td><font face=\"Arial\">Freq\u00fc\u00eancia (Hz)<\/font><\/td>\n<td><font face=\"Arial\">60 \/ 50 ou 60<\/font><\/td>\n<\/tr>\n<tr>\n<td><font face=\"Arial\">Consumo kWh\/dia<\/font><\/td>\n<td><font face=\"Arial\">2,17<\/font><\/td>\n<\/tr>\n<tr>\n<td><font face=\"Arial\">Classe<\/font><\/td>\n<td><font face=\"Arial\">4<\/font><\/td>\n<\/tr>\n<\/tbody>\n<\/table>\n","protected":false},"excerpt":{"rendered":"<p>INFORMA\u00c7\u00d5ES: Conserva\u00e7\u00e3o de gelo e produtos congelados ou Refrigera\u00e7\u00e3o de produtos resfriados. Temperatura: Congelados -10\u00ba a -15\u00baC \/ Resfriados +1\u00ba a 7 \u00baC. Refrigera\u00e7\u00e3o: Est\u00e1tica com serpentina. Degelo: Manual. Controle de temperatura: Termostato dupla a\u00e7\u00e3o. Prateleiras aramadas: 4 n\u00edveis regul\u00e1veis e inclin\u00e1veis. Portas cegas :&nbsp;Fechamento autom\u00e1tico. P\u00e9s regul\u00e1veis. Obs: Na temperatura de resfriados ocorre a [&hellip;]<\/p>\n","protected":false},"featured_media":10544,"comment_status":"open","ping_status":"closed","template":"","meta":[],"product_brand":[],"product_cat":[326,419],"product_tag":[],"class_list":{"0":"post-10545","1":"product","2":"type-product","3":"status-publish","4":"has-post-thumbnail","6":"product_cat-freezer-vertical","7":"product_cat-linha-gelopar","9":"first","10":"instock","11":"shipping-taxable","12":"purchasable","13":"product-type-simple"},"_links":{"self":[{"href":"https:\/\/twsites.com.br\/novomigcenter\/index.php?rest_route=\/wp\/v2\/product\/10545","targetHints":{"allow":["GET"]}}],"collection":[{"href":"https:\/\/twsites.com.br\/novomigcenter\/index.php?rest_route=\/wp\/v2\/product"}],"about":[{"href":"https:\/\/twsites.com.br\/novomigcenter\/index.php?rest_route=\/wp\/v2\/types\/product"}],"replies":[{"embeddable":true,"href":"https:\/\/twsites.com.br\/novomigcenter\/index.php?rest_route=%2Fwp%2Fv2%2Fcomments&post=10545"}],"wp:featuredmedia":[{"embeddable":true,"href":"https:\/\/twsites.com.br\/novomigcenter\/index.php?rest_route=\/wp\/v2\/media\/10544"}],"wp:attachment":[{"href":"https:\/\/twsites.com.br\/novomigcenter\/index.php?rest_route=%2Fwp%2Fv2%2Fmedia&parent=10545"}],"wp:term":[{"taxonomy":"product_brand","embeddable":true,"href":"https:\/\/twsites.com.br\/novomigcenter\/index.php?rest_route=%2Fwp%2Fv2%2Fproduct_brand&post=10545"},{"taxonomy":"product_cat","embeddable":true,"href":"https:\/\/twsites.com.br\/novomigcenter\/index.php?rest_route=%2Fwp%2Fv2%2Fproduct_cat&post=10545"},{"taxonomy":"product_tag","embeddable":true,"href":"https:\/\/twsites.com.br\/novomigcenter\/index.php?rest_route=%2Fwp%2Fv2%2Fproduct_tag&post=10545"}],"curies":[{"name":"wp","href":"https:\/\/api.w.org\/{rel}","templated":true}]}}