{"id":10552,"date":"2016-09-09T11:11:34","date_gmt":"2016-09-09T11:11:34","guid":{"rendered":"https:\/\/twsites.com.br\/novomigcenter\/?product=liquidificador-inox-copo-inox-alta-rotacao-20-litros"},"modified":"2016-09-09T11:11:34","modified_gmt":"2016-09-09T11:11:34","slug":"liquidificador-inox-copo-inox-alta-rotacao-20-litros","status":"publish","type":"product","link":"https:\/\/twsites.com.br\/novomigcenter\/?product=liquidificador-inox-copo-inox-alta-rotacao-20-litros","title":{"rendered":"Liquidificador inox copo inox, alta rota\u00e7\u00e3o, 2,0 litros"},"content":{"rendered":"<p style=\"line-height: 17.1428px;\"><span style=\"color: rgb(0, 0, 0); font-family: Arial; line-height: normal;\">Produto em conformidade com o Inmetro.<\/span><br style=\"list-style-type: none; font-family: Arial; color: rgb(0, 0, 0); line-height: normal;\"><br style=\"list-style-type: none; font-family: Arial; color: rgb(0, 0, 0); line-height: normal;\"><span style=\"color: rgb(0, 0, 0); font-family: Arial; line-height: normal;\">Pr\u00f3prios para o preparo de cremes, batidas, vitaminas e sucos a base de frutas naturais ou polpas congeladas.<\/span><br style=\"list-style-type: none; font-family: Arial; color: rgb(0, 0, 0); line-height: normal;\"><br style=\"list-style-type: none; font-family: Arial; color: rgb(0, 0, 0); line-height: normal;\"><span style=\"color: rgb(0, 0, 0); font-family: Arial; line-height: normal;\">Liquidificador de alta rota\u00e7\u00e3o com motor de 900 W e 22.000 RPM.<\/span><br style=\"list-style-type: none; font-family: Arial; color: rgb(0, 0, 0); line-height: normal;\"><br style=\"list-style-type: none; font-family: Arial; color: rgb(0, 0, 0); line-height: normal;\"><span style=\"color: rgb(0, 0, 0); font-family: Arial; line-height: normal;\">Copo em a\u00e7o inox com capacidade nominal de 2 litros.<\/span><br style=\"list-style-type: none; font-family: Arial; color: rgb(0, 0, 0); line-height: normal;\"><br style=\"list-style-type: none; font-family: Arial; color: rgb(0, 0, 0); line-height: normal;\"><span style=\"color: rgb(0, 0, 0); font-family: Arial; line-height: normal;\">Gabinete em a\u00e7o inox escovado.<\/span><br style=\"list-style-type: none; font-family: Arial; color: rgb(0, 0, 0); line-height: normal;\"><br style=\"list-style-type: none; font-family: Arial; color: rgb(0, 0, 0); line-height: normal;\"><span style=\"color: rgb(0, 0, 0); font-family: Arial; line-height: normal;\">Conjunto mancal\/h\u00e9lice em a\u00e7o inox liga especial.<\/span><br style=\"list-style-type: none; font-family: Arial; color: rgb(0, 0, 0); line-height: normal;\"><br style=\"list-style-type: none; font-family: Arial; color: rgb(0, 0, 0); line-height: normal;\"><span style=\"color: rgb(0, 0, 0); font-family: Arial; line-height: normal;\">Com chave liga\/desliga mais fun\u00e7\u00e3o pulsar.<\/span><br style=\"list-style-type: none; font-family: Arial; color: rgb(0, 0, 0); line-height: normal;\"><br style=\"list-style-type: none; font-family: Arial; color: rgb(0, 0, 0); line-height: normal;\"><span style=\"color: rgb(0, 0, 0); font-family: Arial; line-height: normal;\">Acoplamento com sistema de auto compensa\u00e7\u00e3o, facilitando o encaixe.<\/span><\/p>\n<p style=\"line-height: 17.1428px;\"><font face=\"Arial\"><b><br \/><\/b><\/font><\/p>\n<p style=\"line-height: 17.1428px;\"><font face=\"Arial\"><b>CARACTER\u00cdSTICAS DO PRODUTO<\/b><\/font><\/p>\n<p style=\"line-height: 17.1428px;\"><font face=\"Arial\" style=\"font-weight: bold;\"><br \/><\/font><span style=\"font-family: Arial;\"><b>Modelo: <\/b>TA2&nbsp; <b>&nbsp; &nbsp; &nbsp; &nbsp; &nbsp; &nbsp; &nbsp; &nbsp; &nbsp; &nbsp; &nbsp; &nbsp; &nbsp; &nbsp; &nbsp; &nbsp; &nbsp; &nbsp;&nbsp;<\/b><\/span><span style=\"font-weight: bold; font-family: Arial;\">Pot\u00eancia do Motor: <\/span><span style=\"font-family: Arial;\">1000W<\/span><\/p>\n<p style=\"line-height: 17.1428px;\"><font face=\"Arial\" style=\"\"><b>Frequ\u00eancia:<\/b> 50-60Hz&nbsp;<b> &nbsp; &nbsp; &nbsp; &nbsp; &nbsp; &nbsp; &nbsp; &nbsp; &nbsp; &nbsp; &nbsp;&nbsp;<\/b><\/font><span style=\"font-weight: bold; font-family: Arial;\">Tens\u00e3o: <\/span><span style=\"font-family: Arial;\">220V<\/span><\/p>\n<p style=\"line-height: 17.1428px;\"><font face=\"Arial\" style=\"\"><b>Altura: <\/b>450.00 mm&nbsp; &nbsp; &nbsp; &nbsp; &nbsp; &nbsp; &nbsp; &nbsp; &nbsp; &nbsp; &nbsp; &nbsp;<b> &nbsp; &nbsp; &nbsp;<\/b><\/font><span style=\"font-family: Arial;\"><b>Largura: <\/b>215.00 mm<\/span><\/p>\n<p style=\"line-height: 17.1428px;\"><font face=\"Arial\" style=\"\"><b>Profundidade: <\/b>205.00 mm&nbsp; <b>&nbsp; &nbsp; &nbsp; &nbsp; &nbsp; &nbsp; &nbsp;&nbsp;<\/b><\/font><span style=\"font-weight: bold; font-family: Arial;\">Peso L\u00edquido: <\/span><span style=\"font-family: Arial;\">2.50 kg<\/span><\/p>\n<p style=\"line-height: 17.1428px;\"><font face=\"Arial\" style=\"\"><b>Peso Bruto:<\/b> 2.84 kg<\/font><span style=\"font-family: Arial;\">C.&nbsp; &nbsp; <b>&nbsp; &nbsp; &nbsp; &nbsp; &nbsp; &nbsp; &nbsp; &nbsp; &nbsp; &nbsp;Fiscal: <\/b>85094010<\/span><\/p>\n<p style=\"line-height: 17.1428px;\"><font face=\"Arial\" style=\"\"><b>Capacidade do Copo: <\/b>2 l&nbsp; <b>&nbsp; &nbsp; &nbsp; &nbsp; &nbsp; &nbsp; &nbsp; &nbsp; <\/b><\/font><span style=\"font-weight: bold; font-family: Arial;\">Rotacao: <\/span><span style=\"font-family: Arial;\">22000 rpm<\/span><\/p>\n<p style=\"line-height: 17.1428px;\"><font face=\"Arial\"><b><br \/><\/b><\/font><\/p>\n<p style=\"line-height: 17.1428px;\"><font face=\"Arial\"><b>CARACTER\u00cdSTICAS DA EMBALAGEM<\/b><\/font><\/p>\n<p style=\"line-height: 17.1428px;\"><font face=\"Arial\" style=\"\"><b>Altura: <\/b>490.00 mm&nbsp; &nbsp; <b>&nbsp; &nbsp; &nbsp; &nbsp; &nbsp; &nbsp; &nbsp; &nbsp; &nbsp; &nbsp; &nbsp; &nbsp;&nbsp;<\/b><\/font><span style=\"font-weight: bold; font-family: Arial;\">Largura: <\/span><span style=\"font-family: Arial;\">195.00 mm<\/span><\/p>\n<p style=\"line-height: 17.1428px;\"><font face=\"Arial\" style=\"\"><b>Profundidade: <\/b>195.00 mm&nbsp; &nbsp; &nbsp;<b> &nbsp; &nbsp; &nbsp; &nbsp; &nbsp;<\/b><\/font><span style=\"font-weight: bold; font-family: Arial;\">Peso Bruto: <\/span><span style=\"font-family: Arial;\">2.84 kg<\/span><\/p>\n<p style=\"line-height: 17.1428px;\"><font face=\"Arial\"><b>C\u00f3digo EAN13: 7895707474987<\/b><\/font><\/p>\n<p style=\"line-height: 17.1428px;\"><span style=\"color: rgb(0, 0, 0); font-family: Arial; line-height: normal;\"><\/span><\/p>\n","protected":false},"excerpt":{"rendered":"<p>Produto em conformidade com o Inmetro.Pr\u00f3prios para o preparo de cremes, batidas, vitaminas e sucos a base de frutas naturais ou polpas congeladas.Liquidificador de alta rota\u00e7\u00e3o com motor de 900 W e 22.000 RPM.Copo em a\u00e7o inox com capacidade nominal de 2 litros.Gabinete em a\u00e7o inox escovado.Conjunto mancal\/h\u00e9lice em a\u00e7o inox liga especial.Com chave liga\/desliga [&hellip;]<\/p>\n","protected":false},"featured_media":10551,"comment_status":"open","ping_status":"closed","template":"","meta":[],"product_brand":[],"product_cat":[313],"product_tag":[],"class_list":{"0":"post-10552","1":"product","2":"type-product","3":"status-publish","4":"has-post-thumbnail","6":"product_cat-liquidificador","8":"first","9":"instock","10":"shipping-taxable","11":"purchasable","12":"product-type-simple"},"_links":{"self":[{"href":"https:\/\/twsites.com.br\/novomigcenter\/index.php?rest_route=\/wp\/v2\/product\/10552","targetHints":{"allow":["GET"]}}],"collection":[{"href":"https:\/\/twsites.com.br\/novomigcenter\/index.php?rest_route=\/wp\/v2\/product"}],"about":[{"href":"https:\/\/twsites.com.br\/novomigcenter\/index.php?rest_route=\/wp\/v2\/types\/product"}],"replies":[{"embeddable":true,"href":"https:\/\/twsites.com.br\/novomigcenter\/index.php?rest_route=%2Fwp%2Fv2%2Fcomments&post=10552"}],"wp:featuredmedia":[{"embeddable":true,"href":"https:\/\/twsites.com.br\/novomigcenter\/index.php?rest_route=\/wp\/v2\/media\/10551"}],"wp:attachment":[{"href":"https:\/\/twsites.com.br\/novomigcenter\/index.php?rest_route=%2Fwp%2Fv2%2Fmedia&parent=10552"}],"wp:term":[{"taxonomy":"product_brand","embeddable":true,"href":"https:\/\/twsites.com.br\/novomigcenter\/index.php?rest_route=%2Fwp%2Fv2%2Fproduct_brand&post=10552"},{"taxonomy":"product_cat","embeddable":true,"href":"https:\/\/twsites.com.br\/novomigcenter\/index.php?rest_route=%2Fwp%2Fv2%2Fproduct_cat&post=10552"},{"taxonomy":"product_tag","embeddable":true,"href":"https:\/\/twsites.com.br\/novomigcenter\/index.php?rest_route=%2Fwp%2Fv2%2Fproduct_tag&post=10552"}],"curies":[{"name":"wp","href":"https:\/\/api.w.org\/{rel}","templated":true}]}}