{"id":10558,"date":"2016-09-09T14:52:12","date_gmt":"2016-09-09T14:52:12","guid":{"rendered":"https:\/\/twsites.com.br\/novomigcenter\/?product=liquidificador-comercial-inox-copo-monobloco-inox-10l-ls-10mb-n"},"modified":"2016-09-09T14:52:12","modified_gmt":"2016-09-09T14:52:12","slug":"liquidificador-comercial-inox-copo-monobloco-inox-10l-ls-10mb-n","status":"publish","type":"product","link":"https:\/\/twsites.com.br\/novomigcenter\/?product=liquidificador-comercial-inox-copo-monobloco-inox-10l-ls-10mb-n","title":{"rendered":"Liquidificador comercial inox, copo monobloco inox 10L"},"content":{"rendered":"<p style=\"border: 0px; margin: 0px; padding: 0px; outline: none !important;\">\n<div style=\"text-align: justify;\"><span style=\"font-size: 14px; font-family: Arial;\"><b>LS-10MB-N<\/b><\/span><\/div>\n<p><font face=\"Arial\"><\/p>\n<div style=\"text-align: justify;\"><span style=\"font-size: 14px;\"><br \/><\/span><\/div>\n<div style=\"text-align: justify;\"><span style=\"font-size: 14px;\"><b>LIQUIDIFICADOR COMERCIAL INOX, COPO MONOBLOCO INOX<\/b><\/span><\/div>\n<p><span style=\"font-size: 14px;\"><\/p>\n<div style=\"text-align: justify;\"><\/div>\n<div style=\"text-align: justify;\">Liquidificador Comercial 10 Litros<\/div>\n<p><\/span><span style=\"font-size: 14px;\"><\/p>\n<div style=\"text-align: justify;\"><\/div>\n<div style=\"text-align: justify;\">O copo monobloco deste&nbsp;<a href=\"http:\/\/www.skymsen.com.br\/produtos-categoria.php?familia=40\" xss=\"removed\" style=\"background-color: rgb(255, 255, 255); font-size: 13px; color: rgb(0, 0, 0); border: 0px; vertical-align: baseline; margin: 0px; padding: 0px; outline: none !important;\"><span style=\"font-size: 14px;\">liquidificador c<\/span><\/a>omercial \u00e9 fabricado em a\u00e7o inox, o que proporciona alto rendimento de processamento, al\u00e9m de n\u00e3o permitir o ac\u00famulo de res\u00edduos de alimentos por conta da aus\u00eancia de soldas e de frestas.&nbsp;<\/div>\n<p><\/span><span xss=\"removed\" style=\"border: 0px; margin: 0px; padding: 0px; outline: none !important;\"><\/p>\n<div style=\"text-align: justify;\"><span xss=\"removed\" style=\"border: 0px; margin: 0px; padding: 0px; outline: none !important;\"><span style=\"font-size: 14px;\">Se quiser melhorar ainda mais os processos do seu estabelecimento, conhe\u00e7a nossa<\/span><span style=\"font-size: 14px;\">&nbsp;<\/span><\/span><a href=\"http:\/\/www.skymsen.com.br\/produtos-categoria.php?familia=78\" xss=\"removed\" style=\"background-color: rgb(255, 255, 255); color: rgb(0, 0, 0); border: 0px; vertical-align: baseline; margin: 0px; padding: 0px; outline: none !important;\"><span style=\"font-size: 14px;\">linha completa de liquidificadores profissionais<\/span><\/a><span xss=\"removed\" style=\"border: 0px; margin: 0px; padding: 0px; outline: none !important;\"><span style=\"font-size: 14px;\">, com modelos de<\/span><span style=\"font-size: 14px;\">&nbsp;<\/span><\/span><a href=\"http:\/\/www.skymsen.com.br\/produtos-categoria.php?familia=41\" xss=\"removed\" style=\"background-color: rgb(255, 255, 255); color: rgb(0, 0, 0); border: 0px; vertical-align: baseline; margin: 0px; padding: 0px; outline: none !important;\"><span style=\"font-size: 14px;\">Liquidificadores 2&nbsp;litros<\/span><\/a><span xss=\"removed\" style=\"border: 0px; margin: 0px; padding: 0px; outline: none !important;\"><span style=\"font-size: 14px;\">,<\/span><span style=\"font-size: 14px;\">&nbsp;<\/span><\/span><a href=\"http:\/\/www.skymsen.com.br\/produtos-categoria.php?familia=42\" xss=\"removed\" style=\"background-color: rgb(255, 255, 255); color: rgb(0, 0, 0); border: 0px; vertical-align: baseline; margin: 0px; padding: 0px; outline: none !important;\"><span style=\"font-size: 14px;\">Liquidificadores de&nbsp;4 litros<\/span><\/a><span xss=\"removed\" style=\"border: 0px; margin: 0px; padding: 0px; outline: none !important;\"><span style=\"font-size: 14px;\">,<\/span><span style=\"font-size: 14px;\">&nbsp;<\/span><\/span><a href=\"http:\/\/www.skymsen.com.br\/produtos-detalhe.php?id=479810&amp;familia=43\" xss=\"removed\" style=\"background-color: rgb(255, 255, 255); color: rgb(0, 0, 0); border: 0px; vertical-align: baseline; margin: 0px; padding: 0px; outline: none !important;\"><span style=\"font-size: 14px;\">liquidificadores de&nbsp;6 litros<\/span><\/a><span xss=\"removed\" style=\"border: 0px; margin: 0px; padding: 0px; outline: none !important;\"><span style=\"font-size: 14px;\">&nbsp;<\/span><span style=\"font-size: 14px;\">e o<\/span><span style=\"font-size: 14px;\">&nbsp;<\/span><\/span><a href=\"http:\/\/www.skymsen.com.br\/produtos-detalhe.php?id=479845&amp;familia=43\" xss=\"removed\" style=\"background-color: rgb(255, 255, 255); color: rgb(0, 0, 0); border: 0px; vertical-align: baseline; margin: 0px; padding: 0px; outline: none !important;\"><span style=\"font-size: 14px;\">liquidificador comercial de 8 litros.<\/span><\/a><\/div>\n<p><\/span><span style=\"font-size: 14px;\"><\/p>\n<div style=\"text-align: justify;\"><\/div>\n<p><\/span><\/font><\/p>\n<div class=\"text\" style=\"border: 0px; margin: 0px 0px 30px; padding: 0px; outline: none !important;\">\n<p style=\"text-align: justify; color: rgb(69, 69, 69); font-size: 18px; margin-bottom: 0px; border: 0px; vertical-align: baseline; padding: 0px 0px 15px; outline: none !important;\"><span xss=\"removed\" style=\"border: 0px; margin: 0px; padding: 0px; outline: none !important; font-size: 14px;\"><font face=\"Arial\">Robusto e resistente, com gabinete em a\u00e7o inox escovado, encaixe sextavado do eixo e veda\u00e7\u00e3o perfeita da tampa, o Liquidificador Comercial LS-10MB-N \u00e9 essencial para o preparo de grandes quantidades de sopas, sucos e cremes em bares, restaurantes e outros estabelecimentos comerciais.<\/font><\/span><\/p>\n<p style=\"text-align: justify; margin-bottom: 0px; border: 0px; vertical-align: baseline; padding: 0px 0px 15px; outline: none !important;\"><font color=\"#454545\" face=\"Arial\"><span style=\"font-size: 14px;\"><b>CARACTER\u00cdSTICAS DO PRODUTO<\/b><\/span><\/font><\/p>\n<p style=\"text-align: justify; margin-bottom: 0px; border: 0px; vertical-align: baseline; padding: 0px 0px 15px; outline: none !important;\"><font color=\"#454545\" face=\"Arial\"><span style=\"font-size: 14px;\"><b>Modelo: LS-10MB-N&nbsp; &nbsp; &nbsp; &nbsp; &nbsp; &nbsp; &nbsp; &nbsp; &nbsp; &nbsp; &nbsp; &nbsp;&nbsp;<\/b><\/span><\/font><span style=\"font-size: 14px; color: rgb(69, 69, 69); font-family: Arial;\"><b>Pot\u00eancia do Motor:<\/b> 0,5CV<\/span><\/p>\n<p style=\"text-align: justify; margin-bottom: 0px; border: 0px; vertical-align: baseline; padding: 0px 0px 15px; outline: none !important;\"><span style=\"font-size: 14px; color: rgb(69, 69, 69); font-family: Arial;\"><b>Frequ\u00eancia: <\/b>60Hz&nbsp; &nbsp; &nbsp; &nbsp; &nbsp; &nbsp; &nbsp; &nbsp; &nbsp; &nbsp; &nbsp; &nbsp; &nbsp; &nbsp;<b> &nbsp;<\/b><\/span><span style=\"color: rgb(69, 69, 69); font-family: Arial; font-size: 14px;\"><b>Tens\u00e3o: <\/b>127V<\/span><\/p>\n<p style=\"text-align: justify; margin-bottom: 0px; border: 0px; vertical-align: baseline; padding: 0px 0px 15px; outline: none !important;\"><font color=\"#454545\" face=\"Arial\"><span style=\"font-size: 14px;\"><b>Altura: <\/b>780.00 mm&nbsp; &nbsp; &nbsp; &nbsp; &nbsp; &nbsp; &nbsp; &nbsp; &nbsp; <b>&nbsp; &nbsp; &nbsp; &nbsp; &nbsp; &nbsp;<\/b><\/span><\/font><span style=\"color: rgb(69, 69, 69); font-family: Arial; font-size: 14px;\"><b>Largura: <\/b>340.00 mm<\/span><\/p>\n<p style=\"text-align: justify; margin-bottom: 0px; border: 0px; vertical-align: baseline; padding: 0px 0px 15px; outline: none !important;\"><span style=\"font-size: 14px; color: rgb(69, 69, 69); font-family: Arial;\"><b>Profundidade:<\/b> 330.00 mm&nbsp; &nbsp; &nbsp; &nbsp; &nbsp; &nbsp; &nbsp; &nbsp; <\/span><span style=\"color: rgb(69, 69, 69); font-family: Arial; font-size: 14px;\"><b>Peso L\u00edquido: <\/b>10.80 kg<\/span><\/p>\n<p style=\"text-align: justify; margin-bottom: 0px; border: 0px; vertical-align: baseline; padding: 0px 0px 15px; outline: none !important;\"><font color=\"#454545\" face=\"Arial\"><span style=\"font-size: 14px;\"><b>Peso Bruto:<\/b> 12.00 kg&nbsp; &nbsp; &nbsp; &nbsp; &nbsp; &nbsp; &nbsp; &nbsp; &nbsp; &nbsp; &nbsp; &nbsp; <\/span><\/font><span style=\"color: rgb(69, 69, 69); font-family: Arial; font-size: 14px;\"><b>C. Fiscal:<\/b> 84386000<\/span><\/p>\n<p style=\"text-align: justify; margin-bottom: 0px; border: 0px; vertical-align: baseline; padding: 0px 0px 15px; outline: none !important;\"><font color=\"#454545\" face=\"Arial\"><span style=\"font-size: 14px;\"><b>Rota\u00e7\u00e3o<\/b><\/span><\/font><span style=\"font-size: 14px; color: rgb(69, 69, 69); font-family: Arial;\"><b>:<\/b> 3500 rpm&nbsp; &nbsp; &nbsp; &nbsp; &nbsp; &nbsp; &nbsp; &nbsp; &nbsp; &nbsp; &nbsp; &nbsp; &nbsp; <b>&nbsp;<\/b><\/span><span style=\"color: rgb(69, 69, 69); font-family: Arial; font-size: 14px;\"><b>Capacidade do Copo:<\/b> 10 l<\/span><\/p>\n<p style=\"text-align: justify; margin-bottom: 0px; border: 0px; vertical-align: baseline; padding: 0px 0px 15px; outline: none !important;\"><span style=\"color: rgb(69, 69, 69); font-family: Arial; font-size: 14px;\"><b>Altura:<\/b> 550.00 mm&nbsp; &nbsp; &nbsp; &nbsp; &nbsp; &nbsp; &nbsp; &nbsp; &nbsp; &nbsp; &nbsp; &nbsp; &nbsp; <b>&nbsp; <\/b><\/span><span style=\"color: rgb(69, 69, 69); font-family: Arial; font-size: 14px;\"><b>Largura: <\/b>545.00 mm<\/span><\/p>\n<p style=\"text-align: justify; margin-bottom: 0px; border: 0px; vertical-align: baseline; padding: 0px 0px 15px; outline: none !important;\"><span style=\"font-size: 14px; color: rgb(69, 69, 69); font-family: Arial;\"><b>Profundidade:<\/b> 345.00 mm&nbsp; &nbsp; &nbsp; &nbsp; &nbsp; &nbsp; &nbsp; &nbsp;<\/span><span style=\"color: rgb(69, 69, 69); font-family: Arial; font-size: 14px;\"><b>Peso Bruto: <\/b>12.00 kg<\/span><\/p>\n<p style=\"text-align: justify; margin-bottom: 0px; border: 0px; vertical-align: baseline; padding: 0px 0px 15px; outline: none !important;\"><span style=\"font-size: 14px; color: rgb(69, 69, 69); font-family: Arial;\">C\u00f3digo EAN13: 7895707479852<\/span><\/p>\n<p style=\"text-align: justify; margin-bottom: 0px; border: 0px; vertical-align: baseline; padding: 0px 0px 15px; outline: none !important;\"><font color=\"#454545\" face=\"Arial\"><span style=\"font-size: 14px;\"><b>C\u00d3DIGO<span style=\"white-space:pre\">\t<\/span>DESCRI\u00c7\u00c3O DO PRODUTO \/ ACESS\u00d3RIO&nbsp; MODELO<span style=\"white-space:pre\">\t<\/span>POT\u00caNCIA<span style=\"white-space:pre\">\t<\/span>FREQU\u00caNCIA<span style=\"white-space:pre\">\t<\/span>VOLTAGEM<span style=\"white-space:pre\">\t\t<\/span><\/b><\/span><\/font><\/p>\n<p style=\"text-align: justify; margin-bottom: 0px; border: 0px; vertical-align: baseline; padding: 0px 0px 15px; outline: none !important;\"><font color=\"#454545\" face=\"Arial\"><span style=\"font-size: 14px;\">47985.3<span style=\"white-space:pre\">\t<\/span>LS-10MB-N-LIQUIDIFICADOR COMERCIAL&nbsp; &nbsp; &nbsp; &nbsp; INOX&nbsp; &nbsp; &nbsp; &nbsp; &nbsp; &nbsp; 27V-M&nbsp; &nbsp; &nbsp;&nbsp;<\/span><\/font><span style=\"font-size: 14px; color: rgb(69, 69, 69); font-family: Arial;\">LS-10MB-N<\/span><span style=\"font-size: 14px; color: rgb(69, 69, 69); font-family: Arial; white-space: pre;\">\t<\/span>&nbsp; &nbsp;&nbsp;<span style=\"font-size: 14px; color: rgb(69, 69, 69); font-family: Arial;\">0,5CV<\/span><span style=\"font-size: 14px; color: rgb(69, 69, 69); font-family: Arial; white-space: pre;\">\t<\/span>&nbsp; &nbsp; &nbsp;<span style=\"font-size: 14px; color: rgb(69, 69, 69); font-family: Arial;\">60HZ<\/span><span style=\"font-size: 14px; color: rgb(69, 69, 69); font-family: Arial;\">127V<\/span><\/p>\n<\/div>\n","protected":false},"excerpt":{"rendered":"<p>LS-10MB-N LIQUIDIFICADOR COMERCIAL INOX, COPO MONOBLOCO INOX Liquidificador Comercial 10 Litros O copo monobloco deste&nbsp;liquidificador comercial \u00e9 fabricado em a\u00e7o inox, o que proporciona alto rendimento de processamento, al\u00e9m de n\u00e3o permitir o ac\u00famulo de res\u00edduos de alimentos por conta da aus\u00eancia de soldas e de frestas.&nbsp; Se quiser melhorar ainda mais os processos do [&hellip;]<\/p>\n","protected":false},"featured_media":10557,"comment_status":"open","ping_status":"closed","template":"","meta":[],"product_brand":[],"product_cat":[313],"product_tag":[],"class_list":{"0":"post-10558","1":"product","2":"type-product","3":"status-publish","4":"has-post-thumbnail","6":"product_cat-liquidificador","8":"first","9":"instock","10":"shipping-taxable","11":"purchasable","12":"product-type-simple"},"_links":{"self":[{"href":"https:\/\/twsites.com.br\/novomigcenter\/index.php?rest_route=\/wp\/v2\/product\/10558","targetHints":{"allow":["GET"]}}],"collection":[{"href":"https:\/\/twsites.com.br\/novomigcenter\/index.php?rest_route=\/wp\/v2\/product"}],"about":[{"href":"https:\/\/twsites.com.br\/novomigcenter\/index.php?rest_route=\/wp\/v2\/types\/product"}],"replies":[{"embeddable":true,"href":"https:\/\/twsites.com.br\/novomigcenter\/index.php?rest_route=%2Fwp%2Fv2%2Fcomments&post=10558"}],"wp:featuredmedia":[{"embeddable":true,"href":"https:\/\/twsites.com.br\/novomigcenter\/index.php?rest_route=\/wp\/v2\/media\/10557"}],"wp:attachment":[{"href":"https:\/\/twsites.com.br\/novomigcenter\/index.php?rest_route=%2Fwp%2Fv2%2Fmedia&parent=10558"}],"wp:term":[{"taxonomy":"product_brand","embeddable":true,"href":"https:\/\/twsites.com.br\/novomigcenter\/index.php?rest_route=%2Fwp%2Fv2%2Fproduct_brand&post=10558"},{"taxonomy":"product_cat","embeddable":true,"href":"https:\/\/twsites.com.br\/novomigcenter\/index.php?rest_route=%2Fwp%2Fv2%2Fproduct_cat&post=10558"},{"taxonomy":"product_tag","embeddable":true,"href":"https:\/\/twsites.com.br\/novomigcenter\/index.php?rest_route=%2Fwp%2Fv2%2Fproduct_tag&post=10558"}],"curies":[{"name":"wp","href":"https:\/\/api.w.org\/{rel}","templated":true}]}}