{"id":10562,"date":"2016-09-09T15:08:55","date_gmt":"2016-09-09T15:08:55","guid":{"rendered":"https:\/\/twsites.com.br\/novomigcenter\/?product=liquidificador-comercial-inox-copo-monobloco-inox-6l-ls-06mb-n"},"modified":"2016-09-09T15:08:55","modified_gmt":"2016-09-09T15:08:55","slug":"liquidificador-comercial-inox-copo-monobloco-inox-6l-ls-06mb-n","status":"publish","type":"product","link":"https:\/\/twsites.com.br\/novomigcenter\/?product=liquidificador-comercial-inox-copo-monobloco-inox-6l-ls-06mb-n","title":{"rendered":"Liquidificador comercial inox, copo monobloco inox 6l"},"content":{"rendered":"<p style=\"list-style-type: none; font-family: Arial; color: rgb(0, 0, 0); margin-top: 10px; margin-bottom: 0.0001pt; line-height: normal;\"><\/p>\n<p style=\"line-height: 17.1428px;\"><span style=\"line-height: normal; font-size: 14px;\"><font face=\"Arial\">Produto em conformidade com a NR-12 e INMETRO.<\/font><\/span><\/p>\n<p style=\"line-height: 17.1428px;\"><span style=\"line-height: normal; font-size: 14px;\"><font face=\"Arial\">Copo MONOBLOCO, sem solda, em a\u00e7o inox, com capacidade real de 06 litros.<\/font><\/span><\/p>\n<p style=\"line-height: 17.1428px;\"><span style=\"font-family: Arial; font-size: 14px;\">O copo MONOBLOCO proporciona alto rendimento de processamento (mais r\u00e1pido).<\/span><\/p>\n<p style=\"line-height: 17.1428px;\"><span style=\"line-height: normal; font-size: 14px;\"><font face=\"Arial\">A aus\u00eancia de solda e por consequ\u00eancia de frestas no interior do copo, n\u00e3o permite o ac\u00famulo de res\u00edduos de alimentos.<\/font><\/span><\/p>\n<p style=\"line-height: 17.1428px;\"><span style=\"line-height: normal; font-size: 14px;\"><font face=\"Arial\">Sistema de tra\u00e7\u00e3o da h\u00e9lice em a\u00e7o inox, com encaixe sextavado do eixo, muito mais robusto e resistente.<\/font><\/span><\/p>\n<p style=\"line-height: 17.1428px;\"><span style=\"line-height: normal; font-size: 14px;\"><font face=\"Arial\">Atendendo a NR-12 e Inmetro, principalmente no quesito Seguran\u00e7a do trabalhador.<\/font><\/span><\/p>\n<p style=\"line-height: 17.1428px;\"><span style=\"line-height: normal; font-size: 14px;\"><font face=\"Arial\">Tampa de borracha at\u00f3xica, com encaixe justo ao copo, n\u00e3o permitindo vazamento de liquido durante o processamento.<\/font><\/span><\/p>\n<p style=\"line-height: 17.1428px;\"><span style=\"line-height: normal; font-size: 14px;\"><font face=\"Arial\">Sobre tampa acr\u00edlica, possibilitando acompanhar visualmente o processamento e adicionar ingredientes durante a execu\u00e7\u00e3o da receita.<\/font><\/span><\/p>\n<p style=\"line-height: 17.1428px;\"><span style=\"line-height: normal; font-size: 14px;\"><font face=\"Arial\">Motor de 1\/2 CV monof\u00e1sico.&nbsp;<\/font><\/span><\/p>\n<p style=\"line-height: 17.1428px;\"><span style=\"line-height: normal; font-size: 14px;\"><font face=\"Arial\">Gabinete em a\u00e7o inox escovado.<\/font><\/span><\/p>\n<p style=\"line-height: 17.1428px;\"><span style=\"line-height: normal;\"><font face=\"Arial\"><br \/><\/font><\/span><span style=\"line-height: normal; font-weight: bold; font-size: 14px;\"><font face=\"Arial\">Sistema de Seguran\u00e7a:<\/font><\/span><\/p>\n<p style=\"line-height: 17.1428px;\"><span style=\"line-height: normal; font-size: 14px;\"><font face=\"Arial\">Copo com anteparo em a\u00e7o inox, n\u00e3o permitindo o contato das m\u00e3os com as l\u00e2minas<\/font><\/span><\/p>\n<p style=\"line-height: 17.1428px;\"><span style=\"line-height: normal; font-size: 14px;\"><font face=\"Arial\">Acoplamento com eixo sextavado, sem pino de tra\u00e7\u00e3o.<\/font><\/span><\/p>\n<p style=\"line-height: 17.1428px;\"><span style=\"line-height: normal; font-size: 14px;\"><font face=\"Arial\">Anti rearme que impede o religamento autom\u00e1tico da m\u00e1quina em casos de desligamentos anormais de energia el\u00e9trica.<\/font><\/span><\/p>\n<p style=\"font-weight: 800; line-height: 20px; color: rgb(69, 69, 69); margin-right: 0px; margin-bottom: 20px; margin-left: 0px; font-size: 20px; border: 0px; vertical-align: baseline; padding: 0px; text-transform: uppercase; outline: none !important;\"><font face=\"Arial\"><span style=\"font-size: 14px;\">CARACTER\u00cdSTICAS DO PRODUTO<\/span><\/font><\/p>\n<p style=\"text-align: left; line-height: 17.1428px;\"><font face=\"Arial\"><span style=\"font-size: 14px;\"><b>Pot\u00eancia do Motor: <\/b>0,5CV&nbsp; &nbsp; &nbsp; &nbsp; &nbsp;<b>&nbsp; &nbsp; &nbsp; &nbsp; &nbsp; &nbsp; &nbsp;<\/b><\/span><\/font><span style=\"font-family: Arial; font-size: 14px;\"><b>Frequ\u00eancia:<\/b> 60Hz<\/span><\/p>\n<p style=\"text-align: left; line-height: 17.1428px;\"><font face=\"Arial\"><span style=\"font-size: 14px;\"><b>Tens\u00e3o: <\/b>220V&nbsp; &nbsp; &nbsp; &nbsp; &nbsp; &nbsp; &nbsp; &nbsp; &nbsp; &nbsp; &nbsp; &nbsp; &nbsp; &nbsp; &nbsp; &nbsp; &nbsp; &nbsp; &nbsp;&nbsp;<b> &nbsp; &nbsp;&nbsp;<\/b><\/span><\/font><span style=\"font-family: Arial; font-size: 14px;\"><b>Altura:<\/b> 720.00 mm<\/span><\/p>\n<p style=\"text-align: left; line-height: 17.1428px;\"><span style=\"font-size: 14px; font-family: Arial;\"><b>Largura:<\/b> 310.00 mm&nbsp; &nbsp; &nbsp; &nbsp; &nbsp; &nbsp; &nbsp; &nbsp; &nbsp; &nbsp; &nbsp; &nbsp; &nbsp; &nbsp; &nbsp; &nbsp;&nbsp;<b> <\/b><\/span><span style=\"font-family: Arial; font-size: 14px;\"><b>Profundidade: <\/b>300.00 mm<\/span><\/p>\n<p style=\"text-align: left; line-height: 17.1428px;\"><font face=\"Arial\"><span style=\"font-size: 14px;\"><b>Peso L\u00edquido: <\/b>9.50 kg&nbsp; &nbsp; &nbsp; &nbsp; &nbsp; &nbsp; &nbsp; &nbsp; &nbsp;<b> &nbsp; &nbsp; &nbsp; &nbsp; &nbsp; &nbsp; <\/b><\/span><\/font><span style=\"font-family: Arial; font-size: 14px;\"><b>Peso Bruto: <\/b>10.50 kg<\/span><\/p>\n<p style=\"text-align: left; line-height: 17.1428px;\"><font face=\"Arial\"><span style=\"font-size: 14px;\">C. Fiscal: 84386000<\/span><\/font><\/p>\n<p style=\"text-align: left; line-height: 17.1428px;\"><font face=\"Arial\"><span style=\"font-size: 14px;\"><b>Capacidade do Copo: <\/b>6 l&nbsp; &nbsp; &nbsp; &nbsp; &nbsp; &nbsp; &nbsp; &nbsp; &nbsp; &nbsp;<b> &nbsp; &nbsp; Rota\u00e7\u00e3o: <\/b>3500 rpm<\/span><\/font><\/p>\n<p style=\"text-align: left; line-height: 17.1428px;\"><font face=\"Arial\"><span style=\"font-size: 14px;\"><b><br \/><\/b><\/span><\/font><\/p>\n<p style=\"text-align: left; line-height: 17.1428px;\"><font face=\"Arial\"><span style=\"font-size: 14px;\"><b>CARACTER\u00cdSTICAS DA EMBALAGEM<\/b><\/span><\/font><\/p>\n<p style=\"text-align: left; line-height: 17.1428px;\"><font face=\"Arial\"><span style=\"font-size: 14px;\"><b>Altura:<\/b> 460.00 mm&nbsp; &nbsp; &nbsp; &nbsp; &nbsp; &nbsp; &nbsp; &nbsp; &nbsp; &nbsp; &nbsp; &nbsp; &nbsp; <b>&nbsp; &nbsp; &nbsp; &nbsp;<\/b><\/span><\/font><span style=\"font-size: 14px; font-family: Arial;\"><b>Largura: <\/b>520.00 mm<\/span><\/p>\n<p style=\"text-align: left; line-height: 17.1428px;\"><font face=\"Arial\"><span style=\"font-size: 14px;\"><b>Profundidade: <\/b>300.00 mm&nbsp; &nbsp; &nbsp; &nbsp; &nbsp; &nbsp; &nbsp; &nbsp; &nbsp;<b> &nbsp; &nbsp;<\/b><\/span><\/font><span style=\"font-size: 14px; font-family: Arial;\"><b>Peso Bruto: <\/b>10.50 kg<\/span><\/p>\n<p style=\"line-height: 17.1428px;\"><font face=\"Arial\"><span style=\"line-height: normal; font-size: 14px;\"><\/span><\/font><\/p>\n<p style=\"text-align: left; line-height: 17.1428px;\"><font face=\"Arial\"><span style=\"font-size: 14px;\"><b>C\u00f3digo EAN13: <\/b>7895707479821<\/span><\/font><\/p>\n","protected":false},"excerpt":{"rendered":"<p>Produto em conformidade com a NR-12 e INMETRO. Copo MONOBLOCO, sem solda, em a\u00e7o inox, com capacidade real de 06 litros. O copo MONOBLOCO proporciona alto rendimento de processamento (mais r\u00e1pido). A aus\u00eancia de solda e por consequ\u00eancia de frestas no interior do copo, n\u00e3o permite o ac\u00famulo de res\u00edduos de alimentos. Sistema de tra\u00e7\u00e3o [&hellip;]<\/p>\n","protected":false},"featured_media":10561,"comment_status":"open","ping_status":"closed","template":"","meta":[],"product_brand":[],"product_cat":[313],"product_tag":[],"class_list":{"0":"post-10562","1":"product","2":"type-product","3":"status-publish","4":"has-post-thumbnail","6":"product_cat-liquidificador","8":"first","9":"instock","10":"shipping-taxable","11":"purchasable","12":"product-type-simple"},"_links":{"self":[{"href":"https:\/\/twsites.com.br\/novomigcenter\/index.php?rest_route=\/wp\/v2\/product\/10562","targetHints":{"allow":["GET"]}}],"collection":[{"href":"https:\/\/twsites.com.br\/novomigcenter\/index.php?rest_route=\/wp\/v2\/product"}],"about":[{"href":"https:\/\/twsites.com.br\/novomigcenter\/index.php?rest_route=\/wp\/v2\/types\/product"}],"replies":[{"embeddable":true,"href":"https:\/\/twsites.com.br\/novomigcenter\/index.php?rest_route=%2Fwp%2Fv2%2Fcomments&post=10562"}],"wp:featuredmedia":[{"embeddable":true,"href":"https:\/\/twsites.com.br\/novomigcenter\/index.php?rest_route=\/wp\/v2\/media\/10561"}],"wp:attachment":[{"href":"https:\/\/twsites.com.br\/novomigcenter\/index.php?rest_route=%2Fwp%2Fv2%2Fmedia&parent=10562"}],"wp:term":[{"taxonomy":"product_brand","embeddable":true,"href":"https:\/\/twsites.com.br\/novomigcenter\/index.php?rest_route=%2Fwp%2Fv2%2Fproduct_brand&post=10562"},{"taxonomy":"product_cat","embeddable":true,"href":"https:\/\/twsites.com.br\/novomigcenter\/index.php?rest_route=%2Fwp%2Fv2%2Fproduct_cat&post=10562"},{"taxonomy":"product_tag","embeddable":true,"href":"https:\/\/twsites.com.br\/novomigcenter\/index.php?rest_route=%2Fwp%2Fv2%2Fproduct_tag&post=10562"}],"curies":[{"name":"wp","href":"https:\/\/api.w.org\/{rel}","templated":true}]}}