{"id":10566,"date":"2016-09-09T15:17:30","date_gmt":"2016-09-09T15:17:30","guid":{"rendered":"https:\/\/twsites.com.br\/novomigcenter\/?product=liquidificador-comercial-inox-copo-monobloco-inox-lc-10"},"modified":"2016-09-09T15:17:30","modified_gmt":"2016-09-09T15:17:30","slug":"liquidificador-comercial-inox-copo-monobloco-inox-lc-10","status":"publish","type":"product","link":"https:\/\/twsites.com.br\/novomigcenter\/?product=liquidificador-comercial-inox-copo-monobloco-inox-lc-10","title":{"rendered":"Liquidificador comercial inox, copo monobloco inox 10l"},"content":{"rendered":"<div style=\"text-align: justify; line-height: 17.1428px;\"><span style=\"color: rgb(0, 0, 0); line-height: normal; font-size: 14px;\"><font face=\"Arial\"><br \/><\/font><\/span><\/div>\n<p style=\"line-height: 17.1428px;\"><span style=\"color: rgb(0, 0, 0); line-height: normal; font-size: 14px;\"><font face=\"Arial\">Produto em conformidade com a NR-12 e INMETRO.<\/font><\/span><\/p>\n<p style=\"line-height: 17.1428px;\"><span style=\"color: rgb(0, 0, 0); line-height: normal; font-size: 14px;\"><font face=\"Arial\">Copo MONOBLOCO, sem solda, em a\u00e7o inox, com capacidade real de 10 litros.<\/font><\/span><\/p>\n<p style=\"line-height: 17.1428px;\"><span style=\"font-family: Arial; font-size: 14px;\">O copo MONOBLOCO proporciona alto rendimento de processamento (mais r\u00e1pido).<\/span><\/p>\n<p style=\"line-height: 17.1428px;\"><span style=\"color: rgb(0, 0, 0); line-height: normal; font-size: 14px;\"><font face=\"Arial\">A aus\u00eancia de solda e por consequ\u00eancia de frestas no interior do copo, n\u00e3o permite o ac\u00famulo de res\u00edduos de alimentos.<\/font><\/span><\/p>\n<p style=\"line-height: 17.1428px;\"><span style=\"color: rgb(0, 0, 0); line-height: normal; font-size: 14px;\"><font face=\"Arial\">Sistema de tra\u00e7\u00e3o da h\u00e9lice em a\u00e7o inox, com encaixe sextavado do eixo, muito mais robusto e resistente.<\/font><\/span><\/p>\n<p style=\"line-height: 17.1428px;\"><span style=\"color: rgb(0, 0, 0); line-height: normal; font-size: 14px;\"><font face=\"Arial\">Atendendo a NR-12 e Inmetro, principalmente no quesito Seguran\u00e7a do trabalhador.<\/font><\/span><\/p>\n<p style=\"line-height: 17.1428px;\"><span style=\"color: rgb(0, 0, 0); line-height: normal; font-size: 14px;\"><font face=\"Arial\">Tampa de borracha at\u00f3xica, com encaixe justo ao copo, n\u00e3o permitindo vazamento de liquido durante o processamento.<\/font><\/span><\/p>\n<p style=\"line-height: 17.1428px;\"><span style=\"color: rgb(0, 0, 0); line-height: normal; font-size: 14px;\"><font face=\"Arial\">Sobre tampa acr\u00edlica, possibilitando acompanhar visualmente o processamento e adicionar ingredientes durante a execu\u00e7\u00e3o da receita.<\/font><\/span><\/p>\n<p style=\"line-height: 17.1428px;\"><span style=\"color: rgb(0, 0, 0); line-height: normal; font-size: 14px;\"><font face=\"Arial\">Motor de 1\/2 CV monof\u00e1sico.&nbsp;<\/font><\/span><\/p>\n<p style=\"line-height: 17.1428px;\"><span style=\"color: rgb(0, 0, 0); line-height: normal; font-size: 14px;\"><font face=\"Arial\">Gabinete em a\u00e7o inox escovado.<\/font><\/span><\/p>\n<p style=\"line-height: 17.1428px;\"><span style=\"color: rgb(0, 0, 0); line-height: normal;\"><font face=\"Arial\"><br \/><\/font><\/span><span style=\"color: rgb(0, 0, 0); line-height: normal; font-weight: bold; font-size: 14px;\"><font face=\"Arial\">Sistema de Seguran\u00e7a:<\/font><\/span><\/p>\n<p style=\"line-height: 17.1428px;\"><span style=\"color: rgb(0, 0, 0); line-height: normal; font-size: 14px;\"><font face=\"Arial\">Copo com anteparo em a\u00e7o inox, n\u00e3o permitindo o contato das m\u00e3os com as l\u00e2minas<\/font><\/span><\/p>\n<p style=\"line-height: 17.1428px;\"><span style=\"color: rgb(0, 0, 0); line-height: normal; font-size: 14px;\"><font face=\"Arial\">Acoplamento com eixo sextavado, sem pino de tra\u00e7\u00e3o.<\/font><\/span><\/p>\n<p style=\"line-height: 17.1428px;\"><span style=\"color: rgb(0, 0, 0); line-height: normal; font-size: 14px;\"><font face=\"Arial\">Anti rearme que impede o religamento autom\u00e1tico da m\u00e1quina em casos de desligamentos anormais de energia el\u00e9trica.<\/font><\/span><span style=\"color: rgb(0, 0, 0); line-height: normal;\"><font face=\"Arial\"><br \/><\/font><\/span><\/p>\n<p style=\"line-height: 17.1428px;\"><span style=\"color: rgb(0, 0, 0); line-height: normal;\"><font face=\"Arial\"><br \/><\/font><\/span><\/p>\n<div style=\"text-align: left;\"><font face=\"Arial\"><span style=\"font-size: 14px;\"><b>CARACTER\u00cdSTICAS DO PRODUTO<\/b><\/span><\/font><\/div>\n<div style=\"text-align: left;\"><font face=\"Arial\"><span style=\"font-size: 14px;\"><br \/><\/span><\/font><\/div>\n<p><font face=\"Arial\"><span style=\"font-size: 14px;\"><\/p>\n<div style=\"text-align: left;\"><b>Modelo:<\/b> LC10&nbsp; &nbsp; &nbsp; &nbsp; &nbsp; &nbsp; &nbsp; &nbsp; &nbsp; &nbsp; &nbsp; &nbsp; &nbsp; &nbsp; &nbsp; <b>&nbsp; &nbsp; &nbsp; &nbsp; &nbsp; &nbsp; &nbsp; Pot\u00eancia do Motor: <\/b>0,5CV<\/div>\n<p><\/span><span style=\"font-size: 14px;\"><\/p>\n<div style=\"text-align: left;\"><b>Frequ\u00eancia:<\/b> 60Hz&nbsp; &nbsp; &nbsp; &nbsp; &nbsp; &nbsp; &nbsp; &nbsp; &nbsp; &nbsp; &nbsp; &nbsp; &nbsp; &nbsp; &nbsp; &nbsp; &nbsp;<b> &nbsp; &nbsp;Tens\u00e3o: <\/b>127V<\/div>\n<p><\/span><span style=\"font-size: 14px;\"><\/p>\n<div style=\"text-align: left;\"><b>Altura:<\/b> 780.00 mm&nbsp; &nbsp; &nbsp; &nbsp; &nbsp; &nbsp; &nbsp; &nbsp; &nbsp; &nbsp; &nbsp; &nbsp; &nbsp; &nbsp; &nbsp; &nbsp; &nbsp; &nbsp; <b>&nbsp;Largura:<\/b> 340.00 mm<\/div>\n<p><\/span><span style=\"font-size: 14px;\"><\/p>\n<div style=\"text-align: left;\"><b>Profundidade:<\/b> 330.00 mm&nbsp; &nbsp; &nbsp; &nbsp; &nbsp; &nbsp; &nbsp; &nbsp; &nbsp; &nbsp; &nbsp; <b>&nbsp; Peso L\u00edquido:<\/b> 5.50 kg<\/div>\n<p><\/span><span style=\"font-size: 14px;\"><\/p>\n<div style=\"text-align: left;\"><b>Peso Bruto:<\/b> 6.80 kg&nbsp; &nbsp; &nbsp; &nbsp; &nbsp; &nbsp; &nbsp; &nbsp; &nbsp; &nbsp; &nbsp; &nbsp; &nbsp; &nbsp; &nbsp; &nbsp;<b> &nbsp;&nbsp;<\/b><span style=\"font-size: 13px;\"><b>C. Fiscal: <\/b>84386000<\/span><\/div>\n<p><\/span><\/font><\/p>\n<div style=\"text-align: left;\"><font face=\"Arial\"><b>Rotacao: <\/b>4500 rpm&nbsp; &nbsp; &nbsp; &nbsp; &nbsp; &nbsp; &nbsp; &nbsp; &nbsp; &nbsp; &nbsp; &nbsp; &nbsp; &nbsp; &nbsp; &nbsp; &nbsp; <b>&nbsp; &nbsp; &nbsp; &nbsp;Capacidade do Copo: <\/b>10 l<\/font><\/div>\n<div style=\"text-align: left;\"><font face=\"Arial\"><br \/><\/font><\/div>\n<div style=\"text-align: left;\"><font face=\"Arial\"><b>CARACTER\u00cdSTICAS DA EMBALAGEM<\/b><\/font><\/div>\n<div style=\"text-align: left;\"><font face=\"Arial\"><b><br \/><\/b><\/font><\/div>\n<div style=\"text-align: left;\"><font face=\"Arial\"><span style=\"font-size: 14px;\"><b>Altura: <\/b>550.00 mm&nbsp; &nbsp; &nbsp; &nbsp; &nbsp; &nbsp; &nbsp; &nbsp; &nbsp; &nbsp; &nbsp; &nbsp; &nbsp; &nbsp; &nbsp; &nbsp; &nbsp; &nbsp;&nbsp;<b> Largura:<\/b> 345.00 mm<\/span><\/font><\/div>\n<div style=\"text-align: left;\"><font face=\"Arial\"><span style=\"font-size: 14px;\"><b>Profundidade: <\/b>545.00 mm&nbsp; &nbsp; &nbsp; &nbsp; &nbsp; &nbsp; &nbsp; &nbsp; &nbsp; &nbsp; &nbsp; &nbsp; <b>Peso Bruto:<\/b> 6.80 kg<\/span><\/font><\/div>\n<div style=\"text-align: left;\"><font face=\"Arial\"><span style=\"font-size: 14px;\"><b>C\u00f3digo EAN13:<\/b> 7895707565883<\/span><\/font><\/div><\/p>\n","protected":false},"excerpt":{"rendered":"<p>Produto em conformidade com a NR-12 e INMETRO. Copo MONOBLOCO, sem solda, em a\u00e7o inox, com capacidade real de 10 litros. O copo MONOBLOCO proporciona alto rendimento de processamento (mais r\u00e1pido). A aus\u00eancia de solda e por consequ\u00eancia de frestas no interior do copo, n\u00e3o permite o ac\u00famulo de res\u00edduos de alimentos. Sistema de tra\u00e7\u00e3o [&hellip;]<\/p>\n","protected":false},"featured_media":10565,"comment_status":"open","ping_status":"closed","template":"","meta":[],"product_brand":[],"product_cat":[313],"product_tag":[],"class_list":{"0":"post-10566","1":"product","2":"type-product","3":"status-publish","4":"has-post-thumbnail","6":"product_cat-liquidificador","8":"first","9":"instock","10":"shipping-taxable","11":"purchasable","12":"product-type-simple"},"_links":{"self":[{"href":"https:\/\/twsites.com.br\/novomigcenter\/index.php?rest_route=\/wp\/v2\/product\/10566","targetHints":{"allow":["GET"]}}],"collection":[{"href":"https:\/\/twsites.com.br\/novomigcenter\/index.php?rest_route=\/wp\/v2\/product"}],"about":[{"href":"https:\/\/twsites.com.br\/novomigcenter\/index.php?rest_route=\/wp\/v2\/types\/product"}],"replies":[{"embeddable":true,"href":"https:\/\/twsites.com.br\/novomigcenter\/index.php?rest_route=%2Fwp%2Fv2%2Fcomments&post=10566"}],"wp:featuredmedia":[{"embeddable":true,"href":"https:\/\/twsites.com.br\/novomigcenter\/index.php?rest_route=\/wp\/v2\/media\/10565"}],"wp:attachment":[{"href":"https:\/\/twsites.com.br\/novomigcenter\/index.php?rest_route=%2Fwp%2Fv2%2Fmedia&parent=10566"}],"wp:term":[{"taxonomy":"product_brand","embeddable":true,"href":"https:\/\/twsites.com.br\/novomigcenter\/index.php?rest_route=%2Fwp%2Fv2%2Fproduct_brand&post=10566"},{"taxonomy":"product_cat","embeddable":true,"href":"https:\/\/twsites.com.br\/novomigcenter\/index.php?rest_route=%2Fwp%2Fv2%2Fproduct_cat&post=10566"},{"taxonomy":"product_tag","embeddable":true,"href":"https:\/\/twsites.com.br\/novomigcenter\/index.php?rest_route=%2Fwp%2Fv2%2Fproduct_tag&post=10566"}],"curies":[{"name":"wp","href":"https:\/\/api.w.org\/{rel}","templated":true}]}}