{"id":10572,"date":"2016-09-13T10:08:52","date_gmt":"2016-09-13T10:08:52","guid":{"rendered":"https:\/\/twsites.com.br\/novomigcenter\/?product=balanca-eletronica-sem-coluna"},"modified":"2016-09-13T10:08:52","modified_gmt":"2016-09-13T10:08:52","slug":"balanca-eletronica-sem-coluna","status":"publish","type":"product","link":"https:\/\/twsites.com.br\/novomigcenter\/?product=balanca-eletronica-sem-coluna","title":{"rendered":"Balan\u00e7a Eletr\u00f4nica sem Coluna"},"content":{"rendered":"<p style=\"text-align: justify; line-height: 17.1428px;\">Balan\u00e7a totalmente eletr\u00f4nica com estrutura e plataforma em a\u00e7o carbono SAE 1020, projetada com maior robustez e versatilidade para atender todas as necessidades.<\/p>\n<p style=\"text-align: justify; line-height: 17.1428px;\">\u00c9 um produto r\u00e1pido nas pesagens que proporciona efici\u00eancia e precis\u00e3o com alta durabilidade, baixa manuten\u00e7\u00e3o, design avan\u00e7ado e tamanho compat\u00edvel com o ambiente operacional.<\/p>\n<p style=\"text-align: justify; line-height: 17.1428px;\">Adequada para setores industriais e comerciais onde necessitam efetuar pesagens e confer\u00eancias de materiais na produ\u00e7\u00e3o, recebimentos e ou expedi\u00e7\u00f5es.<\/p>\n<p style=\"text-align: justify; line-height: 17.1428px;\"><b>Opcionalmente: <\/b>pode ser conectada a um computador ou a uma impressora t\u00e9rmica para a emiss\u00e3o de etiquetas com c\u00f3digo de barras, tamb\u00e9m pode ser adquirida com indicador LCD a bateria ou contador.<\/p>\n","protected":false},"excerpt":{"rendered":"<p>Balan\u00e7a totalmente eletr\u00f4nica com estrutura e plataforma em a\u00e7o carbono SAE 1020, projetada com maior robustez e versatilidade para atender todas as necessidades. \u00c9 um produto r\u00e1pido nas pesagens que proporciona efici\u00eancia e precis\u00e3o com alta durabilidade, baixa manuten\u00e7\u00e3o, design avan\u00e7ado e tamanho compat\u00edvel com o ambiente operacional. Adequada para setores industriais e comerciais onde [&hellip;]<\/p>\n","protected":false},"featured_media":10571,"comment_status":"open","ping_status":"closed","template":"","meta":[],"product_brand":[],"product_cat":[297],"product_tag":[],"class_list":{"0":"post-10572","1":"product","2":"type-product","3":"status-publish","4":"has-post-thumbnail","6":"product_cat-balanca","8":"first","9":"instock","10":"shipping-taxable","11":"purchasable","12":"product-type-simple"},"_links":{"self":[{"href":"https:\/\/twsites.com.br\/novomigcenter\/index.php?rest_route=\/wp\/v2\/product\/10572","targetHints":{"allow":["GET"]}}],"collection":[{"href":"https:\/\/twsites.com.br\/novomigcenter\/index.php?rest_route=\/wp\/v2\/product"}],"about":[{"href":"https:\/\/twsites.com.br\/novomigcenter\/index.php?rest_route=\/wp\/v2\/types\/product"}],"replies":[{"embeddable":true,"href":"https:\/\/twsites.com.br\/novomigcenter\/index.php?rest_route=%2Fwp%2Fv2%2Fcomments&post=10572"}],"wp:featuredmedia":[{"embeddable":true,"href":"https:\/\/twsites.com.br\/novomigcenter\/index.php?rest_route=\/wp\/v2\/media\/10571"}],"wp:attachment":[{"href":"https:\/\/twsites.com.br\/novomigcenter\/index.php?rest_route=%2Fwp%2Fv2%2Fmedia&parent=10572"}],"wp:term":[{"taxonomy":"product_brand","embeddable":true,"href":"https:\/\/twsites.com.br\/novomigcenter\/index.php?rest_route=%2Fwp%2Fv2%2Fproduct_brand&post=10572"},{"taxonomy":"product_cat","embeddable":true,"href":"https:\/\/twsites.com.br\/novomigcenter\/index.php?rest_route=%2Fwp%2Fv2%2Fproduct_cat&post=10572"},{"taxonomy":"product_tag","embeddable":true,"href":"https:\/\/twsites.com.br\/novomigcenter\/index.php?rest_route=%2Fwp%2Fv2%2Fproduct_tag&post=10572"}],"curies":[{"name":"wp","href":"https:\/\/api.w.org\/{rel}","templated":true}]}}