{"id":10576,"date":"2016-09-13T10:16:43","date_gmt":"2016-09-13T10:16:43","guid":{"rendered":"https:\/\/twsites.com.br\/novomigcenter\/?product=balanca-mecanica-de-balcao-ate-150-kg"},"modified":"2016-09-13T10:16:43","modified_gmt":"2016-09-13T10:16:43","slug":"balanca-mecanica-de-balcao-ate-150-kg","status":"publish","type":"product","link":"https:\/\/twsites.com.br\/novomigcenter\/?product=balanca-mecanica-de-balcao-ate-150-kg","title":{"rendered":"Balan\u00e7a Mec\u00e2nica de Balc\u00e3o (at\u00e9 150kg)"},"content":{"rendered":"<p style=\"margin-top:0cm;margin-right:0cm;margin-bottom:6.75pt;margin-left: 0cm;text-align:justify\"><font face=\"Arial\"><span style=\"font-size: 14px;\">Balan\u00e7a mec\u00e2nica, plataforma em a\u00e7o carbono SAE 1020, projetada com maior robustez e versatilidade para atender todas as necessidades.<\/span><o:p><\/o:p><\/font><\/p>\n<p style=\"margin-top:0cm;margin-right:0cm;margin-bottom:6.75pt;margin-left: 0cm;text-align:justify\"><font face=\"Arial\"><span style=\"font-size: 14px;\">\u00c9 um produto que proporciona pesagem eficiente e com precis\u00e3o, tem alta durabilidade, baixa manuten\u00e7\u00e3o, design avan\u00e7ado e tamanho compat\u00edvel com o ambiente operacional.<\/span><o:p><\/o:p><\/font><\/p>\n<p><span style=\"font-size: 14px;\">    <\/span><\/p>\n<p style=\"margin-top:0cm;margin-right:0cm;margin-bottom:6.75pt;margin-left: 0cm;text-align:justify\"><span style=\"font-size: 14px;\"><font face=\"Arial\">Adequada para setores industriais e comerciais onde necessitam efetuar pesagens e confer\u00eancias de materiais na produ\u00e7\u00e3o, recebimentos e ou expedi\u00e7\u00f5es, perfeita para ambientes mais r\u00fasticos ou com aus\u00eancia de energia el\u00e9trica.<\/font><\/span><o:p><\/o:p><\/p>\n","protected":false},"excerpt":{"rendered":"<p>Balan\u00e7a mec\u00e2nica, plataforma em a\u00e7o carbono SAE 1020, projetada com maior robustez e versatilidade para atender todas as necessidades. \u00c9 um produto que proporciona pesagem eficiente e com precis\u00e3o, tem alta durabilidade, baixa manuten\u00e7\u00e3o, design avan\u00e7ado e tamanho compat\u00edvel com o ambiente operacional. Adequada para setores industriais e comerciais onde necessitam efetuar pesagens e confer\u00eancias [&hellip;]<\/p>\n","protected":false},"featured_media":10575,"comment_status":"open","ping_status":"closed","template":"","meta":[],"product_brand":[],"product_cat":[297],"product_tag":[],"class_list":{"0":"post-10576","1":"product","2":"type-product","3":"status-publish","4":"has-post-thumbnail","6":"product_cat-balanca","8":"first","9":"instock","10":"shipping-taxable","11":"purchasable","12":"product-type-simple"},"_links":{"self":[{"href":"https:\/\/twsites.com.br\/novomigcenter\/index.php?rest_route=\/wp\/v2\/product\/10576","targetHints":{"allow":["GET"]}}],"collection":[{"href":"https:\/\/twsites.com.br\/novomigcenter\/index.php?rest_route=\/wp\/v2\/product"}],"about":[{"href":"https:\/\/twsites.com.br\/novomigcenter\/index.php?rest_route=\/wp\/v2\/types\/product"}],"replies":[{"embeddable":true,"href":"https:\/\/twsites.com.br\/novomigcenter\/index.php?rest_route=%2Fwp%2Fv2%2Fcomments&post=10576"}],"wp:featuredmedia":[{"embeddable":true,"href":"https:\/\/twsites.com.br\/novomigcenter\/index.php?rest_route=\/wp\/v2\/media\/10575"}],"wp:attachment":[{"href":"https:\/\/twsites.com.br\/novomigcenter\/index.php?rest_route=%2Fwp%2Fv2%2Fmedia&parent=10576"}],"wp:term":[{"taxonomy":"product_brand","embeddable":true,"href":"https:\/\/twsites.com.br\/novomigcenter\/index.php?rest_route=%2Fwp%2Fv2%2Fproduct_brand&post=10576"},{"taxonomy":"product_cat","embeddable":true,"href":"https:\/\/twsites.com.br\/novomigcenter\/index.php?rest_route=%2Fwp%2Fv2%2Fproduct_cat&post=10576"},{"taxonomy":"product_tag","embeddable":true,"href":"https:\/\/twsites.com.br\/novomigcenter\/index.php?rest_route=%2Fwp%2Fv2%2Fproduct_tag&post=10576"}],"curies":[{"name":"wp","href":"https:\/\/api.w.org\/{rel}","templated":true}]}}