{"id":10578,"date":"2016-09-13T10:30:43","date_gmt":"2016-09-13T10:30:43","guid":{"rendered":"https:\/\/twsites.com.br\/novomigcenter\/?product=liquidificador-industrial-diversos-lq-4-6-8-10"},"modified":"2016-09-13T10:30:43","modified_gmt":"2016-09-13T10:30:43","slug":"liquidificador-industrial-diversos-lq-4-6-8-10","status":"publish","type":"product","link":"https:\/\/twsites.com.br\/novomigcenter\/?product=liquidificador-industrial-diversos-lq-4-6-8-10","title":{"rendered":"Liquidificador Industrial Diversos"},"content":{"rendered":"<p><font face=\"Arial\"><span style=\"font-size: 14px;\">Utilidade:<\/span><\/font><\/p>\n<p><font face=\"Arial\"><span style=\"font-size: 14px;\">Triturar produtos alimentares leves com adi\u00e7\u00e3o de liquido e dissolu\u00e7\u00e3o de polpas de frutas congeladas.<\/span><\/font><\/p>\n<table class=\"table table-bordered\" style=\"background-color: rgb(255, 255, 255); width: 1457px;\">\n<tbody>\n<tr>\n<td><font face=\"Arial\"><span style=\"font-size: 14px;\">Especifica\u00e7\u00f5es T\u00e9cnicas<\/span><\/font><\/td>\n<td><font face=\"Arial\"><span style=\"font-size: 14px;\">Altura (mm)<\/span><\/font><\/td>\n<td><font face=\"Arial\"><span style=\"font-size: 14px;\">Frente (mm)<\/span><\/font><\/td>\n<td><font face=\"Arial\"><span style=\"font-size: 14px;\">Profundidade (mm)<\/span><\/font><\/td>\n<td><font face=\"Arial\"><span style=\"font-size: 14px;\">Peso L\u00edquido (kg)<\/span><\/font><\/td>\n<td><font face=\"Arial\"><span style=\"font-size: 14px;\">Potencia (CV\/W)<\/span><\/font><\/td>\n<td><font face=\"Arial\"><span style=\"font-size: 14px;\">Voltagem (V)<\/span><\/font><\/td>\n<td><font face=\"Arial\"><span style=\"font-size: 14px;\">Capacidade (l)<\/span><\/font><\/td>\n<td><font face=\"Arial\"><span style=\"font-size: 14px;\">Rota\u00e7\u00e3o (RPM)<\/span><\/font><\/td>\n<\/tr>\n<tr>\n<td><font face=\"Arial\"><span style=\"font-size: 14px;\">LQ.4<\/span><\/font><\/td>\n<td><font face=\"Arial\"><span style=\"font-size: 14px;\">615<\/span><\/font><\/td>\n<td><font face=\"Arial\"><span style=\"font-size: 14px;\">360<\/span><\/font><\/td>\n<td><font face=\"Arial\"><span style=\"font-size: 14px;\">220<\/span><\/font><\/td>\n<td><font face=\"Arial\"><span style=\"font-size: 14px;\">9,500<\/span><\/font><\/td>\n<td><font face=\"Arial\"><span style=\"font-size: 14px;\">0,5 \/ 368<\/span><\/font><\/td>\n<td><font face=\"Arial\"><span style=\"font-size: 14px;\">127 \/ 220<\/span><\/font><\/td>\n<td><font face=\"Arial\"><span style=\"font-size: 14px;\">4<\/span><\/font><\/td>\n<td><font face=\"Arial\"><span style=\"font-size: 14px;\">3450<\/span><\/font><\/td>\n<\/tr>\n<tr>\n<td><font face=\"Arial\"><span style=\"font-size: 14px;\">LQ. 6<\/span><\/font><\/td>\n<td><font face=\"Arial\"><span style=\"font-size: 14px;\">680<\/span><\/font><\/td>\n<td><font face=\"Arial\"><span style=\"font-size: 14px;\">250<\/span><\/font><\/td>\n<td><font face=\"Arial\"><span style=\"font-size: 14px;\">220<\/span><\/font><\/td>\n<td><font face=\"Arial\"><span style=\"font-size: 14px;\">9,500<\/span><\/font><\/td>\n<td><font face=\"Arial\"><span style=\"font-size: 14px;\">0,5 \/ 368<\/span><\/font><\/td>\n<td><font face=\"Arial\"><span style=\"font-size: 14px;\">127 \/ 220<\/span><\/font><\/td>\n<td><font face=\"Arial\"><span style=\"font-size: 14px;\">6<\/span><\/font><\/td>\n<td><font face=\"Arial\"><span style=\"font-size: 14px;\">3450<\/span><\/font><\/td>\n<\/tr>\n<tr>\n<td><font face=\"Arial\"><span style=\"font-size: 14px;\">LQ. 8<\/span><\/font><\/td>\n<td><font face=\"Arial\"><span style=\"font-size: 14px;\">760<\/span><\/font><\/td>\n<td><font face=\"Arial\"><span style=\"font-size: 14px;\">250<\/span><\/font><\/td>\n<td><font face=\"Arial\"><span style=\"font-size: 14px;\">220<\/span><\/font><\/td>\n<td><font face=\"Arial\"><span style=\"font-size: 14px;\">10,000<\/span><\/font><\/td>\n<td><font face=\"Arial\"><span style=\"font-size: 14px;\">0,75 \/ 552<\/span><\/font><\/td>\n<td><font face=\"Arial\"><span style=\"font-size: 14px;\">127 \/ 220<\/span><\/font><\/td>\n<td><font face=\"Arial\"><span style=\"font-size: 14px;\">8<\/span><\/font><\/td>\n<td><font face=\"Arial\"><span style=\"font-size: 14px;\">3450<\/span><br \/><\/font><\/td>\n<\/tr>\n<tr>\n<td><font face=\"Arial\"><span style=\"font-size: 14px;\">LQ. 10<\/span><\/font><\/td>\n<td><font face=\"Arial\"><span style=\"font-size: 14px;\">840<\/span><\/font><\/td>\n<td><font face=\"Arial\"><span style=\"font-size: 14px;\">250<\/span><\/font><\/td>\n<td><font face=\"Arial\"><span style=\"font-size: 14px;\">220<\/span><\/font><\/td>\n<td><font face=\"Arial\"><span style=\"font-size: 14px;\">10,700<\/span><\/font><\/td>\n<td><font face=\"Arial\"><span style=\"font-size: 14px;\">0,75 \/ 552<\/span><br \/><\/font><\/td>\n<td><font face=\"Arial\"><span style=\"font-size: 14px;\">127 \/ 220<\/span><\/font><\/td>\n<td><font face=\"Arial\"><span style=\"font-size: 14px;\">10<\/span><\/font><\/td>\n<td><font face=\"Arial\"><span style=\"font-size: 14px;\">3450<\/span><br \/><\/font><\/td>\n<\/tr>\n<\/tbody>\n<\/table>\n","protected":false},"excerpt":{"rendered":"<p>Utilidade: Triturar produtos alimentares leves com adi\u00e7\u00e3o de liquido e dissolu\u00e7\u00e3o de polpas de frutas congeladas. Especifica\u00e7\u00f5es T\u00e9cnicas Altura (mm) Frente (mm) Profundidade (mm) Peso L\u00edquido (kg) Potencia (CV\/W) Voltagem (V) Capacidade (l) Rota\u00e7\u00e3o (RPM) LQ.4 615 360 220 9,500 0,5 \/ 368 127 \/ 220 4 3450 LQ. 6 680 250 220 9,500 0,5 [&hellip;]<\/p>\n","protected":false},"featured_media":10577,"comment_status":"open","ping_status":"closed","template":"","meta":[],"product_brand":[],"product_cat":[313],"product_tag":[],"class_list":{"0":"post-10578","1":"product","2":"type-product","3":"status-publish","4":"has-post-thumbnail","6":"product_cat-liquidificador","8":"first","9":"instock","10":"shipping-taxable","11":"purchasable","12":"product-type-simple"},"_links":{"self":[{"href":"https:\/\/twsites.com.br\/novomigcenter\/index.php?rest_route=\/wp\/v2\/product\/10578","targetHints":{"allow":["GET"]}}],"collection":[{"href":"https:\/\/twsites.com.br\/novomigcenter\/index.php?rest_route=\/wp\/v2\/product"}],"about":[{"href":"https:\/\/twsites.com.br\/novomigcenter\/index.php?rest_route=\/wp\/v2\/types\/product"}],"replies":[{"embeddable":true,"href":"https:\/\/twsites.com.br\/novomigcenter\/index.php?rest_route=%2Fwp%2Fv2%2Fcomments&post=10578"}],"wp:featuredmedia":[{"embeddable":true,"href":"https:\/\/twsites.com.br\/novomigcenter\/index.php?rest_route=\/wp\/v2\/media\/10577"}],"wp:attachment":[{"href":"https:\/\/twsites.com.br\/novomigcenter\/index.php?rest_route=%2Fwp%2Fv2%2Fmedia&parent=10578"}],"wp:term":[{"taxonomy":"product_brand","embeddable":true,"href":"https:\/\/twsites.com.br\/novomigcenter\/index.php?rest_route=%2Fwp%2Fv2%2Fproduct_brand&post=10578"},{"taxonomy":"product_cat","embeddable":true,"href":"https:\/\/twsites.com.br\/novomigcenter\/index.php?rest_route=%2Fwp%2Fv2%2Fproduct_cat&post=10578"},{"taxonomy":"product_tag","embeddable":true,"href":"https:\/\/twsites.com.br\/novomigcenter\/index.php?rest_route=%2Fwp%2Fv2%2Fproduct_tag&post=10578"}],"curies":[{"name":"wp","href":"https:\/\/api.w.org\/{rel}","templated":true}]}}