{"id":10580,"date":"2016-09-13T10:44:07","date_gmt":"2016-09-13T10:44:07","guid":{"rendered":"https:\/\/twsites.com.br\/novomigcenter\/?product=balanca-tendal-mecanica"},"modified":"2016-09-13T10:44:07","modified_gmt":"2016-09-13T10:44:07","slug":"balanca-tendal-mecanica","status":"publish","type":"product","link":"https:\/\/twsites.com.br\/novomigcenter\/?product=balanca-tendal-mecanica","title":{"rendered":"Balan\u00e7a Tendal Mec\u00e2nica"},"content":{"rendered":"<p style=\"margin-top:0cm;margin-right:0cm;margin-bottom:6.75pt;margin-left: 0cm;text-align:justify\"><span style=\"font-size: 14pt; font-family: &quot;Arial Narrow&quot;, sans-serif;\">Balan\u00e7a mec\u00e2nica constru\u00edda em a\u00e7o carbono, suporte para fixa\u00e7\u00e3o em barras ou trilhos, gancho duplo remov\u00edvel, projetada com maior robustez e versatilidade para atender todas as necessidades.<\/span><o:p><\/o:p><\/p>\n<p style=\"margin-top:0cm;margin-right:0cm;margin-bottom:6.75pt;margin-left: 0cm;text-align:justify\"><span style=\"font-size: 14pt; font-family: &quot;Arial Narrow&quot;, sans-serif;\">\u00c9 um produto r\u00e1pido nas pesagens que proporciona efici\u00eancia e precis\u00e3o com alta durabilidade, baixa manuten\u00e7\u00e3o, design avan\u00e7ado e tamanho compat\u00edvel com o ambiente operacional.<\/span><o:p><\/o:p><\/p>\n<\/p>\n<p style=\"margin-top:0cm;margin-right:0cm;margin-bottom:6.75pt;margin-left: 0cm;text-align:justify\"><span style=\"font-size: 14pt; font-family: &quot;Arial Narrow&quot;, sans-serif;\">Adequada para setores industriais e comerciais onde necessitam efetuar pesagens e confer\u00eancias de materiais principalmente cargas elevadas.<\/span><o:p><\/o:p><\/p>\n","protected":false},"excerpt":{"rendered":"<p>Balan\u00e7a mec\u00e2nica constru\u00edda em a\u00e7o carbono, suporte para fixa\u00e7\u00e3o em barras ou trilhos, gancho duplo remov\u00edvel, projetada com maior robustez e versatilidade para atender todas as necessidades. \u00c9 um produto r\u00e1pido nas pesagens que proporciona efici\u00eancia e precis\u00e3o com alta durabilidade, baixa manuten\u00e7\u00e3o, design avan\u00e7ado e tamanho compat\u00edvel com o ambiente operacional. Adequada para setores [&hellip;]<\/p>\n","protected":false},"featured_media":10579,"comment_status":"open","ping_status":"closed","template":"","meta":[],"product_brand":[],"product_cat":[297],"product_tag":[],"class_list":{"0":"post-10580","1":"product","2":"type-product","3":"status-publish","4":"has-post-thumbnail","6":"product_cat-balanca","8":"first","9":"instock","10":"shipping-taxable","11":"purchasable","12":"product-type-simple"},"_links":{"self":[{"href":"https:\/\/twsites.com.br\/novomigcenter\/index.php?rest_route=\/wp\/v2\/product\/10580","targetHints":{"allow":["GET"]}}],"collection":[{"href":"https:\/\/twsites.com.br\/novomigcenter\/index.php?rest_route=\/wp\/v2\/product"}],"about":[{"href":"https:\/\/twsites.com.br\/novomigcenter\/index.php?rest_route=\/wp\/v2\/types\/product"}],"replies":[{"embeddable":true,"href":"https:\/\/twsites.com.br\/novomigcenter\/index.php?rest_route=%2Fwp%2Fv2%2Fcomments&post=10580"}],"wp:featuredmedia":[{"embeddable":true,"href":"https:\/\/twsites.com.br\/novomigcenter\/index.php?rest_route=\/wp\/v2\/media\/10579"}],"wp:attachment":[{"href":"https:\/\/twsites.com.br\/novomigcenter\/index.php?rest_route=%2Fwp%2Fv2%2Fmedia&parent=10580"}],"wp:term":[{"taxonomy":"product_brand","embeddable":true,"href":"https:\/\/twsites.com.br\/novomigcenter\/index.php?rest_route=%2Fwp%2Fv2%2Fproduct_brand&post=10580"},{"taxonomy":"product_cat","embeddable":true,"href":"https:\/\/twsites.com.br\/novomigcenter\/index.php?rest_route=%2Fwp%2Fv2%2Fproduct_cat&post=10580"},{"taxonomy":"product_tag","embeddable":true,"href":"https:\/\/twsites.com.br\/novomigcenter\/index.php?rest_route=%2Fwp%2Fv2%2Fproduct_tag&post=10580"}],"curies":[{"name":"wp","href":"https:\/\/api.w.org\/{rel}","templated":true}]}}