{"id":10582,"date":"2016-09-13T10:52:27","date_gmt":"2016-09-13T10:52:27","guid":{"rendered":"https:\/\/twsites.com.br\/novomigcenter\/?product=balanca-antropometrica-mecanica-ate-300kg"},"modified":"2016-09-13T10:52:27","modified_gmt":"2016-09-13T10:52:27","slug":"balanca-antropometrica-mecanica-ate-300kg","status":"publish","type":"product","link":"https:\/\/twsites.com.br\/novomigcenter\/?product=balanca-antropometrica-mecanica-ate-300kg","title":{"rendered":"Balan\u00e7a Antropom\u00e9trica Mec\u00e2nica (at\u00e9 300kg)"},"content":{"rendered":"<p><span style=\"line-height: 17.1428px;\">Balan\u00e7a mec\u00e2nica com estrutura e plataforma em a\u00e7o carbono SAE 1020 e pintura eletrost\u00e1tica branca, projetada com maior robustez e versatilidade para atender todas as necessidades de pesagens de pessoas.<\/span><\/p>\n<p><span style=\"line-height: 17.1428px;\"><br \/><\/span><\/p>\n<p><span style=\"line-height: 17.1428px;\">R\u00e9gua antropom\u00e9trica retr\u00e1til em alum\u00ednio anodizado para medir altura, cabe\u00e7ote ergon\u00f4mico em ABS que garante seguran\u00e7a ao paciente.<\/span><\/p>\n<p><span style=\"line-height: 17.1428px;\"><br \/><\/span><\/p>\n<p><span style=\"line-height: 17.1428px;\">\u00c9 um produto r\u00e1pido nas pesagens que proporciona efici\u00eancia e precis\u00e3o com alta durabilidade, baixa manuten\u00e7\u00e3o e design avan\u00e7ado.<\/span><\/p>\n<p><span style=\"line-height: 17.1428px;\"><br \/><\/span><\/p>\n<p><span style=\"line-height: 17.1428px;\">Adequado para cl\u00ednicas, consult\u00f3rios, ambulat\u00f3rios, laborat\u00f3rios, hospitais, escolas, posto de sa\u00fades, academias, clubes e etc.<\/span><\/p>\n","protected":false},"excerpt":{"rendered":"<p>Balan\u00e7a mec\u00e2nica com estrutura e plataforma em a\u00e7o carbono SAE 1020 e pintura eletrost\u00e1tica branca, projetada com maior robustez e versatilidade para atender todas as necessidades de pesagens de pessoas. R\u00e9gua antropom\u00e9trica retr\u00e1til em alum\u00ednio anodizado para medir altura, cabe\u00e7ote ergon\u00f4mico em ABS que garante seguran\u00e7a ao paciente. \u00c9 um produto r\u00e1pido nas pesagens que [&hellip;]<\/p>\n","protected":false},"featured_media":10581,"comment_status":"open","ping_status":"closed","template":"","meta":[],"product_brand":[],"product_cat":[297,440],"product_tag":[],"class_list":{"0":"post-10582","1":"product","2":"type-product","3":"status-publish","4":"has-post-thumbnail","6":"product_cat-balanca","7":"product_cat-maquinas","9":"first","10":"instock","11":"shipping-taxable","12":"purchasable","13":"product-type-simple"},"_links":{"self":[{"href":"https:\/\/twsites.com.br\/novomigcenter\/index.php?rest_route=\/wp\/v2\/product\/10582","targetHints":{"allow":["GET"]}}],"collection":[{"href":"https:\/\/twsites.com.br\/novomigcenter\/index.php?rest_route=\/wp\/v2\/product"}],"about":[{"href":"https:\/\/twsites.com.br\/novomigcenter\/index.php?rest_route=\/wp\/v2\/types\/product"}],"replies":[{"embeddable":true,"href":"https:\/\/twsites.com.br\/novomigcenter\/index.php?rest_route=%2Fwp%2Fv2%2Fcomments&post=10582"}],"wp:featuredmedia":[{"embeddable":true,"href":"https:\/\/twsites.com.br\/novomigcenter\/index.php?rest_route=\/wp\/v2\/media\/10581"}],"wp:attachment":[{"href":"https:\/\/twsites.com.br\/novomigcenter\/index.php?rest_route=%2Fwp%2Fv2%2Fmedia&parent=10582"}],"wp:term":[{"taxonomy":"product_brand","embeddable":true,"href":"https:\/\/twsites.com.br\/novomigcenter\/index.php?rest_route=%2Fwp%2Fv2%2Fproduct_brand&post=10582"},{"taxonomy":"product_cat","embeddable":true,"href":"https:\/\/twsites.com.br\/novomigcenter\/index.php?rest_route=%2Fwp%2Fv2%2Fproduct_cat&post=10582"},{"taxonomy":"product_tag","embeddable":true,"href":"https:\/\/twsites.com.br\/novomigcenter\/index.php?rest_route=%2Fwp%2Fv2%2Fproduct_tag&post=10582"}],"curies":[{"name":"wp","href":"https:\/\/api.w.org\/{rel}","templated":true}]}}