{"id":10590,"date":"2016-09-13T14:39:17","date_gmt":"2016-09-13T14:39:17","guid":{"rendered":"https:\/\/twsites.com.br\/novomigcenter\/?product=multiprocessadores-de-alimentos-metvisa-mpam-mpa-mpae"},"modified":"2016-09-13T14:39:17","modified_gmt":"2016-09-13T14:39:17","slug":"multiprocessadores-de-alimentos-metvisa-mpam-mpa-mpae","status":"publish","type":"product","link":"https:\/\/twsites.com.br\/novomigcenter\/?product=multiprocessadores-de-alimentos-metvisa-mpam-mpa-mpae","title":{"rendered":"Multiprocessadores de Alimentos"},"content":{"rendered":"<p><font face=\"Arial\"><span style=\"font-size: 14px;\">Utilidades:<\/span><\/font><\/p>\n<p><font face=\"Arial\"><span style=\"font-size: 14px;\">Fatiar, desfiar e ralar produtos alimentos diversos.<\/span><\/font><\/p>\n<table class=\"table table-bordered\" style=\"background-color: rgb(255, 255, 255); width: 1457px;\">\n<tbody>\n<tr>\n<td><font face=\"Arial\"><span style=\"font-size: 14px;\">Especifica\u00e7\u00f5es T\u00e9cnicas<\/span><\/font><\/td>\n<td><font face=\"Arial\"><span style=\"font-size: 14px;\">Altura (mm)<\/span><\/font><\/td>\n<td><font face=\"Arial\"><span style=\"font-size: 14px;\">Frente (mm)<\/span><\/font><\/td>\n<td><font face=\"Arial\"><span style=\"font-size: 14px;\">Profundidade (mm)<\/span><\/font><\/td>\n<td><font face=\"Arial\"><span style=\"font-size: 14px;\">Peso Liquido (kg)<\/span><\/font><\/td>\n<td><font face=\"Arial\"><span style=\"font-size: 14px;\">Potencia (CV\/W)<\/span><\/font><\/td>\n<td><font face=\"Arial\"><span style=\"font-size: 14px;\">Voltagem (V)<\/span><\/font><\/td>\n<td><font face=\"Arial\"><span style=\"font-size: 14px;\">Produ\u00e7\u00e3o (kg\/h)<\/span><\/font><\/td>\n<td><font face=\"Arial\"><span style=\"font-size: 14px;\">Disco (P\u00c7)<\/span><\/font><\/td>\n<td><font face=\"Arial\"><span style=\"font-size: 14px;\">Bocal Maior (mm)<\/span><\/font><\/td>\n<td><font face=\"Arial\"><span style=\"font-size: 14px;\">Bocal Menor (mm)<\/span><\/font><\/td>\n<\/tr>\n<tr>\n<td><font face=\"Arial\"><span style=\"font-size: 14px;\">MPAM<\/span><\/font><\/td>\n<td><font face=\"Arial\"><span style=\"font-size: 14px;\">555<\/span><\/font><\/td>\n<td><font face=\"Arial\"><span style=\"font-size: 14px;\">320<\/span><\/font><\/td>\n<td><font face=\"Arial\"><span style=\"font-size: 14px;\">440<\/span><\/font><\/td>\n<td><font face=\"Arial\"><span style=\"font-size: 14px;\">33,000<\/span><\/font><\/td>\n<td><font face=\"Arial\"><span style=\"font-size: 14px;\">0,5 \/ 368<\/span><\/font><\/td>\n<td><font face=\"Arial\"><span style=\"font-size: 14px;\">127 \/ 220<\/span><\/font><\/td>\n<td><font face=\"Arial\"><span style=\"font-size: 14px;\">180<\/span><\/font><\/td>\n<td><font face=\"Arial\"><span style=\"font-size: 14px;\">6<\/span><\/font><\/td>\n<td><font face=\"Arial\"><span style=\"font-size: 14px;\">125<\/span><\/font><\/td>\n<td><font face=\"Arial\"><span style=\"font-size: 14px;\">57<\/span><\/font><\/td>\n<\/tr>\n<tr>\n<td><font face=\"Arial\"><span style=\"font-size: 14px;\">MPA<\/span><\/font><\/td>\n<td><font face=\"Arial\"><span style=\"font-size: 14px;\">555<\/span><\/font><\/td>\n<td><font face=\"Arial\"><span style=\"font-size: 14px;\">320<\/span><\/font><\/td>\n<td><font face=\"Arial\"><span style=\"font-size: 14px;\">440<\/span><\/font><\/td>\n<td><font face=\"Arial\"><span style=\"font-size: 14px;\">33,000<\/span><\/font><\/td>\n<td><font face=\"Arial\"><span style=\"font-size: 14px;\">0,33 \/ 245<\/span><\/font><\/td>\n<td><font face=\"Arial\"><span style=\"font-size: 14px;\">127 \/ 220<\/span><br \/><\/font><\/td>\n<td><font face=\"Arial\"><span style=\"font-size: 14px;\">180<\/span><\/font><\/td>\n<td><font face=\"Arial\"><span style=\"font-size: 14px;\">2<\/span><\/font><\/td>\n<td><font face=\"Arial\"><span style=\"font-size: 14px;\">125<\/span><\/font><\/td>\n<td><font face=\"Arial\"><span style=\"font-size: 14px;\">57<\/span><\/font><\/td>\n<\/tr>\n<tr>\n<td><span style=\"color: inherit; font-size: 14px;\"><font face=\"Arial\">MPAE<\/font><\/span><\/td>\n<td><span style=\"color: inherit; font-size: 14px;\"><font face=\"Arial\">545<\/font><\/span><\/td>\n<td><span style=\"color: inherit; font-size: 14px;\"><font face=\"Arial\">310<\/font><\/span><\/td>\n<td><span style=\"color: inherit; font-size: 14px;\"><font face=\"Arial\">650<\/font><\/span><\/td>\n<td><span style=\"color: inherit; font-size: 14px;\"><font face=\"Arial\">18,500<\/font><\/span><\/td>\n<td><span style=\"color: inherit; font-size: 14px;\"><font face=\"Arial\">0,5 \/ 368<\/font><\/span><\/td>\n<td><span style=\"color: inherit;\"><font face=\"Arial\"><span style=\"font-size: 14px;\">127 ou 220<\/span><br \/><\/font><\/span><\/td>\n<td><span style=\"color: inherit;\"><font face=\"Arial\"><br \/><\/font><\/span><\/td>\n<td><span style=\"color: inherit;\"><font face=\"Arial\"><br \/><\/font><\/span><\/td>\n<td><span style=\"color: inherit;\"><font face=\"Arial\"><br \/><\/font><\/span><\/td>\n<td><font face=\"Arial\"><br \/><\/font><\/td>\n<\/tr>\n<\/tbody>\n<\/table>\n","protected":false},"excerpt":{"rendered":"<p>Utilidades: Fatiar, desfiar e ralar produtos alimentos diversos. Especifica\u00e7\u00f5es T\u00e9cnicas Altura (mm) Frente (mm) Profundidade (mm) Peso Liquido (kg) Potencia (CV\/W) Voltagem (V) Produ\u00e7\u00e3o (kg\/h) Disco (P\u00c7) Bocal Maior (mm) Bocal Menor (mm) MPAM 555 320 440 33,000 0,5 \/ 368 127 \/ 220 180 6 125 57 MPA 555 320 440 33,000 0,33 \/ [&hellip;]<\/p>\n","protected":false},"featured_media":10589,"comment_status":"open","ping_status":"closed","template":"","meta":[],"product_brand":[],"product_cat":[314],"product_tag":[],"class_list":{"0":"post-10590","1":"product","2":"type-product","3":"status-publish","4":"has-post-thumbnail","6":"product_cat-processador-de-alimentos","8":"first","9":"instock","10":"shipping-taxable","11":"purchasable","12":"product-type-simple"},"_links":{"self":[{"href":"https:\/\/twsites.com.br\/novomigcenter\/index.php?rest_route=\/wp\/v2\/product\/10590","targetHints":{"allow":["GET"]}}],"collection":[{"href":"https:\/\/twsites.com.br\/novomigcenter\/index.php?rest_route=\/wp\/v2\/product"}],"about":[{"href":"https:\/\/twsites.com.br\/novomigcenter\/index.php?rest_route=\/wp\/v2\/types\/product"}],"replies":[{"embeddable":true,"href":"https:\/\/twsites.com.br\/novomigcenter\/index.php?rest_route=%2Fwp%2Fv2%2Fcomments&post=10590"}],"wp:featuredmedia":[{"embeddable":true,"href":"https:\/\/twsites.com.br\/novomigcenter\/index.php?rest_route=\/wp\/v2\/media\/10589"}],"wp:attachment":[{"href":"https:\/\/twsites.com.br\/novomigcenter\/index.php?rest_route=%2Fwp%2Fv2%2Fmedia&parent=10590"}],"wp:term":[{"taxonomy":"product_brand","embeddable":true,"href":"https:\/\/twsites.com.br\/novomigcenter\/index.php?rest_route=%2Fwp%2Fv2%2Fproduct_brand&post=10590"},{"taxonomy":"product_cat","embeddable":true,"href":"https:\/\/twsites.com.br\/novomigcenter\/index.php?rest_route=%2Fwp%2Fv2%2Fproduct_cat&post=10590"},{"taxonomy":"product_tag","embeddable":true,"href":"https:\/\/twsites.com.br\/novomigcenter\/index.php?rest_route=%2Fwp%2Fv2%2Fproduct_tag&post=10590"}],"curies":[{"name":"wp","href":"https:\/\/api.w.org\/{rel}","templated":true}]}}