{"id":10592,"date":"2016-09-13T15:30:39","date_gmt":"2016-09-13T15:30:39","guid":{"rendered":"https:\/\/twsites.com.br\/novomigcenter\/?product=batedeira-para-massas-de-sorvetes"},"modified":"2016-09-13T15:30:39","modified_gmt":"2016-09-13T15:30:39","slug":"batedeira-para-massas-de-sorvetes","status":"publish","type":"product","link":"https:\/\/twsites.com.br\/novomigcenter\/?product=batedeira-para-massas-de-sorvetes","title":{"rendered":"Batedeira para massas de sorvetes"},"content":{"rendered":"<p>Ultilidade:<\/p>\n<\/p>\n<ul>\n<li>Cabe\u00e7otes para serem adaptados a balc\u00f5es de sorveteiros para produzir massas para sorvete.<\/li>\n<\/ul>\n<table class=\"table table-bordered\" style=\"background-color: rgb(255, 255, 255); width: 1457px;\">\n<tbody>\n<tr>\n<td>Especifica\u00e7\u00f5es Tecnicas<\/td>\n<td>Altura (mm)<\/td>\n<td>Frente (mm)<\/td>\n<td>Profundidade (mm)<\/td>\n<td>Peso Liquido (kg)<\/td>\n<td>Potencia (CV\/W)<\/td>\n<td>Voltagem (V)<\/td>\n<td>Capacidade (l)<\/td>\n<td>Rota\u00e7\u00e3o do Bojo (RPM)<\/td>\n<\/tr>\n<tr>\n<td>BMAI. 16<\/td>\n<td>890<\/td>\n<td>290<\/td>\n<td>560<\/td>\n<td>52,500<\/td>\n<td>0,33 \/ 245<\/td>\n<td>127 \/ 220<\/td>\n<td>16<\/td>\n<td>100<\/td>\n<\/tr>\n<\/tbody>\n<\/table>\n","protected":false},"excerpt":{"rendered":"<p>Ultilidade: Cabe\u00e7otes para serem adaptados a balc\u00f5es de sorveteiros para produzir massas para sorvete. Especifica\u00e7\u00f5es Tecnicas Altura (mm) Frente (mm) Profundidade (mm) Peso Liquido (kg) Potencia (CV\/W) Voltagem (V) Capacidade (l) Rota\u00e7\u00e3o do Bojo (RPM) BMAI. 16 890 290 560 52,500 0,33 \/ 245 127 \/ 220 16 100<\/p>\n","protected":false},"featured_media":10591,"comment_status":"open","ping_status":"closed","template":"","meta":[],"product_brand":[],"product_cat":[332],"product_tag":[],"class_list":{"0":"post-10592","1":"product","2":"type-product","3":"status-publish","4":"has-post-thumbnail","6":"product_cat-sorveteria","8":"first","9":"instock","10":"shipping-taxable","11":"purchasable","12":"product-type-simple"},"_links":{"self":[{"href":"https:\/\/twsites.com.br\/novomigcenter\/index.php?rest_route=\/wp\/v2\/product\/10592","targetHints":{"allow":["GET"]}}],"collection":[{"href":"https:\/\/twsites.com.br\/novomigcenter\/index.php?rest_route=\/wp\/v2\/product"}],"about":[{"href":"https:\/\/twsites.com.br\/novomigcenter\/index.php?rest_route=\/wp\/v2\/types\/product"}],"replies":[{"embeddable":true,"href":"https:\/\/twsites.com.br\/novomigcenter\/index.php?rest_route=%2Fwp%2Fv2%2Fcomments&post=10592"}],"wp:featuredmedia":[{"embeddable":true,"href":"https:\/\/twsites.com.br\/novomigcenter\/index.php?rest_route=\/wp\/v2\/media\/10591"}],"wp:attachment":[{"href":"https:\/\/twsites.com.br\/novomigcenter\/index.php?rest_route=%2Fwp%2Fv2%2Fmedia&parent=10592"}],"wp:term":[{"taxonomy":"product_brand","embeddable":true,"href":"https:\/\/twsites.com.br\/novomigcenter\/index.php?rest_route=%2Fwp%2Fv2%2Fproduct_brand&post=10592"},{"taxonomy":"product_cat","embeddable":true,"href":"https:\/\/twsites.com.br\/novomigcenter\/index.php?rest_route=%2Fwp%2Fv2%2Fproduct_cat&post=10592"},{"taxonomy":"product_tag","embeddable":true,"href":"https:\/\/twsites.com.br\/novomigcenter\/index.php?rest_route=%2Fwp%2Fv2%2Fproduct_tag&post=10592"}],"curies":[{"name":"wp","href":"https:\/\/api.w.org\/{rel}","templated":true}]}}