{"id":10602,"date":"2016-11-30T11:49:56","date_gmt":"2016-11-30T11:49:56","guid":{"rendered":"https:\/\/twsites.com.br\/novomigcenter\/?product=expositor-vertical-frigorifico-acougue-210"},"modified":"2016-11-30T11:49:56","modified_gmt":"2016-11-30T11:49:56","slug":"expositor-vertical-frigorifico-acougue-210","status":"publish","type":"product","link":"https:\/\/twsites.com.br\/novomigcenter\/?product=expositor-vertical-frigorifico-acougue-210","title":{"rendered":"Expositor Vertical Frigor\u00edfico A\u00e7ougue &#8211; 210"},"content":{"rendered":"<p><strong class=\"tit-bloco-desc\" style=\"outline: transparent none medium; -webkit-font-smoothing: antialiased; text-rendering: optimizeLegibility; color: rgb(76, 76, 76); font-family: alegreya_sansregular; font-size: 15px;\"><br \/><\/strong><\/p>\n<p><font face=\"Arial\"><strong class=\"tit-bloco-desc\" style=\"outline: transparent none medium; -webkit-font-smoothing: antialiased; text-rendering: optimizelegibility; color: rgb(76, 76, 76); font-size: 15px;\"><span style=\"font-size: 14px;\">Descri\u00e7\u00e3o do Produto<\/span><\/strong><span style=\"color: rgb(76, 76, 76); font-size: 15px;\"><\/span><\/font><\/p>\n<p style=\"margin-bottom: 0px; outline: 0px; -webkit-font-smoothing: antialiased; text-rendering: optimizelegibility; border: 0px; font-size: 15px; padding: 0px; vertical-align: baseline; color: rgb(76, 76, 76);\"><font face=\"Arial\"><br \/><\/font><\/p>\n<p style=\"margin-bottom: 0px; outline: 0px; -webkit-font-smoothing: antialiased; text-rendering: optimizelegibility; border: 0px; padding: 0px; vertical-align: baseline;\"><font face=\"Arial\" style=\"\"><span style=\"color: rgb(76, 76, 76); font-size: 14px;\">Refrigera\u00e7\u00e3o e exposi\u00e7\u00e3o de carnes (n\u00e3o congeladas)<\/span><br style=\"outline: transparent none medium; -webkit-font-smoothing: antialiased; text-rendering: optimizeLegibility;\"><\/font><\/p>\n<p style=\"margin-bottom: 0px; outline: 0px; -webkit-font-smoothing: antialiased; text-rendering: optimizelegibility; border: 0px; padding: 0px; vertical-align: baseline;\"><font face=\"Arial\" style=\"\"><br style=\"outline: transparent none medium; -webkit-font-smoothing: antialiased; text-rendering: optimizeLegibility;\"><span style=\"color: rgb(76, 76, 76); font-size: 14px;\"><b>Temperatura: <\/b>+1\u00b0 a +7\u00b0C<\/span><br style=\"outline: transparent none medium; -webkit-font-smoothing: antialiased; text-rendering: optimizeLegibility;\"><span style=\"color: rgb(76, 76, 76); font-size: 14px;\"><b>Refrigera\u00e7\u00e3o:<\/b> Est\u00e1tica com 2 serpentinas aletadas e 1 serpentina embutida na base<\/span><br style=\"outline: transparent none medium; -webkit-font-smoothing: antialiased; text-rendering: optimizeLegibility;\"><span style=\"color: rgb(76, 76, 76); font-size: 14px;\"><b>Degelo:<\/b> Manual<\/span><br style=\"outline: transparent none medium; -webkit-font-smoothing: antialiased; text-rendering: optimizeLegibility;\"><span style=\"color: rgb(76, 76, 76); font-size: 14px;\"><b>Controle de Temperatura: <\/b>Termostato<\/span><br style=\"outline: transparent none medium; -webkit-font-smoothing: antialiased; text-rendering: optimizeLegibility;\"><font color=\"#4c4c4c\"><span style=\"font-size: 14px;\">Term\u00f4metro:&nbsp;digital<\/span><\/font><br style=\"outline: transparent none medium; -webkit-font-smoothing: antialiased; text-rendering: optimizeLegibility;\"><span style=\"color: rgb(76, 76, 76); font-size: 14px;\">Dep\u00f3sito refrigerado<\/span><br style=\"outline: transparent none medium; -webkit-font-smoothing: antialiased; text-rendering: optimizeLegibility;\"><\/font><\/p>\n<p style=\"margin-bottom: 0px; outline: 0px; -webkit-font-smoothing: antialiased; text-rendering: optimizelegibility; border: 0px; padding: 0px; vertical-align: baseline;\"><font face=\"Arial\" style=\"\"><br style=\"outline: transparent none medium; -webkit-font-smoothing: antialiased; text-rendering: optimizeLegibility;\"><span style=\"color: rgb(76, 76, 76); font-size: 14px;\"><b>Ilumina\u00e7\u00e3o:<\/b> Fluorescente (interna na parte superior e na parte inferior), com interruptor<\/span><\/font><\/p>\n<p style=\"margin-bottom: 0px; outline: 0px; -webkit-font-smoothing: antialiased; text-rendering: optimizelegibility; border: 0px; padding: 0px; vertical-align: baseline;\"><font face=\"Arial\" style=\"\"><span style=\"color: rgb(76, 76, 76); font-size: 14px;\"><b>Prateleira:<\/b> 1 n\u00edvel, aramada, regul\u00e1vel e inclin\u00e1vel<\/span><br style=\"outline: transparent none medium; -webkit-font-smoothing: antialiased; text-rendering: optimizeLegibility;\"><span style=\"color: rgb(76, 76, 76); font-size: 14px;\">P\u00e9s regul\u00e1veis<\/span><\/font><\/p>\n<p style=\"margin-bottom: 0px; outline: 0px; -webkit-font-smoothing: antialiased; text-rendering: optimizelegibility; border: 0px; padding: 0px; vertical-align: baseline;\"><font face=\"Arial\" style=\"\"><span style=\"color: rgb(76, 76, 76); font-size: 14px;\"><b>Portas: <\/b>Cegas na parte inferior e vidros deslizantes na parte superior<\/span><br style=\"outline: transparent none medium; -webkit-font-smoothing: antialiased; text-rendering: optimizeLegibility;\"><span style=\"color: rgb(76, 76, 76); font-size: 14px;\">Revestimento externo chapa cinza e interno chapa branca<\/span><\/font><\/p>\n<p style=\"margin-bottom: 0px; outline: 0px; -webkit-font-smoothing: antialiased; text-rendering: optimizelegibility; border: 0px; padding: 0px; vertical-align: baseline;\"><font face=\"Arial\" style=\"\"><span style=\"color: rgb(76, 76, 76); font-size: 14px;\"><b>2 Op\u00e7\u00f5es de Cores: <\/b>Cabeceira em PSAI vermelho (padr\u00e3o) e Cabeceira em PSAI cinza (opcional)<\/span><br style=\"outline: transparent none medium; -webkit-font-smoothing: antialiased; text-rendering: optimizeLegibility;\"><span style=\"color: rgb(76, 76, 76); font-size: 14px;\">Tendal duplo de alum\u00ednio com ganchos<\/span><br style=\"outline: transparent none medium; -webkit-font-smoothing: antialiased; text-rendering: optimizeLegibility;\"><span style=\"color: rgb(76, 76, 76); font-size: 14px;\">Base com estrado aramado<\/span><br style=\"outline: transparent none medium; -webkit-font-smoothing: antialiased; text-rendering: optimizeLegibility;\"><span style=\"color: rgb(76, 76, 76); font-size: 14px;\">Laterais com vidro duplo temperado<\/span><br style=\"outline: transparent none medium; -webkit-font-smoothing: antialiased; text-rendering: optimizeLegibility;\"><span style=\"color: rgb(76, 76, 76); font-size: 14px;\">Vidros temperados sujeitos a condensa\u00e7\u00e3o da umidade do ar<\/span><br style=\"outline: transparent none medium; -webkit-font-smoothing: antialiased; text-rendering: optimizeLegibility;\"><\/font><\/p>\n<p style=\"margin-bottom: 0px; outline: 0px; -webkit-font-smoothing: antialiased; text-rendering: optimizelegibility; border: 0px; font-size: 15px; padding: 0px; vertical-align: baseline; color: rgb(76, 76, 76);\"><font face=\"Arial\"><br style=\"outline: transparent none medium; -webkit-font-smoothing: antialiased; text-rendering: optimizeLegibility;\"><span style=\"font-size: 14px;\"><b>Obs: <\/b>6 bandejas (304x573x30mm) em a\u00e7o inox 430 para exposi\u00e7\u00e3o na base acompanham o produto<\/span><\/font><\/p>\n<p style=\"margin-bottom: 0px; outline: 0px; -webkit-font-smoothing: antialiased; text-rendering: optimizelegibility; border: 0px; font-size: 15px; padding: 0px; vertical-align: baseline; color: rgb(76, 76, 76);\"><font face=\"Arial\"><br \/><\/font><\/p>\n<table class=\"table table-bordered\" style=\"background-color: rgb(255, 255, 255); width: 693px;\">\n<tbody>\n<tr>\n<td><font face=\"Arial\"><span style=\"font-size: 12px;\">Frente(mm)<\/span><br \/><\/font><\/td>\n<td><font face=\"Arial\"><span style=\"font-size: 12px;\">2106<\/span><\/font><\/td>\n<\/tr>\n<tr>\n<td><font face=\"Arial\"><span style=\"font-size: 12px;\">Profundidade(mm)<\/span><br \/><\/font><\/td>\n<td><font face=\"Arial\"><span style=\"font-size: 12px;\">830<\/span><\/font><\/td>\n<\/tr>\n<tr>\n<td><font face=\"Arial\"><span style=\"font-size: 12px;\">Profundidade(mm)<\/span><br \/><\/font><\/td>\n<td><font face=\"Arial\"><span style=\"font-size: 12px;\">2203<\/span><\/font><\/td>\n<\/tr>\n<tr>\n<td><font face=\"Arial\"><span style=\"font-size: 12px;\">Peso bruto(kg)<\/span><br \/><\/font><\/td>\n<td><font face=\"Arial\"><span style=\"font-size: 12px;\">380<\/span><\/font><\/td>\n<\/tr>\n<tr>\n<td><font face=\"Arial\"><span style=\"font-size: 12px;\">Tens\u00e3o(V)<\/span><br \/><\/font><\/td>\n<td><font face=\"Arial\"><span style=\"font-size: 12px;\">127 \/ 220<\/span><\/font><\/td>\n<\/tr>\n<tr>\n<td><font face=\"Arial\"><span style=\"font-size: 12px;\">Frequ\u00eancia(Hz)<\/span><br \/><\/font><\/td>\n<td><font face=\"Arial\"><span style=\"font-size: 12px;\">60 \/ 50 ou 60<\/span><\/font><\/td>\n<\/tr>\n<tr>\n<td><font face=\"Arial\"><span style=\"font-size: 12px;\">Consumo kWh\/dia(60Hz)<\/span><br \/><\/font><\/td>\n<td><font face=\"Arial\"><span style=\"font-size: 12px;\">22,78<\/span><\/font><\/td>\n<\/tr>\n<tr>\n<td><font face=\"Arial\"><span style=\"font-size: 12px;\">Classe<\/span><br \/><\/font><\/td>\n<td><font face=\"Arial\"><span style=\"font-size: 12px;\">4<\/span><\/p>\n<p><\/font><\/td>\n<\/tr>\n<\/tbody>\n<\/table>\n","protected":false},"excerpt":{"rendered":"<p>Descri\u00e7\u00e3o do Produto Refrigera\u00e7\u00e3o e exposi\u00e7\u00e3o de carnes (n\u00e3o congeladas) Temperatura: +1\u00b0 a +7\u00b0CRefrigera\u00e7\u00e3o: Est\u00e1tica com 2 serpentinas aletadas e 1 serpentina embutida na baseDegelo: ManualControle de Temperatura: TermostatoTerm\u00f4metro:&nbsp;digitalDep\u00f3sito refrigerado Ilumina\u00e7\u00e3o: Fluorescente (interna na parte superior e na parte inferior), com interruptor Prateleira: 1 n\u00edvel, aramada, regul\u00e1vel e inclin\u00e1velP\u00e9s regul\u00e1veis Portas: Cegas na parte inferior [&hellip;]<\/p>\n","protected":false},"featured_media":10599,"comment_status":"open","ping_status":"closed","template":"","meta":[],"product_brand":[],"product_cat":[359,419,435],"product_tag":[],"class_list":{"0":"post-10602","1":"product","2":"type-product","3":"status-publish","4":"has-post-thumbnail","6":"product_cat-balcao-expositor","7":"product_cat-linha-gelopar","8":"product_cat-acougue","10":"first","11":"instock","12":"shipping-taxable","13":"purchasable","14":"product-type-simple"},"_links":{"self":[{"href":"https:\/\/twsites.com.br\/novomigcenter\/index.php?rest_route=\/wp\/v2\/product\/10602","targetHints":{"allow":["GET"]}}],"collection":[{"href":"https:\/\/twsites.com.br\/novomigcenter\/index.php?rest_route=\/wp\/v2\/product"}],"about":[{"href":"https:\/\/twsites.com.br\/novomigcenter\/index.php?rest_route=\/wp\/v2\/types\/product"}],"replies":[{"embeddable":true,"href":"https:\/\/twsites.com.br\/novomigcenter\/index.php?rest_route=%2Fwp%2Fv2%2Fcomments&post=10602"}],"wp:featuredmedia":[{"embeddable":true,"href":"https:\/\/twsites.com.br\/novomigcenter\/index.php?rest_route=\/wp\/v2\/media\/10599"}],"wp:attachment":[{"href":"https:\/\/twsites.com.br\/novomigcenter\/index.php?rest_route=%2Fwp%2Fv2%2Fmedia&parent=10602"}],"wp:term":[{"taxonomy":"product_brand","embeddable":true,"href":"https:\/\/twsites.com.br\/novomigcenter\/index.php?rest_route=%2Fwp%2Fv2%2Fproduct_brand&post=10602"},{"taxonomy":"product_cat","embeddable":true,"href":"https:\/\/twsites.com.br\/novomigcenter\/index.php?rest_route=%2Fwp%2Fv2%2Fproduct_cat&post=10602"},{"taxonomy":"product_tag","embeddable":true,"href":"https:\/\/twsites.com.br\/novomigcenter\/index.php?rest_route=%2Fwp%2Fv2%2Fproduct_tag&post=10602"}],"curies":[{"name":"wp","href":"https:\/\/api.w.org\/{rel}","templated":true}]}}