{"id":10606,"date":"2016-11-30T15:36:20","date_gmt":"2016-11-30T15:36:20","guid":{"rendered":"https:\/\/twsites.com.br\/novomigcenter\/?product=e8-inox-total-caf"},"modified":"2016-11-30T15:36:20","modified_gmt":"2016-11-30T15:36:20","slug":"e8-inox-total-caf","status":"publish","type":"product","link":"https:\/\/twsites.com.br\/novomigcenter\/?product=e8-inox-total-caf","title":{"rendered":"ensacadeira-manual-e8 inox"},"content":{"rendered":"<p class=\"MsoNormal\">Detalhes construtivos<\/p>\n<p class=\"MsoNormal\">\n<ul>\n<li>Tubo de a\u00e7o estanhado com parede de 3mm<\/li>\n<li>Engrenagens de a\u00e7o que possibilitam ensacar massa resfriada<\/li>\n<li>Sistema de redu\u00e7\u00e3o equilibrado, proporcionando movimentos leves ao operador<\/li>\n<li>Capacidade para 8 litros de massa na vers\u00e3o E-8<\/li>\n<\/ul>\n<p class=\"MsoNormal\"><o:p><\/o:p><\/p>\n<p class=\"MsoNormal\"><o:p><\/o:p><\/p>\n<p class=\"MsoNormal\"><o:p><\/o:p><\/p>\n<p class=\"MsoNormal\"><o:p><\/o:p><\/p>\n<table class=\"table table-bordered\">\n<tbody>\n<tr>\n<td>Peso L\u00edquido<\/td>\n<td>32 kg<\/td>\n<\/tr>\n<tr>\n<td>Peso Bruto<\/td>\n<td>37 kg<\/td>\n<\/tr>\n<\/tbody>\n<\/table>\n","protected":false},"excerpt":{"rendered":"<p>Detalhes construtivos Tubo de a\u00e7o estanhado com parede de 3mm Engrenagens de a\u00e7o que possibilitam ensacar massa resfriada Sistema de redu\u00e7\u00e3o equilibrado, proporcionando movimentos leves ao operador Capacidade para 8 litros de massa na vers\u00e3o E-8 Peso L\u00edquido 32 kg Peso Bruto 37 kg<\/p>\n","protected":false},"featured_media":10605,"comment_status":"open","ping_status":"closed","template":"","meta":[],"product_brand":[],"product_cat":[360],"product_tag":[],"class_list":{"0":"post-10606","1":"product","2":"type-product","3":"status-publish","4":"has-post-thumbnail","6":"product_cat-ensacadeira-de-linguica","8":"first","9":"instock","10":"shipping-taxable","11":"purchasable","12":"product-type-simple"},"_links":{"self":[{"href":"https:\/\/twsites.com.br\/novomigcenter\/index.php?rest_route=\/wp\/v2\/product\/10606","targetHints":{"allow":["GET"]}}],"collection":[{"href":"https:\/\/twsites.com.br\/novomigcenter\/index.php?rest_route=\/wp\/v2\/product"}],"about":[{"href":"https:\/\/twsites.com.br\/novomigcenter\/index.php?rest_route=\/wp\/v2\/types\/product"}],"replies":[{"embeddable":true,"href":"https:\/\/twsites.com.br\/novomigcenter\/index.php?rest_route=%2Fwp%2Fv2%2Fcomments&post=10606"}],"wp:featuredmedia":[{"embeddable":true,"href":"https:\/\/twsites.com.br\/novomigcenter\/index.php?rest_route=\/wp\/v2\/media\/10605"}],"wp:attachment":[{"href":"https:\/\/twsites.com.br\/novomigcenter\/index.php?rest_route=%2Fwp%2Fv2%2Fmedia&parent=10606"}],"wp:term":[{"taxonomy":"product_brand","embeddable":true,"href":"https:\/\/twsites.com.br\/novomigcenter\/index.php?rest_route=%2Fwp%2Fv2%2Fproduct_brand&post=10606"},{"taxonomy":"product_cat","embeddable":true,"href":"https:\/\/twsites.com.br\/novomigcenter\/index.php?rest_route=%2Fwp%2Fv2%2Fproduct_cat&post=10606"},{"taxonomy":"product_tag","embeddable":true,"href":"https:\/\/twsites.com.br\/novomigcenter\/index.php?rest_route=%2Fwp%2Fv2%2Fproduct_tag&post=10606"}],"curies":[{"name":"wp","href":"https:\/\/api.w.org\/{rel}","templated":true}]}}