{"id":10608,"date":"2016-11-30T15:51:26","date_gmt":"2016-11-30T15:51:26","guid":{"rendered":"https:\/\/twsites.com.br\/novomigcenter\/?product=e-8-parcial-inox-caf-maquinas"},"modified":"2016-11-30T15:51:26","modified_gmt":"2016-11-30T15:51:26","slug":"e-8-parcial-inox-caf-maquinas","status":"publish","type":"product","link":"https:\/\/twsites.com.br\/novomigcenter\/?product=e-8-parcial-inox-caf-maquinas","title":{"rendered":"Ensacadeira Manual E-8 Parcial Inox"},"content":{"rendered":"<h3 class=\"ult-responsive\" data-ultimate-target=\"#Info-list-wrap-6526 h3\" data-responsive-json-new=\"{&quot;font-size&quot;:&quot;desktop:16px;&quot;,&quot;line-height&quot;:&quot;desktop:24px;&quot;}\" style=\"font-family: Ubuntu; line-height: 24px; color: rgb(58, 58, 58); margin-right: 0px; margin-bottom: 0px; margin-left: 0px; font-size: 16px; padding: 0px; font-stretch: normal; clear: none !important;\">Detalhes construtivos<\/h3>\n<div class=\"icon_description_text ult-responsive\" data-ultimate-target=\"#Info-list-wrap-6526 .icon_description_text\" data-responsive-json-new=\"{&quot;font-size&quot;:&quot;desktop:13px;&quot;,&quot;line-height&quot;:&quot;desktop:18px;&quot;}\" style=\"padding: 0px; margin: 0px; line-height: 18px;\">\n<ol style=\"margin-right: 0px; margin-bottom: 10px; margin-left: 20px; color: rgb(136, 136, 136); font-family: Ubuntu; font-size: 13px; padding: 0px; list-style-position: initial; list-style-image: none;\">\n<li style=\"padding: 0px; margin: 0px;\">Tubo de a\u00e7o inox&nbsp;com parede de 2 mm<\/li>\n<li style=\"padding: 0px; margin: 0px;\">Engrenagens de a\u00e7o que possibilitam ensacar massa resfriada<\/li>\n<li style=\"padding: 0px; margin: 0px;\">Sistema de redu\u00e7\u00e3o equilibrado, proporcionando movimentos leves ao operador<\/li>\n<li style=\"padding: 0px; margin: 0px;\">Capacidade para 8 litros de massa na vers\u00e3o E-8<\/li>\n<\/ol>\n<p><span style=\"color: rgb(136, 136, 136); font-family: Ubuntu; font-size: 13px;\"><br \/><\/span><\/div>\n<table class=\"table table-bordered\" style=\"background-color: rgb(255, 255, 255); width: 710px;\">\n<tbody>\n<tr>\n<td>Peso l\u00edquido<\/td>\n<td>27 kg<\/td>\n<\/tr>\n<tr>\n<td>Peso bruto<\/td>\n<td>32 kg<\/td>\n<\/tr>\n<\/tbody>\n<\/table>\n","protected":false},"excerpt":{"rendered":"<p>Detalhes construtivos Tubo de a\u00e7o inox&nbsp;com parede de 2 mm Engrenagens de a\u00e7o que possibilitam ensacar massa resfriada Sistema de redu\u00e7\u00e3o equilibrado, proporcionando movimentos leves ao operador Capacidade para 8 litros de massa na vers\u00e3o E-8 Peso l\u00edquido 27 kg Peso bruto 32 kg<\/p>\n","protected":false},"featured_media":10607,"comment_status":"open","ping_status":"closed","template":"","meta":[],"product_brand":[],"product_cat":[360],"product_tag":[],"class_list":{"0":"post-10608","1":"product","2":"type-product","3":"status-publish","4":"has-post-thumbnail","6":"product_cat-ensacadeira-de-linguica","8":"first","9":"instock","10":"shipping-taxable","11":"purchasable","12":"product-type-simple"},"_links":{"self":[{"href":"https:\/\/twsites.com.br\/novomigcenter\/index.php?rest_route=\/wp\/v2\/product\/10608","targetHints":{"allow":["GET"]}}],"collection":[{"href":"https:\/\/twsites.com.br\/novomigcenter\/index.php?rest_route=\/wp\/v2\/product"}],"about":[{"href":"https:\/\/twsites.com.br\/novomigcenter\/index.php?rest_route=\/wp\/v2\/types\/product"}],"replies":[{"embeddable":true,"href":"https:\/\/twsites.com.br\/novomigcenter\/index.php?rest_route=%2Fwp%2Fv2%2Fcomments&post=10608"}],"wp:featuredmedia":[{"embeddable":true,"href":"https:\/\/twsites.com.br\/novomigcenter\/index.php?rest_route=\/wp\/v2\/media\/10607"}],"wp:attachment":[{"href":"https:\/\/twsites.com.br\/novomigcenter\/index.php?rest_route=%2Fwp%2Fv2%2Fmedia&parent=10608"}],"wp:term":[{"taxonomy":"product_brand","embeddable":true,"href":"https:\/\/twsites.com.br\/novomigcenter\/index.php?rest_route=%2Fwp%2Fv2%2Fproduct_brand&post=10608"},{"taxonomy":"product_cat","embeddable":true,"href":"https:\/\/twsites.com.br\/novomigcenter\/index.php?rest_route=%2Fwp%2Fv2%2Fproduct_cat&post=10608"},{"taxonomy":"product_tag","embeddable":true,"href":"https:\/\/twsites.com.br\/novomigcenter\/index.php?rest_route=%2Fwp%2Fv2%2Fproduct_tag&post=10608"}],"curies":[{"name":"wp","href":"https:\/\/api.w.org\/{rel}","templated":true}]}}