{"id":10626,"date":"2016-12-01T14:29:39","date_gmt":"2016-12-01T14:29:39","guid":{"rendered":"https:\/\/twsites.com.br\/novomigcenter\/?product=caf-8"},"modified":"2016-12-01T14:29:39","modified_gmt":"2016-12-01T14:29:39","slug":"caf-8","status":"publish","type":"product","link":"https:\/\/twsites.com.br\/novomigcenter\/?product=caf-8","title":{"rendered":"Picador de carne CAF 8 &#8211; Inox"},"content":{"rendered":"<p style=\"text-align: justify; \"><span style=\"color: rgb(153, 153, 153); font-size: 18px;\"><font face=\"Arial\">O picador de carne CAF 8 Inox \u00e9 um equipamento indicado para uso dom\u00e9stico, lanchonetes, hot\u00e9is, restaurantes e outros. A capa e a&nbsp;bandeja s\u00e3o produzidas em a\u00e7o inox. O redutor possui 4 engrenagens helicoidais extremamente resistentes e silenciosas que trabalham imersas em banho de \u00f3leo proporcionando grande durabilidade. O bocal \u00e9 produzido em ferro fundido estanhado. Projetado com 3 ranhuras que lhe proporciona \u00f3timo desempenho na moagem de carne. O caracol e o volante s\u00e3o produzidos em ferro fundido nodular estanhado. Os discos s\u00e3o fabricados em a\u00e7o com tratamento t\u00e9rmico para maior durabilidade. Uma caracter\u00edstica importante s\u00e3o as cruzetas que s\u00e3o feitas em a\u00e7o CRV microfundido. Possuem tratamento t\u00e9rmico e design projetado para que se mantenha sempre afiada.<\/font><\/span><\/p>\n<p style=\"text-align: justify;\"><span style=\"color: rgb(153, 153, 153); font-size: 18px;\"><font face=\"Arial\"><br \/><\/font><\/span><\/p>\n<table class=\"table table-bordered\" style=\"text-align: justify; background-color: rgb(255, 255, 255); width: 693px;\">\n<tbody>\n<tr>\n<td>\n<h3 class=\"ult-responsive\" data-ultimate-target=\"#Info-list-wrap-7483 h3\" data-responsive-json-new=\"{&quot;font-size&quot;:&quot;desktop:16px;&quot;,&quot;line-height&quot;:&quot;desktop:24px;&quot;}\" style=\"line-height: 24px; color: rgb(58, 58, 58); margin-right: 0px; margin-bottom: 0px; margin-left: 0px; font-size: 16px; padding: 0px; font-stretch: normal; clear: none !important;\"><font face=\"Arial\">Motor<\/font><\/h3>\n<\/td>\n<td><font face=\"Arial\">0,25 kW (1\/3 cv)<br \/><\/font><\/td>\n<\/tr>\n<tr>\n<td>\n<h3 class=\"ult-responsive\" data-ultimate-target=\"#Info-list-wrap-7233 h3\" data-responsive-json-new=\"{&quot;font-size&quot;:&quot;desktop:16px;&quot;,&quot;line-height&quot;:&quot;desktop:24px;&quot;}\" style=\"line-height: 24px; color: rgb(58, 58, 58); margin-right: 0px; margin-bottom: 0px; margin-left: 0px; font-size: 16px; padding: 0px; font-stretch: normal; clear: none !important;\"><font face=\"Arial\">Fase<\/font><\/h3>\n<\/td>\n<td><font face=\"Arial\">1<br \/><\/font><\/td>\n<\/tr>\n<tr>\n<td>\n<h3 class=\"ult-responsive\" data-ultimate-target=\"#Info-list-wrap-4162 h3\" data-responsive-json-new=\"{&quot;font-size&quot;:&quot;desktop:16px;&quot;,&quot;line-height&quot;:&quot;desktop:24px;&quot;}\" style=\"line-height: 24px; color: rgb(58, 58, 58); margin-right: 0px; margin-bottom: 0px; margin-left: 0px; font-size: 16px; padding: 0px; font-stretch: normal; clear: none !important;\"><font face=\"Arial\">Voltagem<\/font><\/h3>\n<\/td>\n<td><font face=\"Arial\">127\/220<br \/><\/font><\/td>\n<\/tr>\n<tr>\n<td>\n<h3 class=\"ult-responsive\" data-ultimate-target=\"#Info-list-wrap-7781 h3\" data-responsive-json-new=\"{&quot;font-size&quot;:&quot;desktop:16px;&quot;,&quot;line-height&quot;:&quot;desktop:24px;&quot;}\" style=\"line-height: 24px; color: rgb(58, 58, 58); margin-right: 0px; margin-bottom: 0px; margin-left: 0px; font-size: 16px; padding: 0px; font-stretch: normal; clear: none !important;\"><font face=\"Arial\">Hz<\/font><\/h3>\n<\/td>\n<td><font face=\"Arial\">50\/60<br \/><\/font><\/td>\n<\/tr>\n<tr>\n<td>\n<h3 class=\"ult-responsive\" data-ultimate-target=\"#Info-list-wrap-4736 h3\" data-responsive-json-new=\"{&quot;font-size&quot;:&quot;desktop:16px;&quot;,&quot;line-height&quot;:&quot;desktop:24px;&quot;}\" style=\"line-height: 24px; color: rgb(58, 58, 58); margin-right: 0px; margin-bottom: 0px; margin-left: 0px; font-size: 16px; padding: 0px; font-stretch: normal; clear: none !important;\"><font face=\"Arial\">Consumo<\/font><\/h3>\n<\/td>\n<td><font face=\"Arial\">0,40 kWh<br \/><\/font><\/td>\n<\/tr>\n<tr>\n<td>\n<h3 class=\"ult-responsive\" data-ultimate-target=\"#Info-list-wrap-9728 h3\" data-responsive-json-new=\"{&quot;font-size&quot;:&quot;desktop:16px;&quot;,&quot;line-height&quot;:&quot;desktop:24px;&quot;}\" style=\"line-height: 24px; color: rgb(58, 58, 58); margin-right: 0px; margin-bottom: 0px; margin-left: 0px; font-size: 16px; padding: 0px; font-stretch: normal; clear: none !important;\"><font face=\"Arial\">Comprimento<\/font><\/h3>\n<\/td>\n<td><font face=\"Arial\">495 mm<br \/><\/font><\/td>\n<\/tr>\n<tr>\n<td>\n<h3 class=\"ult-responsive\" data-ultimate-target=\"#Info-list-wrap-8433 h3\" data-responsive-json-new=\"{&quot;font-size&quot;:&quot;desktop:16px;&quot;,&quot;line-height&quot;:&quot;desktop:24px;&quot;}\" style=\"line-height: 24px; color: rgb(58, 58, 58); margin-right: 0px; margin-bottom: 0px; margin-left: 0px; font-size: 16px; padding: 0px; font-stretch: normal; clear: none !important;\"><font face=\"Arial\">Largura<\/font><\/h3>\n<\/td>\n<td><font face=\"Arial\">260 mm<br \/><\/font><\/td>\n<\/tr>\n<tr>\n<td>\n<h3 class=\"ult-responsive\" data-ultimate-target=\"#Info-list-wrap-7937 h3\" data-responsive-json-new=\"{&quot;font-size&quot;:&quot;desktop:16px;&quot;,&quot;line-height&quot;:&quot;desktop:24px;&quot;}\" style=\"line-height: 24px; color: rgb(58, 58, 58); margin-right: 0px; margin-bottom: 0px; margin-left: 0px; font-size: 16px; padding: 0px; font-stretch: normal; clear: none !important;\"><font face=\"Arial\">Altura<\/font><\/h3>\n<\/td>\n<td><font face=\"Arial\">380 mm<br \/><\/font><\/td>\n<\/tr>\n<tr>\n<td>\n<h3 class=\"ult-responsive\" data-ultimate-target=\"#Info-list-wrap-3250 h3\" data-responsive-json-new=\"{&quot;font-size&quot;:&quot;desktop:16px;&quot;,&quot;line-height&quot;:&quot;desktop:24px;&quot;}\" style=\"line-height: 24px; color: rgb(58, 58, 58); margin-right: 0px; margin-bottom: 0px; margin-left: 0px; font-size: 16px; padding: 0px; font-stretch: normal; clear: none !important;\"><font face=\"Arial\">Altura at\u00e9 centro disco<\/font><\/h3>\n<\/td>\n<td><font face=\"Arial\">122 mm<br \/><\/font><\/td>\n<\/tr>\n<tr>\n<td>\n<h3 class=\"ult-responsive\" data-ultimate-target=\"#Info-list-wrap-3537 h3\" data-responsive-json-new=\"{&quot;font-size&quot;:&quot;desktop:16px;&quot;,&quot;line-height&quot;:&quot;desktop:24px;&quot;}\" style=\"line-height: 24px; color: rgb(58, 58, 58); margin-right: 0px; margin-bottom: 0px; margin-left: 0px; font-size: 16px; padding: 0px; font-stretch: normal; clear: none !important;\"><font face=\"Arial\">Capacidade D-5mm<\/font><\/h3>\n<\/td>\n<td><font face=\"Arial\">at\u00e9 60 kg\/h<br \/><\/font><\/td>\n<\/tr>\n<tr>\n<td>\n<h3 class=\"ult-responsive\" data-ultimate-target=\"#Info-list-wrap-7833 h3\" data-responsive-json-new=\"{&quot;font-size&quot;:&quot;desktop:16px;&quot;,&quot;line-height&quot;:&quot;desktop:24px;&quot;}\" style=\"line-height: 24px; color: rgb(58, 58, 58); margin-right: 0px; margin-bottom: 0px; margin-left: 0px; font-size: 16px; padding: 0px; font-stretch: normal; clear: none !important;\"><font face=\"Arial\">Peso l\u00edquido<\/font><\/h3>\n<\/td>\n<td><font face=\"Arial\">14 kg<br \/><\/font><\/td>\n<\/tr>\n<tr>\n<td>\n<h3 class=\"ult-responsive\" data-ultimate-target=\"#Info-list-wrap-1511 h3\" data-responsive-json-new=\"{&quot;font-size&quot;:&quot;desktop:16px;&quot;,&quot;line-height&quot;:&quot;desktop:24px;&quot;}\" style=\"line-height: 24px; color: rgb(58, 58, 58); margin-right: 0px; margin-bottom: 0px; margin-left: 0px; font-size: 16px; padding: 0px; font-stretch: normal; clear: none !important;\"><font face=\"Arial\">Peso bruto<\/font><\/h3>\n<\/td>\n<td><font face=\"Arial\">15,5 kg<br \/><\/font><\/td>\n<\/tr>\n<tr>\n<td>\n<h3 class=\"ult-responsive\" data-ultimate-target=\"#Info-list-wrap-7734 h3\" data-responsive-json-new=\"{&quot;font-size&quot;:&quot;desktop:16px;&quot;,&quot;line-height&quot;:&quot;desktop:24px;&quot;}\" style=\"line-height: 24px; color: rgb(58, 58, 58); margin-right: 0px; margin-bottom: 0px; margin-left: 0px; font-size: 16px; padding: 0px; font-stretch: normal; clear: none !important;\"><font face=\"Arial\">Observa\u00e7\u00e3o<\/font><\/h3>\n<\/td>\n<td><font face=\"Arial\">Esta m\u00e1quina est\u00e1 dispon\u00edvel em motor monof\u00e1sico<br \/><\/font><\/td>\n<\/tr>\n<\/tbody>\n<\/table>\n<p style=\"text-align: justify;\"><span style=\"color: rgb(153, 153, 153); font-size: 18px;\"><font face=\"Arial\"><br \/><\/font><\/span><\/p>\n<p style=\"text-align: justify;\"><\/p>\n","protected":false},"excerpt":{"rendered":"<p>O picador de carne CAF 8 Inox \u00e9 um equipamento indicado para uso dom\u00e9stico, lanchonetes, hot\u00e9is, restaurantes e outros. A capa e a&nbsp;bandeja s\u00e3o produzidas em a\u00e7o inox. O redutor possui 4 engrenagens helicoidais extremamente resistentes e silenciosas que trabalham imersas em banho de \u00f3leo proporcionando grande durabilidade. O bocal \u00e9 produzido em ferro fundido [&hellip;]<\/p>\n","protected":false},"featured_media":10625,"comment_status":"open","ping_status":"closed","template":"","meta":[],"product_brand":[],"product_cat":[362],"product_tag":[],"class_list":{"0":"post-10626","1":"product","2":"type-product","3":"status-publish","4":"has-post-thumbnail","6":"product_cat-moedor-de-carne","8":"first","9":"instock","10":"shipping-taxable","11":"purchasable","12":"product-type-simple"},"_links":{"self":[{"href":"https:\/\/twsites.com.br\/novomigcenter\/index.php?rest_route=\/wp\/v2\/product\/10626","targetHints":{"allow":["GET"]}}],"collection":[{"href":"https:\/\/twsites.com.br\/novomigcenter\/index.php?rest_route=\/wp\/v2\/product"}],"about":[{"href":"https:\/\/twsites.com.br\/novomigcenter\/index.php?rest_route=\/wp\/v2\/types\/product"}],"replies":[{"embeddable":true,"href":"https:\/\/twsites.com.br\/novomigcenter\/index.php?rest_route=%2Fwp%2Fv2%2Fcomments&post=10626"}],"wp:featuredmedia":[{"embeddable":true,"href":"https:\/\/twsites.com.br\/novomigcenter\/index.php?rest_route=\/wp\/v2\/media\/10625"}],"wp:attachment":[{"href":"https:\/\/twsites.com.br\/novomigcenter\/index.php?rest_route=%2Fwp%2Fv2%2Fmedia&parent=10626"}],"wp:term":[{"taxonomy":"product_brand","embeddable":true,"href":"https:\/\/twsites.com.br\/novomigcenter\/index.php?rest_route=%2Fwp%2Fv2%2Fproduct_brand&post=10626"},{"taxonomy":"product_cat","embeddable":true,"href":"https:\/\/twsites.com.br\/novomigcenter\/index.php?rest_route=%2Fwp%2Fv2%2Fproduct_cat&post=10626"},{"taxonomy":"product_tag","embeddable":true,"href":"https:\/\/twsites.com.br\/novomigcenter\/index.php?rest_route=%2Fwp%2Fv2%2Fproduct_tag&post=10626"}],"curies":[{"name":"wp","href":"https:\/\/api.w.org\/{rel}","templated":true}]}}