{"id":10628,"date":"2016-12-01T15:29:01","date_gmt":"2016-12-01T15:29:01","guid":{"rendered":"https:\/\/twsites.com.br\/novomigcenter\/?product=caf-106"},"modified":"2016-12-01T15:29:01","modified_gmt":"2016-12-01T15:29:01","slug":"caf-106","status":"publish","type":"product","link":"https:\/\/twsites.com.br\/novomigcenter\/?product=caf-106","title":{"rendered":"Picador de carne industrial CAF 106 C Inox"},"content":{"rendered":"<h3>\n<h6 style=\"text-align: justify;\">\n<p class=\"MsoNormal\"><span style=\"font-size: 12pt; line-height: 107%; font-family: Arial, sans-serif; background-image: initial; background-position: initial; background-size: initial; background-repeat: initial; background-attachment: initial; background-origin: initial; background-clip: initial;\">O picador de carne industrial CAF 106 C Inox \u00e9 um equipamento indicado para uso em: a\u00e7ougues, cozinhas industriais e frigor\u00edficos. A bandeja \u00e9 fixa no equipamento, contru\u00edda em a\u00e7o inox com protetor de seguran\u00e7a. Possui sistema de redu\u00e7\u00e3o de polias e correias em \u201cV\u201d, ao todo s\u00e3o 6 correias. O bocal \u00e9 fabricado em a\u00e7o inox ou ferro fundido nodular estanhado e projetado com 5 ranhuras permitindo trabalhar com carne congelada (cortada em peda\u00e7os pequenos, neste caso, a produ\u00e7\u00e3o ser\u00e1 menor). O caracol \u00e9 fabricado em a\u00e7o inox ou ferro fundido nodular estanhado e trabaha livre sobre mancais de rolamento n\u00e3o ocasionando aquecimento e desgaste da m\u00e1quina proporcionando assim uma maior durabilidade. O volante \u00e9 fabricado em a\u00e7o inox ou ferro fundido nodular estanhado. Seus discos s\u00e3o produzidos em a\u00e7o com tratamento t\u00e9rmico para maior durabilidade<o:p><\/o:p><\/span><\/p>\n<table class=\"table table-bordered\" style=\"text-align: justify;\">\n<tbody>\n<tr>\n<td>\n<h3 class=\"ult-responsive\" data-ultimate-target=\"#Info-list-wrap-4468 h3\" data-responsive-json-new=\"{&quot;font-size&quot;:&quot;desktop:16px;&quot;,&quot;line-height&quot;:&quot;desktop:24px;&quot;}\" style=\"padding: 0px; margin-right: 0px; margin-bottom: 0px; margin-left: 0px; color: rgb(58, 58, 58); font-stretch: normal; font-size: 16px; line-height: 24px; clear: none !important;\"><font face=\"Arial\">Motor<\/font><\/h3>\n<\/td>\n<td><font face=\"Arial\">5,5 kW (7,5 cv)<br \/><\/font><\/td>\n<\/tr>\n<tr>\n<td>\n<h3 class=\"ult-responsive\" data-ultimate-target=\"#Info-list-wrap-4793 h3\" data-responsive-json-new=\"{&quot;font-size&quot;:&quot;desktop:16px;&quot;,&quot;line-height&quot;:&quot;desktop:24px;&quot;}\" style=\"padding: 0px; margin-right: 0px; margin-bottom: 0px; margin-left: 0px; color: rgb(58, 58, 58); font-stretch: normal; font-size: 16px; line-height: 24px; clear: none !important;\"><font face=\"Arial\">Fase<\/font><\/h3>\n<\/td>\n<td><font face=\"Arial\">3<br \/><\/font><\/td>\n<\/tr>\n<tr>\n<td>\n<h3 class=\"ult-responsive\" data-ultimate-target=\"#Info-list-wrap-2455 h3\" data-responsive-json-new=\"{&quot;font-size&quot;:&quot;desktop:16px;&quot;,&quot;line-height&quot;:&quot;desktop:24px;&quot;}\" style=\"padding: 0px; margin-right: 0px; margin-bottom: 0px; margin-left: 0px; color: rgb(58, 58, 58); font-stretch: normal; font-size: 16px; line-height: 24px; clear: none !important;\"><font face=\"Arial\">Voltagem<\/font><\/h3>\n<\/td>\n<td><font face=\"Arial\">220\/380<br \/><\/font><\/td>\n<\/tr>\n<tr>\n<td>\n<h3 class=\"ult-responsive\" data-ultimate-target=\"#Info-list-wrap-6240 h3\" data-responsive-json-new=\"{&quot;font-size&quot;:&quot;desktop:16px;&quot;,&quot;line-height&quot;:&quot;desktop:24px;&quot;}\" style=\"padding: 0px; margin-right: 0px; margin-bottom: 0px; margin-left: 0px; color: rgb(58, 58, 58); font-stretch: normal; font-size: 16px; line-height: 24px; clear: none !important;\"><font face=\"Arial\">Hz<\/font><\/h3>\n<\/td>\n<td><font face=\"Arial\">50\/60<br \/><\/font><\/td>\n<\/tr>\n<tr>\n<td>\n<h3 class=\"ult-responsive\" data-ultimate-target=\"#Info-list-wrap-6591 h3\" data-responsive-json-new=\"{&quot;font-size&quot;:&quot;desktop:16px;&quot;,&quot;line-height&quot;:&quot;desktop:24px;&quot;}\" style=\"padding: 0px; margin-right: 0px; margin-bottom: 0px; margin-left: 0px; color: rgb(58, 58, 58); font-stretch: normal; font-size: 16px; line-height: 24px; clear: none !important;\"><font face=\"Arial\">Consumo<\/font><\/h3>\n<\/td>\n<td><font face=\"Arial\">6,2 kWh<br \/><\/font><\/td>\n<\/tr>\n<tr>\n<td>\n<h3 class=\"ult-responsive\" data-ultimate-target=\"#Info-list-wrap-8756 h3\" data-responsive-json-new=\"{&quot;font-size&quot;:&quot;desktop:16px;&quot;,&quot;line-height&quot;:&quot;desktop:24px;&quot;}\" style=\"padding: 0px; margin-right: 0px; margin-bottom: 0px; margin-left: 0px; color: rgb(58, 58, 58); font-stretch: normal; font-size: 16px; line-height: 24px; clear: none !important;\"><font face=\"Arial\">Comprimento<\/font><\/h3>\n<\/td>\n<td><font face=\"Arial\">880 mm<br \/><\/font><\/td>\n<\/tr>\n<tr>\n<td>\n<h3 class=\"ult-responsive\" data-ultimate-target=\"#Info-list-wrap-7924 h3\" data-responsive-json-new=\"{&quot;font-size&quot;:&quot;desktop:16px;&quot;,&quot;line-height&quot;:&quot;desktop:24px;&quot;}\" style=\"padding: 0px; margin-right: 0px; margin-bottom: 0px; margin-left: 0px; color: rgb(58, 58, 58); font-stretch: normal; font-size: 16px; line-height: 24px; clear: none !important;\"><font face=\"Arial\">Largura<\/font><\/h3>\n<\/td>\n<td><font face=\"Arial\">640 mm<br \/><\/font><\/td>\n<\/tr>\n<tr>\n<td>\n<h3 class=\"ult-responsive\" data-ultimate-target=\"#Info-list-wrap-6303 h3\" data-responsive-json-new=\"{&quot;font-size&quot;:&quot;desktop:16px;&quot;,&quot;line-height&quot;:&quot;desktop:24px;&quot;}\" style=\"padding: 0px; margin-right: 0px; margin-bottom: 0px; margin-left: 0px; color: rgb(58, 58, 58); font-stretch: normal; font-size: 16px; line-height: 24px; clear: none !important;\"><font face=\"Arial\">Altura<\/font><\/h3>\n<\/td>\n<td><font face=\"Arial\">1150 mm<br \/><\/font><\/td>\n<\/tr>\n<tr>\n<td>\n<h3 class=\"ult-responsive\" data-ultimate-target=\"#Info-list-wrap-1694 h3\" data-responsive-json-new=\"{&quot;font-size&quot;:&quot;desktop:16px;&quot;,&quot;line-height&quot;:&quot;desktop:24px;&quot;}\" style=\"padding: 0px; margin-right: 0px; margin-bottom: 0px; margin-left: 0px; color: rgb(58, 58, 58); font-stretch: normal; font-size: 16px; line-height: 24px; clear: none !important;\"><font face=\"Arial\">Altura at\u00e9 centro disco<\/font><\/h3>\n<\/td>\n<td><font face=\"Arial\">760 mm<br \/><\/font><\/td>\n<\/tr>\n<tr>\n<td>\n<h3 class=\"ult-responsive\" data-ultimate-target=\"#Info-list-wrap-6173 h3\" data-responsive-json-new=\"{&quot;font-size&quot;:&quot;desktop:16px;&quot;,&quot;line-height&quot;:&quot;desktop:24px;&quot;}\" style=\"padding: 0px; margin-right: 0px; margin-bottom: 0px; margin-left: 0px; color: rgb(58, 58, 58); font-stretch: normal; font-size: 16px; line-height: 24px; clear: none !important;\"><font face=\"Arial\">Capacidade D-5mm<\/font><\/h3>\n<\/td>\n<td><font face=\"Arial\">at\u00e9 1200 kg\/h<br \/><\/font><\/td>\n<\/tr>\n<tr>\n<td>\n<h3 class=\"ult-responsive\" data-ultimate-target=\"#Info-list-wrap-9915 h3\" data-responsive-json-new=\"{&quot;font-size&quot;:&quot;desktop:16px;&quot;,&quot;line-height&quot;:&quot;desktop:24px;&quot;}\" style=\"padding: 0px; margin-right: 0px; margin-bottom: 0px; margin-left: 0px; color: rgb(58, 58, 58); font-stretch: normal; font-size: 16px; line-height: 24px; clear: none !important;\"><font face=\"Arial\">Peso l\u00edquido<\/font><\/h3>\n<\/td>\n<td><font face=\"Arial\">280 kg<br \/><\/font><\/td>\n<\/tr>\n<tr>\n<td>\n<h3 class=\"ult-responsive\" data-ultimate-target=\"#Info-list-wrap-2917 h3\" data-responsive-json-new=\"{&quot;font-size&quot;:&quot;desktop:16px;&quot;,&quot;line-height&quot;:&quot;desktop:24px;&quot;}\" style=\"padding: 0px; margin-right: 0px; margin-bottom: 0px; margin-left: 0px; color: rgb(58, 58, 58); font-stretch: normal; font-size: 16px; line-height: 24px; clear: none !important;\"><font face=\"Arial\">Peso bruto<\/font><\/h3>\n<\/td>\n<td><font face=\"Arial\">310 kg<br \/><\/font><\/td>\n<\/tr>\n<\/tbody>\n<\/table>\n<\/h6>\n<\/h3>\n<p style=\"text-align: justify;\"><\/p>\n<p><\/p>\n","protected":false},"excerpt":{"rendered":"<p>O picador de carne industrial CAF 106 C Inox \u00e9 um equipamento indicado para uso em: a\u00e7ougues, cozinhas industriais e frigor\u00edficos. A bandeja \u00e9 fixa no equipamento, contru\u00edda em a\u00e7o inox com protetor de seguran\u00e7a. Possui sistema de redu\u00e7\u00e3o de polias e correias em \u201cV\u201d, ao todo s\u00e3o 6 correias. O bocal \u00e9 fabricado em [&hellip;]<\/p>\n","protected":false},"featured_media":10627,"comment_status":"open","ping_status":"closed","template":"","meta":[],"product_brand":[],"product_cat":[362],"product_tag":[],"class_list":{"0":"post-10628","1":"product","2":"type-product","3":"status-publish","4":"has-post-thumbnail","6":"product_cat-moedor-de-carne","8":"first","9":"instock","10":"shipping-taxable","11":"purchasable","12":"product-type-simple"},"_links":{"self":[{"href":"https:\/\/twsites.com.br\/novomigcenter\/index.php?rest_route=\/wp\/v2\/product\/10628","targetHints":{"allow":["GET"]}}],"collection":[{"href":"https:\/\/twsites.com.br\/novomigcenter\/index.php?rest_route=\/wp\/v2\/product"}],"about":[{"href":"https:\/\/twsites.com.br\/novomigcenter\/index.php?rest_route=\/wp\/v2\/types\/product"}],"replies":[{"embeddable":true,"href":"https:\/\/twsites.com.br\/novomigcenter\/index.php?rest_route=%2Fwp%2Fv2%2Fcomments&post=10628"}],"wp:featuredmedia":[{"embeddable":true,"href":"https:\/\/twsites.com.br\/novomigcenter\/index.php?rest_route=\/wp\/v2\/media\/10627"}],"wp:attachment":[{"href":"https:\/\/twsites.com.br\/novomigcenter\/index.php?rest_route=%2Fwp%2Fv2%2Fmedia&parent=10628"}],"wp:term":[{"taxonomy":"product_brand","embeddable":true,"href":"https:\/\/twsites.com.br\/novomigcenter\/index.php?rest_route=%2Fwp%2Fv2%2Fproduct_brand&post=10628"},{"taxonomy":"product_cat","embeddable":true,"href":"https:\/\/twsites.com.br\/novomigcenter\/index.php?rest_route=%2Fwp%2Fv2%2Fproduct_cat&post=10628"},{"taxonomy":"product_tag","embeddable":true,"href":"https:\/\/twsites.com.br\/novomigcenter\/index.php?rest_route=%2Fwp%2Fv2%2Fproduct_tag&post=10628"}],"curies":[{"name":"wp","href":"https:\/\/api.w.org\/{rel}","templated":true}]}}