{"id":10630,"date":"2016-12-01T16:41:38","date_gmt":"2016-12-01T16:41:38","guid":{"rendered":"https:\/\/twsites.com.br\/novomigcenter\/?product=mcr-08-arbel"},"modified":"2016-12-01T16:41:38","modified_gmt":"2016-12-01T16:41:38","slug":"mcr-08-arbel","status":"publish","type":"product","link":"https:\/\/twsites.com.br\/novomigcenter\/?product=mcr-08-arbel","title":{"rendered":"Moedor de Carne Arbel MCR 08 \u2013 2.0"},"content":{"rendered":"<p><span style=\"color: rgb(67, 67, 67); font-family: Arial, serif;\">Ideal para pequenos e m\u00e9dios com\u00e9rcios como: bares, cozinha industrias, hot\u00e9is, lanchonetes, mercearias, propriedades rurais e resid\u00eancias. M\u00f3i at\u00e9 40 Kg de carne por hora e faz at\u00e9 60 Kg de lingui\u00e7as por hora. M\u00f3i trigo, e soja hidratados, amendoim torrado ou cru, carne de frango e de peixe, al\u00e9m de auxiliar no preparo de diversos pratos, como por exemplo: quibe, kafta, tof\u00fa, pamonha, pur\u00ea de batata, molho de tomate, nhoque, entre outros que voc\u00ea mesmo descobrir\u00e1.<\/span><br style=\"color: rgb(67, 67, 67); font-family: Arial, serif;\"><span style=\"color: rgb(67, 67, 67); font-family: Arial, serif;\">O moedor de Carne Arbel MCR 08 \u2013 2.0, \u00e9 compacto, robusto e muito dur\u00e1vel.<\/span><\/p>\n<h6 style=\"font-family: &quot;Open Sans&quot;, sans-serif; color: rgb(102, 102, 102);\">\n<ul class=\"tabs main-title custom-font-1 clearfix\" style=\"margin-right: 0px; margin-bottom: 23px; margin-left: 0px; padding: 0px; background-image: url(&quot;..\/images\/border-3.png&quot;); background-position: left bottom; background-size: initial; background-repeat: repeat-x; background-attachment: initial; background-origin: initial; background-clip: initial; overflow: hidden; position: relative; -webkit-font-smoothing: antialiased; color: rgb(67, 67, 67); font-family: &quot;Ropa Sans&quot;, sans-serif !important;\">\n<li class=\"description_tab active\" style=\"margin: 0px 30px 0px 0px; padding: 0px 0px 25px; float: left; list-style: none; color: rgb(30, 30, 30); background: url(&quot;..\/images\/arrow-3.png&quot;) center 34px no-repeat; line-height: 1;\"><a href=\"http:\/\/www.arbel.ind.br\/produto-arbel\/moedor-de-carne-arbel-mcr-08\/#tab-description\" style=\"color: rgb(30, 30, 30); border: none; float: right; font-size: 24px; bottom: -8px; position: relative;\">Descri\u00e7\u00e3o<\/a><\/li>\n<\/ul>\n<\/h6>\n<div class=\"panel entry-content\" id=\"tab-description\" style=\"color: rgb(67, 67, 67); font-family: Arial, serif;\">\n<p style=\"margin-bottom: 8px; padding: 0px;\">Frequ\u00eancia\/ Frecu\u00eancia: 60 Hz<br \/>Pot\u00eancia: 770\/ 420W<br \/>Rota\u00e7\u00e3o: 1.630\/ rpm<br \/>Tens\u00e3o: 127\/220 V<br \/>Produ\u00e7\u00e3o estimada: 40 kg\/h para carne e 60 kg\/h para lingui\u00e7a<br \/>Peso: Bruto 12,300 kg \/ Liquido 11,300 kg<br \/>Embalagem \/Embalaje : Altura 32 cm \/Largura 27 cm \/ Comprimento 35 cm<br \/>NCM: 84385000<br \/>C\u00f3digo de Barras MCR 08 \u2013 2.0: 789.8284.81002-5<br \/>Substitui\u00e7\u00e3o Tributaria: 0%<br \/>Base de c\u00e1lculo do ICMS para estados: MG\/PR\/RJ\/RS\/SC: 73,33% \u2013 Al\u00edquota de ICMS: 12%<br \/>Base de c\u00e1lculo do ICMS para SP: 48,89% \u2013 Al\u00edquota de ICMS: 18%<br \/>Outros Estados base de c\u00e1lculo do ICMS:\t73,43% \u2013 Al\u00edquota de ICMS: 7%<\/p>\n<div><\/div>\n<\/div>\n","protected":false},"excerpt":{"rendered":"<p>Ideal para pequenos e m\u00e9dios com\u00e9rcios como: bares, cozinha industrias, hot\u00e9is, lanchonetes, mercearias, propriedades rurais e resid\u00eancias. M\u00f3i at\u00e9 40 Kg de carne por hora e faz at\u00e9 60 Kg de lingui\u00e7as por hora. M\u00f3i trigo, e soja hidratados, amendoim torrado ou cru, carne de frango e de peixe, al\u00e9m de auxiliar no preparo de [&hellip;]<\/p>\n","protected":false},"featured_media":10629,"comment_status":"open","ping_status":"closed","template":"","meta":[],"product_brand":[],"product_cat":[362],"product_tag":[],"class_list":{"0":"post-10630","1":"product","2":"type-product","3":"status-publish","4":"has-post-thumbnail","6":"product_cat-moedor-de-carne","8":"first","9":"instock","10":"shipping-taxable","11":"purchasable","12":"product-type-simple"},"_links":{"self":[{"href":"https:\/\/twsites.com.br\/novomigcenter\/index.php?rest_route=\/wp\/v2\/product\/10630","targetHints":{"allow":["GET"]}}],"collection":[{"href":"https:\/\/twsites.com.br\/novomigcenter\/index.php?rest_route=\/wp\/v2\/product"}],"about":[{"href":"https:\/\/twsites.com.br\/novomigcenter\/index.php?rest_route=\/wp\/v2\/types\/product"}],"replies":[{"embeddable":true,"href":"https:\/\/twsites.com.br\/novomigcenter\/index.php?rest_route=%2Fwp%2Fv2%2Fcomments&post=10630"}],"wp:featuredmedia":[{"embeddable":true,"href":"https:\/\/twsites.com.br\/novomigcenter\/index.php?rest_route=\/wp\/v2\/media\/10629"}],"wp:attachment":[{"href":"https:\/\/twsites.com.br\/novomigcenter\/index.php?rest_route=%2Fwp%2Fv2%2Fmedia&parent=10630"}],"wp:term":[{"taxonomy":"product_brand","embeddable":true,"href":"https:\/\/twsites.com.br\/novomigcenter\/index.php?rest_route=%2Fwp%2Fv2%2Fproduct_brand&post=10630"},{"taxonomy":"product_cat","embeddable":true,"href":"https:\/\/twsites.com.br\/novomigcenter\/index.php?rest_route=%2Fwp%2Fv2%2Fproduct_cat&post=10630"},{"taxonomy":"product_tag","embeddable":true,"href":"https:\/\/twsites.com.br\/novomigcenter\/index.php?rest_route=%2Fwp%2Fv2%2Fproduct_tag&post=10630"}],"curies":[{"name":"wp","href":"https:\/\/api.w.org\/{rel}","templated":true}]}}