{"id":10634,"date":"2016-12-02T10:10:36","date_gmt":"2016-12-02T10:10:36","guid":{"rendered":"https:\/\/twsites.com.br\/novomigcenter\/?product=serra-fita-para-ossos-2-55-t"},"modified":"2016-12-02T10:10:36","modified_gmt":"2016-12-02T10:10:36","slug":"serra-fita-para-ossos-2-55-t","status":"publish","type":"product","link":"https:\/\/twsites.com.br\/novomigcenter\/?product=serra-fita-para-ossos-2-55-t","title":{"rendered":"Serra Fita para Ossos 2.55 T"},"content":{"rendered":"<p class=\"MsoNormal\" style=\"margin-bottom: 0.0001pt; text-align: justify; line-height: normal;\">A Serra de Fita para Ossos SFO 2.55 T \u00e9 umequipamento indicado para uso em: a\u00e7ougues, peixarias e supermercados. Ocabe\u00e7ote, e a mesa remov\u00edvel s\u00e3o constru\u00eddos em chapa de a\u00e7o inox 304 ou 430que proporcionam maior durabilidade, facilidade de limpeza e higiene.<o:p><\/o:p><\/p>\n<p class=\"MsoNormal\" style=\"margin-bottom: 0.0001pt; text-align: justify; line-height: normal;\">As polias e volantes s\u00e3o produzidos em ferrofundido e os dispositivos de seguran\u00e7a como: protetor de fita, empurrador eesticador tamb\u00e9m s\u00e3o constru\u00eddos em a\u00e7o inox.<o:p><\/o:p><\/p>\n<\/p>\n<p class=\"MsoNormal\" style=\"margin-bottom: 0.0001pt; text-align: justify; line-height: normal;\">O bot\u00e3o de emerg\u00eancia posiciona-se estrategicamentena frente do operador. Desta forma o seu manuseio \u00e9 feito de forma r\u00e1pida,pr\u00e1tica e precisa.<\/p>\n<p class=\"MsoNormal\" style=\"margin-bottom: 0.0001pt; text-align: justify; line-height: normal;\"><o:p><br \/><\/o:p><\/p>\n<p class=\"MsoNormal\" style=\"margin-bottom: 0.0001pt; text-align: justify; line-height: normal;\"><o:p><br \/><\/o:p><\/p>\n<table class=\"table table-bordered\" style=\"background-color: rgb(255, 255, 255); width: 693px;\">\n<tbody>\n<tr>\n<td>\n<h3 class=\"ult-responsive\" data-ultimate-target=\"#Info-list-wrap-7813 h3\" data-responsive-json-new=\"{&quot;font-size&quot;:&quot;desktop:16px;&quot;,&quot;line-height&quot;:&quot;desktop:24px;&quot;}\" style=\"font-family: Ubuntu; line-height: 24px; color: rgb(58, 58, 58); margin-right: 0px; margin-bottom: 0px; margin-left: 0px; font-size: 16px; padding: 0px; font-stretch: normal; clear: none !important;\">Motor<\/h3>\n<\/td>\n<td>1,1 kW (1,5 cv)<\/td>\n<\/tr>\n<tr>\n<td>\n<h3 class=\"ult-responsive\" data-ultimate-target=\"#Info-list-wrap-1535 h3\" data-responsive-json-new=\"{&quot;font-size&quot;:&quot;desktop:16px;&quot;,&quot;line-height&quot;:&quot;desktop:24px;&quot;}\" style=\"font-family: Ubuntu; line-height: 24px; color: rgb(58, 58, 58); margin-right: 0px; margin-bottom: 0px; margin-left: 0px; font-size: 16px; padding: 0px; font-stretch: normal; clear: none !important;\">Fase<\/h3>\n<\/td>\n<td>1<\/td>\n<\/tr>\n<tr>\n<td>\n<h3 class=\"ult-responsive\" data-ultimate-target=\"#Info-list-wrap-7862 h3\" data-responsive-json-new=\"{&quot;font-size&quot;:&quot;desktop:16px;&quot;,&quot;line-height&quot;:&quot;desktop:24px;&quot;}\" style=\"font-family: Ubuntu; line-height: 24px; color: rgb(58, 58, 58); margin-right: 0px; margin-bottom: 0px; margin-left: 0px; font-size: 16px; padding: 0px; font-stretch: normal; clear: none !important;\">Voltagem<\/h3>\n<\/td>\n<td>127\/220<\/td>\n<\/tr>\n<tr>\n<td>\n<h3 class=\"ult-responsive\" data-ultimate-target=\"#Info-list-wrap-1235 h3\" data-responsive-json-new=\"{&quot;font-size&quot;:&quot;desktop:16px;&quot;,&quot;line-height&quot;:&quot;desktop:24px;&quot;}\" style=\"font-family: Ubuntu; line-height: 24px; color: rgb(58, 58, 58); margin-right: 0px; margin-bottom: 0px; margin-left: 0px; font-size: 16px; padding: 0px; font-stretch: normal; clear: none !important;\">Hz<\/h3>\n<\/td>\n<td>50\/60<\/td>\n<\/tr>\n<tr>\n<td>\n<h3 class=\"ult-responsive\" data-ultimate-target=\"#Info-list-wrap-6345 h3\" data-responsive-json-new=\"{&quot;font-size&quot;:&quot;desktop:16px;&quot;,&quot;line-height&quot;:&quot;desktop:24px;&quot;}\" style=\"font-family: Ubuntu; line-height: 24px; color: rgb(58, 58, 58); margin-right: 0px; margin-bottom: 0px; margin-left: 0px; font-size: 16px; padding: 0px; font-stretch: normal; clear: none !important;\">Consumo<\/h3>\n<\/td>\n<td>1,35 kWh<\/td>\n<\/tr>\n<tr>\n<td>\n<h3 class=\"ult-responsive\" data-ultimate-target=\"#Info-list-wrap-8486 h3\" data-responsive-json-new=\"{&quot;font-size&quot;:&quot;desktop:16px;&quot;,&quot;line-height&quot;:&quot;desktop:24px;&quot;}\" style=\"font-family: Ubuntu; line-height: 24px; color: rgb(58, 58, 58); margin-right: 0px; margin-bottom: 0px; margin-left: 0px; font-size: 16px; padding: 0px; font-stretch: normal; clear: none !important;\">Comprimento da l\u00e2mina<\/h3>\n<\/td>\n<td>2550 mm<\/td>\n<\/tr>\n<tr>\n<td>\n<h3 class=\"ult-responsive\" data-ultimate-target=\"#Info-list-wrap-9340 h3\" data-responsive-json-new=\"{&quot;font-size&quot;:&quot;desktop:16px;&quot;,&quot;line-height&quot;:&quot;desktop:24px;&quot;}\" style=\"font-family: Ubuntu; line-height: 24px; color: rgb(58, 58, 58); margin-right: 0px; margin-bottom: 0px; margin-left: 0px; font-size: 16px; padding: 0px; font-stretch: normal; clear: none !important;\">Altura at\u00e9 a mesa<\/h3>\n<\/td>\n<td>870 mm<\/td>\n<\/tr>\n<tr>\n<td>\n<h3 class=\"ult-responsive\" data-ultimate-target=\"#Info-list-wrap-3053 h3\" data-responsive-json-new=\"{&quot;font-size&quot;:&quot;desktop:16px;&quot;,&quot;line-height&quot;:&quot;desktop:24px;&quot;}\" style=\"font-family: Ubuntu; line-height: 24px; color: rgb(58, 58, 58); margin-right: 0px; margin-bottom: 0px; margin-left: 0px; font-size: 16px; padding: 0px; font-stretch: normal; clear: none !important;\">Mesa (LxC)<\/h3>\n<\/td>\n<td>635 mm x 755 mm<\/td>\n<\/tr>\n<tr>\n<td>\n<h3 class=\"ult-responsive\" data-ultimate-target=\"#Info-list-wrap-7501 h3\" data-responsive-json-new=\"{&quot;font-size&quot;:&quot;desktop:16px;&quot;,&quot;line-height&quot;:&quot;desktop:24px;&quot;}\" style=\"font-family: Ubuntu; line-height: 24px; color: rgb(58, 58, 58); margin-right: 0px; margin-bottom: 0px; margin-left: 0px; font-size: 16px; padding: 0px; font-stretch: normal; clear: none !important;\">Espa\u00e7o entre coluna e fita<\/h3>\n<\/td>\n<td>270 mm<\/td>\n<\/tr>\n<tr>\n<td>\n<h3 class=\"ult-responsive\" data-ultimate-target=\"#Info-list-wrap-8203 h3\" data-responsive-json-new=\"{&quot;font-size&quot;:&quot;desktop:16px;&quot;,&quot;line-height&quot;:&quot;desktop:24px;&quot;}\" style=\"font-family: Ubuntu; line-height: 24px; color: rgb(58, 58, 58); margin-right: 0px; margin-bottom: 0px; margin-left: 0px; font-size: 16px; padding: 0px; font-stretch: normal; clear: none !important;\">Altura m\u00e1xima da mesa at\u00e9 o encosto protetor<\/h3>\n<\/td>\n<td>270 mm<\/td>\n<\/tr>\n<tr>\n<td>\n<h3 class=\"ult-responsive\" data-ultimate-target=\"#Info-list-wrap-7855 h3\" data-responsive-json-new=\"{&quot;font-size&quot;:&quot;desktop:16px;&quot;,&quot;line-height&quot;:&quot;desktop:24px;&quot;}\" style=\"font-family: Ubuntu; line-height: 24px; color: rgb(58, 58, 58); margin-right: 0px; margin-bottom: 0px; margin-left: 0px; font-size: 16px; padding: 0px; font-stretch: normal; clear: none !important;\">Altura da mesa at\u00e9 o cabe\u00e7ote superior<\/h3>\n<\/td>\n<td>380 mm<\/td>\n<\/tr>\n<tr>\n<td>\n<h3 class=\"ult-responsive\" data-ultimate-target=\"#Info-list-wrap-5832 h3\" data-responsive-json-new=\"{&quot;font-size&quot;:&quot;desktop:16px;&quot;,&quot;line-height&quot;:&quot;desktop:24px;&quot;}\" style=\"font-family: Ubuntu; line-height: 24px; color: rgb(58, 58, 58); margin-right: 0px; margin-bottom: 0px; margin-left: 0px; font-size: 16px; padding: 0px; font-stretch: normal; clear: none !important;\">Largura<\/h3>\n<\/td>\n<td>900 mm<\/td>\n<\/tr>\n<tr>\n<td>\n<h3 class=\"ult-responsive\" data-ultimate-target=\"#Info-list-wrap-2614 h3\" data-responsive-json-new=\"{&quot;font-size&quot;:&quot;desktop:16px;&quot;,&quot;line-height&quot;:&quot;desktop:24px;&quot;}\" style=\"font-family: Ubuntu; line-height: 24px; color: rgb(58, 58, 58); margin-right: 0px; margin-bottom: 0px; margin-left: 0px; font-size: 16px; padding: 0px; font-stretch: normal; clear: none !important;\">Comprimento<\/h3>\n<\/td>\n<td>850 mm<\/td>\n<\/tr>\n<tr>\n<td>\n<h3 class=\"ult-responsive\" data-ultimate-target=\"#Info-list-wrap-9203 h3\" data-responsive-json-new=\"{&quot;font-size&quot;:&quot;desktop:16px;&quot;,&quot;line-height&quot;:&quot;desktop:24px;&quot;}\" style=\"font-family: Ubuntu; line-height: 24px; color: rgb(58, 58, 58); margin-right: 0px; margin-bottom: 0px; margin-left: 0px; font-size: 16px; padding: 0px; font-stretch: normal; clear: none !important;\">Altura<\/h3>\n<\/td>\n<td>1650 mm<\/td>\n<\/tr>\n<tr>\n<td>\n<h3 class=\"ult-responsive\" data-ultimate-target=\"#Info-list-wrap-2160 h3\" data-responsive-json-new=\"{&quot;font-size&quot;:&quot;desktop:16px;&quot;,&quot;line-height&quot;:&quot;desktop:24px;&quot;}\" style=\"font-family: Ubuntu; line-height: 24px; color: rgb(58, 58, 58); margin-right: 0px; margin-bottom: 0px; margin-left: 0px; font-size: 16px; padding: 0px; font-stretch: normal; clear: none !important;\">Peso l\u00edguido<\/h3>\n<\/td>\n<td>80 kg<\/td>\n<\/tr>\n<tr>\n<td>\n<h3 class=\"ult-responsive\" data-ultimate-target=\"#Info-list-wrap-3465 h3\" data-responsive-json-new=\"{&quot;font-size&quot;:&quot;desktop:16px;&quot;,&quot;line-height&quot;:&quot;desktop:24px;&quot;}\" style=\"font-family: Ubuntu; line-height: 24px; color: rgb(58, 58, 58); margin-right: 0px; margin-bottom: 0px; margin-left: 0px; font-size: 16px; padding: 0px; font-stretch: normal; clear: none !important;\">Peso bruto<\/h3>\n<\/td>\n<td>100 kg<\/p>\n<\/td>\n<\/tr>\n<\/tbody>\n<\/table>\n","protected":false},"excerpt":{"rendered":"<p>A Serra de Fita para Ossos SFO 2.55 T \u00e9 umequipamento indicado para uso em: a\u00e7ougues, peixarias e supermercados. Ocabe\u00e7ote, e a mesa remov\u00edvel s\u00e3o constru\u00eddos em chapa de a\u00e7o inox 304 ou 430que proporcionam maior durabilidade, facilidade de limpeza e higiene. As polias e volantes s\u00e3o produzidos em ferrofundido e os dispositivos de seguran\u00e7a [&hellip;]<\/p>\n","protected":false},"featured_media":10633,"comment_status":"open","ping_status":"closed","template":"","meta":[],"product_brand":[],"product_cat":[363],"product_tag":[],"class_list":{"0":"post-10634","1":"product","2":"type-product","3":"status-publish","4":"has-post-thumbnail","6":"product_cat-serra-fita","8":"first","9":"instock","10":"shipping-taxable","11":"purchasable","12":"product-type-simple"},"_links":{"self":[{"href":"https:\/\/twsites.com.br\/novomigcenter\/index.php?rest_route=\/wp\/v2\/product\/10634","targetHints":{"allow":["GET"]}}],"collection":[{"href":"https:\/\/twsites.com.br\/novomigcenter\/index.php?rest_route=\/wp\/v2\/product"}],"about":[{"href":"https:\/\/twsites.com.br\/novomigcenter\/index.php?rest_route=\/wp\/v2\/types\/product"}],"replies":[{"embeddable":true,"href":"https:\/\/twsites.com.br\/novomigcenter\/index.php?rest_route=%2Fwp%2Fv2%2Fcomments&post=10634"}],"wp:featuredmedia":[{"embeddable":true,"href":"https:\/\/twsites.com.br\/novomigcenter\/index.php?rest_route=\/wp\/v2\/media\/10633"}],"wp:attachment":[{"href":"https:\/\/twsites.com.br\/novomigcenter\/index.php?rest_route=%2Fwp%2Fv2%2Fmedia&parent=10634"}],"wp:term":[{"taxonomy":"product_brand","embeddable":true,"href":"https:\/\/twsites.com.br\/novomigcenter\/index.php?rest_route=%2Fwp%2Fv2%2Fproduct_brand&post=10634"},{"taxonomy":"product_cat","embeddable":true,"href":"https:\/\/twsites.com.br\/novomigcenter\/index.php?rest_route=%2Fwp%2Fv2%2Fproduct_cat&post=10634"},{"taxonomy":"product_tag","embeddable":true,"href":"https:\/\/twsites.com.br\/novomigcenter\/index.php?rest_route=%2Fwp%2Fv2%2Fproduct_tag&post=10634"}],"curies":[{"name":"wp","href":"https:\/\/api.w.org\/{rel}","templated":true}]}}