{"id":10636,"date":"2016-12-02T10:46:52","date_gmt":"2016-12-02T10:46:52","guid":{"rendered":"https:\/\/twsites.com.br\/novomigcenter\/?product=serra-fita-para-ossos-3-10-super"},"modified":"2016-12-02T10:46:52","modified_gmt":"2016-12-02T10:46:52","slug":"serra-fita-para-ossos-3-10-super","status":"publish","type":"product","link":"https:\/\/twsites.com.br\/novomigcenter\/?product=serra-fita-para-ossos-3-10-super","title":{"rendered":"Serra Fita para Ossos 3.10 Super"},"content":{"rendered":"<p class=\"MsoNormal\" style=\"margin-bottom: 0.0001pt; line-height: normal;\">A Serra de Fita para Ossos SFO 3.10 super \u00e9 um equipamento indicadopara uso em: peixarias, supermercados e hipermercados. O cabe\u00e7ote, e a mesaremov\u00edvel s\u00e3o constru\u00eddos em chapa de a\u00e7o inox 304 que proporciona maiordurabilidade, facilidade de limpeza e higiene.<o:p><\/o:p><\/p>\n<p class=\"MsoNormal\" style=\"margin-bottom: 0.0001pt; line-height: normal;\">As polias s\u00e3o produzidos em ferro fundido e volantes em a\u00e7o inox 304.Os dispositivos de seguran\u00e7a como: protetor de fita, empurrador e esticadortamb\u00e9m s\u00e3o constru\u00eddos em a\u00e7o inox.<o:p><\/o:p><\/p>\n<\/p>\n<p class=\"MsoNormal\" style=\"margin-bottom: 0.0001pt; line-height: normal;\">O bot\u00e3o de emerg\u00eancia posiciona-se estrategicamente na frente dooperador. Desta forma o seu manuseio \u00e9 feito de forma r\u00e1pida, pr\u00e1tica eprecisa.<\/p>\n<p class=\"MsoNormal\" style=\"margin-bottom: 0.0001pt; line-height: normal;\"><o:p><br \/><\/o:p><\/p>\n<p class=\"MsoNormal\" style=\"margin-bottom: 0.0001pt; line-height: normal;\"><o:p><br \/><\/o:p><\/p>\n<table class=\"table table-bordered\" style=\"background-color: rgb(255, 255, 255); width: 693px;\">\n<tbody>\n<tr>\n<td>\n<h3 class=\"ult-responsive\" data-ultimate-target=\"#Info-list-wrap-7243 h3\" data-responsive-json-new=\"{&quot;font-size&quot;:&quot;desktop:16px;&quot;,&quot;line-height&quot;:&quot;desktop:24px;&quot;}\" style=\"font-family: Ubuntu; line-height: 24px; color: rgb(58, 58, 58); margin-right: 0px; margin-bottom: 0px; margin-left: 0px; font-size: 16px; padding: 0px; font-stretch: normal; clear: none !important;\">Motor<\/h3>\n<\/td>\n<td>1,5 kW (2 cv)<\/td>\n<\/tr>\n<tr>\n<td>\n<h3 class=\"ult-responsive\" data-ultimate-target=\"#Info-list-wrap-1627 h3\" data-responsive-json-new=\"{&quot;font-size&quot;:&quot;desktop:16px;&quot;,&quot;line-height&quot;:&quot;desktop:24px;&quot;}\" style=\"font-family: Ubuntu; line-height: 24px; color: rgb(58, 58, 58); margin-right: 0px; margin-bottom: 0px; margin-left: 0px; font-size: 16px; padding: 0px; font-stretch: normal; clear: none !important;\">Fase<\/h3>\n<\/td>\n<td>3<\/td>\n<\/tr>\n<tr>\n<td>\n<h3 class=\"ult-responsive\" data-ultimate-target=\"#Info-list-wrap-9713 h3\" data-responsive-json-new=\"{&quot;font-size&quot;:&quot;desktop:16px;&quot;,&quot;line-height&quot;:&quot;desktop:24px;&quot;}\" style=\"font-family: Ubuntu; line-height: 24px; color: rgb(58, 58, 58); margin-right: 0px; margin-bottom: 0px; margin-left: 0px; font-size: 16px; padding: 0px; font-stretch: normal; clear: none !important;\">Voltagem<\/h3>\n<\/td>\n<td>220\/380<\/td>\n<\/tr>\n<tr>\n<td>\n<h3 class=\"ult-responsive\" data-ultimate-target=\"#Info-list-wrap-6607 h3\" data-responsive-json-new=\"{&quot;font-size&quot;:&quot;desktop:16px;&quot;,&quot;line-height&quot;:&quot;desktop:24px;&quot;}\" style=\"font-family: Ubuntu; line-height: 24px; color: rgb(58, 58, 58); margin-right: 0px; margin-bottom: 0px; margin-left: 0px; font-size: 16px; padding: 0px; font-stretch: normal; clear: none !important;\">Hz<\/h3>\n<\/td>\n<td>50\/60<\/td>\n<\/tr>\n<tr>\n<td>\n<h3 class=\"ult-responsive\" data-ultimate-target=\"#Info-list-wrap-4653 h3\" data-responsive-json-new=\"{&quot;font-size&quot;:&quot;desktop:16px;&quot;,&quot;line-height&quot;:&quot;desktop:24px;&quot;}\" style=\"font-family: Ubuntu; line-height: 24px; color: rgb(58, 58, 58); margin-right: 0px; margin-bottom: 0px; margin-left: 0px; font-size: 16px; padding: 0px; font-stretch: normal; clear: none !important;\">Consumo<\/h3>\n<\/td>\n<td>1,80 kWh<\/td>\n<\/tr>\n<tr>\n<td>\n<h3 class=\"ult-responsive\" data-ultimate-target=\"#Info-list-wrap-6113 h3\" data-responsive-json-new=\"{&quot;font-size&quot;:&quot;desktop:16px;&quot;,&quot;line-height&quot;:&quot;desktop:24px;&quot;}\" style=\"font-family: Ubuntu; line-height: 24px; color: rgb(58, 58, 58); margin-right: 0px; margin-bottom: 0px; margin-left: 0px; font-size: 16px; padding: 0px; font-stretch: normal; clear: none !important;\">Comprimento da l\u00e2mina<\/h3>\n<\/td>\n<td>3100 mm<\/td>\n<\/tr>\n<tr>\n<td>\n<h3 class=\"ult-responsive\" data-ultimate-target=\"#Info-list-wrap-4857 h3\" data-responsive-json-new=\"{&quot;font-size&quot;:&quot;desktop:16px;&quot;,&quot;line-height&quot;:&quot;desktop:24px;&quot;}\" style=\"font-family: Ubuntu; line-height: 24px; color: rgb(58, 58, 58); margin-right: 0px; margin-bottom: 0px; margin-left: 0px; font-size: 16px; padding: 0px; font-stretch: normal; clear: none !important;\">Altura at\u00e9 a mesa<\/h3>\n<\/td>\n<td>850 mm<\/td>\n<\/tr>\n<tr>\n<td>\n<h3 class=\"ult-responsive\" data-ultimate-target=\"#Info-list-wrap-6401 h3\" data-responsive-json-new=\"{&quot;font-size&quot;:&quot;desktop:16px;&quot;,&quot;line-height&quot;:&quot;desktop:24px;&quot;}\" style=\"font-family: Ubuntu; line-height: 24px; color: rgb(58, 58, 58); margin-right: 0px; margin-bottom: 0px; margin-left: 0px; font-size: 16px; padding: 0px; font-stretch: normal; clear: none !important;\">Mesa (LxC)<\/h3>\n<\/td>\n<td>850 mm x 850 mm<\/td>\n<\/tr>\n<tr>\n<td>\n<h3 class=\"ult-responsive\" data-ultimate-target=\"#Info-list-wrap-3577 h3\" data-responsive-json-new=\"{&quot;font-size&quot;:&quot;desktop:16px;&quot;,&quot;line-height&quot;:&quot;desktop:24px;&quot;}\" style=\"font-family: Ubuntu; line-height: 24px; color: rgb(58, 58, 58); margin-right: 0px; margin-bottom: 0px; margin-left: 0px; font-size: 16px; padding: 0px; font-stretch: normal; clear: none !important;\">Espa\u00e7o entre coluna e fita<\/h3>\n<\/td>\n<td>380 mm<\/td>\n<\/tr>\n<tr>\n<td>\n<h3 class=\"ult-responsive\" data-ultimate-target=\"#Info-list-wrap-8737 h3\" data-responsive-json-new=\"{&quot;font-size&quot;:&quot;desktop:16px;&quot;,&quot;line-height&quot;:&quot;desktop:24px;&quot;}\" style=\"font-family: Ubuntu; line-height: 24px; color: rgb(58, 58, 58); margin-right: 0px; margin-bottom: 0px; margin-left: 0px; font-size: 16px; padding: 0px; font-stretch: normal; clear: none !important;\">Altura m\u00e1xima da mesa at\u00e9 o encosto protetor<\/h3>\n<\/td>\n<td>300 mm<\/td>\n<\/tr>\n<tr>\n<td>\n<h3 class=\"ult-responsive\" data-ultimate-target=\"#Info-list-wrap-7096 h3\" data-responsive-json-new=\"{&quot;font-size&quot;:&quot;desktop:16px;&quot;,&quot;line-height&quot;:&quot;desktop:24px;&quot;}\" style=\"font-family: Ubuntu; line-height: 24px; color: rgb(58, 58, 58); margin-right: 0px; margin-bottom: 0px; margin-left: 0px; font-size: 16px; padding: 0px; font-stretch: normal; clear: none !important;\">Altura da mesa at\u00e9 o cabe\u00e7ote superior<\/h3>\n<\/td>\n<td>450 mm<\/td>\n<\/tr>\n<tr>\n<td>\n<h3 class=\"ult-responsive\" data-ultimate-target=\"#Info-list-wrap-1075 h3\" data-responsive-json-new=\"{&quot;font-size&quot;:&quot;desktop:16px;&quot;,&quot;line-height&quot;:&quot;desktop:24px;&quot;}\" style=\"font-family: Ubuntu; line-height: 24px; color: rgb(58, 58, 58); margin-right: 0px; margin-bottom: 0px; margin-left: 0px; font-size: 16px; padding: 0px; font-stretch: normal; clear: none !important;\">Largura<\/h3>\n<\/td>\n<td>1010 mm<\/td>\n<\/tr>\n<tr>\n<td>\n<h3 class=\"ult-responsive\" data-ultimate-target=\"#Info-list-wrap-3326 h3\" data-responsive-json-new=\"{&quot;font-size&quot;:&quot;desktop:16px;&quot;,&quot;line-height&quot;:&quot;desktop:24px;&quot;}\" style=\"font-family: Ubuntu; line-height: 24px; color: rgb(58, 58, 58); margin-right: 0px; margin-bottom: 0px; margin-left: 0px; font-size: 16px; padding: 0px; font-stretch: normal; clear: none !important;\">Comprimento<\/h3>\n<\/td>\n<td>990 mm<\/td>\n<\/tr>\n<tr>\n<td>\n<h3 class=\"ult-responsive\" data-ultimate-target=\"#Info-list-wrap-4339 h3\" data-responsive-json-new=\"{&quot;font-size&quot;:&quot;desktop:16px;&quot;,&quot;line-height&quot;:&quot;desktop:24px;&quot;}\" style=\"font-family: Ubuntu; line-height: 24px; color: rgb(58, 58, 58); margin-right: 0px; margin-bottom: 0px; margin-left: 0px; font-size: 16px; padding: 0px; font-stretch: normal; clear: none !important;\">Altura<\/h3>\n<\/td>\n<td>1990 mm<\/td>\n<\/tr>\n<tr>\n<td>\n<h3 class=\"ult-responsive\" data-ultimate-target=\"#Info-list-wrap-3012 h3\" data-responsive-json-new=\"{&quot;font-size&quot;:&quot;desktop:16px;&quot;,&quot;line-height&quot;:&quot;desktop:24px;&quot;}\" style=\"font-family: Ubuntu; line-height: 24px; color: rgb(58, 58, 58); margin-right: 0px; margin-bottom: 0px; margin-left: 0px; font-size: 16px; padding: 0px; font-stretch: normal; clear: none !important;\">Peso l\u00edquido<\/h3>\n<\/td>\n<td>167 kg<\/td>\n<\/tr>\n<tr>\n<td>\n<h3 class=\"ult-responsive\" data-ultimate-target=\"#Info-list-wrap-3752 h3\" data-responsive-json-new=\"{&quot;font-size&quot;:&quot;desktop:16px;&quot;,&quot;line-height&quot;:&quot;desktop:24px;&quot;}\" style=\"font-family: Ubuntu; line-height: 24px; color: rgb(58, 58, 58); margin-right: 0px; margin-bottom: 0px; margin-left: 0px; font-size: 16px; padding: 0px; font-stretch: normal; clear: none !important;\">Peso bruto<\/h3>\n<\/td>\n<td>203 kg<\/td>\n<\/tr>\n<\/tbody>\n<\/table>\n","protected":false},"excerpt":{"rendered":"<p>A Serra de Fita para Ossos SFO 3.10 super \u00e9 um equipamento indicadopara uso em: peixarias, supermercados e hipermercados. O cabe\u00e7ote, e a mesaremov\u00edvel s\u00e3o constru\u00eddos em chapa de a\u00e7o inox 304 que proporciona maiordurabilidade, facilidade de limpeza e higiene. As polias s\u00e3o produzidos em ferro fundido e volantes em a\u00e7o inox 304.Os dispositivos de [&hellip;]<\/p>\n","protected":false},"featured_media":10635,"comment_status":"open","ping_status":"closed","template":"","meta":[],"product_brand":[],"product_cat":[363],"product_tag":[],"class_list":{"0":"post-10636","1":"product","2":"type-product","3":"status-publish","4":"has-post-thumbnail","6":"product_cat-serra-fita","8":"first","9":"instock","10":"shipping-taxable","11":"purchasable","12":"product-type-simple"},"_links":{"self":[{"href":"https:\/\/twsites.com.br\/novomigcenter\/index.php?rest_route=\/wp\/v2\/product\/10636","targetHints":{"allow":["GET"]}}],"collection":[{"href":"https:\/\/twsites.com.br\/novomigcenter\/index.php?rest_route=\/wp\/v2\/product"}],"about":[{"href":"https:\/\/twsites.com.br\/novomigcenter\/index.php?rest_route=\/wp\/v2\/types\/product"}],"replies":[{"embeddable":true,"href":"https:\/\/twsites.com.br\/novomigcenter\/index.php?rest_route=%2Fwp%2Fv2%2Fcomments&post=10636"}],"wp:featuredmedia":[{"embeddable":true,"href":"https:\/\/twsites.com.br\/novomigcenter\/index.php?rest_route=\/wp\/v2\/media\/10635"}],"wp:attachment":[{"href":"https:\/\/twsites.com.br\/novomigcenter\/index.php?rest_route=%2Fwp%2Fv2%2Fmedia&parent=10636"}],"wp:term":[{"taxonomy":"product_brand","embeddable":true,"href":"https:\/\/twsites.com.br\/novomigcenter\/index.php?rest_route=%2Fwp%2Fv2%2Fproduct_brand&post=10636"},{"taxonomy":"product_cat","embeddable":true,"href":"https:\/\/twsites.com.br\/novomigcenter\/index.php?rest_route=%2Fwp%2Fv2%2Fproduct_cat&post=10636"},{"taxonomy":"product_tag","embeddable":true,"href":"https:\/\/twsites.com.br\/novomigcenter\/index.php?rest_route=%2Fwp%2Fv2%2Fproduct_tag&post=10636"}],"curies":[{"name":"wp","href":"https:\/\/api.w.org\/{rel}","templated":true}]}}