{"id":10642,"date":"2016-12-02T12:03:07","date_gmt":"2016-12-02T12:03:07","guid":{"rendered":"https:\/\/twsites.com.br\/novomigcenter\/?product=serra-fita-para-ossos-sfo-2-82-t"},"modified":"2016-12-02T12:03:07","modified_gmt":"2016-12-02T12:03:07","slug":"serra-fita-para-ossos-sfo-2-82-t","status":"publish","type":"product","link":"https:\/\/twsites.com.br\/novomigcenter\/?product=serra-fita-para-ossos-sfo-2-82-t","title":{"rendered":"Serra Fita para Ossos SFO 2.82 T"},"content":{"rendered":"<p class=\"MsoNormal\" style=\"margin-bottom:0cm;margin-bottom:.0001pt;line-height: normal\">A Serra de Fita para Ossos SFO 2.82 T \u00e9 um equipamento indicado para uso em: a\u00e7ougues, peixarias e supermercados. O cabe\u00e7ote, e a mesa remov\u00edvel s\u00e3o constru\u00eddos em chapa de a\u00e7o inox que proporcionam maior durabilidade, facilidade de limpeza e higiene.&nbsp;<\/p>\n<p class=\"MsoNormal\" style=\"margin-bottom:0cm;margin-bottom:.0001pt;line-height: normal\">As polias e volantes s\u00e3o produzidos em ferro fundido e os dispositivos de seguran\u00e7a como: protetor de fita, empurrador e esticador tamb\u00e9m s\u00e3o constru\u00eddos em a\u00e7o inox.&nbsp;<\/p>\n<p style=\"margin-bottom: 10px; padding: 0px; color: rgb(136, 136, 136); font-family: &quot;Open Sans&quot;, Helvetica, Arial, Verdana, sans-serif; font-size: 14px;\">\n<p class=\"MsoNormal\" style=\"margin-bottom:0cm;margin-bottom:.0001pt;line-height: normal\">O bot\u00e3o de emerg\u00eancia posiciona-se estrategicamente na frente do operador. Desta forma o seu manuseio \u00e9 feito de forma r\u00e1pida, pr\u00e1tica e precisa.<o:p><\/o:p><\/p>\n<p style=\"margin-bottom: 0px; padding: 0px; color: rgb(136, 136, 136); font-family: &quot;Open Sans&quot;, Helvetica, Arial, Verdana, sans-serif; font-size: 14px;\"><\/p>\n<table class=\"table table-bordered\" style=\"background-color: rgb(255, 255, 255); width: 693px;\">\n<tbody>\n<tr>\n<td>\n<h3 class=\"ult-responsive\" data-ultimate-target=\"#Info-list-wrap-5156 h3\" data-responsive-json-new=\"{&quot;font-size&quot;:&quot;desktop:16px;&quot;,&quot;line-height&quot;:&quot;desktop:24px;&quot;}\" style=\"font-family: Ubuntu; line-height: 24px; color: rgb(58, 58, 58); margin-right: 0px; margin-bottom: 0px; margin-left: 0px; font-size: 16px; padding: 0px; font-stretch: normal; clear: none !important;\">Motor<\/h3>\n<\/td>\n<td>1,1 kW (1,5 cv)<\/td>\n<\/tr>\n<tr>\n<td>\n<h3 class=\"ult-responsive\" data-ultimate-target=\"#Info-list-wrap-6469 h3\" data-responsive-json-new=\"{&quot;font-size&quot;:&quot;desktop:16px;&quot;,&quot;line-height&quot;:&quot;desktop:24px;&quot;}\" style=\"font-family: Ubuntu; line-height: 24px; color: rgb(58, 58, 58); margin-right: 0px; margin-bottom: 0px; margin-left: 0px; font-size: 16px; padding: 0px; font-stretch: normal; clear: none !important;\">Fase<\/h3>\n<\/td>\n<td>1 ou 3<\/td>\n<\/tr>\n<tr>\n<td>\n<h3 class=\"ult-responsive\" data-ultimate-target=\"#Info-list-wrap-2205 h3\" data-responsive-json-new=\"{&quot;font-size&quot;:&quot;desktop:16px;&quot;,&quot;line-height&quot;:&quot;desktop:24px;&quot;}\" style=\"font-family: Ubuntu; line-height: 24px; color: rgb(58, 58, 58); margin-right: 0px; margin-bottom: 0px; margin-left: 0px; font-size: 16px; padding: 0px; font-stretch: normal; clear: none !important;\">Voltagem<\/h3>\n<\/td>\n<td>127\/220 ou 220\/380<\/td>\n<\/tr>\n<tr>\n<td>\n<h3 class=\"ult-responsive\" data-ultimate-target=\"#Info-list-wrap-1686 h3\" data-responsive-json-new=\"{&quot;font-size&quot;:&quot;desktop:16px;&quot;,&quot;line-height&quot;:&quot;desktop:24px;&quot;}\" style=\"font-family: Ubuntu; line-height: 24px; color: rgb(58, 58, 58); margin-right: 0px; margin-bottom: 0px; margin-left: 0px; font-size: 16px; padding: 0px; font-stretch: normal; clear: none !important;\">Hz<\/h3>\n<\/td>\n<td>50\/60<\/td>\n<\/tr>\n<tr>\n<td>\n<h3 class=\"ult-responsive\" data-ultimate-target=\"#Info-list-wrap-1202 h3\" data-responsive-json-new=\"{&quot;font-size&quot;:&quot;desktop:16px;&quot;,&quot;line-height&quot;:&quot;desktop:24px;&quot;}\" style=\"font-family: Ubuntu; line-height: 24px; color: rgb(58, 58, 58); margin-right: 0px; margin-bottom: 0px; margin-left: 0px; font-size: 16px; padding: 0px; font-stretch: normal; clear: none !important;\">Consumo<\/h3>\n<\/td>\n<td>1,35 kWh<\/td>\n<\/tr>\n<tr>\n<td>\n<h3 class=\"ult-responsive\" data-ultimate-target=\"#Info-list-wrap-8397 h3\" data-responsive-json-new=\"{&quot;font-size&quot;:&quot;desktop:16px;&quot;,&quot;line-height&quot;:&quot;desktop:24px;&quot;}\" style=\"font-family: Ubuntu; line-height: 24px; color: rgb(58, 58, 58); margin-right: 0px; margin-bottom: 0px; margin-left: 0px; font-size: 16px; padding: 0px; font-stretch: normal; clear: none !important;\">Comprimento da l\u00e2mina<\/h3>\n<\/td>\n<td>2820 mm<\/td>\n<\/tr>\n<tr>\n<td>\n<h3 class=\"ult-responsive\" data-ultimate-target=\"#Info-list-wrap-7865 h3\" data-responsive-json-new=\"{&quot;font-size&quot;:&quot;desktop:16px;&quot;,&quot;line-height&quot;:&quot;desktop:24px;&quot;}\" style=\"font-family: Ubuntu; line-height: 24px; color: rgb(58, 58, 58); margin-right: 0px; margin-bottom: 0px; margin-left: 0px; font-size: 16px; padding: 0px; font-stretch: normal; clear: none !important;\">Altura at\u00e9 a mesa<\/h3>\n<\/td>\n<td>870 mm<\/td>\n<\/tr>\n<tr>\n<td>\n<h3 class=\"ult-responsive\" data-ultimate-target=\"#Info-list-wrap-6009 h3\" data-responsive-json-new=\"{&quot;font-size&quot;:&quot;desktop:16px;&quot;,&quot;line-height&quot;:&quot;desktop:24px;&quot;}\" style=\"font-family: Ubuntu; line-height: 24px; color: rgb(58, 58, 58); margin-right: 0px; margin-bottom: 0px; margin-left: 0px; font-size: 16px; padding: 0px; font-stretch: normal; clear: none !important;\">Mesa (LxC)<\/h3>\n<\/td>\n<td>760 mm x 800 mm<\/td>\n<\/tr>\n<tr>\n<td>\n<h3 class=\"ult-responsive\" data-ultimate-target=\"#Info-list-wrap-8306 h3\" data-responsive-json-new=\"{&quot;font-size&quot;:&quot;desktop:16px;&quot;,&quot;line-height&quot;:&quot;desktop:24px;&quot;}\" style=\"font-family: Ubuntu; line-height: 24px; color: rgb(58, 58, 58); margin-right: 0px; margin-bottom: 0px; margin-left: 0px; font-size: 16px; padding: 0px; font-stretch: normal; clear: none !important;\">Espa\u00e7o entre coluna e fita<\/h3>\n<\/td>\n<td>315 mm<\/td>\n<\/tr>\n<tr>\n<td>\n<h3 class=\"ult-responsive\" data-ultimate-target=\"#Info-list-wrap-3793 h3\" data-responsive-json-new=\"{&quot;font-size&quot;:&quot;desktop:16px;&quot;,&quot;line-height&quot;:&quot;desktop:24px;&quot;}\" style=\"font-family: Ubuntu; line-height: 24px; color: rgb(58, 58, 58); margin-right: 0px; margin-bottom: 0px; margin-left: 0px; font-size: 16px; padding: 0px; font-stretch: normal; clear: none !important;\">Altura m\u00e1xima da mesa at\u00e9 o encosto proteto<\/h3>\n<\/td>\n<td>285 mm<\/td>\n<\/tr>\n<tr>\n<td>\n<h3 class=\"ult-responsive\" data-ultimate-target=\"#Info-list-wrap-5525 h3\" data-responsive-json-new=\"{&quot;font-size&quot;:&quot;desktop:16px;&quot;,&quot;line-height&quot;:&quot;desktop:24px;&quot;}\" style=\"font-family: Ubuntu; line-height: 24px; color: rgb(58, 58, 58); margin-right: 0px; margin-bottom: 0px; margin-left: 0px; font-size: 16px; padding: 0px; font-stretch: normal; clear: none !important;\">Altura da mesa at\u00e9 o cabe\u00e7ote superior<\/h3>\n<\/td>\n<td>410 mm<\/td>\n<\/tr>\n<tr>\n<td>\n<h3 class=\"ult-responsive\" data-ultimate-target=\"#Info-list-wrap-9083 h3\" data-responsive-json-new=\"{&quot;font-size&quot;:&quot;desktop:16px;&quot;,&quot;line-height&quot;:&quot;desktop:24px;&quot;}\" style=\"font-family: Ubuntu; line-height: 24px; color: rgb(58, 58, 58); margin-right: 0px; margin-bottom: 0px; margin-left: 0px; font-size: 16px; padding: 0px; font-stretch: normal; clear: none !important;\">Largura<\/h3>\n<\/td>\n<td>1020 mm<\/td>\n<\/tr>\n<tr>\n<td>\n<h3 class=\"ult-responsive\" data-ultimate-target=\"#Info-list-wrap-7194 h3\" data-responsive-json-new=\"{&quot;font-size&quot;:&quot;desktop:16px;&quot;,&quot;line-height&quot;:&quot;desktop:24px;&quot;}\" style=\"font-family: Ubuntu; line-height: 24px; color: rgb(58, 58, 58); margin-right: 0px; margin-bottom: 0px; margin-left: 0px; font-size: 16px; padding: 0px; font-stretch: normal; clear: none !important;\">Comprimento<\/h3>\n<\/td>\n<td>880 mm<\/td>\n<\/tr>\n<tr>\n<td>\n<h3 class=\"ult-responsive\" data-ultimate-target=\"#Info-list-wrap-2098 h3\" data-responsive-json-new=\"{&quot;font-size&quot;:&quot;desktop:16px;&quot;,&quot;line-height&quot;:&quot;desktop:24px;&quot;}\" style=\"font-family: Ubuntu; line-height: 24px; color: rgb(58, 58, 58); margin-right: 0px; margin-bottom: 0px; margin-left: 0px; font-size: 16px; padding: 0px; font-stretch: normal; clear: none !important;\">Altura<\/h3>\n<\/td>\n<td>1730 mm<\/td>\n<\/tr>\n<tr>\n<td>\n<h3 class=\"ult-responsive\" data-ultimate-target=\"#Info-list-wrap-6425 h3\" data-responsive-json-new=\"{&quot;font-size&quot;:&quot;desktop:16px;&quot;,&quot;line-height&quot;:&quot;desktop:24px;&quot;}\" style=\"font-family: Ubuntu; line-height: 24px; color: rgb(58, 58, 58); margin-right: 0px; margin-bottom: 0px; margin-left: 0px; font-size: 16px; padding: 0px; font-stretch: normal; clear: none !important;\">Peso l\u00edquido<\/h3>\n<\/td>\n<td>99,5 kg<\/td>\n<\/tr>\n<tr>\n<td>\n<h3 class=\"ult-responsive\" data-ultimate-target=\"#Info-list-wrap-3033 h3\" data-responsive-json-new=\"{&quot;font-size&quot;:&quot;desktop:16px;&quot;,&quot;line-height&quot;:&quot;desktop:24px;&quot;}\" style=\"font-family: Ubuntu; line-height: 24px; color: rgb(58, 58, 58); margin-right: 0px; margin-bottom: 0px; margin-left: 0px; font-size: 16px; padding: 0px; font-stretch: normal; clear: none !important;\">Peso bruto<\/h3>\n<\/td>\n<td>125 kg<\/td>\n<\/tr>\n<\/tbody>\n<\/table>\n","protected":false},"excerpt":{"rendered":"<p>A Serra de Fita para Ossos SFO 2.82 T \u00e9 um equipamento indicado para uso em: a\u00e7ougues, peixarias e supermercados. O cabe\u00e7ote, e a mesa remov\u00edvel s\u00e3o constru\u00eddos em chapa de a\u00e7o inox que proporcionam maior durabilidade, facilidade de limpeza e higiene.&nbsp; As polias e volantes s\u00e3o produzidos em ferro fundido e os dispositivos de [&hellip;]<\/p>\n","protected":false},"featured_media":10641,"comment_status":"open","ping_status":"closed","template":"","meta":[],"product_brand":[],"product_cat":[363],"product_tag":[],"class_list":{"0":"post-10642","1":"product","2":"type-product","3":"status-publish","4":"has-post-thumbnail","6":"product_cat-serra-fita","8":"first","9":"instock","10":"shipping-taxable","11":"purchasable","12":"product-type-simple"},"_links":{"self":[{"href":"https:\/\/twsites.com.br\/novomigcenter\/index.php?rest_route=\/wp\/v2\/product\/10642","targetHints":{"allow":["GET"]}}],"collection":[{"href":"https:\/\/twsites.com.br\/novomigcenter\/index.php?rest_route=\/wp\/v2\/product"}],"about":[{"href":"https:\/\/twsites.com.br\/novomigcenter\/index.php?rest_route=\/wp\/v2\/types\/product"}],"replies":[{"embeddable":true,"href":"https:\/\/twsites.com.br\/novomigcenter\/index.php?rest_route=%2Fwp%2Fv2%2Fcomments&post=10642"}],"wp:featuredmedia":[{"embeddable":true,"href":"https:\/\/twsites.com.br\/novomigcenter\/index.php?rest_route=\/wp\/v2\/media\/10641"}],"wp:attachment":[{"href":"https:\/\/twsites.com.br\/novomigcenter\/index.php?rest_route=%2Fwp%2Fv2%2Fmedia&parent=10642"}],"wp:term":[{"taxonomy":"product_brand","embeddable":true,"href":"https:\/\/twsites.com.br\/novomigcenter\/index.php?rest_route=%2Fwp%2Fv2%2Fproduct_brand&post=10642"},{"taxonomy":"product_cat","embeddable":true,"href":"https:\/\/twsites.com.br\/novomigcenter\/index.php?rest_route=%2Fwp%2Fv2%2Fproduct_cat&post=10642"},{"taxonomy":"product_tag","embeddable":true,"href":"https:\/\/twsites.com.br\/novomigcenter\/index.php?rest_route=%2Fwp%2Fv2%2Fproduct_tag&post=10642"}],"curies":[{"name":"wp","href":"https:\/\/api.w.org\/{rel}","templated":true}]}}