{"id":10650,"date":"2016-12-02T16:17:57","date_gmt":"2016-12-02T16:17:57","guid":{"rendered":"https:\/\/twsites.com.br\/novomigcenter\/?product=sfl-218-skymsen"},"modified":"2016-12-02T16:17:57","modified_gmt":"2016-12-02T16:17:57","slug":"sfl-218-skymsen","status":"publish","type":"product","link":"https:\/\/twsites.com.br\/novomigcenter\/?product=sfl-218-skymsen","title":{"rendered":"SFL-218 SERRA-FITA PARA OSSOS INOX"},"content":{"rendered":"<p><b><font face=\"Arial\">Dados T\u00e9cnicos<\/font><\/b><\/p>\n<table class=\"table table-bordered\" style=\"background-color: rgb(255, 255, 255); width: 693px;\">\n<tbody>\n<tr>\n<td><font face=\"Arial\">Modelo<br \/><\/font><\/td>\n<td><font face=\"Arial\">SFL-218<br \/><\/font><\/td>\n<\/tr>\n<tr>\n<td><font face=\"Arial\">Pot\u00eancia do Motor<br \/><\/font><\/td>\n<td><font face=\"Arial\">1CV<br \/><\/font><\/td>\n<\/tr>\n<tr>\n<td><font face=\"Arial\">Frequ\u00eancia<br \/><\/font><\/td>\n<td><font face=\"Arial\">60Hz<br \/><\/font><\/td>\n<\/tr>\n<tr>\n<td><font face=\"Arial\">Tens\u00e3o<br \/><\/font><\/td>\n<td><font face=\"Arial\">220V<br \/><\/font><\/td>\n<\/tr>\n<tr>\n<td><font face=\"Arial\">Altura<br \/><\/font><\/td>\n<td><font face=\"Arial\">1580.00 mm<br \/><\/font><\/td>\n<\/tr>\n<tr>\n<td><font face=\"Arial\">Largura<br \/><\/font><\/td>\n<td><font face=\"Arial\">715.00 mm<br \/><\/font><\/td>\n<\/tr>\n<tr>\n<td><font face=\"Arial\">Profundidade<br \/><\/font><\/td>\n<td><font face=\"Arial\">805.00 mm<br \/><\/font><\/td>\n<\/tr>\n<tr>\n<td><font face=\"Arial\">Peso L\u00edquido<br \/><\/font><\/td>\n<td><font face=\"Arial\">73.00 kg<br \/><\/font><\/td>\n<\/tr>\n<tr>\n<td><font face=\"Arial\">Peso Bruto<br \/><\/font><\/td>\n<td><font face=\"Arial\">92.00 kg&nbsp;<br \/><\/font><\/td>\n<\/tr>\n<tr>\n<td><font face=\"Arial\">Comprimento da Lamina<br \/><\/font><\/td>\n<td><font face=\"Arial\">2180 mm<\/p>\n<p><\/font><\/td>\n<\/tr>\n<\/tbody>\n<\/table>\n","protected":false},"excerpt":{"rendered":"<p>Dados T\u00e9cnicos Modelo SFL-218 Pot\u00eancia do Motor 1CV Frequ\u00eancia 60Hz Tens\u00e3o 220V Altura 1580.00 mm Largura 715.00 mm Profundidade 805.00 mm Peso L\u00edquido 73.00 kg Peso Bruto 92.00 kg&nbsp; Comprimento da Lamina 2180 mm<\/p>\n","protected":false},"featured_media":10649,"comment_status":"open","ping_status":"closed","template":"","meta":[],"product_brand":[],"product_cat":[363],"product_tag":[],"class_list":{"0":"post-10650","1":"product","2":"type-product","3":"status-publish","4":"has-post-thumbnail","6":"product_cat-serra-fita","8":"first","9":"instock","10":"shipping-taxable","11":"purchasable","12":"product-type-simple"},"_links":{"self":[{"href":"https:\/\/twsites.com.br\/novomigcenter\/index.php?rest_route=\/wp\/v2\/product\/10650","targetHints":{"allow":["GET"]}}],"collection":[{"href":"https:\/\/twsites.com.br\/novomigcenter\/index.php?rest_route=\/wp\/v2\/product"}],"about":[{"href":"https:\/\/twsites.com.br\/novomigcenter\/index.php?rest_route=\/wp\/v2\/types\/product"}],"replies":[{"embeddable":true,"href":"https:\/\/twsites.com.br\/novomigcenter\/index.php?rest_route=%2Fwp%2Fv2%2Fcomments&post=10650"}],"wp:featuredmedia":[{"embeddable":true,"href":"https:\/\/twsites.com.br\/novomigcenter\/index.php?rest_route=\/wp\/v2\/media\/10649"}],"wp:attachment":[{"href":"https:\/\/twsites.com.br\/novomigcenter\/index.php?rest_route=%2Fwp%2Fv2%2Fmedia&parent=10650"}],"wp:term":[{"taxonomy":"product_brand","embeddable":true,"href":"https:\/\/twsites.com.br\/novomigcenter\/index.php?rest_route=%2Fwp%2Fv2%2Fproduct_brand&post=10650"},{"taxonomy":"product_cat","embeddable":true,"href":"https:\/\/twsites.com.br\/novomigcenter\/index.php?rest_route=%2Fwp%2Fv2%2Fproduct_cat&post=10650"},{"taxonomy":"product_tag","embeddable":true,"href":"https:\/\/twsites.com.br\/novomigcenter\/index.php?rest_route=%2Fwp%2Fv2%2Fproduct_tag&post=10650"}],"curies":[{"name":"wp","href":"https:\/\/api.w.org\/{rel}","templated":true}]}}