{"id":10652,"date":"2016-12-02T16:23:50","date_gmt":"2016-12-02T16:23:50","guid":{"rendered":"https:\/\/twsites.com.br\/novomigcenter\/?product=sfl-282-skymsen"},"modified":"2016-12-02T16:23:50","modified_gmt":"2016-12-02T16:23:50","slug":"sfl-282-skymsen","status":"publish","type":"product","link":"https:\/\/twsites.com.br\/novomigcenter\/?product=sfl-282-skymsen","title":{"rendered":"SFL-282HD SERRA-FITA PARA OSSOS INOX,"},"content":{"rendered":"<p><b><font face=\"Arial\">Dados T\u00e9cnicos<\/font><\/b><\/p>\n<table class=\"table table-bordered\" style=\"background-color: rgb(255, 255, 255); width: 693px;\">\n<tbody>\n<tr>\n<td><font face=\"Arial\">Modelo<br \/><\/font><\/td>\n<td><font face=\"Arial\">SFL-282HD<br \/><\/font><\/td>\n<\/tr>\n<tr>\n<td><font face=\"Arial\">Pot\u00eancia do Motor<br \/><\/font><\/td>\n<td><font face=\"Arial\">1,5CV<br \/><\/font><\/td>\n<\/tr>\n<tr>\n<td><font face=\"Arial\">Frequ\u00eancia<br \/><\/font><\/td>\n<td><font face=\"Arial\">60Hz<br \/><\/font><\/td>\n<\/tr>\n<tr>\n<td><font face=\"Arial\">Tens\u00e3o<br \/><\/font><\/td>\n<td><font face=\"Arial\">220V<br \/><\/font><\/td>\n<\/tr>\n<tr>\n<td><font face=\"Arial\">Altura<br \/><\/font><\/td>\n<td><font face=\"Arial\">1770.00 mm<br \/><\/font><\/td>\n<\/tr>\n<tr>\n<td><font face=\"Arial\">Largura<br \/><\/font><\/td>\n<td><font face=\"Arial\">885.00 mm<br \/><\/font><\/td>\n<\/tr>\n<tr>\n<td><font face=\"Arial\">Profundidade<br \/><\/font><\/td>\n<td><font face=\"Arial\">940.00 mm<br \/><\/font><\/td>\n<\/tr>\n<tr>\n<td><font face=\"Arial\">Peso L\u00edquido<br \/><\/font><\/td>\n<td><font face=\"Arial\">108.00 kg<br \/><\/font><\/td>\n<\/tr>\n<tr>\n<td><font face=\"Arial\">Peso Bruto<br \/><\/font><\/td>\n<td><font face=\"Arial\">132.00 kg&nbsp;<br \/><\/font><\/td>\n<\/tr>\n<tr>\n<td><font face=\"Arial\">Comprimento da Lamina<br \/><\/font><\/td>\n<td><font face=\"Arial\">2820 mm<br \/><\/font><\/td>\n<\/tr>\n<tr>\n<td><font face=\"Arial\">Altura de Corte<br \/><\/font><\/td>\n<td><font face=\"Arial\">390 mm<br \/><\/font><\/td>\n<\/tr>\n<tr>\n<td><font face=\"Arial\">Largura de Corte<br \/><\/font><\/td>\n<td><font face=\"Arial\">280 mm<\/font><\/td>\n<\/tr>\n<\/tbody>\n<\/table>\n","protected":false},"excerpt":{"rendered":"<p>Dados T\u00e9cnicos Modelo SFL-282HD Pot\u00eancia do Motor 1,5CV Frequ\u00eancia 60Hz Tens\u00e3o 220V Altura 1770.00 mm Largura 885.00 mm Profundidade 940.00 mm Peso L\u00edquido 108.00 kg Peso Bruto 132.00 kg&nbsp; Comprimento da Lamina 2820 mm Altura de Corte 390 mm Largura de Corte 280 mm<\/p>\n","protected":false},"featured_media":10651,"comment_status":"open","ping_status":"closed","template":"","meta":[],"product_brand":[],"product_cat":[363],"product_tag":[],"class_list":{"0":"post-10652","1":"product","2":"type-product","3":"status-publish","4":"has-post-thumbnail","6":"product_cat-serra-fita","8":"first","9":"instock","10":"shipping-taxable","11":"purchasable","12":"product-type-simple"},"_links":{"self":[{"href":"https:\/\/twsites.com.br\/novomigcenter\/index.php?rest_route=\/wp\/v2\/product\/10652","targetHints":{"allow":["GET"]}}],"collection":[{"href":"https:\/\/twsites.com.br\/novomigcenter\/index.php?rest_route=\/wp\/v2\/product"}],"about":[{"href":"https:\/\/twsites.com.br\/novomigcenter\/index.php?rest_route=\/wp\/v2\/types\/product"}],"replies":[{"embeddable":true,"href":"https:\/\/twsites.com.br\/novomigcenter\/index.php?rest_route=%2Fwp%2Fv2%2Fcomments&post=10652"}],"wp:featuredmedia":[{"embeddable":true,"href":"https:\/\/twsites.com.br\/novomigcenter\/index.php?rest_route=\/wp\/v2\/media\/10651"}],"wp:attachment":[{"href":"https:\/\/twsites.com.br\/novomigcenter\/index.php?rest_route=%2Fwp%2Fv2%2Fmedia&parent=10652"}],"wp:term":[{"taxonomy":"product_brand","embeddable":true,"href":"https:\/\/twsites.com.br\/novomigcenter\/index.php?rest_route=%2Fwp%2Fv2%2Fproduct_brand&post=10652"},{"taxonomy":"product_cat","embeddable":true,"href":"https:\/\/twsites.com.br\/novomigcenter\/index.php?rest_route=%2Fwp%2Fv2%2Fproduct_cat&post=10652"},{"taxonomy":"product_tag","embeddable":true,"href":"https:\/\/twsites.com.br\/novomigcenter\/index.php?rest_route=%2Fwp%2Fv2%2Fproduct_tag&post=10652"}],"curies":[{"name":"wp","href":"https:\/\/api.w.org\/{rel}","templated":true}]}}