{"id":10668,"date":"2017-01-03T15:24:58","date_gmt":"2017-01-03T15:24:58","guid":{"rendered":"https:\/\/twsites.com.br\/novomigcenter\/?product=camara-climatica-gctr-1000"},"modified":"2017-01-03T15:24:58","modified_gmt":"2017-01-03T15:24:58","slug":"camara-climatica-gctr-1000","status":"publish","type":"product","link":"https:\/\/twsites.com.br\/novomigcenter\/?product=camara-climatica-gctr-1000","title":{"rendered":"C\u00e2mara Clim\u00e1tica Simult\u00e2nea 1000L  GCTR-1000"},"content":{"rendered":"<p class=\"MsoNormal\"><span style=\"color: rgb(76, 76, 76); background-image: initial; background-position: initial; background-size: initial; background-repeat: initial; background-attachment: initial; background-origin: initial; background-clip: initial;\"><font face=\"Arial\"><span style=\"font-weight: bold;\">Descri\u00e7\u00e3o do Produto<\/span><o:p><\/o:p><\/font><\/span><\/p>\n<p class=\"MsoNormal\"><span style=\"color: rgb(76, 76, 76); background-image: initial; background-position: initial; background-size: initial; background-repeat: initial; background-attachment: initial; background-origin: initial; background-clip: initial;\"><font face=\"Arial\">Controle da fermenta\u00e7\u00e3o de p\u00e3es<o:p><\/o:p><\/font><\/span><\/p>\n<p class=\"MsoNormal\"><span style=\"color: rgb(76, 76, 76); background-image: initial; background-position: initial; background-size: initial; background-repeat: initial; background-attachment: initial; background-origin: initial; background-clip: initial;\"><font face=\"Arial\">Temperatura:<o:p><\/o:p><\/font><\/span><\/p>\n<p class=\"MsoNormal\"><span style=\"color: rgb(76, 76, 76); background-image: initial; background-position: initial; background-size: initial; background-repeat: initial; background-attachment: initial; background-origin: initial; background-clip: initial;\"><font face=\"Arial\">&#8211; Parte superior aquecida +30\u00b0 a +35\u00b0C<o:p><\/o:p><\/font><\/span><\/p>\n<p class=\"MsoNormal\"><span style=\"color: rgb(76, 76, 76); background-image: initial; background-position: initial; background-size: initial; background-repeat: initial; background-attachment: initial; background-origin: initial; background-clip: initial;\"><font face=\"Arial\">&#8211; Parte inferior refrigerada +5\u00b0 a +10\u00b0C<o:p><\/o:p><\/font><\/span><\/p>\n<p class=\"MsoNormal\"><span style=\"color: rgb(76, 76, 76); background-image: initial; background-position: initial; background-size: initial; background-repeat: initial; background-attachment: initial; background-origin: initial; background-clip: initial;\"><font face=\"Arial\">Refrigera\u00e7\u00e3o: Ar for\u00e7ado com placa fria (parte inferior)<o:p><\/o:p><\/font><\/span><\/p>\n<p class=\"MsoNormal\"><span style=\"color: rgb(76, 76, 76); background-image: initial; background-position: initial; background-size: initial; background-repeat: initial; background-attachment: initial; background-origin: initial; background-clip: initial;\"><font face=\"Arial\">Aquecimento: Resist\u00eancia blindada (parte superior)<o:p><\/o:p><\/font><\/span><\/p>\n<p class=\"MsoNormal\"><span style=\"color: rgb(76, 76, 76); background-image: initial; background-position: initial; background-size: initial; background-repeat: initial; background-attachment: initial; background-origin: initial; background-clip: initial;\"><font face=\"Arial\">Controle de Temperatura: Termostato (1 por compartimento)<o:p><\/o:p><\/font><\/span><\/p>\n<p class=\"MsoNormal\"><span style=\"color: rgb(76, 76, 76); background-image: initial; background-position: initial; background-size: initial; background-repeat: initial; background-attachment: initial; background-origin: initial; background-clip: initial;\"><font face=\"Arial\">C\u00e2mara clim\u00e1tica de uso simult\u00e2neo, sendo a parte inferior refrigerada para retardar o processo de fermenta\u00e7\u00e3o (dep\u00f3sito de refrigera\u00e7\u00e3o), e a parte superior com aquecimento para acelerar a fermenta\u00e7\u00e3o (dep\u00f3sito de aquecimento)<o:p><\/o:p><\/font><\/span><\/p>\n<p class=\"MsoNormal\"><span style=\"color: rgb(76, 76, 76); background-image: initial; background-position: initial; background-size: initial; background-repeat: initial; background-attachment: initial; background-origin: initial; background-clip: initial;\"><font face=\"Arial\">Cont\u00e9m duas portas e cada dep\u00f3sito \u00e9 independente e isolado um do outro<o:p><\/o:p><\/font><\/span><\/p>\n<p class=\"MsoNormal\"><span style=\"color: rgb(76, 76, 76); background-image: initial; background-position: initial; background-size: initial; background-repeat: initial; background-attachment: initial; background-origin: initial; background-clip: initial;\"><font face=\"Arial\">Gabinete com rod\u00edzios<o:p><\/o:p><\/font><\/span><\/p>\n<p class=\"MsoNormal\"><span style=\"color: rgb(76, 76, 76); background-image: initial; background-position: initial; background-size: initial; background-repeat: initial; background-attachment: initial; background-origin: initial; background-clip: initial;\"><font face=\"Arial\">Termostatos e term\u00f4metros localizados no painel superior<o:p><\/o:p><\/font><\/span><\/p>\n<p class=\"MsoNormal\"><span style=\"color: rgb(76, 76, 76); background-image: initial; background-position: initial; background-size: initial; background-repeat: initial; background-attachment: initial; background-origin: initial; background-clip: initial;\"><font face=\"Arial\">Os comandos de refrigera\u00e7\u00e3o e de aquecimento s\u00e3o independentes entre si<o:p><\/o:p><\/font><\/span><\/p>\n<p class=\"MsoNormal\"><span style=\"color: rgb(76, 76, 76); background-image: initial; background-position: initial; background-size: initial; background-repeat: initial; background-attachment: initial; background-origin: initial; background-clip: initial;\"><font face=\"Arial\">Revestimento interno em alum\u00ednio<o:p><\/o:p><\/font><\/span><\/p>\n<p class=\"MsoNormal\"><span style=\"color: rgb(76, 76, 76); background-image: initial; background-position: initial; background-size: initial; background-repeat: initial; background-attachment: initial; background-origin: initial; background-clip: initial;\"><font face=\"Arial\">Revestimento externo em chapa pr\u00e9-pintada na cor cinza<o:p><\/o:p><\/font><\/span><\/p>\n<p class=\"MsoNormal\"><span style=\"color: rgb(76, 76, 76); background-image: initial; background-position: initial; background-size: initial; background-repeat: initial; background-attachment: initial; background-origin: initial; background-clip: initial;\"><font face=\"Arial\">Opera com bandejas (esteiras assadeiras) de 600x700mm ou 580x680mm<o:p><\/o:p><\/font><\/span><\/p>\n<p class=\"MsoNormal\"><span style=\"color: rgb(76, 76, 76); background-image: initial; background-position: initial; background-size: initial; background-repeat: initial; background-attachment: initial; background-origin: initial; background-clip: initial;\"><font face=\"Arial\">O dep\u00f3sito de aquecimento comporta 8 bandejas (200 p\u00e3es) e o dep\u00f3sito de refrigera\u00e7\u00e3o comporta 26 bandejas (650 p\u00e3es)<o:p><\/o:p><\/font><\/span><\/p>\n<p class=\"MsoNormal\"><span style=\"color: rgb(76, 76, 76); background-image: initial; background-position: initial; background-size: initial; background-repeat: initial; background-attachment: initial; background-origin: initial; background-clip: initial;\"><font face=\"Arial\">Obs.: As bandejas n\u00e3o acompanham o produto<o:p><\/o:p><\/font><\/span><\/p>\n<p class=\"MsoNormal\">\n<p class=\"MsoNormal\"><span style=\"color: rgb(76, 76, 76); background-image: initial; background-position: initial; background-size: initial; background-repeat: initial; background-attachment: initial; background-origin: initial; background-clip: initial;\"><font face=\"Arial\">N\u00e3o recomendado para descongelamento de p\u00e3es<\/font><\/span><\/p>\n<p class=\"MsoNormal\"><font face=\"Arial\"><br \/><\/font><\/p>\n<table class=\"table table-bordered\" style=\"background-color: rgb(255, 255, 255); width: 1440px;\">\n<tbody>\n<tr>\n<td><font face=\"Arial\"><br \/><\/font><\/td>\n<td><font face=\"Arial\">GCTR-1000<\/font><\/td>\n<\/tr>\n<tr>\n<td><font face=\"Arial\">Frente(mm)<br \/><\/font><\/td>\n<td><font face=\"Arial\">874<\/font><\/td>\n<\/tr>\n<tr>\n<td><font face=\"Arial\">Profundidade(mm)<br \/><\/font><\/td>\n<td><font face=\"Arial\">1345<\/font><\/td>\n<\/tr>\n<tr>\n<td><font face=\"Arial\">Altura(mm)<br \/><\/font><\/td>\n<td><font face=\"Arial\">2035<\/font><\/td>\n<\/tr>\n<tr>\n<td><font face=\"Arial\">Peso bruto(kg)<br \/><\/font><\/td>\n<td><font face=\"Arial\">277<\/font><\/td>\n<\/tr>\n<tr>\n<td><font face=\"Arial\">Tens\u00e3o(V)<br \/><\/font><\/td>\n<td><font face=\"Arial\">220<\/font><\/td>\n<\/tr>\n<tr>\n<td><font face=\"Arial\">Frequ\u00eancia(Hz)<br \/><\/font><\/td>\n<td><font face=\"Arial\">50 ou &nbsp;60<\/font><\/td>\n<\/tr>\n<\/tbody>\n<\/table>\n","protected":false},"excerpt":{"rendered":"<p>Descri\u00e7\u00e3o do Produto Controle da fermenta\u00e7\u00e3o de p\u00e3es Temperatura: &#8211; Parte superior aquecida +30\u00b0 a +35\u00b0C &#8211; Parte inferior refrigerada +5\u00b0 a +10\u00b0C Refrigera\u00e7\u00e3o: Ar for\u00e7ado com placa fria (parte inferior) Aquecimento: Resist\u00eancia blindada (parte superior) Controle de Temperatura: Termostato (1 por compartimento) C\u00e2mara clim\u00e1tica de uso simult\u00e2neo, sendo a parte inferior refrigerada para retardar [&hellip;]<\/p>\n","protected":false},"featured_media":10666,"comment_status":"open","ping_status":"closed","template":"","meta":[],"product_brand":[],"product_cat":[339,425],"product_tag":[],"class_list":{"0":"post-10668","1":"product","2":"type-product","3":"status-publish","4":"has-post-thumbnail","6":"product_cat-camara-climatica","7":"product_cat-padaria","9":"first","10":"instock","11":"shipping-taxable","12":"purchasable","13":"product-type-simple"},"_links":{"self":[{"href":"https:\/\/twsites.com.br\/novomigcenter\/index.php?rest_route=\/wp\/v2\/product\/10668","targetHints":{"allow":["GET"]}}],"collection":[{"href":"https:\/\/twsites.com.br\/novomigcenter\/index.php?rest_route=\/wp\/v2\/product"}],"about":[{"href":"https:\/\/twsites.com.br\/novomigcenter\/index.php?rest_route=\/wp\/v2\/types\/product"}],"replies":[{"embeddable":true,"href":"https:\/\/twsites.com.br\/novomigcenter\/index.php?rest_route=%2Fwp%2Fv2%2Fcomments&post=10668"}],"wp:featuredmedia":[{"embeddable":true,"href":"https:\/\/twsites.com.br\/novomigcenter\/index.php?rest_route=\/wp\/v2\/media\/10666"}],"wp:attachment":[{"href":"https:\/\/twsites.com.br\/novomigcenter\/index.php?rest_route=%2Fwp%2Fv2%2Fmedia&parent=10668"}],"wp:term":[{"taxonomy":"product_brand","embeddable":true,"href":"https:\/\/twsites.com.br\/novomigcenter\/index.php?rest_route=%2Fwp%2Fv2%2Fproduct_brand&post=10668"},{"taxonomy":"product_cat","embeddable":true,"href":"https:\/\/twsites.com.br\/novomigcenter\/index.php?rest_route=%2Fwp%2Fv2%2Fproduct_cat&post=10668"},{"taxonomy":"product_tag","embeddable":true,"href":"https:\/\/twsites.com.br\/novomigcenter\/index.php?rest_route=%2Fwp%2Fv2%2Fproduct_tag&post=10668"}],"curies":[{"name":"wp","href":"https:\/\/api.w.org\/{rel}","templated":true}]}}