{"id":10672,"date":"2017-01-03T16:06:52","date_gmt":"2017-01-03T16:06:52","guid":{"rendered":"https:\/\/twsites.com.br\/novomigcenter\/?product=camara-climatica-gctp-600"},"modified":"2017-01-03T16:06:52","modified_gmt":"2017-01-03T16:06:52","slug":"camara-climatica-gctp-600","status":"publish","type":"product","link":"https:\/\/twsites.com.br\/novomigcenter\/?product=camara-climatica-gctp-600","title":{"rendered":"C\u00e2mara Clim\u00e1tica Termop\u00e3o GCTP 600"},"content":{"rendered":"<p><font face=\"Arial\"><strong class=\"tit-bloco-desc\" style=\"outline: transparent none medium; -webkit-font-smoothing: antialiased; text-rendering: optimizeLegibility; color: rgb(76, 76, 76); font-size: 15px;\">Descri\u00e7\u00e3o do Produto<\/strong><span style=\"color: rgb(76, 76, 76); font-size: 15px;\"><\/span><\/font><\/p>\n<p style=\"margin-bottom: 0px; outline: 0px; -webkit-font-smoothing: antialiased; text-rendering: optimizeLegibility; border: 0px; font-size: 15px; padding: 0px; vertical-align: baseline; color: rgb(76, 76, 76);\"><font face=\"Arial\">Controle da fermenta\u00e7\u00e3o de p\u00e3es<br style=\"outline: transparent none medium; -webkit-font-smoothing: antialiased; text-rendering: optimizeLegibility;\">Temperatura:<br style=\"outline: transparent none medium; -webkit-font-smoothing: antialiased; text-rendering: optimizeLegibility;\">&#8211; Refrigera\u00e7\u00e3o +5\u00b0 a +10\u00b0C<br style=\"outline: transparent none medium; -webkit-font-smoothing: antialiased; text-rendering: optimizeLegibility;\">&#8211; Aquecimento +30\u00b0 a +40\u00b0C<br style=\"outline: transparent none medium; -webkit-font-smoothing: antialiased; text-rendering: optimizeLegibility;\">-Refrigera\u00e7\u00e3o: Ar for\u00e7ado com 1 Evaporador<br style=\"outline: transparent none medium; -webkit-font-smoothing: antialiased; text-rendering: optimizeLegibility;\">-Aquecimento: Resist\u00eancia blindada<br style=\"outline: transparent none medium; -webkit-font-smoothing: antialiased; text-rendering: optimizeLegibility;\">-Controle de temperatura: Controlador eletr\u00f4nico (termostato, timer, term\u00f4metro digital)<br style=\"outline: transparent none medium; -webkit-font-smoothing: antialiased; text-rendering: optimizeLegibility;\">-Perfeito controle da fermenta\u00e7\u00e3o de p\u00e3es; Acelera ou retarda automaticamente a fermenta\u00e7\u00e3o antes do cozimento.<br style=\"outline: transparent none medium; -webkit-font-smoothing: antialiased; text-rendering: optimizeLegibility;\">-Revestimento interno em a\u00e7o inox 430<br style=\"outline: transparent none medium; -webkit-font-smoothing: antialiased; text-rendering: optimizeLegibility;\">-Revestimento externo em chapa pr\u00e9-pintada na cor cinza<br style=\"outline: transparent none medium; -webkit-font-smoothing: antialiased; text-rendering: optimizeLegibility;\">-Trava da porta para abastecimento<br style=\"outline: transparent none medium; -webkit-font-smoothing: antialiased; text-rendering: optimizeLegibility;\">-Sensor de n\u00edvel de \u00e1gua, com sinal sonoro (Sistema de seguran\u00e7a contra queima da resist\u00eancia el\u00e9trica)<br style=\"outline: transparent none medium; -webkit-font-smoothing: antialiased; text-rendering: optimizeLegibility;\">-Prote\u00e7\u00e3o do sistema de aquecimento\/refrigera\u00e7\u00e3o por disjuntor<br style=\"outline: transparent none medium; -webkit-font-smoothing: antialiased; text-rendering: optimizeLegibility;\">-Sistema de prote\u00e7\u00e3o de superaquecimento<br style=\"outline: transparent none medium; -webkit-font-smoothing: antialiased; text-rendering: optimizeLegibility;\">-Gabinete com rod\u00edzios<br style=\"outline: transparent none medium; -webkit-font-smoothing: antialiased; text-rendering: optimizeLegibility;\">-Vaporizador que ajuda a umidificar a massa evitando o seu ressecamento<br style=\"outline: transparent none medium; -webkit-font-smoothing: antialiased; text-rendering: optimizeLegibility;\">-Prateleiras Regul\u00e1veis<br style=\"outline: transparent none medium; -webkit-font-smoothing: antialiased; text-rendering: optimizeLegibility;\">-Capacidade para 600 P\u00e3es (20 bandejas de 580x680mm)<br style=\"outline: transparent none medium; -webkit-font-smoothing: antialiased; text-rendering: optimizeLegibility;\"><b>Obs.: <\/b>As bandejas n\u00e3o acompanham o produto<br style=\"outline: transparent none medium; -webkit-font-smoothing: antialiased; text-rendering: optimizeLegibility;\">-Pode ser utilizado com p\u00e3es congelados<\/font><\/p>\n<p style=\"margin-bottom: 0px; outline: 0px; -webkit-font-smoothing: antialiased; text-rendering: optimizeLegibility; border: 0px; font-size: 15px; padding: 0px; vertical-align: baseline; color: rgb(76, 76, 76);\"><font face=\"Arial\"><br \/><\/font><\/p>\n<table class=\"table table-bordered\" style=\"background-color: rgb(255, 255, 255); width: 1440px;\">\n<tbody>\n<tr>\n<td><font face=\"Arial\"><br \/><\/font><\/td>\n<td><font face=\"Arial\">GCTP-600<\/font><\/td>\n<\/tr>\n<tr>\n<td><font face=\"Arial\">Frente(mm)<br \/><\/font><\/td>\n<td><font face=\"Arial\">711<\/font><\/td>\n<\/tr>\n<tr>\n<td><font face=\"Arial\">Profundidade(mm)<br \/><\/font><\/td>\n<td><font face=\"Arial\">1020<\/font><\/td>\n<\/tr>\n<tr>\n<td><font face=\"Arial\">Altura(mm)<br \/><\/font><\/td>\n<td><font face=\"Arial\">2130<\/font><\/td>\n<\/tr>\n<tr>\n<td><font face=\"Arial\">Capacidade bruta(litros)<br \/><\/font><\/td>\n<td><font face=\"Arial\">925<\/font><\/td>\n<\/tr>\n<tr>\n<td><font face=\"Arial\">Peso bruto(kg)<br \/><\/font><\/td>\n<td><font face=\"Arial\">224<\/font><\/td>\n<\/tr>\n<tr>\n<td><font face=\"Arial\">Tens\u00e3o(V)<br \/><\/font><\/td>\n<td><font face=\"Arial\">127 \/ 220<\/font><\/td>\n<\/tr>\n<tr>\n<td><font face=\"Arial\">Frequ\u00eancia(Hz)<br \/><\/font><\/td>\n<td><font face=\"Arial\">60 \/ 60<\/font><\/td>\n<\/tr>\n<tr>\n<td><font face=\"Arial\">Consumo kwh\/dia &#8211; Aquecimento<\/font><\/td>\n<td><font face=\"Arial\">1<\/font><\/td>\n<\/tr>\n<tr>\n<td><font face=\"Arial\">Consumo kwh\/dia &#8211; Refrigera\u00e7\u00e3o<\/font><\/td>\n<td>0,3<\/td>\n<\/tr>\n<\/tbody>\n<\/table>\n","protected":false},"excerpt":{"rendered":"<p>Descri\u00e7\u00e3o do Produto Controle da fermenta\u00e7\u00e3o de p\u00e3esTemperatura:&#8211; Refrigera\u00e7\u00e3o +5\u00b0 a +10\u00b0C&#8211; Aquecimento +30\u00b0 a +40\u00b0C-Refrigera\u00e7\u00e3o: Ar for\u00e7ado com 1 Evaporador-Aquecimento: Resist\u00eancia blindada-Controle de temperatura: Controlador eletr\u00f4nico (termostato, timer, term\u00f4metro digital)-Perfeito controle da fermenta\u00e7\u00e3o de p\u00e3es; Acelera ou retarda automaticamente a fermenta\u00e7\u00e3o antes do cozimento.-Revestimento interno em a\u00e7o inox 430-Revestimento externo em chapa pr\u00e9-pintada na [&hellip;]<\/p>\n","protected":false},"featured_media":10669,"comment_status":"open","ping_status":"closed","template":"","meta":[],"product_brand":[],"product_cat":[339,425],"product_tag":[],"class_list":{"0":"post-10672","1":"product","2":"type-product","3":"status-publish","4":"has-post-thumbnail","6":"product_cat-camara-climatica","7":"product_cat-padaria","9":"first","10":"instock","11":"shipping-taxable","12":"purchasable","13":"product-type-simple"},"_links":{"self":[{"href":"https:\/\/twsites.com.br\/novomigcenter\/index.php?rest_route=\/wp\/v2\/product\/10672","targetHints":{"allow":["GET"]}}],"collection":[{"href":"https:\/\/twsites.com.br\/novomigcenter\/index.php?rest_route=\/wp\/v2\/product"}],"about":[{"href":"https:\/\/twsites.com.br\/novomigcenter\/index.php?rest_route=\/wp\/v2\/types\/product"}],"replies":[{"embeddable":true,"href":"https:\/\/twsites.com.br\/novomigcenter\/index.php?rest_route=%2Fwp%2Fv2%2Fcomments&post=10672"}],"wp:featuredmedia":[{"embeddable":true,"href":"https:\/\/twsites.com.br\/novomigcenter\/index.php?rest_route=\/wp\/v2\/media\/10669"}],"wp:attachment":[{"href":"https:\/\/twsites.com.br\/novomigcenter\/index.php?rest_route=%2Fwp%2Fv2%2Fmedia&parent=10672"}],"wp:term":[{"taxonomy":"product_brand","embeddable":true,"href":"https:\/\/twsites.com.br\/novomigcenter\/index.php?rest_route=%2Fwp%2Fv2%2Fproduct_brand&post=10672"},{"taxonomy":"product_cat","embeddable":true,"href":"https:\/\/twsites.com.br\/novomigcenter\/index.php?rest_route=%2Fwp%2Fv2%2Fproduct_cat&post=10672"},{"taxonomy":"product_tag","embeddable":true,"href":"https:\/\/twsites.com.br\/novomigcenter\/index.php?rest_route=%2Fwp%2Fv2%2Fproduct_tag&post=10672"}],"curies":[{"name":"wp","href":"https:\/\/api.w.org\/{rel}","templated":true}]}}