{"id":10674,"date":"2017-01-16T09:17:21","date_gmt":"2017-01-16T09:17:21","guid":{"rendered":"https:\/\/twsites.com.br\/novomigcenter\/?product=pass-through-gpta-072"},"modified":"2017-01-16T09:17:21","modified_gmt":"2017-01-16T09:17:21","slug":"pass-through-gpta-072","status":"publish","type":"product","link":"https:\/\/twsites.com.br\/novomigcenter\/?product=pass-through-gpta-072","title":{"rendered":"Pass-Through Quente GPTA-072"},"content":{"rendered":"<p><span style=\"font-weight: bold;\"><font face=\"Arial\">Descri\u00e7\u00e3o do Produto<\/font><\/span><\/p>\n<\/p>\n<ul>\n<li><font face=\"Arial\">Aquecimento de alimentos na passagem da produ\u00e7\u00e3o para \u00e1rea de consumo<br \/><\/font><\/li>\n<li><font face=\"Arial\">Temperatura: Acima de 60\u00b0C<br \/><\/font><\/li>\n<li><font face=\"Arial\">Aquecimento: Resist\u00eancia blindada<br \/><\/font><\/li>\n<li><font face=\"Arial\">Controlador Eletr\u00f4nico Digital: Com indicador digital de temperatura<br \/><\/font><\/li>\n<li><font face=\"Arial\">Prateleiras: 6 n\u00edveis, grades em a\u00e7o inox 430, regul\u00e1veis<br \/><\/font><\/li>\n<li><font face=\"Arial\">Revestimento: Externo a\u00e7o inox 304 escovado e interno a\u00e7o inox 304 (prateleiras em a\u00e7o inox 430)<br \/><\/font><\/li>\n<li><font face=\"Arial\">P\u00e9s regul\u00e1veis<br \/><\/font><\/li>\n<li><font face=\"Arial\">Capacidade: 12 cubas grandes de 530x325x150 mm ou 24 cubas pequenas de 325x265x150 mm (duas pequenas ocupam o lugar de uma grande)<br \/><\/font><\/li>\n<li><font face=\"Arial\">Obs: As cubas n\u00e3o acompanham o produto<br \/><\/font><\/li>\n<\/ul>\n<p><font face=\"Arial\"><br \/><\/font><\/p>\n<table class=\"table table-bordered\" style=\"background-color: rgb(255, 255, 255); width: 1440px;\">\n<tbody>\n<tr>\n<td><font face=\"Arial\"><br \/><\/font><\/td>\n<td><font face=\"Arial\">GPTA-072<\/font><\/td>\n<\/tr>\n<tr>\n<td><font face=\"Arial\">Frente(mm)<br \/><\/font><\/td>\n<td><font face=\"Arial\">720<\/font><\/td>\n<\/tr>\n<tr>\n<td><font face=\"Arial\">Profundidade(mm)<br \/><\/font><\/td>\n<td><font face=\"Arial\">935<\/font><\/td>\n<\/tr>\n<tr>\n<td><font face=\"Arial\">Altura(mm)<br \/><\/font><\/td>\n<td><font face=\"Arial\">2045<\/font><\/td>\n<\/tr>\n<tr>\n<td><font face=\"Arial\">Capacidade bruta(litros)<br \/><\/font><\/td>\n<td><font face=\"Arial\">659<\/font><\/td>\n<\/tr>\n<tr>\n<td><font face=\"Arial\">Peso bruto(kg)<br \/><\/font><\/td>\n<td><font face=\"Arial\">190<\/font><\/td>\n<\/tr>\n<tr>\n<td><font face=\"Arial\">Tens\u00e3o(V)<br \/><\/font><\/td>\n<td><font face=\"Arial\">127 \/ 220<\/font><\/td>\n<\/tr>\n<tr>\n<td><font face=\"Arial\">Frequ\u00eancia(Hz)<br \/><\/font><\/td>\n<td><font face=\"Arial\">60 \/ 50 OU 60<\/font><\/td>\n<\/tr>\n<tr>\n<td><font face=\"Arial\">Consumo kWh\/dia(60Hz)<br \/><\/font><\/td>\n<td><font face=\"Arial\">8,5<\/p>\n<p><\/font><\/td>\n<\/tr>\n<\/tbody>\n<\/table>\n","protected":false},"excerpt":{"rendered":"<p>Descri\u00e7\u00e3o do Produto Aquecimento de alimentos na passagem da produ\u00e7\u00e3o para \u00e1rea de consumo Temperatura: Acima de 60\u00b0C Aquecimento: Resist\u00eancia blindada Controlador Eletr\u00f4nico Digital: Com indicador digital de temperatura Prateleiras: 6 n\u00edveis, grades em a\u00e7o inox 430, regul\u00e1veis Revestimento: Externo a\u00e7o inox 304 escovado e interno a\u00e7o inox 304 (prateleiras em a\u00e7o inox 430) P\u00e9s [&hellip;]<\/p>\n","protected":false},"featured_media":10673,"comment_status":"open","ping_status":"closed","template":"","meta":[],"product_brand":[],"product_cat":[331],"product_tag":[],"class_list":{"0":"post-10674","1":"product","2":"type-product","3":"status-publish","4":"has-post-thumbnail","6":"product_cat-pass-through","8":"first","9":"instock","10":"shipping-taxable","11":"purchasable","12":"product-type-simple"},"_links":{"self":[{"href":"https:\/\/twsites.com.br\/novomigcenter\/index.php?rest_route=\/wp\/v2\/product\/10674","targetHints":{"allow":["GET"]}}],"collection":[{"href":"https:\/\/twsites.com.br\/novomigcenter\/index.php?rest_route=\/wp\/v2\/product"}],"about":[{"href":"https:\/\/twsites.com.br\/novomigcenter\/index.php?rest_route=\/wp\/v2\/types\/product"}],"replies":[{"embeddable":true,"href":"https:\/\/twsites.com.br\/novomigcenter\/index.php?rest_route=%2Fwp%2Fv2%2Fcomments&post=10674"}],"wp:featuredmedia":[{"embeddable":true,"href":"https:\/\/twsites.com.br\/novomigcenter\/index.php?rest_route=\/wp\/v2\/media\/10673"}],"wp:attachment":[{"href":"https:\/\/twsites.com.br\/novomigcenter\/index.php?rest_route=%2Fwp%2Fv2%2Fmedia&parent=10674"}],"wp:term":[{"taxonomy":"product_brand","embeddable":true,"href":"https:\/\/twsites.com.br\/novomigcenter\/index.php?rest_route=%2Fwp%2Fv2%2Fproduct_brand&post=10674"},{"taxonomy":"product_cat","embeddable":true,"href":"https:\/\/twsites.com.br\/novomigcenter\/index.php?rest_route=%2Fwp%2Fv2%2Fproduct_cat&post=10674"},{"taxonomy":"product_tag","embeddable":true,"href":"https:\/\/twsites.com.br\/novomigcenter\/index.php?rest_route=%2Fwp%2Fv2%2Fproduct_tag&post=10674"}],"curies":[{"name":"wp","href":"https:\/\/api.w.org\/{rel}","templated":true}]}}