{"id":10676,"date":"2017-01-16T09:24:40","date_gmt":"2017-01-16T09:24:40","guid":{"rendered":"https:\/\/twsites.com.br\/novomigcenter\/?product=pass-through-frio-gptr-072"},"modified":"2017-01-16T09:24:40","modified_gmt":"2017-01-16T09:24:40","slug":"pass-through-frio-gptr-072","status":"publish","type":"product","link":"https:\/\/twsites.com.br\/novomigcenter\/?product=pass-through-frio-gptr-072","title":{"rendered":"Pass-Through Frio GPTR 072"},"content":{"rendered":"<p><span style=\"color: rgb(76, 76, 76); font-size: 15px; font-weight: bold;\"><font face=\"Arial\">Descri\u00e7\u00e3o do Produto<\/font><\/span><\/p>\n<p><span style=\"color: rgb(76, 76, 76); font-size: 15px;\"><font face=\"Arial\">Refrigera\u00e7\u00e3o de alimentos na passagem da produ\u00e7\u00e3o para \u00e1rea de consumo<\/font><\/span><\/p>\n<p><span style=\"color: rgb(76, 76, 76); font-size: 15px;\"><font face=\"Arial\">Temperatura: +1\u00b0 a +7\u00b0C<\/font><\/span><\/p>\n<p><span style=\"color: rgb(76, 76, 76); font-size: 15px;\"><font face=\"Arial\">Refrigera\u00e7\u00e3o: Ar for\u00e7ado com serpentina aletada<\/font><\/span><\/p>\n<p><span style=\"color: rgb(76, 76, 76); font-size: 15px;\"><font face=\"Arial\">Controlador Eletr\u00f4nico Digital: Com indicador digital de temperatura e degelo autom\u00e1tico natural<\/font><\/span><\/p>\n<p><span style=\"color: rgb(76, 76, 76); font-size: 15px;\"><font face=\"Arial\">Prateleiras: 6 n\u00edveis, grades em a\u00e7o inox 430, regul\u00e1veis<\/font><\/span><\/p>\n<p><span style=\"color: rgb(76, 76, 76); font-size: 15px;\"><font face=\"Arial\">Revestimento: Externo a\u00e7o inox 304 escovado e interno a\u00e7o inox 304 (prateleiras a\u00e7o inox 430)<\/font><\/span><\/p>\n<p><span style=\"color: rgb(76, 76, 76); font-size: 15px;\"><font face=\"Arial\">P\u00e9s regul\u00e1veis<\/font><\/span><\/p>\n<p><span style=\"color: rgb(76, 76, 76); font-size: 15px;\"><font face=\"Arial\">Capacidade: 12 cubas grandes com 530x325x150 mm ou 24 cubas pequenas com 325x265x150 mm (duas pequenas ocupam o lugar de uma grande)<\/font><\/span><\/p>\n<p><span style=\"color: rgb(76, 76, 76); font-size: 15px;\"><font face=\"Arial\">Obs: As cubas n\u00e3o acompanham o produto<\/font><\/span><\/p>\n<p><span style=\"color: rgb(76, 76, 76); font-size: 15px;\"><font face=\"Arial\"><br \/><\/font><\/span><\/p>\n<table class=\"table table-bordered\" style=\"background-color: rgb(255, 255, 255); width: 1440px;\">\n<tbody>\n<tr>\n<td><font face=\"Arial\"><br \/><\/font><\/td>\n<td><font face=\"Arial\">GPTR-072<br \/><\/font><\/td>\n<\/tr>\n<tr>\n<td><font face=\"Arial\">Frente(mm)<br \/><\/font><\/td>\n<td><font face=\"Arial\">720<\/font><\/td>\n<\/tr>\n<tr>\n<td><font face=\"Arial\">Profundidade(mm)<br \/><\/font><\/td>\n<td><font face=\"Arial\">935<\/font><\/td>\n<\/tr>\n<tr>\n<td><font face=\"Arial\">Altura(mm)<br \/><\/font><\/td>\n<td><font face=\"Arial\">2045<\/font><\/td>\n<\/tr>\n<tr>\n<td><font face=\"Arial\">Capacidade bruta(litros)<br \/><\/font><\/td>\n<td><font face=\"Arial\">659<\/font><\/td>\n<\/tr>\n<tr>\n<td><font face=\"Arial\">Peso bruto(kg)<br \/><\/font><\/td>\n<td><font face=\"Arial\">200<\/font><\/td>\n<\/tr>\n<tr>\n<td><font face=\"Arial\">Tens\u00e3o(V)<br \/><\/font><\/td>\n<td><font face=\"Arial\">127 \/ 220<\/font><\/td>\n<\/tr>\n<tr>\n<td><font face=\"Arial\">Frequ\u00eancia(Hz)<br \/><\/font><\/td>\n<td><font face=\"Arial\">60 \/ 50 ou 60<\/font><\/td>\n<\/tr>\n<tr>\n<td><font face=\"Arial\">Consumo kWh\/dia(60Hz)<br \/><\/font><\/td>\n<td><font face=\"Arial\">6,4<\/font><\/td>\n<\/tr>\n<tr>\n<td><font face=\"Arial\">Classe<\/font><\/td>\n<td>4<\/td>\n<\/tr>\n<\/tbody>\n<\/table>\n","protected":false},"excerpt":{"rendered":"<p>Descri\u00e7\u00e3o do Produto Refrigera\u00e7\u00e3o de alimentos na passagem da produ\u00e7\u00e3o para \u00e1rea de consumo Temperatura: +1\u00b0 a +7\u00b0C Refrigera\u00e7\u00e3o: Ar for\u00e7ado com serpentina aletada Controlador Eletr\u00f4nico Digital: Com indicador digital de temperatura e degelo autom\u00e1tico natural Prateleiras: 6 n\u00edveis, grades em a\u00e7o inox 430, regul\u00e1veis Revestimento: Externo a\u00e7o inox 304 escovado e interno a\u00e7o inox [&hellip;]<\/p>\n","protected":false},"featured_media":10675,"comment_status":"open","ping_status":"closed","template":"","meta":[],"product_brand":[],"product_cat":[331],"product_tag":[],"class_list":{"0":"post-10676","1":"product","2":"type-product","3":"status-publish","4":"has-post-thumbnail","6":"product_cat-pass-through","8":"first","9":"instock","10":"shipping-taxable","11":"purchasable","12":"product-type-simple"},"_links":{"self":[{"href":"https:\/\/twsites.com.br\/novomigcenter\/index.php?rest_route=\/wp\/v2\/product\/10676","targetHints":{"allow":["GET"]}}],"collection":[{"href":"https:\/\/twsites.com.br\/novomigcenter\/index.php?rest_route=\/wp\/v2\/product"}],"about":[{"href":"https:\/\/twsites.com.br\/novomigcenter\/index.php?rest_route=\/wp\/v2\/types\/product"}],"replies":[{"embeddable":true,"href":"https:\/\/twsites.com.br\/novomigcenter\/index.php?rest_route=%2Fwp%2Fv2%2Fcomments&post=10676"}],"wp:featuredmedia":[{"embeddable":true,"href":"https:\/\/twsites.com.br\/novomigcenter\/index.php?rest_route=\/wp\/v2\/media\/10675"}],"wp:attachment":[{"href":"https:\/\/twsites.com.br\/novomigcenter\/index.php?rest_route=%2Fwp%2Fv2%2Fmedia&parent=10676"}],"wp:term":[{"taxonomy":"product_brand","embeddable":true,"href":"https:\/\/twsites.com.br\/novomigcenter\/index.php?rest_route=%2Fwp%2Fv2%2Fproduct_brand&post=10676"},{"taxonomy":"product_cat","embeddable":true,"href":"https:\/\/twsites.com.br\/novomigcenter\/index.php?rest_route=%2Fwp%2Fv2%2Fproduct_cat&post=10676"},{"taxonomy":"product_tag","embeddable":true,"href":"https:\/\/twsites.com.br\/novomigcenter\/index.php?rest_route=%2Fwp%2Fv2%2Fproduct_tag&post=10676"}],"curies":[{"name":"wp","href":"https:\/\/api.w.org\/{rel}","templated":true}]}}