{"id":10680,"date":"2017-01-16T09:37:45","date_gmt":"2017-01-16T09:37:45","guid":{"rendered":"https:\/\/twsites.com.br\/novomigcenter\/?product=vitrine-refrigerada-de-bancada-120m-gvrb-120"},"modified":"2017-01-16T09:37:45","modified_gmt":"2017-01-16T09:37:45","slug":"vitrine-refrigerada-de-bancada-120m-gvrb-120","status":"publish","type":"product","link":"https:\/\/twsites.com.br\/novomigcenter\/?product=vitrine-refrigerada-de-bancada-120m-gvrb-120","title":{"rendered":"Vitrine Refrigerada de Bancada 1.20M GVRB 120"},"content":{"rendered":"<p><span style=\"font-weight: bold;\"><font face=\"Arial\">Descri\u00e7\u00e3o do Produto<\/font><\/span><\/p>\n<p><font face=\"Arial\">Refrigera\u00e7\u00e3o e exposi\u00e7\u00e3o de Sushi e derivados<\/font><\/p>\n<p><font face=\"Arial\">Refrigera\u00e7\u00e3o e exposi\u00e7\u00e3o de frios, latic\u00ednios, bebidas e sobremesas<\/font><\/p>\n<p><font face=\"Arial\">Temperatura: +1\u00b0 a +7\u00b0C<\/font><\/p>\n<p><font face=\"Arial\">Refrigera\u00e7\u00e3o: Est\u00e1tica com Placa Fria na base e Serpentina de Cobre no alto<\/font><\/p>\n<p><font face=\"Arial\">Degelo: Manual<\/font><\/p>\n<p><font face=\"Arial\">Produto n\u00e3o utiliza controlador de temperatura; Compressor \u00e9 acionado atrav\u00e9s de interruptor liga\/desliga<\/font><\/p>\n<p><font face=\"Arial\">Ilumina\u00e7\u00e3o: Barra de LEDs<\/font><\/p>\n<p><font face=\"Arial\">P\u00e9s regul\u00e1veis<\/font><\/p>\n<p><font face=\"Arial\">Portas: Vidro temperado<\/font><\/p>\n<p><font face=\"Arial\">Vidros sujeitos a condensa\u00e7\u00e3o da umidade do ar<\/font><\/p>\n<p><font face=\"Arial\">Cores: A\u00e7o revestido com pel\u00edcula Tipo Inox (padr\u00e3o) e preto (PR) (opcional)<\/font><\/p>\n<p><font face=\"Arial\">Opcional: Bandejas em a\u00e7o inox 304, medindo 347x192x20mm<\/font><\/p>\n<p><font face=\"Arial\"><br \/><\/font><\/p>\n<table class=\"table table-bordered\" style=\"background-color: rgb(255, 255, 255); width: 1440px;\">\n<tbody>\n<tr>\n<td><font face=\"Arial\"><br \/><\/font><\/td>\n<td><font face=\"Arial\">GVRB-120<\/font><\/td>\n<td><font face=\"Arial\"><br \/><\/font><\/td>\n<td><font face=\"Arial\"><br \/><\/font><\/td>\n<\/tr>\n<tr>\n<td><font face=\"Arial\">Frente(mm)<br \/><\/font><\/td>\n<td><font face=\"Arial\">1170<\/font><\/td>\n<td><font face=\"Arial\"><br \/><\/font><\/td>\n<td><font face=\"Arial\"><br \/><\/font><\/td>\n<\/tr>\n<tr>\n<td><font face=\"Arial\">Profundidade(mm)<br \/><\/font><\/td>\n<td><font face=\"Arial\">453<\/font><\/td>\n<td><font face=\"Arial\"><br \/><\/font><\/td>\n<td><font face=\"Arial\"><br \/><\/font><\/td>\n<\/tr>\n<tr>\n<td><font face=\"Arial\">Altura(mm)<br \/><\/font><\/td>\n<td><font face=\"Arial\">385<\/font><\/td>\n<td><font face=\"Arial\"><br \/><\/font><\/td>\n<td><font face=\"Arial\"><br \/><\/font><\/td>\n<\/tr>\n<tr>\n<td><font face=\"Arial\">Peso bruto(kg)<br \/><\/font><\/td>\n<td><font face=\"Arial\">34<\/font><\/td>\n<td><font face=\"Arial\"><br \/><\/font><\/td>\n<td><font face=\"Arial\"><br \/><\/font><\/td>\n<\/tr>\n<tr>\n<td><font face=\"Arial\">Tens\u00e3o(V)<br \/><\/font><\/td>\n<td><font face=\"Arial\">127 \/ 220<\/font><\/td>\n<td><font face=\"Arial\"><br \/><\/font><\/td>\n<td><font face=\"Arial\"><br \/><\/font><\/td>\n<\/tr>\n<tr>\n<td><font face=\"Arial\">Frequ\u00eancia(Hz)<br \/><\/font><\/td>\n<td><font face=\"Arial\">60 \/ 50 ou 60<\/font><\/td>\n<td><font face=\"Arial\"><br \/><\/font><\/td>\n<td><font face=\"Arial\"><br \/><\/font><\/td>\n<\/tr>\n<tr>\n<td><font face=\"Arial\">Consumo kWh\/dia(60Hz)<br \/><\/font><\/td>\n<td><font face=\"Arial\">3,3<\/font><\/td>\n<td><font face=\"Arial\"><br \/><\/font><\/td>\n<td><font face=\"Arial\"><br \/><\/font><\/td>\n<\/tr>\n<tr>\n<td><font face=\"Arial\">Classe<br \/><\/font><\/td>\n<td><font face=\"Arial\">4<\/font><\/td>\n<td><font face=\"Arial\"><br \/><\/font><\/td>\n<td><font face=\"Arial\"><br \/><\/font><\/td>\n<\/tr>\n<\/tbody>\n<\/table>\n","protected":false},"excerpt":{"rendered":"<p>Descri\u00e7\u00e3o do Produto Refrigera\u00e7\u00e3o e exposi\u00e7\u00e3o de Sushi e derivados Refrigera\u00e7\u00e3o e exposi\u00e7\u00e3o de frios, latic\u00ednios, bebidas e sobremesas Temperatura: +1\u00b0 a +7\u00b0C Refrigera\u00e7\u00e3o: Est\u00e1tica com Placa Fria na base e Serpentina de Cobre no alto Degelo: Manual Produto n\u00e3o utiliza controlador de temperatura; Compressor \u00e9 acionado atrav\u00e9s de interruptor liga\/desliga Ilumina\u00e7\u00e3o: Barra de LEDs [&hellip;]<\/p>\n","protected":false},"featured_media":10677,"comment_status":"open","ping_status":"closed","template":"","meta":[],"product_brand":[],"product_cat":[333],"product_tag":[],"class_list":{"0":"post-10680","1":"product","2":"type-product","3":"status-publish","4":"has-post-thumbnail","6":"product_cat-vitrine-refrigerada-de-bancada","8":"first","9":"instock","10":"shipping-taxable","11":"purchasable","12":"product-type-simple"},"_links":{"self":[{"href":"https:\/\/twsites.com.br\/novomigcenter\/index.php?rest_route=\/wp\/v2\/product\/10680","targetHints":{"allow":["GET"]}}],"collection":[{"href":"https:\/\/twsites.com.br\/novomigcenter\/index.php?rest_route=\/wp\/v2\/product"}],"about":[{"href":"https:\/\/twsites.com.br\/novomigcenter\/index.php?rest_route=\/wp\/v2\/types\/product"}],"replies":[{"embeddable":true,"href":"https:\/\/twsites.com.br\/novomigcenter\/index.php?rest_route=%2Fwp%2Fv2%2Fcomments&post=10680"}],"wp:featuredmedia":[{"embeddable":true,"href":"https:\/\/twsites.com.br\/novomigcenter\/index.php?rest_route=\/wp\/v2\/media\/10677"}],"wp:attachment":[{"href":"https:\/\/twsites.com.br\/novomigcenter\/index.php?rest_route=%2Fwp%2Fv2%2Fmedia&parent=10680"}],"wp:term":[{"taxonomy":"product_brand","embeddable":true,"href":"https:\/\/twsites.com.br\/novomigcenter\/index.php?rest_route=%2Fwp%2Fv2%2Fproduct_brand&post=10680"},{"taxonomy":"product_cat","embeddable":true,"href":"https:\/\/twsites.com.br\/novomigcenter\/index.php?rest_route=%2Fwp%2Fv2%2Fproduct_cat&post=10680"},{"taxonomy":"product_tag","embeddable":true,"href":"https:\/\/twsites.com.br\/novomigcenter\/index.php?rest_route=%2Fwp%2Fv2%2Fproduct_tag&post=10680"}],"curies":[{"name":"wp","href":"https:\/\/api.w.org\/{rel}","templated":true}]}}