{"id":10682,"date":"2017-01-16T09:51:05","date_gmt":"2017-01-16T09:51:05","guid":{"rendered":"https:\/\/twsites.com.br\/novomigcenter\/?product=sorveteria-compacta-ggsa-1800"},"modified":"2017-01-16T09:51:05","modified_gmt":"2017-01-16T09:51:05","slug":"sorveteria-compacta-ggsa-1800","status":"publish","type":"product","link":"https:\/\/twsites.com.br\/novomigcenter\/?product=sorveteria-compacta-ggsa-1800","title":{"rendered":"Sorveteria Compacta GGSA-1800"},"content":{"rendered":"<\/p>\n<p><font face=\"Arial\"><span style=\"font-weight: bold;\">Descri\u00e7\u00e3o do Produto<\/span><br \/><\/font><\/p>\n<ul>\n<li><font face=\"Arial\">Produ\u00e7\u00e3o de massa de sorvete ou picol\u00e9s<br \/><\/font><\/li>\n<li><font face=\"Arial\">Refrigera\u00e7\u00e3o: Est\u00e1tica com serpentina<br \/><\/font><\/li>\n<li><font face=\"Arial\">A capacidade de produ\u00e7\u00e3o pode variar de acordo com os seguintes aspectos: Temperatura ambiente, temperatura de entrada da calda, habilidade e treinamento do operador<\/font><\/li>\n<li><font face=\"Arial\">Revestimento interno a\u00e7o galvanizado e externo a\u00e7o galvanizado pintado, tampo superior em a\u00e7o inox 430<br \/><\/font><\/li>\n<\/ul>\n<p><font face=\"Arial\">Opera\u00e7\u00e3o:<br \/><\/font><\/p>\n<ul>\n<li><font face=\"Arial\">Sem batedeira aplica-se \u00e0 produ\u00e7\u00e3o de picol\u00e9s (\u00e9 necess\u00e1rio a adapta\u00e7\u00e3o de um motor com agitador);<\/font><\/li>\n<li><font face=\"Arial\">Com batedeira aplica-se \u00e0 produ\u00e7\u00e3o de masas de sorvete ou de picol\u00e9s (adapta-se um agitador a batedeira para produ\u00e7\u00e3o de picol\u00e9s)<\/font><\/li>\n<li><font face=\"Arial\">N\u00famero de formas: 04 de 22 canecos<br \/><\/font><\/li>\n<\/ul>\n<p><font face=\"Arial\">Capacidade aproximada de produ\u00e7\u00e3o (por hora):&nbsp;<br \/>&nbsp;&nbsp;&nbsp;&nbsp;&nbsp;&nbsp;&nbsp;&nbsp;&nbsp;&nbsp;&nbsp;&nbsp;&nbsp;&nbsp;&nbsp;&nbsp;&nbsp; \u25aa picol\u00e9s: 130 picol\u00e9s<br \/>&nbsp;&nbsp;&nbsp;&nbsp;&nbsp;&nbsp;&nbsp;&nbsp;&nbsp;&nbsp;&nbsp;&nbsp;&nbsp;&nbsp;&nbsp;&nbsp;&nbsp;&nbsp;\u25aa sorvetes: 6 a 8 litros<\/font><\/p>\n<\/p>\n<p><font face=\"Arial\">Opcionais:<br \/><\/font><\/p>\n<ul>\n<li><font face=\"Arial\">Formas e motor com agitador<\/font><\/li>\n<\/ul>\n<p><font face=\"Arial\">Obs:<br \/><\/font><\/p>\n<ul>\n<li><font face=\"Arial\">A batedeira n\u00e3o acompanha este produto<\/font><\/li>\n<\/ul>\n<table class=\"table table-bordered\" style=\"background-color: rgb(255, 255, 255); width: 1440px;\">\n<tbody>\n<tr>\n<td><font face=\"Arial\"><br \/><\/font><\/td>\n<td><font face=\"Arial\">GGSA-1800<\/font><\/td>\n<\/tr>\n<tr>\n<td><font face=\"Arial\">Frente(mm)<br \/><\/font><\/td>\n<td><font face=\"Arial\">605<\/font><\/td>\n<\/tr>\n<tr>\n<td><font face=\"Arial\">Profundidade(mm)<br \/><\/font><\/td>\n<td><font face=\"Arial\">843<\/font><\/td>\n<\/tr>\n<tr>\n<td><font face=\"Arial\">Altura(mm)<br \/><\/font><\/td>\n<td><font face=\"Arial\">980<\/font><\/td>\n<\/tr>\n<tr>\n<td><font face=\"Arial\">Peso bruto(kg)<br \/><\/font><\/td>\n<td><font face=\"Arial\">114<\/font><\/td>\n<\/tr>\n<tr>\n<td><font face=\"Arial\">Tens\u00e3o(V)<br \/><\/font><\/td>\n<td><font face=\"Arial\">220<\/font><\/td>\n<\/tr>\n<tr>\n<td><font face=\"Arial\">Frequ\u00eancia(Hz)<br \/><\/font><\/td>\n<td><font face=\"Arial\">50 ou 60<\/font><\/td>\n<\/tr>\n<tr>\n<td><font face=\"Arial\">&nbsp;Consumo kWh\/dia(60Hz)<br \/><\/font><\/td>\n<td><font face=\"Arial\">&#8212;<\/font><\/td>\n<\/tr>\n<tr>\n<td><font face=\"Arial\">Classe<\/font><\/td>\n<td>4<\/td>\n<\/tr>\n<\/tbody>\n<\/table>\n","protected":false},"excerpt":{"rendered":"<p>Descri\u00e7\u00e3o do Produto Produ\u00e7\u00e3o de massa de sorvete ou picol\u00e9s Refrigera\u00e7\u00e3o: Est\u00e1tica com serpentina A capacidade de produ\u00e7\u00e3o pode variar de acordo com os seguintes aspectos: Temperatura ambiente, temperatura de entrada da calda, habilidade e treinamento do operador Revestimento interno a\u00e7o galvanizado e externo a\u00e7o galvanizado pintado, tampo superior em a\u00e7o inox 430 Opera\u00e7\u00e3o: Sem [&hellip;]<\/p>\n","protected":false},"featured_media":10681,"comment_status":"open","ping_status":"closed","template":"","meta":[],"product_brand":[],"product_cat":[332],"product_tag":[],"class_list":{"0":"post-10682","1":"product","2":"type-product","3":"status-publish","4":"has-post-thumbnail","6":"product_cat-sorveteria","8":"first","9":"instock","10":"shipping-taxable","11":"purchasable","12":"product-type-simple"},"_links":{"self":[{"href":"https:\/\/twsites.com.br\/novomigcenter\/index.php?rest_route=\/wp\/v2\/product\/10682","targetHints":{"allow":["GET"]}}],"collection":[{"href":"https:\/\/twsites.com.br\/novomigcenter\/index.php?rest_route=\/wp\/v2\/product"}],"about":[{"href":"https:\/\/twsites.com.br\/novomigcenter\/index.php?rest_route=\/wp\/v2\/types\/product"}],"replies":[{"embeddable":true,"href":"https:\/\/twsites.com.br\/novomigcenter\/index.php?rest_route=%2Fwp%2Fv2%2Fcomments&post=10682"}],"wp:featuredmedia":[{"embeddable":true,"href":"https:\/\/twsites.com.br\/novomigcenter\/index.php?rest_route=\/wp\/v2\/media\/10681"}],"wp:attachment":[{"href":"https:\/\/twsites.com.br\/novomigcenter\/index.php?rest_route=%2Fwp%2Fv2%2Fmedia&parent=10682"}],"wp:term":[{"taxonomy":"product_brand","embeddable":true,"href":"https:\/\/twsites.com.br\/novomigcenter\/index.php?rest_route=%2Fwp%2Fv2%2Fproduct_brand&post=10682"},{"taxonomy":"product_cat","embeddable":true,"href":"https:\/\/twsites.com.br\/novomigcenter\/index.php?rest_route=%2Fwp%2Fv2%2Fproduct_cat&post=10682"},{"taxonomy":"product_tag","embeddable":true,"href":"https:\/\/twsites.com.br\/novomigcenter\/index.php?rest_route=%2Fwp%2Fv2%2Fproduct_tag&post=10682"}],"curies":[{"name":"wp","href":"https:\/\/api.w.org\/{rel}","templated":true}]}}