{"id":10684,"date":"2017-01-16T10:03:27","date_gmt":"2017-01-16T10:03:27","guid":{"rendered":"https:\/\/twsites.com.br\/novomigcenter\/?product=fabricadora-de-picoles-1300-ggfp-1300"},"modified":"2017-01-16T10:03:27","modified_gmt":"2017-01-16T10:03:27","slug":"fabricadora-de-picoles-1300-ggfp-1300","status":"publish","type":"product","link":"https:\/\/twsites.com.br\/novomigcenter\/?product=fabricadora-de-picoles-1300-ggfp-1300","title":{"rendered":"Fabricadora de Picol\u00e9s GGFP-1300"},"content":{"rendered":"<p><span style=\"font-weight: bold;\"><font face=\"Arial\">Descri\u00e7\u00e3o do Produto<\/font><\/span><\/p>\n<p><font face=\"Arial\">Produ\u00e7\u00e3o de picol\u00e9s<\/font><\/p>\n<p><font face=\"Arial\">Refrigera\u00e7\u00e3o: Convec\u00e7\u00e3o for\u00e7ada evaporador serpentina de cobre sem aletas<\/font><\/p>\n<p><font face=\"Arial\">Temperatura: -18\u00b0 a -27\u00b0C<\/font><\/p>\n<p><font face=\"Arial\">Controlador Eletr\u00f4nico Digital: Com indicador digital de temperatura<\/font><\/p>\n<p><font face=\"Arial\">Capacidade de produ\u00e7\u00e3o:&nbsp;<\/font><\/p>\n<\/p>\n<ul>\n<li><font face=\"Arial\">GGFP-1300: 120 picol\u00e9s por hora<br \/><\/font><\/li>\n<li><font face=\"Arial\">GGFP-2500: 230 picol\u00e9s por hora<br \/><\/font><\/li>\n<\/ul>\n<p><font face=\"Arial\">Obs.: A capacidade de produ\u00e7\u00e3o pode variar de acordo com os seguintes aspectos: Temperatura ambiente, temperatura de entrada da calda, habilidade e treinamento do operador<\/font><\/p>\n<p><font face=\"Arial\">Revestimento interno a\u00e7o inox 304<\/font><\/p>\n<p><font face=\"Arial\">Revestimento externo chapa pr\u00e9-pintada Tampa(s) em PETG transparente<\/font><\/p>\n<p><font face=\"Arial\">Agitador<\/font><\/p>\n<p><font face=\"Arial\">P\u00e9s regul\u00e1veis<\/font><\/p>\n<p><font face=\"Arial\">N\u00famero de Formas:<\/font><\/p>\n<\/p>\n<ul>\n<li><font face=\"Arial\">GGFP-1300: 3 de 28 canecos ou 4 de 22 canecos<\/font><\/li>\n<li><font face=\"Arial\">GGFP-2500: 6 de 28 canecos ou 8 de 22 canecos<br \/><\/font><\/li>\n<\/ul>\n<p><font face=\"Arial\"><br \/><\/font><\/p>\n<table class=\"table table-bordered\" style=\"background-color: rgb(255, 255, 255); width: 1440px;\">\n<tbody>\n<tr>\n<td><font face=\"Arial\"><br \/><\/font><\/td>\n<td><font face=\"Arial\">GGFP-1300<\/font><\/td>\n<td><font face=\"Arial\">GGFP-2500<\/font><\/td>\n<\/tr>\n<tr>\n<td><font face=\"Arial\">Frente(mm)<br \/><\/font><\/td>\n<td><font face=\"Arial\">675<\/font><\/td>\n<td><font face=\"Arial\">1020<\/font><\/td>\n<\/tr>\n<tr>\n<td><font face=\"Arial\">Profundidade(mm)<br \/><\/font><\/td>\n<td><font face=\"Arial\">565<\/font><\/td>\n<td><font face=\"Arial\">575<\/font><\/td>\n<\/tr>\n<tr>\n<td><font face=\"Arial\">Altura(mm)<br \/><\/font><\/td>\n<td><font face=\"Arial\">1230<\/font><\/td>\n<td><font face=\"Arial\">1230<\/font><\/td>\n<\/tr>\n<tr>\n<td><font face=\"Arial\">Peso bruto(kg)<br \/><\/font><\/td>\n<td><font face=\"Arial\">110<\/font><\/td>\n<td><font face=\"Arial\">136<\/font><\/td>\n<\/tr>\n<tr>\n<td><font face=\"Arial\">Tens\u00e3o(V)<br \/><\/font><\/td>\n<td><font face=\"Arial\">127 \/ 220<\/font><\/td>\n<td><font face=\"Arial\">127 \/ 220<\/font><\/td>\n<\/tr>\n<tr>\n<td><font face=\"Arial\">Frequ\u00eancia(Hz)<br \/><\/font><\/td>\n<td><font face=\"Arial\">60 \/ 60<\/font><\/td>\n<td><font face=\"Arial\">60 \/ 60<\/font><\/td>\n<\/tr>\n<tr>\n<td><font face=\"Arial\">Consumo kWh\/dia<br \/><\/font><\/td>\n<td><font face=\"Arial\">24,96<\/font><\/td>\n<td><font face=\"Arial\">45,12<\/font><\/td>\n<\/tr>\n<tr>\n<td><font face=\"Arial\">Classe<br \/><\/font><\/td>\n<td><font face=\"Arial\">4<\/font><\/td>\n<td>4<\/td>\n<\/tr>\n<\/tbody>\n<\/table>\n","protected":false},"excerpt":{"rendered":"<p>Descri\u00e7\u00e3o do Produto Produ\u00e7\u00e3o de picol\u00e9s Refrigera\u00e7\u00e3o: Convec\u00e7\u00e3o for\u00e7ada evaporador serpentina de cobre sem aletas Temperatura: -18\u00b0 a -27\u00b0C Controlador Eletr\u00f4nico Digital: Com indicador digital de temperatura Capacidade de produ\u00e7\u00e3o:&nbsp; GGFP-1300: 120 picol\u00e9s por hora GGFP-2500: 230 picol\u00e9s por hora Obs.: A capacidade de produ\u00e7\u00e3o pode variar de acordo com os seguintes aspectos: Temperatura ambiente, [&hellip;]<\/p>\n","protected":false},"featured_media":10683,"comment_status":"open","ping_status":"closed","template":"","meta":[],"product_brand":[],"product_cat":[332],"product_tag":[],"class_list":{"0":"post-10684","1":"product","2":"type-product","3":"status-publish","4":"has-post-thumbnail","6":"product_cat-sorveteria","8":"first","9":"instock","10":"shipping-taxable","11":"purchasable","12":"product-type-simple"},"_links":{"self":[{"href":"https:\/\/twsites.com.br\/novomigcenter\/index.php?rest_route=\/wp\/v2\/product\/10684","targetHints":{"allow":["GET"]}}],"collection":[{"href":"https:\/\/twsites.com.br\/novomigcenter\/index.php?rest_route=\/wp\/v2\/product"}],"about":[{"href":"https:\/\/twsites.com.br\/novomigcenter\/index.php?rest_route=\/wp\/v2\/types\/product"}],"replies":[{"embeddable":true,"href":"https:\/\/twsites.com.br\/novomigcenter\/index.php?rest_route=%2Fwp%2Fv2%2Fcomments&post=10684"}],"wp:featuredmedia":[{"embeddable":true,"href":"https:\/\/twsites.com.br\/novomigcenter\/index.php?rest_route=\/wp\/v2\/media\/10683"}],"wp:attachment":[{"href":"https:\/\/twsites.com.br\/novomigcenter\/index.php?rest_route=%2Fwp%2Fv2%2Fmedia&parent=10684"}],"wp:term":[{"taxonomy":"product_brand","embeddable":true,"href":"https:\/\/twsites.com.br\/novomigcenter\/index.php?rest_route=%2Fwp%2Fv2%2Fproduct_brand&post=10684"},{"taxonomy":"product_cat","embeddable":true,"href":"https:\/\/twsites.com.br\/novomigcenter\/index.php?rest_route=%2Fwp%2Fv2%2Fproduct_cat&post=10684"},{"taxonomy":"product_tag","embeddable":true,"href":"https:\/\/twsites.com.br\/novomigcenter\/index.php?rest_route=%2Fwp%2Fv2%2Fproduct_tag&post=10684"}],"curies":[{"name":"wp","href":"https:\/\/api.w.org\/{rel}","templated":true}]}}