{"id":10687,"date":"2017-01-16T10:15:43","date_gmt":"2017-01-16T10:15:43","guid":{"rendered":"https:\/\/twsites.com.br\/novomigcenter\/?product=expositor-de-sorvete-de-massa-gesg-12-gelopar"},"modified":"2017-01-16T10:15:43","modified_gmt":"2017-01-16T10:15:43","slug":"expositor-de-sorvete-de-massa-gesg-12-gelopar","status":"publish","type":"product","link":"https:\/\/twsites.com.br\/novomigcenter\/?product=expositor-de-sorvete-de-massa-gesg-12-gelopar","title":{"rendered":"Expositor de Sorvete de Massa GESG -12"},"content":{"rendered":"<p><\/p>\n<section id=\"product-description\" style=\"outline: none; margin: 0px; padding: 0px; border: 0px; font-variant-numeric: inherit; font-variant-east-asian: inherit; font-variant-alternates: inherit; font-variant-position: inherit; font-stretch: inherit; font-size: 15px; line-height: inherit; font-family: &quot;Noto Sans&quot;, sans-serif; font-optical-sizing: inherit; font-kerning: inherit; font-feature-settings: inherit; font-variation-settings: inherit; vertical-align: baseline; color: rgb(51, 51, 51);\">\n<div class=\"container md-pd bordered\" style=\"outline: none; margin-top: 0px; margin-bottom: 0px; padding: 40px 20px; border: 1px solid rgb(255, 255, 255); font: inherit; vertical-align: baseline; width: unset !important; max-width: 1240px !important;\">\n<h2 class=\"styled-title mb-40\" style=\"outline: none; font-weight: bold; line-height: inherit; margin-right: 0px; margin-bottom: 40px; margin-left: 0px; font-size: 1.8em; padding: 0px; border: 0px; font-style: inherit; font-variant: inherit; font-stretch: inherit; font-optical-sizing: inherit; font-kerning: inherit; font-feature-settings: inherit; font-variation-settings: inherit; vertical-align: baseline; text-transform: uppercase; display: flex; align-items: center; justify-content: center; text-align: center;\">DESCRI\u00c7\u00c3O DO PRODUTO<\/h2>\n<div class=\"cont-description grid col-12\" style=\"outline: none; margin: 0px; padding: 0px; border: 0px; font: inherit; vertical-align: baseline; display: grid; gap: 20px; grid-template-columns: repeat(12, 1fr);\">\n<div class=\"desc span-12\" style=\"outline: none; margin: 0px; padding: 0px; border: 0px; font-style: inherit; font-variant: inherit; font-weight: inherit; font-stretch: inherit; font-size: inherit; line-height: 24px; font-family: inherit; font-optical-sizing: inherit; font-kerning: inherit; font-feature-settings: inherit; font-variation-settings: inherit; vertical-align: baseline; grid-column: span 12;\">Expositor para Sorvete de Massa<br style=\"outline: none;\">Conserva\u00e7\u00e3o e Exposi\u00e7\u00e3o de Sorvete de Massa<br style=\"outline: none;\">Refrigera\u00e7\u00e3o: Ar for\u00e7ado com evaporador aletado<br style=\"outline: none;\">Temperatura: -10 a -20C<br style=\"outline: none;\">Degelo: Autom\u00e1tico<br style=\"outline: none;\">Controlador eletr\u00f4nico com indicador de temperatura<br style=\"outline: none;\">Revestimento Interno: Revestimento interno em A\u00e7o Inox 430<br style=\"outline: none;\">Revestimento Externo: Laterais em A\u00e7o pr\u00e9-pintado com visor em vidro duplo temperado com aquecimento<br style=\"outline: none;\">Revestimento Externo: Frente em A\u00e7o pr\u00e9-pintado e rodap\u00e9 inferior em A\u00e7o Inox 430<br style=\"outline: none;\">Ilumina\u00e7\u00e3o: LEDs, com interruptor<br style=\"outline: none;\">Portas deslizantes em acetato, remov\u00edveis para abastecimento<br style=\"outline: none;\">Tampo em vidro duplo laminado<br style=\"outline: none;\">Gabinete com rod\u00edzios e p\u00e9s niveladores<br style=\"outline: none;\">Opcional: Cubas 5 litros em a\u00e7o inox ou policarbonato incolor<br style=\"outline: none;\">Vidro frontal duplo laminado, com aquecimento e art\u00edcul\u00e1vel<br style=\"outline: none;\">Vidros sujeitos a condensa\u00e7\u00e3o da umidade do ar<br style=\"outline: none;\">Equipamento certificado conforme Portaria Inmetro n\u00ba 371\/2009<br style=\"outline: none;\">Produto destinado para uso comercial<br style=\"outline: none;\">Produto destinado para exposi\u00e7\u00e3o de sorvetes e gelatos. A conserva\u00e7\u00e3o por per\u00edodos prolongados ou fora do per\u00edodo de atendimento, deve ser realizada em equipamento espec\u00edfico.<br style=\"outline: none;\">* Imagens meramente ilustrativas. Imagens e informa\u00e7\u00f5es sujeitas a altera\u00e7\u00f5es sem aviso pr\u00e9vio.<br style=\"outline: none;\">** Cores de acabamento e materiais sujeitos a varia\u00e7\u00e3o de acordo com o lote de produ\u00e7\u00e3o e\/ou entre os materiais que comp\u00f5em o produto (ex.: chapa, pl\u00e1stico,madeiras e etc.)<br style=\"outline: none;\"><\/div>\n<\/div>\n<\/div>\n<\/section>\n<section id=\"product-description\" class=\"pt-40\" style=\"outline: none; margin: 0px; padding: 40px 0px 0px; border: 0px; font-variant-numeric: inherit; font-variant-east-asian: inherit; font-variant-alternates: inherit; font-variant-position: inherit; font-stretch: inherit; font-size: 15px; line-height: inherit; font-family: &quot;Noto Sans&quot;, sans-serif; font-optical-sizing: inherit; font-kerning: inherit; font-feature-settings: inherit; font-variation-settings: inherit; vertical-align: baseline; color: rgb(51, 51, 51);\">\n<div class=\"container md-pd bordered\" style=\"outline: none; margin-top: 0px; margin-bottom: 0px; padding: 40px 20px; border: 1px solid rgb(255, 255, 255); font: inherit; vertical-align: baseline; width: unset !important; max-width: 1240px !important;\">\n<h2 class=\"styled-title mb-40\" style=\"outline: none; font-weight: bold; line-height: inherit; margin-right: 0px; margin-bottom: 40px; margin-left: 0px; font-size: 1.8em; padding: 0px; border: 0px; font-style: inherit; font-variant: inherit; font-stretch: inherit; font-optical-sizing: inherit; font-kerning: inherit; font-feature-settings: inherit; font-variation-settings: inherit; vertical-align: baseline; text-transform: uppercase; display: flex; align-items: center; justify-content: center; text-align: center;\">INFORMA\u00c7\u00d5ES T\u00c9CNICAS<\/h2>\n<div class=\"cont-description grid col-12\" style=\"outline: none; margin: 0px; padding: 0px; border: 0px; font: inherit; vertical-align: baseline; display: grid; gap: 20px; grid-template-columns: repeat(12, 1fr);\">\n<div class=\"desc span-8\" style=\"outline: none; margin: 0px; padding: 0px; border: 0px; font-style: inherit; font-variant: inherit; font-weight: inherit; font-stretch: inherit; font-size: inherit; line-height: 24px; font-family: inherit; font-optical-sizing: inherit; font-kerning: inherit; font-feature-settings: inherit; font-variation-settings: inherit; vertical-align: baseline; grid-column: span 8;\">\n<div clas=\"grid col-12 sm-gap\" style=\"outline: none; margin: 0px; padding: 0px; border: 0px; font: inherit; vertical-align: baseline;\">\n<div class=\"span-8\" style=\"outline: none; margin: 0px; padding: 0px; border: 0px; font: inherit; vertical-align: baseline; grid-column: span 8;\"><\/div>\n<div class=\"table-info span-4\" style=\"outline: none; margin: 0px; padding: 0px; border: 0px; font: inherit; vertical-align: baseline; grid-column: span 4;\">\n<table style=\"outline: none; margin: 25px 0px 0px; padding: 0px; border: 0px; font: inherit; vertical-align: baseline; width: 350px; min-width: 350px;\">\n<tbody style=\"outline: none; margin: 0px; padding: 0px; border-width: 0px 1px 1px; border-top-style: initial; border-right-style: solid; border-bottom-style: solid; border-left-style: solid; border-top-color: initial; border-right-color: rgb(204, 204, 204); border-bottom-color: rgb(204, 204, 204); border-left-color: rgb(204, 204, 204); border-image: initial; font: inherit; vertical-align: baseline;\">\n<tr style=\"outline: none; margin: 0px; padding: 0px; border: 0px; font: inherit; vertical-align: baseline;\">\n<td class=\"bold text-right\" style=\"outline: none; padding: 10px; margin: 0px; border-width: 0px 1px 0px 0px; border-top-style: initial; border-right-style: solid; border-bottom-style: initial; border-left-style: initial; border-top-color: initial; border-right-color: rgb(204, 204, 204); border-bottom-color: initial; border-left-color: initial; border-image: initial; font-style: inherit; font-variant: inherit; font-weight: bold; font-stretch: inherit; font-size: inherit; line-height: inherit; font-family: inherit; font-optical-sizing: inherit; font-kerning: inherit; font-feature-settings: inherit; font-variation-settings: inherit; vertical-align: baseline; width: 209.398px;\">Altura<\/td>\n<td class=\"bold\" style=\"outline: none; padding: 10px; margin: 0px; border: 0px; font-style: inherit; font-variant: inherit; font-weight: bold; font-stretch: inherit; font-size: inherit; line-height: inherit; font-family: inherit; font-optical-sizing: inherit; font-kerning: inherit; font-feature-settings: inherit; font-variation-settings: inherit; vertical-align: baseline;\">1250mm<\/td>\n<\/tr>\n<tr style=\"outline: none; margin: 0px; padding: 0px; border: 0px; font: inherit; vertical-align: baseline; background-color: rgb(226, 226, 226);\">\n<td class=\"bold text-right\" style=\"outline: none; padding: 10px; margin: 0px; border-width: 0px 1px 0px 0px; border-top-style: initial; border-right-style: solid; border-bottom-style: initial; border-left-style: initial; border-top-color: initial; border-right-color: rgb(204, 204, 204); border-bottom-color: initial; border-left-color: initial; border-image: initial; font-style: inherit; font-variant: inherit; font-weight: bold; font-stretch: inherit; font-size: inherit; line-height: inherit; font-family: inherit; font-optical-sizing: inherit; font-kerning: inherit; font-feature-settings: inherit; font-variation-settings: inherit; vertical-align: baseline; width: 209.398px;\">Profundidade<\/td>\n<td class=\"bold\" style=\"outline: none; padding: 10px; margin: 0px; border: 0px; font-style: inherit; font-variant: inherit; font-weight: bold; font-stretch: inherit; font-size: inherit; line-height: inherit; font-family: inherit; font-optical-sizing: inherit; font-kerning: inherit; font-feature-settings: inherit; font-variation-settings: inherit; vertical-align: baseline;\">1104mm<\/td>\n<\/tr>\n<tr style=\"outline: none; margin: 0px; padding: 0px; border: 0px; font: inherit; vertical-align: baseline;\">\n<td class=\"bold text-right\" style=\"outline: none; padding: 10px; margin: 0px; border-width: 0px 1px 0px 0px; border-top-style: initial; border-right-style: solid; border-bottom-style: initial; border-left-style: initial; border-top-color: initial; border-right-color: rgb(204, 204, 204); border-bottom-color: initial; border-left-color: initial; border-image: initial; font-style: inherit; font-variant: inherit; font-weight: bold; font-stretch: inherit; font-size: inherit; line-height: inherit; font-family: inherit; font-optical-sizing: inherit; font-kerning: inherit; font-feature-settings: inherit; font-variation-settings: inherit; vertical-align: baseline; width: 209.398px;\">Frente<\/td>\n<td class=\"bold\" style=\"outline: none; padding: 10px; margin: 0px; border: 0px; font-style: inherit; font-variant: inherit; font-weight: bold; font-stretch: inherit; font-size: inherit; line-height: inherit; font-family: inherit; font-optical-sizing: inherit; font-kerning: inherit; font-feature-settings: inherit; font-variation-settings: inherit; vertical-align: baseline;\">1130mm<\/td>\n<\/tr>\n<tr style=\"outline: none; margin: 0px; padding: 0px; border: 0px; font: inherit; vertical-align: baseline; background-color: rgb(226, 226, 226);\">\n<td class=\"bold text-right\" style=\"outline: none; padding: 10px; margin: 0px; border-width: 0px 1px 0px 0px; border-top-style: initial; border-right-style: solid; border-bottom-style: initial; border-left-style: initial; border-top-color: initial; border-right-color: rgb(204, 204, 204); border-bottom-color: initial; border-left-color: initial; border-image: initial; font-style: inherit; font-variant: inherit; font-weight: bold; font-stretch: inherit; font-size: inherit; line-height: inherit; font-family: inherit; font-optical-sizing: inherit; font-kerning: inherit; font-feature-settings: inherit; font-variation-settings: inherit; vertical-align: baseline; width: 209.398px;\">Consumo<\/td>\n<td class=\"bold\" style=\"outline: none; padding: 10px; margin: 0px; border: 0px; font-style: inherit; font-variant: inherit; font-weight: bold; font-stretch: inherit; font-size: inherit; line-height: inherit; font-family: inherit; font-optical-sizing: inherit; font-kerning: inherit; font-feature-settings: inherit; font-variation-settings: inherit; vertical-align: baseline;\">20kW\/dia<\/td>\n<\/tr>\n<tr style=\"outline: none; margin: 0px; padding: 0px; border: 0px; font: inherit; vertical-align: baseline;\">\n<td class=\"bold text-right\" style=\"outline: none; padding: 10px; margin: 0px; border-width: 0px 1px 0px 0px; border-top-style: initial; border-right-style: solid; border-bottom-style: initial; border-left-style: initial; border-top-color: initial; border-right-color: rgb(204, 204, 204); border-bottom-color: initial; border-left-color: initial; border-image: initial; font-style: inherit; font-variant: inherit; font-weight: bold; font-stretch: inherit; font-size: inherit; line-height: inherit; font-family: inherit; font-optical-sizing: inherit; font-kerning: inherit; font-feature-settings: inherit; font-variation-settings: inherit; vertical-align: baseline; width: 209.398px;\">Peso L\u00edquido<\/td>\n<td class=\"bold\" style=\"outline: none; padding: 10px; margin: 0px; border: 0px; font-style: inherit; font-variant: inherit; font-weight: bold; font-stretch: inherit; font-size: inherit; line-height: inherit; font-family: inherit; font-optical-sizing: inherit; font-kerning: inherit; font-feature-settings: inherit; font-variation-settings: inherit; vertical-align: baseline;\">128kg<\/td>\n<\/tr>\n<tr style=\"outline: none; margin: 0px; padding: 0px; border: 0px; font: inherit; vertical-align: baseline; background-color: rgb(226, 226, 226);\">\n<td class=\"bold text-right\" style=\"outline: none; padding: 10px; margin: 0px; border-width: 0px 1px 0px 0px; border-top-style: initial; border-right-style: solid; border-bottom-style: initial; border-left-style: initial; border-top-color: initial; border-right-color: rgb(204, 204, 204); border-bottom-color: initial; border-left-color: initial; border-image: initial; font-style: inherit; font-variant: inherit; font-weight: bold; font-stretch: inherit; font-size: inherit; line-height: inherit; font-family: inherit; font-optical-sizing: inherit; font-kerning: inherit; font-feature-settings: inherit; font-variation-settings: inherit; vertical-align: baseline; width: 209.398px;\">Classe<\/td>\n<td class=\"bold\" style=\"outline: none; padding: 10px; margin: 0px; border: 0px; font-style: inherit; font-variant: inherit; font-weight: bold; font-stretch: inherit; font-size: inherit; line-height: inherit; font-family: inherit; font-optical-sizing: inherit; font-kerning: inherit; font-feature-settings: inherit; font-variation-settings: inherit; vertical-align: baseline;\">( 4 )<\/td>\n<\/tr>\n<\/tbody>\n<\/table>\n<\/div>\n<\/div>\n<\/div>\n<\/div>\n<\/div>\n<\/section>\n<table class=\"table table-bordered\" style=\"background-color: rgb(255, 255, 255); width: 1440px;\">\n<tbody>\n<tr>\n<td><\/td>\n<td><\/td>\n<\/tr>\n<tr>\n<td><\/td>\n<td><\/td>\n<\/tr>\n<tr>\n<td><\/td>\n<td><\/td>\n<\/tr>\n<tr>\n<td><\/td>\n<td><\/td>\n<\/tr>\n<tr>\n<td><\/td>\n<td><\/td>\n<\/tr>\n<tr>\n<td><\/td>\n<td><\/td>\n<\/tr>\n<tr>\n<td><\/td>\n<td><\/td>\n<\/tr>\n<tr>\n<td><\/td>\n<td><\/td>\n<\/tr>\n<tr>\n<td><\/td>\n<td><\/td>\n<\/tr>\n<\/tbody>\n<\/table>\n","protected":false},"excerpt":{"rendered":"<p>DESCRI\u00c7\u00c3O DO PRODUTO Expositor para Sorvete de MassaConserva\u00e7\u00e3o e Exposi\u00e7\u00e3o de Sorvete de MassaRefrigera\u00e7\u00e3o: Ar for\u00e7ado com evaporador aletadoTemperatura: -10 a -20CDegelo: Autom\u00e1ticoControlador eletr\u00f4nico com indicador de temperaturaRevestimento Interno: Revestimento interno em A\u00e7o Inox 430Revestimento Externo: Laterais em A\u00e7o pr\u00e9-pintado com visor em vidro duplo temperado com aquecimentoRevestimento Externo: Frente em A\u00e7o pr\u00e9-pintado e rodap\u00e9 [&hellip;]<\/p>\n","protected":false},"featured_media":10685,"comment_status":"open","ping_status":"closed","template":"","meta":[],"product_brand":[],"product_cat":[419,332],"product_tag":[],"class_list":{"0":"post-10687","1":"product","2":"type-product","3":"status-publish","4":"has-post-thumbnail","6":"product_cat-linha-gelopar","7":"product_cat-sorveteria","9":"first","10":"instock","11":"shipping-taxable","12":"purchasable","13":"product-type-simple"},"_links":{"self":[{"href":"https:\/\/twsites.com.br\/novomigcenter\/index.php?rest_route=\/wp\/v2\/product\/10687","targetHints":{"allow":["GET"]}}],"collection":[{"href":"https:\/\/twsites.com.br\/novomigcenter\/index.php?rest_route=\/wp\/v2\/product"}],"about":[{"href":"https:\/\/twsites.com.br\/novomigcenter\/index.php?rest_route=\/wp\/v2\/types\/product"}],"replies":[{"embeddable":true,"href":"https:\/\/twsites.com.br\/novomigcenter\/index.php?rest_route=%2Fwp%2Fv2%2Fcomments&post=10687"}],"wp:featuredmedia":[{"embeddable":true,"href":"https:\/\/twsites.com.br\/novomigcenter\/index.php?rest_route=\/wp\/v2\/media\/10685"}],"wp:attachment":[{"href":"https:\/\/twsites.com.br\/novomigcenter\/index.php?rest_route=%2Fwp%2Fv2%2Fmedia&parent=10687"}],"wp:term":[{"taxonomy":"product_brand","embeddable":true,"href":"https:\/\/twsites.com.br\/novomigcenter\/index.php?rest_route=%2Fwp%2Fv2%2Fproduct_brand&post=10687"},{"taxonomy":"product_cat","embeddable":true,"href":"https:\/\/twsites.com.br\/novomigcenter\/index.php?rest_route=%2Fwp%2Fv2%2Fproduct_cat&post=10687"},{"taxonomy":"product_tag","embeddable":true,"href":"https:\/\/twsites.com.br\/novomigcenter\/index.php?rest_route=%2Fwp%2Fv2%2Fproduct_tag&post=10687"}],"curies":[{"name":"wp","href":"https:\/\/api.w.org\/{rel}","templated":true}]}}