{"id":10689,"date":"2017-01-17T16:02:15","date_gmt":"2017-01-17T16:02:15","guid":{"rendered":"https:\/\/twsites.com.br\/novomigcenter\/?product=balcao-frigorifico-de-encosto-gbfe-190"},"modified":"2017-01-17T16:02:15","modified_gmt":"2017-01-17T16:02:15","slug":"balcao-frigorifico-de-encosto-gbfe-190","status":"publish","type":"product","link":"https:\/\/twsites.com.br\/novomigcenter\/?product=balcao-frigorifico-de-encosto-gbfe-190","title":{"rendered":"Balc\u00e3o Frigor\u00edfico de Encosto GBFE 190"},"content":{"rendered":"<p><span style=\"font-weight: bold; font-size: 14px;\"><font face=\"Arial\">Descri\u00e7\u00e3o do Produto<\/font><\/span><\/p>\n<\/p>\n<ul>\n<li><font face=\"Arial\"><span style=\"font-size: 14px;\">Apoio em cozinhas industriais de hot\u00e9is, restaurantes, clubes, bares, lanchonetes, confeitarias, mercados, mercearias e outros<\/span><br \/><\/font><\/li>\n<li><font face=\"Arial\"><span style=\"font-size: 14px;\">Refrigera\u00e7\u00e3o de frios, latic\u00ednios, bebidas e alimentos diversos (n\u00e3o congelados)<\/span><br \/><\/font><\/li>\n<li><font face=\"Arial\"><span style=\"font-size: 14px;\">Temperatura: +1\u00b0 a +7\u00b0C<\/span><br \/><\/font><\/li>\n<li><font face=\"Arial\"><span style=\"font-size: 14px;\">Refrigera\u00e7\u00e3o: Ar for\u00e7ado com serpentina aletada<\/span><br \/><\/font><\/li>\n<li><font face=\"Arial\"><span style=\"font-size: 14px;\">Controle de Temperatura: Controlador eletr\u00f4nico digital, com indicador de temperatura digital e degelo autom\u00e1tico natural<\/span><br \/><\/font><\/li>\n<li><font face=\"Arial\"><span style=\"font-size: 14px;\">Prateleiras: Aramadas e regul\u00e1veis<\/span><br \/><\/font><\/li>\n<li><font face=\"Arial\"><span style=\"font-size: 14px;\">Portas: Cegas<\/span><br \/><\/font><\/li>\n<li><font face=\"Arial\"><span style=\"font-size: 14px;\">Resist\u00eancia no quadro de portas<\/span><br \/><\/font><\/li>\n<li><font face=\"Arial\"><span style=\"font-size: 14px;\">P\u00e9s regul\u00e1veis<\/span><br \/><\/font><\/li>\n<li><font face=\"Arial\"><span style=\"font-size: 14px;\">Lado de instala\u00e7\u00e3o do motor e cuba opcional<\/span><br \/><\/font><\/li>\n<li><font face=\"Arial\"><span style=\"font-size: 14px;\">Obs: Padr\u00e3o do motor e cuba do lado direito, para quem est\u00e1 de frente para as portas<\/span><br \/><\/font><\/li>\n<li><font face=\"Arial\"><span style=\"font-size: 14px;\">Revestimento:<\/span><br \/><\/font><\/li>\n<li><font face=\"Arial\"><span style=\"font-size: 14px;\">Interno em A\u00e7o galvanizado<\/span><br \/><\/font><\/li>\n<li><font face=\"Arial\"><span style=\"font-size: 14px;\">Externo: \u25aa Tampo: A\u00e7o inox 304 escovado<\/span><br \/><\/font><\/li>\n<li><font face=\"Arial\"><span style=\"font-size: 14px;\">Gabinete: A\u00e7o inox 430<\/span><br \/><\/font><\/li>\n<li><font face=\"Arial\"><span style=\"font-size: 14px;\">Opcional: Tampo com cuba de 400x340x130mm e torneira<\/span><\/font><\/li>\n<\/ul>\n<table class=\"table table-bordered\" style=\"background-color: rgb(255, 255, 255); width: 1440px;\">\n<tbody>\n<tr>\n<td><font face=\"Arial\"><br \/><\/font><\/td>\n<td><font face=\"Arial\">GBFE-190<br \/><\/font><\/td>\n<td><font face=\"Arial\">GBFE-255<br \/><\/font><\/td>\n<\/tr>\n<tr>\n<td><font face=\"Arial\">Frente (mm)<br \/><\/font><\/td>\n<td><font face=\"Arial\">1909<br \/><\/font><\/td>\n<td><font face=\"Arial\">2548<br \/><\/font><\/td>\n<\/tr>\n<tr>\n<td><font face=\"Arial\">Profundidade (mm)<br \/><\/font><\/td>\n<td><font face=\"Arial\">700<br \/><\/font><\/td>\n<td><font face=\"Arial\">700<br \/><\/font><\/td>\n<\/tr>\n<tr>\n<td><font face=\"Arial\">Altura \/ Tampo (mm)<br \/><\/font><\/td>\n<td><font face=\"Arial\">950 \/ 850<br \/><\/font><\/td>\n<td><font face=\"Arial\">950 \/ 850<br \/><\/font><\/td>\n<\/tr>\n<tr>\n<td><font face=\"Arial\">Capacidade Bruta (l)<br \/><\/font><\/td>\n<td><font face=\"Arial\">484<br \/><\/font><\/td>\n<td><font face=\"Arial\">725<br \/><\/font><\/td>\n<\/tr>\n<tr>\n<td><font face=\"Arial\">Peso bruto (kg)<\/font><\/td>\n<td><font face=\"Arial\">151,5<br \/><\/font><\/td>\n<td><font face=\"Arial\">190,8<br \/><\/font><\/td>\n<\/tr>\n<tr>\n<td><font face=\"Arial\">Tens\u00e3o (V)<br \/><\/font><\/td>\n<td><font face=\"Arial\">127 \/ 220<br \/><\/font><\/td>\n<td><font face=\"Arial\">127 \/ 220<br \/><\/font><\/td>\n<\/tr>\n<tr>\n<td><font face=\"Arial\">Frequ\u00eancia (Hz)<br \/><\/font><\/td>\n<td><font face=\"Arial\">60 \/ 50 ou 60<br \/><\/font><\/td>\n<td><font face=\"Arial\">60 \/ 50 ou 60<br \/><\/font><\/td>\n<\/tr>\n<tr>\n<td><font face=\"Arial\">Consumo kWh\/dia<br \/><\/font><\/td>\n<td><font face=\"Arial\">5,32<br \/><\/font><\/td>\n<td><font face=\"Arial\">6,6<br \/><\/font><\/td>\n<\/tr>\n<tr>\n<td><font face=\"Arial\">N\u00famero de Portas<br \/><\/font><\/td>\n<td><font face=\"Arial\">2<br \/><\/font><\/td>\n<td><font face=\"Arial\">3<br \/><\/font><\/td>\n<\/tr>\n<tr>\n<td><font face=\"Arial\">Classe<br \/><\/font><\/td>\n<td><font face=\"Arial\">4<br \/><\/font><\/td>\n<td><font face=\"Arial\">4<\/font><\/td>\n<\/tr>\n<\/tbody>\n<\/table>\n","protected":false},"excerpt":{"rendered":"<p>Descri\u00e7\u00e3o do Produto Apoio em cozinhas industriais de hot\u00e9is, restaurantes, clubes, bares, lanchonetes, confeitarias, mercados, mercearias e outros Refrigera\u00e7\u00e3o de frios, latic\u00ednios, bebidas e alimentos diversos (n\u00e3o congelados) Temperatura: +1\u00b0 a +7\u00b0C Refrigera\u00e7\u00e3o: Ar for\u00e7ado com serpentina aletada Controle de Temperatura: Controlador eletr\u00f4nico digital, com indicador de temperatura digital e degelo autom\u00e1tico natural Prateleiras: Aramadas [&hellip;]<\/p>\n","protected":false},"featured_media":10688,"comment_status":"open","ping_status":"closed","template":"","meta":[],"product_brand":[],"product_cat":[320,359,419],"product_tag":[],"class_list":{"0":"post-10689","1":"product","2":"type-product","3":"status-publish","4":"has-post-thumbnail","6":"product_cat-balcao-de-encosto","7":"product_cat-balcao-expositor","8":"product_cat-linha-gelopar","10":"first","11":"instock","12":"shipping-taxable","13":"purchasable","14":"product-type-simple"},"_links":{"self":[{"href":"https:\/\/twsites.com.br\/novomigcenter\/index.php?rest_route=\/wp\/v2\/product\/10689","targetHints":{"allow":["GET"]}}],"collection":[{"href":"https:\/\/twsites.com.br\/novomigcenter\/index.php?rest_route=\/wp\/v2\/product"}],"about":[{"href":"https:\/\/twsites.com.br\/novomigcenter\/index.php?rest_route=\/wp\/v2\/types\/product"}],"replies":[{"embeddable":true,"href":"https:\/\/twsites.com.br\/novomigcenter\/index.php?rest_route=%2Fwp%2Fv2%2Fcomments&post=10689"}],"wp:featuredmedia":[{"embeddable":true,"href":"https:\/\/twsites.com.br\/novomigcenter\/index.php?rest_route=\/wp\/v2\/media\/10688"}],"wp:attachment":[{"href":"https:\/\/twsites.com.br\/novomigcenter\/index.php?rest_route=%2Fwp%2Fv2%2Fmedia&parent=10689"}],"wp:term":[{"taxonomy":"product_brand","embeddable":true,"href":"https:\/\/twsites.com.br\/novomigcenter\/index.php?rest_route=%2Fwp%2Fv2%2Fproduct_brand&post=10689"},{"taxonomy":"product_cat","embeddable":true,"href":"https:\/\/twsites.com.br\/novomigcenter\/index.php?rest_route=%2Fwp%2Fv2%2Fproduct_cat&post=10689"},{"taxonomy":"product_tag","embeddable":true,"href":"https:\/\/twsites.com.br\/novomigcenter\/index.php?rest_route=%2Fwp%2Fv2%2Fproduct_tag&post=10689"}],"curies":[{"name":"wp","href":"https:\/\/api.w.org\/{rel}","templated":true}]}}