{"id":10696,"date":"2017-01-17T17:12:13","date_gmt":"2017-01-17T17:12:13","guid":{"rendered":"https:\/\/twsites.com.br\/novomigcenter\/?product=expositor-ilha-standard-dupla-acao-vidro-reto-190-gesv190r"},"modified":"2017-01-17T17:12:13","modified_gmt":"2017-01-17T17:12:13","slug":"expositor-ilha-standard-dupla-acao-vidro-reto-190-gesv190r","status":"publish","type":"product","link":"https:\/\/twsites.com.br\/novomigcenter\/?product=expositor-ilha-standard-dupla-acao-vidro-reto-190-gesv190r","title":{"rendered":"Expositor Ilha Standard Dupla A\u00e7\u00e3o 1.90M Vidro Reto Deslizante &#8211; GESV-190R"},"content":{"rendered":"<p><\/p>\n<section id=\"product-description\" style=\"outline: none; margin: 0px; padding: 0px; border: 0px; font-variant-numeric: inherit; font-variant-east-asian: inherit; font-variant-alternates: inherit; font-variant-position: inherit; font-stretch: inherit; font-size: 15px; line-height: inherit; font-family: &quot;Noto Sans&quot;, sans-serif; font-optical-sizing: inherit; font-kerning: inherit; font-feature-settings: inherit; font-variation-settings: inherit; vertical-align: baseline; color: rgb(51, 51, 51);\">\n<div class=\"container md-pd bordered\" style=\"outline: none; margin-top: 0px; margin-bottom: 0px; padding: 40px 20px; border: 1px solid rgb(255, 255, 255); font: inherit; vertical-align: baseline; width: unset !important; max-width: 1240px !important;\">\n<h2 class=\"styled-title mb-40\" style=\"outline: none; font-weight: bold; line-height: inherit; margin-right: 0px; margin-bottom: 40px; margin-left: 0px; font-size: 1.8em; padding: 0px; border: 0px; font-style: inherit; font-variant: inherit; font-stretch: inherit; font-optical-sizing: inherit; font-kerning: inherit; font-feature-settings: inherit; font-variation-settings: inherit; vertical-align: baseline; text-transform: uppercase; display: flex; align-items: center; justify-content: center; text-align: center;\">DESCRI\u00c7\u00c3O DO PRODUTO<\/h2>\n<div class=\"cont-description grid col-12\" style=\"outline: none; margin: 0px; padding: 0px; border: 0px; font: inherit; vertical-align: baseline; display: grid; gap: 20px; grid-template-columns: repeat(12, 1fr);\">\n<div class=\"desc span-12\" style=\"outline: none; margin: 0px; padding: 0px; border: 0px; font-style: inherit; font-variant: inherit; font-weight: inherit; font-stretch: inherit; font-size: inherit; line-height: 24px; font-family: inherit; font-optical-sizing: inherit; font-kerning: inherit; font-feature-settings: inherit; font-variation-settings: inherit; vertical-align: baseline; grid-column: span 12;\">Expositor Ilha Standard Dupla A\u00e7\u00e3o Vidro Reto Deslizante<br style=\"outline: none;\">Conserva\u00e7\u00e3o e exposi\u00e7\u00e3o de produtos congelados<br style=\"outline: none;\">Conserva\u00e7\u00e3o e Exposi\u00e7\u00e3o de produtos resfriados<br style=\"outline: none;\">Refrigera\u00e7\u00e3o: Est\u00e1tica com Serpentina<br style=\"outline: none;\">Temperatura: Congelados -16 a -20C<br style=\"outline: none;\">Resfriados 0 a +7C<br style=\"outline: none;\">Degelo: Manual<br style=\"outline: none;\">Controle de Temperatura: Termostato<br style=\"outline: none;\">Revestimento Interno: A\u00e7o pr\u00e9-pintado branco<br style=\"outline: none;\">Revestimento Externo: A\u00e7o pr\u00e9-pintado branco<br style=\"outline: none;\">Tampas: Vidro reto temperado, deslizantes, baixo emissivo com serigrafia<br style=\"outline: none;\">P\u00e9s niveladores<br style=\"outline: none;\">Term\u00f4metro anal\u00f3gico<br style=\"outline: none;\">Divis\u00f3rias internas aramadas e ajust\u00e1veis<br style=\"outline: none;\">Vidros sujeitos a condensa\u00e7\u00e3o da umidade do ar<br style=\"outline: none;\">Equipamento certificado conforme Portaria Inmetro n\u00ba 371\/2009<br style=\"outline: none;\">Produto destinado para uso comercial<br style=\"outline: none;\">* Imagens meramente ilustrativas. Imagens e informa\u00e7\u00f5es sujeitas a altera\u00e7\u00f5es sem aviso pr\u00e9vio.<br style=\"outline: none;\">** Cores de acabamento e materiais sujeitos a varia\u00e7\u00e3o de acordo com o lote de produ\u00e7\u00e3o e\/ou entre os materiais que comp\u00f5em o produto (ex.: chapa, pl\u00e1stico,madeiras e etc.)<br style=\"outline: none;\"><\/div>\n<\/div>\n<\/div>\n<\/section>\n<section id=\"product-description\" class=\"pt-40\" style=\"outline: none; margin: 0px; padding: 40px 0px 0px; border: 0px; font-variant-numeric: inherit; font-variant-east-asian: inherit; font-variant-alternates: inherit; font-variant-position: inherit; font-stretch: inherit; font-size: 15px; line-height: inherit; font-family: &quot;Noto Sans&quot;, sans-serif; font-optical-sizing: inherit; font-kerning: inherit; font-feature-settings: inherit; font-variation-settings: inherit; vertical-align: baseline; color: rgb(51, 51, 51);\">\n<div class=\"container md-pd bordered\" style=\"outline: none; margin-top: 0px; margin-bottom: 0px; padding: 40px 20px; border: 1px solid rgb(255, 255, 255); font: inherit; vertical-align: baseline; width: unset !important; max-width: 1240px !important;\">\n<h2 class=\"styled-title mb-40\" style=\"outline: none; font-weight: bold; line-height: inherit; margin-right: 0px; margin-bottom: 40px; margin-left: 0px; font-size: 1.8em; padding: 0px; border: 0px; font-style: inherit; font-variant: inherit; font-stretch: inherit; font-optical-sizing: inherit; font-kerning: inherit; font-feature-settings: inherit; font-variation-settings: inherit; vertical-align: baseline; text-transform: uppercase; display: flex; align-items: center; justify-content: center; text-align: center;\">INFORMA\u00c7\u00d5ES T\u00c9CNICAS<\/h2>\n<div class=\"cont-description grid col-12\" style=\"outline: none; margin: 0px; padding: 0px; border: 0px; font: inherit; vertical-align: baseline; display: grid; gap: 20px; grid-template-columns: repeat(12, 1fr);\">\n<div class=\"desc span-8\" style=\"outline: none; margin: 0px; padding: 0px; border: 0px; font-style: inherit; font-variant: inherit; font-weight: inherit; font-stretch: inherit; font-size: inherit; line-height: 24px; font-family: inherit; font-optical-sizing: inherit; font-kerning: inherit; font-feature-settings: inherit; font-variation-settings: inherit; vertical-align: baseline; grid-column: span 8;\">\n<div clas=\"grid col-12 sm-gap\" style=\"outline: none; margin: 0px; padding: 0px; border: 0px; font: inherit; vertical-align: baseline;\">\n<div class=\"span-8\" style=\"outline: none; margin: 0px; padding: 0px; border: 0px; font: inherit; vertical-align: baseline; grid-column: span 8;\"><\/div>\n<div class=\"table-info span-4\" style=\"outline: none; margin: 0px; padding: 0px; border: 0px; font: inherit; vertical-align: baseline; grid-column: span 4;\">\n<table style=\"outline: none; margin: 25px 0px 0px; padding: 0px; border: 0px; font: inherit; vertical-align: baseline; width: 350px; min-width: 350px;\">\n<tbody style=\"outline: none; margin: 0px; padding: 0px; border-width: 0px 1px 1px; border-top-style: initial; border-right-style: solid; border-bottom-style: solid; border-left-style: solid; border-top-color: initial; border-right-color: rgb(204, 204, 204); border-bottom-color: rgb(204, 204, 204); border-left-color: rgb(204, 204, 204); border-image: initial; font: inherit; vertical-align: baseline;\">\n<tr style=\"outline: none; margin: 0px; padding: 0px; border: 0px; font: inherit; vertical-align: baseline;\">\n<td class=\"bold text-right\" style=\"outline: none; padding: 10px; margin: 0px; border-width: 0px 1px 0px 0px; border-top-style: initial; border-right-style: solid; border-bottom-style: initial; border-left-style: initial; border-top-color: initial; border-right-color: rgb(204, 204, 204); border-bottom-color: initial; border-left-color: initial; border-image: initial; font-style: inherit; font-variant: inherit; font-weight: bold; font-stretch: inherit; font-size: inherit; line-height: inherit; font-family: inherit; font-optical-sizing: inherit; font-kerning: inherit; font-feature-settings: inherit; font-variation-settings: inherit; vertical-align: baseline; width: 209.391px;\">Altura<\/td>\n<td class=\"bold\" style=\"outline: none; padding: 10px; margin: 0px; border: 0px; font-style: inherit; font-variant: inherit; font-weight: bold; font-stretch: inherit; font-size: inherit; line-height: inherit; font-family: inherit; font-optical-sizing: inherit; font-kerning: inherit; font-feature-settings: inherit; font-variation-settings: inherit; vertical-align: baseline;\">955mm<\/td>\n<\/tr>\n<tr style=\"outline: none; margin: 0px; padding: 0px; border: 0px; font: inherit; vertical-align: baseline; background-color: rgb(226, 226, 226);\">\n<td class=\"bold text-right\" style=\"outline: none; padding: 10px; margin: 0px; border-width: 0px 1px 0px 0px; border-top-style: initial; border-right-style: solid; border-bottom-style: initial; border-left-style: initial; border-top-color: initial; border-right-color: rgb(204, 204, 204); border-bottom-color: initial; border-left-color: initial; border-image: initial; font-style: inherit; font-variant: inherit; font-weight: bold; font-stretch: inherit; font-size: inherit; line-height: inherit; font-family: inherit; font-optical-sizing: inherit; font-kerning: inherit; font-feature-settings: inherit; font-variation-settings: inherit; vertical-align: baseline; width: 209.391px;\">Profundidade<\/td>\n<td class=\"bold\" style=\"outline: none; padding: 10px; margin: 0px; border: 0px; font-style: inherit; font-variant: inherit; font-weight: bold; font-stretch: inherit; font-size: inherit; line-height: inherit; font-family: inherit; font-optical-sizing: inherit; font-kerning: inherit; font-feature-settings: inherit; font-variation-settings: inherit; vertical-align: baseline;\">800mm<\/td>\n<\/tr>\n<tr style=\"outline: none; margin: 0px; padding: 0px; border: 0px; font: inherit; vertical-align: baseline;\">\n<td class=\"bold text-right\" style=\"outline: none; padding: 10px; margin: 0px; border-width: 0px 1px 0px 0px; border-top-style: initial; border-right-style: solid; border-bottom-style: initial; border-left-style: initial; border-top-color: initial; border-right-color: rgb(204, 204, 204); border-bottom-color: initial; border-left-color: initial; border-image: initial; font-style: inherit; font-variant: inherit; font-weight: bold; font-stretch: inherit; font-size: inherit; line-height: inherit; font-family: inherit; font-optical-sizing: inherit; font-kerning: inherit; font-feature-settings: inherit; font-variation-settings: inherit; vertical-align: baseline; width: 209.391px;\">Frente<\/td>\n<td class=\"bold\" style=\"outline: none; padding: 10px; margin: 0px; border: 0px; font-style: inherit; font-variant: inherit; font-weight: bold; font-stretch: inherit; font-size: inherit; line-height: inherit; font-family: inherit; font-optical-sizing: inherit; font-kerning: inherit; font-feature-settings: inherit; font-variation-settings: inherit; vertical-align: baseline;\">1898mm<\/td>\n<\/tr>\n<tr style=\"outline: none; margin: 0px; padding: 0px; border: 0px; font: inherit; vertical-align: baseline; background-color: rgb(226, 226, 226);\">\n<td class=\"bold text-right\" style=\"outline: none; padding: 10px; margin: 0px; border-width: 0px 1px 0px 0px; border-top-style: initial; border-right-style: solid; border-bottom-style: initial; border-left-style: initial; border-top-color: initial; border-right-color: rgb(204, 204, 204); border-bottom-color: initial; border-left-color: initial; border-image: initial; font-style: inherit; font-variant: inherit; font-weight: bold; font-stretch: inherit; font-size: inherit; line-height: inherit; font-family: inherit; font-optical-sizing: inherit; font-kerning: inherit; font-feature-settings: inherit; font-variation-settings: inherit; vertical-align: baseline; width: 209.391px;\">Consumo<\/td>\n<td class=\"bold\" style=\"outline: none; padding: 10px; margin: 0px; border: 0px; font-style: inherit; font-variant: inherit; font-weight: bold; font-stretch: inherit; font-size: inherit; line-height: inherit; font-family: inherit; font-optical-sizing: inherit; font-kerning: inherit; font-feature-settings: inherit; font-variation-settings: inherit; vertical-align: baseline;\">5,06kW\/dia<\/td>\n<\/tr>\n<tr style=\"outline: none; margin: 0px; padding: 0px; border: 0px; font: inherit; vertical-align: baseline;\">\n<td class=\"bold text-right\" style=\"outline: none; padding: 10px; margin: 0px; border-width: 0px 1px 0px 0px; border-top-style: initial; border-right-style: solid; border-bottom-style: initial; border-left-style: initial; border-top-color: initial; border-right-color: rgb(204, 204, 204); border-bottom-color: initial; border-left-color: initial; border-image: initial; font-style: inherit; font-variant: inherit; font-weight: bold; font-stretch: inherit; font-size: inherit; line-height: inherit; font-family: inherit; font-optical-sizing: inherit; font-kerning: inherit; font-feature-settings: inherit; font-variation-settings: inherit; vertical-align: baseline; width: 209.391px;\">Peso L\u00edquido<\/td>\n<td class=\"bold\" style=\"outline: none; padding: 10px; margin: 0px; border: 0px; font-style: inherit; font-variant: inherit; font-weight: bold; font-stretch: inherit; font-size: inherit; line-height: inherit; font-family: inherit; font-optical-sizing: inherit; font-kerning: inherit; font-feature-settings: inherit; font-variation-settings: inherit; vertical-align: baseline;\">110kg<\/td>\n<\/tr>\n<tr style=\"outline: none; margin: 0px; padding: 0px; border: 0px; font: inherit; vertical-align: baseline; background-color: rgb(226, 226, 226);\">\n<td class=\"bold text-right\" style=\"outline: none; padding: 10px; margin: 0px; border-width: 0px 1px 0px 0px; border-top-style: initial; border-right-style: solid; border-bottom-style: initial; border-left-style: initial; border-top-color: initial; border-right-color: rgb(204, 204, 204); border-bottom-color: initial; border-left-color: initial; border-image: initial; font-style: inherit; font-variant: inherit; font-weight: bold; font-stretch: inherit; font-size: inherit; line-height: inherit; font-family: inherit; font-optical-sizing: inherit; font-kerning: inherit; font-feature-settings: inherit; font-variation-settings: inherit; vertical-align: baseline; width: 209.391px;\">Classe<\/td>\n<td class=\"bold\" style=\"outline: none; padding: 10px; margin: 0px; border: 0px; font-style: inherit; font-variant: inherit; font-weight: bold; font-stretch: inherit; font-size: inherit; line-height: inherit; font-family: inherit; font-optical-sizing: inherit; font-kerning: inherit; font-feature-settings: inherit; font-variation-settings: inherit; vertical-align: baseline;\">( 4 )<\/td>\n<\/tr>\n<tr style=\"outline: none; margin: 0px; padding: 0px; border: 0px; font: inherit; vertical-align: baseline;\">\n<td class=\"bold text-right\" style=\"outline: none; padding: 10px; margin: 0px; border-width: 0px 1px 0px 0px; border-top-style: initial; border-right-style: solid; border-bottom-style: initial; border-left-style: initial; border-top-color: initial; border-right-color: rgb(204, 204, 204); border-bottom-color: initial; border-left-color: initial; border-image: initial; font-style: inherit; font-variant: inherit; font-weight: bold; font-stretch: inherit; font-size: inherit; line-height: inherit; font-family: inherit; font-optical-sizing: inherit; font-kerning: inherit; font-feature-settings: inherit; font-variation-settings: inherit; vertical-align: baseline; width: 209.391px;\">Capacidade L\u00edquida<\/td>\n<td class=\"bold\" style=\"outline: none; padding: 10px; margin: 0px; border: 0px; font-style: inherit; font-variant: inherit; font-weight: bold; font-stretch: inherit; font-size: inherit; line-height: inherit; font-family: inherit; font-optical-sizing: inherit; font-kerning: inherit; font-feature-settings: inherit; font-variation-settings: inherit; vertical-align: baseline;\">520 litros<\/td>\n<\/tr>\n<\/tbody>\n<\/table>\n<\/div>\n<\/div>\n<\/div>\n<\/div>\n<\/div>\n<\/section>\n<p><\/p>\n","protected":false},"excerpt":{"rendered":"<p>DESCRI\u00c7\u00c3O DO PRODUTO Expositor Ilha Standard Dupla A\u00e7\u00e3o Vidro Reto DeslizanteConserva\u00e7\u00e3o e exposi\u00e7\u00e3o de produtos congeladosConserva\u00e7\u00e3o e Exposi\u00e7\u00e3o de produtos resfriadosRefrigera\u00e7\u00e3o: Est\u00e1tica com SerpentinaTemperatura: Congelados -16 a -20CResfriados 0 a +7CDegelo: ManualControle de Temperatura: TermostatoRevestimento Interno: A\u00e7o pr\u00e9-pintado brancoRevestimento Externo: A\u00e7o pr\u00e9-pintado brancoTampas: Vidro reto temperado, deslizantes, baixo emissivo com serigrafiaP\u00e9s niveladoresTerm\u00f4metro anal\u00f3gicoDivis\u00f3rias internas aramadas [&hellip;]<\/p>\n","protected":false},"featured_media":10694,"comment_status":"open","ping_status":"closed","template":"","meta":[],"product_brand":[],"product_cat":[430,328,419],"product_tag":[],"class_list":{"0":"post-10696","1":"product","2":"type-product","3":"status-publish","4":"has-post-thumbnail","6":"product_cat-freezer-balcoes-em-destaque","7":"product_cat-ilha-para-congelados","8":"product_cat-linha-gelopar","10":"first","11":"instock","12":"shipping-taxable","13":"purchasable","14":"product-type-simple"},"_links":{"self":[{"href":"https:\/\/twsites.com.br\/novomigcenter\/index.php?rest_route=\/wp\/v2\/product\/10696","targetHints":{"allow":["GET"]}}],"collection":[{"href":"https:\/\/twsites.com.br\/novomigcenter\/index.php?rest_route=\/wp\/v2\/product"}],"about":[{"href":"https:\/\/twsites.com.br\/novomigcenter\/index.php?rest_route=\/wp\/v2\/types\/product"}],"replies":[{"embeddable":true,"href":"https:\/\/twsites.com.br\/novomigcenter\/index.php?rest_route=%2Fwp%2Fv2%2Fcomments&post=10696"}],"wp:featuredmedia":[{"embeddable":true,"href":"https:\/\/twsites.com.br\/novomigcenter\/index.php?rest_route=\/wp\/v2\/media\/10694"}],"wp:attachment":[{"href":"https:\/\/twsites.com.br\/novomigcenter\/index.php?rest_route=%2Fwp%2Fv2%2Fmedia&parent=10696"}],"wp:term":[{"taxonomy":"product_brand","embeddable":true,"href":"https:\/\/twsites.com.br\/novomigcenter\/index.php?rest_route=%2Fwp%2Fv2%2Fproduct_brand&post=10696"},{"taxonomy":"product_cat","embeddable":true,"href":"https:\/\/twsites.com.br\/novomigcenter\/index.php?rest_route=%2Fwp%2Fv2%2Fproduct_cat&post=10696"},{"taxonomy":"product_tag","embeddable":true,"href":"https:\/\/twsites.com.br\/novomigcenter\/index.php?rest_route=%2Fwp%2Fv2%2Fproduct_tag&post=10696"}],"curies":[{"name":"wp","href":"https:\/\/api.w.org\/{rel}","templated":true}]}}