{"id":10698,"date":"2017-01-17T17:44:40","date_gmt":"2017-01-17T17:44:40","guid":{"rendered":"https:\/\/twsites.com.br\/novomigcenter\/?product=geladeira-coomercial-4-portas-grep-4p"},"modified":"2017-01-17T17:44:40","modified_gmt":"2017-01-17T17:44:40","slug":"geladeira-coomercial-4-portas-grep-4p","status":"publish","type":"product","link":"https:\/\/twsites.com.br\/novomigcenter\/?product=geladeira-coomercial-4-portas-grep-4p","title":{"rendered":"Geladeira Comercial 4 Portas GREP-4P"},"content":{"rendered":"<p><span style=\"font-weight: bold; font-size: 14px;\"><font face=\"Arial\">Descri\u00e7\u00e3o do Produto<\/font><\/span><\/p>\n<\/p>\n<ul>\n<li><font face=\"Arial\"><span style=\"font-size: 14px;\">Refrigera\u00e7\u00e3o de produtos em cozinhas industriais de hot\u00e9is,restaurantes, clubes, bares, lanchonetes, confeitarias,mercados, mercearias e outros<\/span><br \/><\/font><\/li>\n<li><font face=\"Arial\"><span style=\"font-size: 14px;\">Temperatura: +1\u00b0 a +\u00b07C<\/span><br \/><\/font><\/li>\n<li><font face=\"Arial\"><span style=\"font-size: 14px;\">Refrigera\u00e7\u00e3o: Ar for\u00e7ado com serpentina aletada<\/span><br \/><\/font><\/li>\n<li><font face=\"Arial\"><span style=\"font-size: 14px;\">Controle de Temperatura: Controlador Eletr\u00f4nico Digital, com indicador digital de temperatura e degelo autom\u00e1tico natural<\/span><br \/><\/font><\/li>\n<li><font face=\"Arial\"><span style=\"font-size: 14px;\">Prateleiras: 4 n\u00edveis, aramadas, regul\u00e1veis; um n\u00edvel pode ser usado como estrado<\/span><br \/><\/font><\/li>\n<li><font face=\"Arial\"><span style=\"font-size: 14px;\">Revestimento Externo: GREP-4P\/6P: A\u00e7o Inox 430 \/ GREP-4P CZ\/6P CZ: Chapa pr\u00e9-pintada na cor cinza<\/span><br \/><\/font><\/li>\n<li><font face=\"Arial\"><span style=\"font-size: 14px;\">Revestimento Interno: A\u00e7o Galvanizado<\/span><br \/><\/font><\/li>\n<li><font face=\"Arial\"><span style=\"font-size: 14px;\">Parte frontal sem aquecimento no quadro de portas, podendo ocorrer condensa\u00e7\u00e3o da umidade do ar<\/span><br \/><\/font><\/li>\n<li><font face=\"Arial\"><span style=\"font-size: 14px;\">Constru\u00e7\u00e3o do Gabinete: Monobloco<\/span><br \/><\/font><\/li>\n<li><font face=\"Arial\"><span style=\"font-size: 14px;\">P\u00e9s regul\u00e1veis<\/span><\/font><\/li>\n<\/ul>\n<\/p>\n<p><span style=\"font-weight: bold;\"><br \/><\/span><\/p>\n<table class=\"table table-bordered\" style=\"background-color: rgb(255, 255, 255); width: 1440px;\">\n<tbody>\n<tr>\n<td><\/td>\n<td><font face=\"Arial\">GREP-4P<br \/><\/font><\/td>\n<td><font face=\"Arial\"><br \/><\/font><\/td>\n<\/tr>\n<tr>\n<td><font face=\"Arial\">Frente (mm)<br \/><\/font><\/td>\n<td><font face=\"Arial\">1183<\/font><\/td>\n<td><font face=\"Arial\"><br \/><\/font><\/td>\n<\/tr>\n<tr>\n<td><font face=\"Arial\">Profundidade (mm)<br \/><\/font><\/td>\n<td><font face=\"Arial\">666<\/font><\/td>\n<td><font face=\"Arial\"><br \/><\/font><\/td>\n<\/tr>\n<tr>\n<td><font face=\"Arial\">Altura (mm)<br \/><\/font><\/td>\n<td><font face=\"Arial\">2030<\/font><\/td>\n<td><font face=\"Arial\"><br \/><\/font><\/td>\n<\/tr>\n<tr>\n<td><font face=\"Arial\">Capacidade Bruta (l)<br \/><\/font><\/td>\n<td><font face=\"Arial\">1044<\/font><\/td>\n<td><font face=\"Arial\"><br \/><\/font><\/td>\n<\/tr>\n<tr>\n<td><font face=\"Arial\">Peso bruto (kg)<br \/><\/font><\/td>\n<td><font face=\"Arial\">186<\/font><\/td>\n<td><font face=\"Arial\"><br \/><\/font><\/td>\n<\/tr>\n<tr>\n<td><font face=\"Arial\">Tens\u00e3o (V)<br \/><\/font><\/td>\n<td><font face=\"Arial\">127 \/ 220<\/font><\/td>\n<td><font face=\"Arial\"><br \/><\/font><\/td>\n<\/tr>\n<tr>\n<td><font face=\"Arial\">Frequ\u00eancia (Hz)<br \/><\/font><\/td>\n<td><font face=\"Arial\">60 \/ 50 ou 60<\/font><\/td>\n<td><font face=\"Arial\"><br \/><\/font><\/td>\n<\/tr>\n<tr>\n<td><font face=\"Arial\">Consumo kWh\/dia<br \/><\/font><\/td>\n<td><font face=\"Arial\">4,7<\/font><\/td>\n<td><font face=\"Arial\"><br \/><\/font><\/td>\n<\/tr>\n<tr>\n<td><font face=\"Arial\">Classe<br \/><\/font><\/td>\n<td><font face=\"Arial\">4<\/font><\/td>\n<td><\/td>\n<\/tr>\n<\/tbody>\n<\/table>\n","protected":false},"excerpt":{"rendered":"<p>Descri\u00e7\u00e3o do Produto Refrigera\u00e7\u00e3o de produtos em cozinhas industriais de hot\u00e9is,restaurantes, clubes, bares, lanchonetes, confeitarias,mercados, mercearias e outros Temperatura: +1\u00b0 a +\u00b07C Refrigera\u00e7\u00e3o: Ar for\u00e7ado com serpentina aletada Controle de Temperatura: Controlador Eletr\u00f4nico Digital, com indicador digital de temperatura e degelo autom\u00e1tico natural Prateleiras: 4 n\u00edveis, aramadas, regul\u00e1veis; um n\u00edvel pode ser usado como estrado [&hellip;]<\/p>\n","protected":false},"featured_media":10697,"comment_status":"open","ping_status":"closed","template":"","meta":[],"product_brand":[],"product_cat":[327,419,429],"product_tag":[],"class_list":{"0":"post-10698","1":"product","2":"type-product","3":"status-publish","4":"has-post-thumbnail","6":"product_cat-geladeira","7":"product_cat-linha-gelopar","8":"product_cat-refrigeracao-em-destaque","10":"first","11":"instock","12":"shipping-taxable","13":"purchasable","14":"product-type-simple"},"_links":{"self":[{"href":"https:\/\/twsites.com.br\/novomigcenter\/index.php?rest_route=\/wp\/v2\/product\/10698","targetHints":{"allow":["GET"]}}],"collection":[{"href":"https:\/\/twsites.com.br\/novomigcenter\/index.php?rest_route=\/wp\/v2\/product"}],"about":[{"href":"https:\/\/twsites.com.br\/novomigcenter\/index.php?rest_route=\/wp\/v2\/types\/product"}],"replies":[{"embeddable":true,"href":"https:\/\/twsites.com.br\/novomigcenter\/index.php?rest_route=%2Fwp%2Fv2%2Fcomments&post=10698"}],"wp:featuredmedia":[{"embeddable":true,"href":"https:\/\/twsites.com.br\/novomigcenter\/index.php?rest_route=\/wp\/v2\/media\/10697"}],"wp:attachment":[{"href":"https:\/\/twsites.com.br\/novomigcenter\/index.php?rest_route=%2Fwp%2Fv2%2Fmedia&parent=10698"}],"wp:term":[{"taxonomy":"product_brand","embeddable":true,"href":"https:\/\/twsites.com.br\/novomigcenter\/index.php?rest_route=%2Fwp%2Fv2%2Fproduct_brand&post=10698"},{"taxonomy":"product_cat","embeddable":true,"href":"https:\/\/twsites.com.br\/novomigcenter\/index.php?rest_route=%2Fwp%2Fv2%2Fproduct_cat&post=10698"},{"taxonomy":"product_tag","embeddable":true,"href":"https:\/\/twsites.com.br\/novomigcenter\/index.php?rest_route=%2Fwp%2Fv2%2Fproduct_tag&post=10698"}],"curies":[{"name":"wp","href":"https:\/\/api.w.org\/{rel}","templated":true}]}}