{"id":10700,"date":"2017-01-18T09:26:14","date_gmt":"2017-01-18T09:26:14","guid":{"rendered":"https:\/\/twsites.com.br\/novomigcenter\/?product=geladeira-grfs-4p"},"modified":"2017-01-18T09:26:14","modified_gmt":"2017-01-18T09:26:14","slug":"geladeira-grfs-4p","status":"publish","type":"product","link":"https:\/\/twsites.com.br\/novomigcenter\/?product=geladeira-grfs-4p","title":{"rendered":"Geladeira Comercial 4 Portas GRFS-4P"},"content":{"rendered":"<p><span style=\"font-weight: bold;\"><font face=\"Arial\">Descri\u00e7\u00e3o do Produto<\/font><\/span><\/p>\n<p><font face=\"Arial\">Refrigera\u00e7\u00e3o de produtos em cozinhas industriais de hot\u00e9is, restaurantes, clubes, bares, lanchonetes, confeitarias, mercados, mercearias e outros<\/font><\/p>\n<p><font face=\"Arial\">Revestimento: Externo em a\u00e7o inox 430 e interno em a\u00e7o galvanizado<\/font><\/p>\n<p><font face=\"Arial\">P\u00e9s regul\u00e1veis<\/font><\/p>\n<p><font face=\"Arial\">Aquecimento no quadro de portas<\/font><\/p>\n<p><font face=\"Arial\">Temperatura: Lado esquerdo \/ Duas Portas: +1\u00b0 a +7\u00b0C \/ Lado direito \/ Duas Portas: 0\u00b0 a -5\u00b0C no contato com as placas frias<\/font><\/p>\n<p><font face=\"Arial\">Refrigera\u00e7\u00e3o: Est\u00e1tica com placas frias<\/font><\/p>\n<p><font face=\"Arial\">Degelo: Manual<\/font><\/p>\n<p><font face=\"Arial\">Controle de Temperatura: Termostato<\/font><\/p>\n<p><font face=\"Arial\">Prateleiras: 4 n\u00edveis, fixas + estrado<\/font><\/p>\n<table class=\"table table-bordered\" style=\"background-color: rgb(255, 255, 255); width: 1440px;\">\n<tbody>\n<tr>\n<td><font face=\"Arial\"><br \/><\/font><\/td>\n<td><font face=\"Arial\">GRFS-4P<br \/><\/font><\/td>\n<\/tr>\n<tr>\n<td><font face=\"Arial\">Frente (mm)<br \/><\/font><\/td>\n<td><font face=\"Arial\">1220<\/font><\/td>\n<\/tr>\n<tr>\n<td><font face=\"Arial\">Profundidade (mm)<br \/><\/font><\/td>\n<td><font face=\"Arial\">680<\/font><\/td>\n<\/tr>\n<tr>\n<td><font face=\"Arial\">Altura (mm)<br \/><\/font><\/td>\n<td><font face=\"Arial\">2055<\/font><\/td>\n<\/tr>\n<tr>\n<td><font face=\"Arial\">Capacidade Bruta (l)<br \/><\/font><\/td>\n<td><font face=\"Arial\">849<\/font><\/td>\n<\/tr>\n<tr>\n<td><font face=\"Arial\">Peso bruto (kg)<br \/><\/font><\/td>\n<td><font face=\"Arial\">227<\/font><\/td>\n<\/tr>\n<tr>\n<td><font face=\"Arial\">Tens\u00e3o (V)<br \/><\/font><\/td>\n<td><font face=\"Arial\">127 \/ 220<\/font><\/td>\n<\/tr>\n<tr>\n<td><font face=\"Arial\">Frequ\u00eancia (Hz)<br \/><\/font><\/td>\n<td><font face=\"Arial\">60 \/ 50 ou 60<\/font><\/td>\n<\/tr>\n<tr>\n<td><font face=\"Arial\">Consumo kWh\/dia<br \/><\/font><\/td>\n<td><font face=\"Arial\">7,2<\/font><\/td>\n<\/tr>\n<tr>\n<td><font face=\"Arial\">Classe<br \/><\/font><\/td>\n<td><font face=\"Arial\">4<\/font><\/td>\n<\/tr>\n<\/tbody>\n<\/table>\n","protected":false},"excerpt":{"rendered":"<p>Descri\u00e7\u00e3o do Produto Refrigera\u00e7\u00e3o de produtos em cozinhas industriais de hot\u00e9is, restaurantes, clubes, bares, lanchonetes, confeitarias, mercados, mercearias e outros Revestimento: Externo em a\u00e7o inox 430 e interno em a\u00e7o galvanizado P\u00e9s regul\u00e1veis Aquecimento no quadro de portas Temperatura: Lado esquerdo \/ Duas Portas: +1\u00b0 a +7\u00b0C \/ Lado direito \/ Duas Portas: 0\u00b0 a [&hellip;]<\/p>\n","protected":false},"featured_media":10699,"comment_status":"open","ping_status":"closed","template":"","meta":[],"product_brand":[],"product_cat":[327],"product_tag":[],"class_list":{"0":"post-10700","1":"product","2":"type-product","3":"status-publish","4":"has-post-thumbnail","6":"product_cat-geladeira","8":"first","9":"instock","10":"shipping-taxable","11":"purchasable","12":"product-type-simple"},"_links":{"self":[{"href":"https:\/\/twsites.com.br\/novomigcenter\/index.php?rest_route=\/wp\/v2\/product\/10700","targetHints":{"allow":["GET"]}}],"collection":[{"href":"https:\/\/twsites.com.br\/novomigcenter\/index.php?rest_route=\/wp\/v2\/product"}],"about":[{"href":"https:\/\/twsites.com.br\/novomigcenter\/index.php?rest_route=\/wp\/v2\/types\/product"}],"replies":[{"embeddable":true,"href":"https:\/\/twsites.com.br\/novomigcenter\/index.php?rest_route=%2Fwp%2Fv2%2Fcomments&post=10700"}],"wp:featuredmedia":[{"embeddable":true,"href":"https:\/\/twsites.com.br\/novomigcenter\/index.php?rest_route=\/wp\/v2\/media\/10699"}],"wp:attachment":[{"href":"https:\/\/twsites.com.br\/novomigcenter\/index.php?rest_route=%2Fwp%2Fv2%2Fmedia&parent=10700"}],"wp:term":[{"taxonomy":"product_brand","embeddable":true,"href":"https:\/\/twsites.com.br\/novomigcenter\/index.php?rest_route=%2Fwp%2Fv2%2Fproduct_brand&post=10700"},{"taxonomy":"product_cat","embeddable":true,"href":"https:\/\/twsites.com.br\/novomigcenter\/index.php?rest_route=%2Fwp%2Fv2%2Fproduct_cat&post=10700"},{"taxonomy":"product_tag","embeddable":true,"href":"https:\/\/twsites.com.br\/novomigcenter\/index.php?rest_route=%2Fwp%2Fv2%2Fproduct_tag&post=10700"}],"curies":[{"name":"wp","href":"https:\/\/api.w.org\/{rel}","templated":true}]}}