{"id":10702,"date":"2017-01-18T09:30:32","date_gmt":"2017-01-18T09:30:32","guid":{"rendered":"https:\/\/twsites.com.br\/novomigcenter\/?product=geladeira-comercial-2-portas-grcs-2p"},"modified":"2017-01-18T09:30:32","modified_gmt":"2017-01-18T09:30:32","slug":"geladeira-comercial-2-portas-grcs-2p","status":"publish","type":"product","link":"https:\/\/twsites.com.br\/novomigcenter\/?product=geladeira-comercial-2-portas-grcs-2p","title":{"rendered":"Geladeira Comercial 2 Portas GRCS-2P"},"content":{"rendered":"<p><span style=\"font-weight: bold;\"><font face=\"Arial\">Descri\u00e7\u00e3o do Produto<\/font><\/span><\/p>\n<p><font face=\"Arial\">Refrigera\u00e7\u00e3o de produtos em cozinhas industriais de hot\u00e9is, restaurantes, clubes, bares, lanchonetes, confeitarias,mercados, mercearias e outros<\/font><\/p>\n<p><font face=\"Arial\">Temperatura: +1\u00b0 a +\u00b07C<\/font><\/p>\n<p><font face=\"Arial\">Refrigera\u00e7\u00e3o: Ar for\u00e7ado com serpentina aletada<\/font><\/p>\n<p><font face=\"Arial\">Controle de Temperatura: Controlador Eletr\u00f4nico Digital, com indicador digital de temperatura e degelo autom\u00e1tico natural<\/font><\/p>\n<p><font face=\"Arial\">Prateleiras: 4 n\u00edveis, aramadas, regul\u00e1veis em arame trefilado com pintura eletrost\u00e1tica cor alum\u00ednio<\/font><\/p>\n<p><font face=\"Arial\">Portas cegas com fechamento autom\u00e1tico<\/font><\/p>\n<p><font face=\"Arial\">GRCS-2P\/3P: Portas com sistema de trava<\/font><\/p>\n<p><font face=\"Arial\">Revestimento Externo (frente e laterais): A\u00e7o Revestido com Pel\u00edcula Tipo Inox<\/font><\/p>\n<p><font face=\"Arial\">Revestimento Interno: A\u00e7o Inox 304<\/font><\/p>\n<p><font face=\"Arial\">Estrado em PVC na Base<\/font><\/p>\n<p><font face=\"Arial\">Gabinete com rod\u00edzios<\/font><\/p>\n<p><font face=\"Arial\">Parte Frontal sem aquecimento no quadro de portas, podendo ocorrer condensa\u00e7\u00e3o da umidade do ar<\/font><\/p>\n<p><font face=\"Arial\">Constru\u00e7\u00e3o do Gabinete: Monobloco<\/font><\/p>\n","protected":false},"excerpt":{"rendered":"<p>Descri\u00e7\u00e3o do Produto Refrigera\u00e7\u00e3o de produtos em cozinhas industriais de hot\u00e9is, restaurantes, clubes, bares, lanchonetes, confeitarias,mercados, mercearias e outros Temperatura: +1\u00b0 a +\u00b07C Refrigera\u00e7\u00e3o: Ar for\u00e7ado com serpentina aletada Controle de Temperatura: Controlador Eletr\u00f4nico Digital, com indicador digital de temperatura e degelo autom\u00e1tico natural Prateleiras: 4 n\u00edveis, aramadas, regul\u00e1veis em arame trefilado com pintura eletrost\u00e1tica [&hellip;]<\/p>\n","protected":false},"featured_media":10701,"comment_status":"open","ping_status":"closed","template":"","meta":[],"product_brand":[],"product_cat":[327],"product_tag":[],"class_list":{"0":"post-10702","1":"product","2":"type-product","3":"status-publish","4":"has-post-thumbnail","6":"product_cat-geladeira","8":"first","9":"instock","10":"shipping-taxable","11":"purchasable","12":"product-type-simple"},"_links":{"self":[{"href":"https:\/\/twsites.com.br\/novomigcenter\/index.php?rest_route=\/wp\/v2\/product\/10702","targetHints":{"allow":["GET"]}}],"collection":[{"href":"https:\/\/twsites.com.br\/novomigcenter\/index.php?rest_route=\/wp\/v2\/product"}],"about":[{"href":"https:\/\/twsites.com.br\/novomigcenter\/index.php?rest_route=\/wp\/v2\/types\/product"}],"replies":[{"embeddable":true,"href":"https:\/\/twsites.com.br\/novomigcenter\/index.php?rest_route=%2Fwp%2Fv2%2Fcomments&post=10702"}],"wp:featuredmedia":[{"embeddable":true,"href":"https:\/\/twsites.com.br\/novomigcenter\/index.php?rest_route=\/wp\/v2\/media\/10701"}],"wp:attachment":[{"href":"https:\/\/twsites.com.br\/novomigcenter\/index.php?rest_route=%2Fwp%2Fv2%2Fmedia&parent=10702"}],"wp:term":[{"taxonomy":"product_brand","embeddable":true,"href":"https:\/\/twsites.com.br\/novomigcenter\/index.php?rest_route=%2Fwp%2Fv2%2Fproduct_brand&post=10702"},{"taxonomy":"product_cat","embeddable":true,"href":"https:\/\/twsites.com.br\/novomigcenter\/index.php?rest_route=%2Fwp%2Fv2%2Fproduct_cat&post=10702"},{"taxonomy":"product_tag","embeddable":true,"href":"https:\/\/twsites.com.br\/novomigcenter\/index.php?rest_route=%2Fwp%2Fv2%2Fproduct_tag&post=10702"}],"curies":[{"name":"wp","href":"https:\/\/api.w.org\/{rel}","templated":true}]}}