{"id":10704,"date":"2017-01-18T09:48:43","date_gmt":"2017-01-18T09:48:43","guid":{"rendered":"https:\/\/twsites.com.br\/novomigcenter\/?product=geladeira-comercial-3-portas-grcs-3p"},"modified":"2017-01-18T09:48:43","modified_gmt":"2017-01-18T09:48:43","slug":"geladeira-comercial-3-portas-grcs-3p","status":"publish","type":"product","link":"https:\/\/twsites.com.br\/novomigcenter\/?product=geladeira-comercial-3-portas-grcs-3p","title":{"rendered":"Geladeira Comercial 3 Portas GRCS-3P"},"content":{"rendered":"<p><span style=\"font-weight: bold;\">Descri\u00e7\u00e3o do Produto<\/span><\/p>\n<p>Refrigera\u00e7\u00e3o de produtos em cozinhas industriais de hot\u00e9is,restaurantes, clubes, bares, lanchonetes, confeitarias,mercados,mercearias e outros<\/p>\n<p>Temperatura: +1\u00b0 a +\u00b07C<\/p>\n<p>Refrigera\u00e7\u00e3o: Ar for\u00e7ado com serpentina aletada<\/p>\n<p>Controle de Temperatura: Controlador Eletr\u00f4nico Digital, com indicador digital de temperatura e degelo autom\u00e1tico natural<\/p>\n<p>Prateleiras: 4 n\u00edveis, aramadas, regul\u00e1veis em arame trefilado com pintura eletrost\u00e1tica cor alum\u00ednio<\/p>\n<p>Portas cegas com fechamento autom\u00e1tico<\/p>\n<p>GRCS-2P\/3P: Portas com sistema de trava<\/p>\n<p>Revestimento Externo (frente e laterais): A\u00e7o Revestido com Pel\u00edcula Tipo Inox<\/p>\n<p>Revestimento Interno: A\u00e7o Inox 304<\/p>\n<p>Estrado em PVC na Base<\/p>\n<p>Gabinete com rod\u00edzios<\/p>\n<p>Parte Frontal sem aquecimento no quadro de portas,podendo ocorrer condensa\u00e7\u00e3o da umidade do ar<\/p>\n<p>Constru\u00e7\u00e3o do Gabinete: Monobloco<\/p>\n<p><\/p>\n<table class=\"table table-bordered\" style=\"background-color: rgb(255, 255, 255); width: 1440px;\">\n<tbody>\n<tr>\n<td><\/td>\n<td>GRCS-2P<\/td>\n<td>GRCS-4P<\/td>\n<td>GRCS-3P<\/td>\n<td>GRCS-6P<\/td>\n<\/tr>\n<tr>\n<td>Frente (mm)<\/td>\n<td>1400<\/td>\n<td>1400<\/td>\n<td>2100<\/td>\n<td>2100<\/td>\n<\/tr>\n<tr>\n<td>Profundidade (mm)<\/td>\n<td>900<\/td>\n<td>900<\/td>\n<td>900<\/td>\n<td>900<\/td>\n<\/tr>\n<tr>\n<td>Altura (mm)<\/td>\n<td>2010<\/td>\n<td>2010<\/td>\n<td>2010<\/td>\n<td>2010<\/td>\n<\/tr>\n<tr>\n<td>Capacidade Bruta (l)<\/td>\n<td>1421<\/td>\n<td>1421<\/td>\n<td>2181<\/td>\n<td>2181<\/td>\n<\/tr>\n<tr>\n<td>Peso bruto (kg)<\/td>\n<td>257<\/td>\n<td>257<\/td>\n<td>350<\/td>\n<td>350<\/td>\n<\/tr>\n<tr>\n<td>Tens\u00e3o (V)<\/td>\n<td>127 \/ 220<\/td>\n<td>127 \/ 220<\/td>\n<td>127 \/ 220<\/td>\n<td>127 \/ 220<\/td>\n<\/tr>\n<tr>\n<td>Frequ\u00eancia (Hz)<\/td>\n<td>60 \/ 50 ou 60<\/td>\n<td>60 \/ 50 ou 60<\/td>\n<td>60 \/ 50 ou 60<\/td>\n<td>60 \/ 50 ou 60<\/td>\n<\/tr>\n<tr>\n<td>Consumo kWh\/dia<\/td>\n<td>4,57<\/td>\n<td>4,57<\/td>\n<td>5,5<\/td>\n<td>5,5<\/td>\n<\/tr>\n<tr>\n<td>Classe<\/td>\n<td>4<\/td>\n<td>4<\/td>\n<td>4<\/td>\n<td>4<\/td>\n<\/tr>\n<\/tbody>\n<\/table>\n","protected":false},"excerpt":{"rendered":"<p>Descri\u00e7\u00e3o do Produto Refrigera\u00e7\u00e3o de produtos em cozinhas industriais de hot\u00e9is,restaurantes, clubes, bares, lanchonetes, confeitarias,mercados,mercearias e outros Temperatura: +1\u00b0 a +\u00b07C Refrigera\u00e7\u00e3o: Ar for\u00e7ado com serpentina aletada Controle de Temperatura: Controlador Eletr\u00f4nico Digital, com indicador digital de temperatura e degelo autom\u00e1tico natural Prateleiras: 4 n\u00edveis, aramadas, regul\u00e1veis em arame trefilado com pintura eletrost\u00e1tica cor alum\u00ednio [&hellip;]<\/p>\n","protected":false},"featured_media":10703,"comment_status":"open","ping_status":"closed","template":"","meta":[],"product_brand":[],"product_cat":[327],"product_tag":[],"class_list":{"0":"post-10704","1":"product","2":"type-product","3":"status-publish","4":"has-post-thumbnail","6":"product_cat-geladeira","8":"first","9":"instock","10":"shipping-taxable","11":"purchasable","12":"product-type-simple"},"_links":{"self":[{"href":"https:\/\/twsites.com.br\/novomigcenter\/index.php?rest_route=\/wp\/v2\/product\/10704","targetHints":{"allow":["GET"]}}],"collection":[{"href":"https:\/\/twsites.com.br\/novomigcenter\/index.php?rest_route=\/wp\/v2\/product"}],"about":[{"href":"https:\/\/twsites.com.br\/novomigcenter\/index.php?rest_route=\/wp\/v2\/types\/product"}],"replies":[{"embeddable":true,"href":"https:\/\/twsites.com.br\/novomigcenter\/index.php?rest_route=%2Fwp%2Fv2%2Fcomments&post=10704"}],"wp:featuredmedia":[{"embeddable":true,"href":"https:\/\/twsites.com.br\/novomigcenter\/index.php?rest_route=\/wp\/v2\/media\/10703"}],"wp:attachment":[{"href":"https:\/\/twsites.com.br\/novomigcenter\/index.php?rest_route=%2Fwp%2Fv2%2Fmedia&parent=10704"}],"wp:term":[{"taxonomy":"product_brand","embeddable":true,"href":"https:\/\/twsites.com.br\/novomigcenter\/index.php?rest_route=%2Fwp%2Fv2%2Fproduct_brand&post=10704"},{"taxonomy":"product_cat","embeddable":true,"href":"https:\/\/twsites.com.br\/novomigcenter\/index.php?rest_route=%2Fwp%2Fv2%2Fproduct_cat&post=10704"},{"taxonomy":"product_tag","embeddable":true,"href":"https:\/\/twsites.com.br\/novomigcenter\/index.php?rest_route=%2Fwp%2Fv2%2Fproduct_tag&post=10704"}],"curies":[{"name":"wp","href":"https:\/\/api.w.org\/{rel}","templated":true}]}}