{"id":10710,"date":"2017-01-27T16:17:20","date_gmt":"2017-01-27T16:17:20","guid":{"rendered":"https:\/\/twsites.com.br\/novomigcenter\/?product=self-service-refrigerado-ibet"},"modified":"2017-01-27T16:17:20","modified_gmt":"2017-01-27T16:17:20","slug":"self-service-refrigerado-ibet","status":"publish","type":"product","link":"https:\/\/twsites.com.br\/novomigcenter\/?product=self-service-refrigerado-ibet","title":{"rendered":"Self Service Refrigerado"},"content":{"rendered":"<p style=\"margin-bottom: 10px; font-family: myriad-regular, arial, sans-serif; font-size: 16px; color: rgb(81, 80, 80);\"><span style=\"font-weight: bold; text-decoration: underline;\">Descri\u00e7\u00e3o do Produto:<\/span><\/p>\n<p style=\"margin-bottom: 10px; font-family: myriad-regular, arial, sans-serif; font-size: 16px; color: rgb(81, 80, 80);\">Constru\u00eddo em a\u00e7o inox brilhante AISI430, cubas gastron\u00f4micas (GNs) em a\u00e7o inox AISI304, estrutura tubular com pintura eletrost\u00e1tica, rod\u00edzios com trava, protetor salivar em a\u00e7o inox brilhante AISI430, ilumina\u00e7\u00e3o fluorescente e compressor herm\u00e9tico 1\/6.<br \/>Voltagem 110V ou 220V.<\/p>\n<p style=\"margin-bottom: 10px; font-family: myriad-regular, arial, sans-serif; font-size: 16px; color: rgb(81, 80, 80);\"><span style=\"font-weight: 700;\">Opcionais<\/span><br \/>Porta talheres e Guardanapos<br \/>Protetor salivar em vidro 8mm<br \/>Prote\u00e7\u00e3o total em vidro<br \/>Corre prato em a\u00e7o inox brilhante AISI430<\/p>\n<p style=\"margin-bottom: 10px; font-family: myriad-regular, arial, sans-serif; font-size: 16px; color: rgb(81, 80, 80);\"><span style=\"font-weight: 700;\">* Dispon\u00edvel nas cores: vermelho, azul, cinza ou branco<br \/>* Dispon\u00edvel na Linha Infantil.<\/span>&nbsp;<\/p>\n<p>LAN\u00c7AMENTO: Estrutura tubular em a\u00e7o inox.<\/p>\n<p style=\"margin-bottom: 10px; font-family: myriad-regular, arial, sans-serif; font-size: 16px; color: rgb(81, 80, 80);\"><\/p>\n<table class=\"table table-bordered\" style=\"background-color: rgb(255, 255, 255); width: 1440px;\">\n<tbody>\n<tr>\n<td><\/td>\n<td>C x P x A<\/td>\n<td>Pot\u00eancia<\/td>\n<td>Consumo<\/td>\n<\/tr>\n<tr>\n<td>SS 04GNs<\/td>\n<td>800 x 484 x 1.255<\/td>\n<td>1.6HP<\/td>\n<td>0,73Kcal\/Wh<\/td>\n<\/tr>\n<tr>\n<td>SS 06GNs<\/td>\n<td>1.120 x 595 x 1.255<\/td>\n<td>1.6HP<\/td>\n<td>0,73Kcal\/Wh<\/td>\n<\/tr>\n<tr>\n<td>SS 08GNs<\/td>\n<td>1.445 x 595 x 1.255<\/td>\n<td>1.6HP<\/td>\n<td>0,73Kcal\/Wh<\/td>\n<\/tr>\n<tr>\n<td>SS 10GNs<\/td>\n<td>1.770 x 595 x 1.255<\/td>\n<td>1.6HP<\/td>\n<td>0,73Kcal\/Wh<\/td>\n<\/tr>\n<tr>\n<td>SS 12GNs<\/td>\n<td>2.095 x 595 x 1.255<\/td>\n<td>1.6HP<\/td>\n<td>0,73Kcal\/Wh<\/td>\n<\/tr>\n<\/tbody>\n<\/table>\n","protected":false},"excerpt":{"rendered":"<p>Descri\u00e7\u00e3o do Produto: Constru\u00eddo em a\u00e7o inox brilhante AISI430, cubas gastron\u00f4micas (GNs) em a\u00e7o inox AISI304, estrutura tubular com pintura eletrost\u00e1tica, rod\u00edzios com trava, protetor salivar em a\u00e7o inox brilhante AISI430, ilumina\u00e7\u00e3o fluorescente e compressor herm\u00e9tico 1\/6.Voltagem 110V ou 220V. OpcionaisPorta talheres e GuardanaposProtetor salivar em vidro 8mmProte\u00e7\u00e3o total em vidroCorre prato em a\u00e7o inox [&hellip;]<\/p>\n","protected":false},"featured_media":10709,"comment_status":"open","ping_status":"closed","template":"","meta":[],"product_brand":[],"product_cat":[349],"product_tag":[],"class_list":{"0":"post-10710","1":"product","2":"type-product","3":"status-publish","4":"has-post-thumbnail","6":"product_cat-buffet-refrigerado","8":"first","9":"instock","10":"shipping-taxable","11":"purchasable","12":"product-type-simple"},"_links":{"self":[{"href":"https:\/\/twsites.com.br\/novomigcenter\/index.php?rest_route=\/wp\/v2\/product\/10710","targetHints":{"allow":["GET"]}}],"collection":[{"href":"https:\/\/twsites.com.br\/novomigcenter\/index.php?rest_route=\/wp\/v2\/product"}],"about":[{"href":"https:\/\/twsites.com.br\/novomigcenter\/index.php?rest_route=\/wp\/v2\/types\/product"}],"replies":[{"embeddable":true,"href":"https:\/\/twsites.com.br\/novomigcenter\/index.php?rest_route=%2Fwp%2Fv2%2Fcomments&post=10710"}],"wp:featuredmedia":[{"embeddable":true,"href":"https:\/\/twsites.com.br\/novomigcenter\/index.php?rest_route=\/wp\/v2\/media\/10709"}],"wp:attachment":[{"href":"https:\/\/twsites.com.br\/novomigcenter\/index.php?rest_route=%2Fwp%2Fv2%2Fmedia&parent=10710"}],"wp:term":[{"taxonomy":"product_brand","embeddable":true,"href":"https:\/\/twsites.com.br\/novomigcenter\/index.php?rest_route=%2Fwp%2Fv2%2Fproduct_brand&post=10710"},{"taxonomy":"product_cat","embeddable":true,"href":"https:\/\/twsites.com.br\/novomigcenter\/index.php?rest_route=%2Fwp%2Fv2%2Fproduct_cat&post=10710"},{"taxonomy":"product_tag","embeddable":true,"href":"https:\/\/twsites.com.br\/novomigcenter\/index.php?rest_route=%2Fwp%2Fv2%2Fproduct_tag&post=10710"}],"curies":[{"name":"wp","href":"https:\/\/api.w.org\/{rel}","templated":true}]}}