{"id":10712,"date":"2017-01-27T16:30:25","date_gmt":"2017-01-27T16:30:25","guid":{"rendered":"https:\/\/twsites.com.br\/novomigcenter\/?product=self-service-plus-ibet"},"modified":"2017-01-27T16:30:25","modified_gmt":"2017-01-27T16:30:25","slug":"self-service-plus-ibet","status":"publish","type":"product","link":"https:\/\/twsites.com.br\/novomigcenter\/?product=self-service-plus-ibet","title":{"rendered":"Self Service Plus &#8211; IBET"},"content":{"rendered":"<p><font face=\"Arial\">Constru\u00eddo em a\u00e7o inox escovado, cubas gastron\u00f4micas (GNs) em a\u00e7o inox AISI304, rod\u00edzios com trava, protetor salivar em vidro 8mm, corre pratos em a\u00e7o inox tubular escovado AISI304.<\/font><\/p>\n<p><font face=\"Arial\">Voltagem 110V ou 220V.<\/font><\/p>\n<p><font face=\"Arial\">Modelo T\u00e9rmico<\/font><\/p>\n<p><font face=\"Arial\">Resist\u00eancia de 2.000W a 5.000W<\/font><\/p>\n<p><font face=\"Arial\">Termostato do tipo capilar de bulbo (20 a 120\u00baC)<\/font><\/p>\n<p><font face=\"Arial\">L\u00e2mpada piloto<\/font><\/p>\n<p><font face=\"Arial\">Modelo Refrigerado<\/font><\/p>\n<p><font face=\"Arial\">Compressor herm\u00e9tico 1\/6<\/font><\/p>\n<p><font face=\"Arial\">(Pot\u00eancia 1.6HP e Consumo 0,73Kcal\/Wh).<\/font><\/p>\n<p><font face=\"Arial\"><b>* Dispon\u00edvel na Linha Infantil.<\/b><\/font><\/p>\n<table class=\"table table-bordered\">\n<tbody>\n<tr>\n<td><\/td>\n<td><font face=\"Arial\">C x P x A<\/font><\/td>\n<td><font face=\"Arial\">Pot\u00eancia<\/font><\/td>\n<td><font face=\"Arial\">Pot\u00eancia<\/font><\/td>\n<td><font face=\"Arial\">Consumo<\/font><\/td>\n<td><font face=\"Arial\">Consumo<br \/><\/font><\/td>\n<\/tr>\n<tr>\n<td><font face=\"Arial\"><br \/><\/font><\/td>\n<td><font face=\"Arial\"><br \/><\/font><\/td>\n<td><font face=\"Arial\">110V<br \/><\/font><\/td>\n<td><font face=\"Arial\">220V<br \/><\/font><\/td>\n<td><font face=\"Arial\">110V<br \/><\/font><\/td>\n<td><font face=\"Arial\">220V<br \/><\/font><\/td>\n<\/tr>\n<tr>\n<td><font face=\"Arial\">SS 06GNs<br \/><\/font><\/td>\n<td><font face=\"Arial\">1.100 x 625 x 1.290<br \/><\/font><\/td>\n<td><font face=\"Arial\">2.000W<br \/><\/font><\/td>\n<td><font face=\"Arial\">2.500W<br \/><\/font><\/td>\n<td><font face=\"Arial\">2,0kW\/h<br \/><\/font><\/td>\n<td><font face=\"Arial\">2,5kW\/h<br \/><\/font><\/td>\n<\/tr>\n<tr>\n<td><font face=\"Arial\">SS 08GNs<br \/><\/font><\/td>\n<td><font face=\"Arial\">1.435 x 625 x 1.290<br \/><\/font><\/td>\n<td><font face=\"Arial\">2.000W<br \/><\/font><\/td>\n<td><font face=\"Arial\">2.500W<br \/><\/font><\/td>\n<td><font face=\"Arial\">2,0kW\/h<br \/><\/font><\/td>\n<td><font face=\"Arial\">2,5kW\/h<br \/><\/font><\/td>\n<\/tr>\n<tr>\n<td><font face=\"Arial\">SS 10GNs<br \/><\/font><\/td>\n<td><font face=\"Arial\">1.770 x 625 x 1.290<br \/><\/font><\/td>\n<td><font face=\"Arial\">2.000W<br \/><\/font><\/td>\n<td><font face=\"Arial\">2.500W<br \/><\/font><\/td>\n<td><font face=\"Arial\">2,0kW\/h<br \/><\/font><\/td>\n<td><font face=\"Arial\">2,5kW\/h<br \/><\/font><\/td>\n<\/tr>\n<tr>\n<td><font face=\"Arial\">SS 12GNs<br \/><\/font><\/td>\n<td><font face=\"Arial\">2.110 x 625 x 1.290<br \/><\/font><\/td>\n<td><font face=\"Arial\">2.000W<br \/><\/font><\/td>\n<td><font face=\"Arial\">2.500W<br \/><\/font><\/td>\n<td><font face=\"Arial\">2,0kW\/h<br \/><\/font><\/td>\n<td><font face=\"Arial\">2,5kW\/h<br \/><\/font><\/td>\n<\/tr>\n<tr>\n<td><font face=\"Arial\">SS 14GNs<br \/><\/font><\/td>\n<td><font face=\"Arial\">2.245 x 625 x 1.290<br \/><\/font><\/td>\n<td><font face=\"Arial\">4.000W<br \/><\/font><\/td>\n<td><font face=\"Arial\">5.000W<br \/><\/font><\/td>\n<td><font face=\"Arial\">4,0kW\/h<br \/><\/font><\/td>\n<td><font face=\"Arial\">5,0kW\/h<br \/><\/font><\/td>\n<\/tr>\n<tr>\n<td><font face=\"Arial\">SS 16GNs<br \/><\/font><\/td>\n<td><font face=\"Arial\">2.785 x 625 x 1.290<br \/><\/font><\/td>\n<td><font face=\"Arial\">4.000W<br \/><\/font><\/td>\n<td><font face=\"Arial\">5.000W<br \/><\/font><\/td>\n<td><font face=\"Arial\">4,0kW\/h<br \/><\/font><\/td>\n<td><font face=\"Arial\">5,0kW\/h<\/font><\/td>\n<\/tr>\n<\/tbody>\n<\/table>\n<p><\/p>\n","protected":false},"excerpt":{"rendered":"<p>Constru\u00eddo em a\u00e7o inox escovado, cubas gastron\u00f4micas (GNs) em a\u00e7o inox AISI304, rod\u00edzios com trava, protetor salivar em vidro 8mm, corre pratos em a\u00e7o inox tubular escovado AISI304. Voltagem 110V ou 220V. Modelo T\u00e9rmico Resist\u00eancia de 2.000W a 5.000W Termostato do tipo capilar de bulbo (20 a 120\u00baC) L\u00e2mpada piloto Modelo Refrigerado Compressor herm\u00e9tico 1\/6 [&hellip;]<\/p>\n","protected":false},"featured_media":10711,"comment_status":"open","ping_status":"closed","template":"","meta":[],"product_brand":[],"product_cat":[349],"product_tag":[],"class_list":{"0":"post-10712","1":"product","2":"type-product","3":"status-publish","4":"has-post-thumbnail","6":"product_cat-buffet-refrigerado","8":"first","9":"instock","10":"shipping-taxable","11":"purchasable","12":"product-type-simple"},"_links":{"self":[{"href":"https:\/\/twsites.com.br\/novomigcenter\/index.php?rest_route=\/wp\/v2\/product\/10712","targetHints":{"allow":["GET"]}}],"collection":[{"href":"https:\/\/twsites.com.br\/novomigcenter\/index.php?rest_route=\/wp\/v2\/product"}],"about":[{"href":"https:\/\/twsites.com.br\/novomigcenter\/index.php?rest_route=\/wp\/v2\/types\/product"}],"replies":[{"embeddable":true,"href":"https:\/\/twsites.com.br\/novomigcenter\/index.php?rest_route=%2Fwp%2Fv2%2Fcomments&post=10712"}],"wp:featuredmedia":[{"embeddable":true,"href":"https:\/\/twsites.com.br\/novomigcenter\/index.php?rest_route=\/wp\/v2\/media\/10711"}],"wp:attachment":[{"href":"https:\/\/twsites.com.br\/novomigcenter\/index.php?rest_route=%2Fwp%2Fv2%2Fmedia&parent=10712"}],"wp:term":[{"taxonomy":"product_brand","embeddable":true,"href":"https:\/\/twsites.com.br\/novomigcenter\/index.php?rest_route=%2Fwp%2Fv2%2Fproduct_brand&post=10712"},{"taxonomy":"product_cat","embeddable":true,"href":"https:\/\/twsites.com.br\/novomigcenter\/index.php?rest_route=%2Fwp%2Fv2%2Fproduct_cat&post=10712"},{"taxonomy":"product_tag","embeddable":true,"href":"https:\/\/twsites.com.br\/novomigcenter\/index.php?rest_route=%2Fwp%2Fv2%2Fproduct_tag&post=10712"}],"curies":[{"name":"wp","href":"https:\/\/api.w.org\/{rel}","templated":true}]}}