{"id":10718,"date":"2017-01-30T11:32:27","date_gmt":"2017-01-30T11:32:27","guid":{"rendered":"https:\/\/twsites.com.br\/novomigcenter\/?product=self-service-termico-salada-ibet"},"modified":"2017-01-30T11:32:27","modified_gmt":"2017-01-30T11:32:27","slug":"self-service-termico-salada-ibet","status":"publish","type":"product","link":"https:\/\/twsites.com.br\/novomigcenter\/?product=self-service-termico-salada-ibet","title":{"rendered":"Self Service T\u00e9rmico ou Salada &#8211; IBET"},"content":{"rendered":"<p><span style=\"font-weight: bold;\"><font face=\"Arial\">Descri\u00e7\u00e3o do Produto<\/font><\/span><\/p>\n<p><font face=\"Arial\">Constru\u00eddo em a\u00e7o inox brilhante AISI430, cubas gastron\u00f4micas (GNs) em a\u00e7o inox AISI304, estrutura tubular com pintura eletrost\u00e1tica, rod\u00edzios com trava ou niveladores, protetor salivar em a\u00e7o inox brilhante AISI430 e ilumina\u00e7\u00e3o fluorescente.<\/font><\/p>\n<p><font face=\"Arial\">Voltagem 110V ou 220V.<\/font><\/p>\n<p><span style=\"font-weight: bold;\"><font face=\"Arial\">Modelo T\u00e9rmico<\/font><\/span><\/p>\n<p><font face=\"Arial\">Resist\u00eancia de 2.000W a 2.500W<\/font><\/p>\n<p><font face=\"Arial\">L\u00e2mpada piloto<\/font><\/p>\n<p><font face=\"Arial\">Termostato do tipo capilar de bulbo (20\u00b0C a 120\u00b0C)<\/font><\/p>\n<p><span style=\"font-weight: bold;\"><font face=\"Arial\">Modelo Salada<\/font><\/span><\/p>\n<p><font face=\"Arial\">Gelo-x.<\/font><\/p>\n<p><span style=\"font-weight: bold;\"><font face=\"Arial\">Opcionais<\/font><\/span><\/p>\n<p><font face=\"Arial\">Porta talheres e Guardanapos<\/font><\/p>\n<p><font face=\"Arial\">Protetor salivar em vidro 8mm<\/font><\/p>\n<p><font face=\"Arial\">Prote\u00e7\u00e3o total em vidro<\/font><\/p>\n<p><font face=\"Arial\">Corre prato em a\u00e7o inox brilhante AISI430<\/font><\/p>\n","protected":false},"excerpt":{"rendered":"<p>Descri\u00e7\u00e3o do Produto Constru\u00eddo em a\u00e7o inox brilhante AISI430, cubas gastron\u00f4micas (GNs) em a\u00e7o inox AISI304, estrutura tubular com pintura eletrost\u00e1tica, rod\u00edzios com trava ou niveladores, protetor salivar em a\u00e7o inox brilhante AISI430 e ilumina\u00e7\u00e3o fluorescente. Voltagem 110V ou 220V. Modelo T\u00e9rmico Resist\u00eancia de 2.000W a 2.500W L\u00e2mpada piloto Termostato do tipo capilar de bulbo [&hellip;]<\/p>\n","protected":false},"featured_media":10717,"comment_status":"open","ping_status":"closed","template":"","meta":[],"product_brand":[],"product_cat":[350],"product_tag":[],"class_list":{"0":"post-10718","1":"product","2":"type-product","3":"status-publish","4":"has-post-thumbnail","6":"product_cat-buffet-termico","8":"first","9":"instock","10":"shipping-taxable","11":"purchasable","12":"product-type-simple"},"_links":{"self":[{"href":"https:\/\/twsites.com.br\/novomigcenter\/index.php?rest_route=\/wp\/v2\/product\/10718","targetHints":{"allow":["GET"]}}],"collection":[{"href":"https:\/\/twsites.com.br\/novomigcenter\/index.php?rest_route=\/wp\/v2\/product"}],"about":[{"href":"https:\/\/twsites.com.br\/novomigcenter\/index.php?rest_route=\/wp\/v2\/types\/product"}],"replies":[{"embeddable":true,"href":"https:\/\/twsites.com.br\/novomigcenter\/index.php?rest_route=%2Fwp%2Fv2%2Fcomments&post=10718"}],"wp:featuredmedia":[{"embeddable":true,"href":"https:\/\/twsites.com.br\/novomigcenter\/index.php?rest_route=\/wp\/v2\/media\/10717"}],"wp:attachment":[{"href":"https:\/\/twsites.com.br\/novomigcenter\/index.php?rest_route=%2Fwp%2Fv2%2Fmedia&parent=10718"}],"wp:term":[{"taxonomy":"product_brand","embeddable":true,"href":"https:\/\/twsites.com.br\/novomigcenter\/index.php?rest_route=%2Fwp%2Fv2%2Fproduct_brand&post=10718"},{"taxonomy":"product_cat","embeddable":true,"href":"https:\/\/twsites.com.br\/novomigcenter\/index.php?rest_route=%2Fwp%2Fv2%2Fproduct_cat&post=10718"},{"taxonomy":"product_tag","embeddable":true,"href":"https:\/\/twsites.com.br\/novomigcenter\/index.php?rest_route=%2Fwp%2Fv2%2Fproduct_tag&post=10718"}],"curies":[{"name":"wp","href":"https:\/\/api.w.org\/{rel}","templated":true}]}}